{"id":15810,"date":"2026-01-16T20:37:04","date_gmt":"2026-01-16T18:37:04","guid":{"rendered":"https:\/\/www.boixados.com\/?post_type=product&#038;p=15810"},"modified":"2026-04-21T09:56:01","modified_gmt":"2026-04-21T07:56:01","slug":"safety-clips","status":"publish","type":"product","link":"https:\/\/www.boixados.com\/en\/product\/safety-clips\/","title":{"rendered":"Safety staples &#8211; Pack 100 units"},"content":{"rendered":"<div>\n<div class=\"ewa-rteLine\">Clamps or safety clips for Double Closing containers, paint lid type.<br \/>\nFurther secures the container closure for the transport of dangerous goods<br \/>\nFor containers from \u00d865 to \u00d885 with Double Closing lid.<\/div>\n<\/div>\n","protected":false},"excerpt":{"rendered":"<div>\n<div class=\"ewa-rteLine\">Clamps or safety clips for Double Closing containers, paint lid type.<br \/>\nFurther secures the container closure for the transport of dangerous goods<br \/>\nFor containers from \u00d865 to \u00d885 with Double Closing lid.<\/div>\n<\/div>\n<div><\/div>\n","protected":false},"featured_media":15780,"template":"","meta":{"_acf_changed":false},"product_brand":[],"product_cat":[303,218,219],"product_tag":[],"class_list":{"0":"post-15810","1":"product","2":"type-product","3":"status-publish","4":"has-post-thumbnail","6":"product_cat-accesorios-en","7":"product_cat-industrial-en","8":"product_cat-marketing-en","9":"product_shipping_class-transport1-en","11":"first","12":"instock","13":"taxable","14":"shipping-taxable","15":"purchasable","16":"product-type-variable"},"acf":[],"yoast_head":"<!-- This site is optimized with the Yoast SEO plugin v27.4 - https:\/\/yoast.com\/product\/yoast-seo-wordpress\/ -->\n<title>Safety staples - Pack 100 units - Boixad\u00f3s<\/title>\n<meta name=\"robots\" content=\"noindex, follow\" \/>\n<meta property=\"og:locale\" content=\"en_US\" \/>\n<meta property=\"og:type\" content=\"article\" \/>\n<meta property=\"og:title\" content=\"Safety staples - Pack 100 units - Boixad\u00f3s\" \/>\n<meta property=\"og:description\" content=\"Clamps or safety clips for Double Closing containers, paint lid type. Further secures the container closure for the transport of dangerous goods For containers from \u00d865 to \u00d885 with Double Closing lid.\" \/>\n<meta property=\"og:url\" content=\"https:\/\/www.boixados.com\/en\/product\/safety-clips\/\" \/>\n<meta property=\"og:site_name\" content=\"Boixad\u00f3s\" \/>\n<meta property=\"article:publisher\" content=\"https:\/\/www.facebook.com\/SmartBoixados\/\" \/>\n<meta property=\"article:modified_time\" content=\"2026-04-21T07:56:01+00:00\" \/>\n<meta property=\"og:image\" content=\"https:\/\/www.boixados.com\/wp-content\/uploads\/2026\/01\/Boixados_grapas_doble_cierre_02.jpg\" \/>\n\t<meta property=\"og:image:width\" content=\"1200\" \/>\n\t<meta property=\"og:image:height\" content=\"1200\" \/>\n\t<meta property=\"og:image:type\" content=\"image\/jpeg\" \/>\n<meta name=\"twitter:card\" content=\"summary_large_image\" \/>\n<meta name=\"twitter:label1\" content=\"Est. reading time\" \/>\n\t<meta name=\"twitter:data1\" content=\"1 minute\" \/>\n<script type=\"application\/ld+json\" class=\"yoast-schema-graph\">{\"@context\":\"https:\\\/\\\/schema.org\",\"@graph\":[{\"@type\":\"WebPage\",\"@id\":\"https:\\\/\\\/www.boixados.com\\\/en\\\/product\\\/safety-clips\\\/\",\"url\":\"https:\\\/\\\/www.boixados.com\\\/en\\\/product\\\/safety-clips\\\/\",\"name\":\"Safety staples - Pack 100 units - Boixad\u00f3s\",\"isPartOf\":{\"@id\":\"https:\\\/\\\/www.boixados.com\\\/#website\"},\"primaryImageOfPage\":{\"@id\":\"https:\\\/\\\/www.boixados.com\\\/en\\\/product\\\/safety-clips\\\/#primaryimage\"},\"image\":{\"@id\":\"https:\\\/\\\/www.boixados.com\\\/en\\\/product\\\/safety-clips\\\/#primaryimage\"},\"thumbnailUrl\":\"https:\\\/\\\/www.boixados.com\\\/wp-content\\\/uploads\\\/2026\\\/01\\\/Boixados_grapas_doble_cierre_02.jpg\",\"datePublished\":\"2026-01-16T18:37:04+00:00\",\"dateModified\":\"2026-04-21T07:56:01+00:00\",\"breadcrumb\":{\"@id\":\"https:\\\/\\\/www.boixados.com\\\/en\\\/product\\\/safety-clips\\\/#breadcrumb\"},\"inLanguage\":\"en-US\",\"potentialAction\":[{\"@type\":\"ReadAction\",\"target\":[\"https:\\\/\\\/www.boixados.com\\\/en\\\/product\\\/safety-clips\\\/\"]}]},{\"@type\":\"ImageObject\",\"inLanguage\":\"en-US\",\"@id\":\"https:\\\/\\\/www.boixados.com\\\/en\\\/product\\\/safety-clips\\\/#primaryimage\",\"url\":\"https:\\\/\\\/www.boixados.com\\\/wp-content\\\/uploads\\\/2026\\\/01\\\/Boixados_grapas_doble_cierre_02.jpg\",\"contentUrl\":\"https:\\\/\\\/www.boixados.com\\\/wp-content\\\/uploads\\\/2026\\\/01\\\/Boixados_grapas_doble_cierre_02.jpg\",\"width\":1200,\"height\":1200},{\"@type\":\"BreadcrumbList\",\"@id\":\"https:\\\/\\\/www.boixados.com\\\/en\\\/product\\\/safety-clips\\\/#breadcrumb\",\"itemListElement\":[{\"@type\":\"ListItem\",\"position\":1,\"name\":\"Portada\",\"item\":\"https:\\\/\\\/www.boixados.com\\\/en\\\/\"},{\"@type\":\"ListItem\",\"position\":2,\"name\":\"ECOMMERCE\",\"item\":\"https:\\\/\\\/www.boixados.com\\\/en\\\/shop\\\/\"},{\"@type\":\"ListItem\",\"position\":3,\"name\":\"Safety staples &#8211; Pack 100 units\"}]},{\"@type\":\"WebSite\",\"@id\":\"https:\\\/\\\/www.boixados.com\\\/#website\",\"url\":\"https:\\\/\\\/www.boixados.com\\\/\",\"name\":\"Boixad\u00f3s\",\"description\":\"Dise\u00f1o y fabricaci\u00f3n de envases met\u00e1licos.\",\"publisher\":{\"@id\":\"https:\\\/\\\/www.boixados.com\\\/#organization\"},\"alternateName\":\"Boixad\u00f3s Smart Metal Packaging\",\"potentialAction\":[{\"@type\":\"SearchAction\",\"target\":{\"@type\":\"EntryPoint\",\"urlTemplate\":\"https:\\\/\\\/www.boixados.com\\\/?s={search_term_string}\"},\"query-input\":{\"@type\":\"PropertyValueSpecification\",\"valueRequired\":true,\"valueName\":\"search_term_string\"}}],\"inLanguage\":\"en-US\"},{\"@type\":\"Organization\",\"@id\":\"https:\\\/\\\/www.boixados.com\\\/#organization\",\"name\":\"Boixad\u00f3s\",\"alternateName\":\"Boixad\u00f3s Smart Metal Packaging\",\"url\":\"https:\\\/\\\/www.boixados.com\\\/\",\"logo\":{\"@type\":\"ImageObject\",\"inLanguage\":\"en-US\",\"@id\":\"https:\\\/\\\/www.boixados.com\\\/#\\\/schema\\\/logo\\\/image\\\/\",\"url\":\"https:\\\/\\\/www.boixados.com\\\/wp-content\\\/uploads\\\/2022\\\/06\\\/logo-home.png\",\"contentUrl\":\"https:\\\/\\\/www.boixados.com\\\/wp-content\\\/uploads\\\/2022\\\/06\\\/logo-home.png\",\"width\":280,\"height\":81,\"caption\":\"Boixad\u00f3s\"},\"image\":{\"@id\":\"https:\\\/\\\/www.boixados.com\\\/#\\\/schema\\\/logo\\\/image\\\/\"},\"sameAs\":[\"https:\\\/\\\/www.facebook.com\\\/SmartBoixados\\\/\",\"https:\\\/\\\/es.linkedin.com\\\/company\\\/smartboixados\",\"https:\\\/\\\/www.youtube.com\\\/c\\\/boixadosenvasosmetallicssl\"]}]}<\/script>\n<!-- \/ Yoast SEO plugin. -->","yoast_head_json":{"title":"Safety staples - Pack 100 units - Boixad\u00f3s","robots":{"index":"noindex","follow":"follow"},"og_locale":"en_US","og_type":"article","og_title":"Safety staples - Pack 100 units - Boixad\u00f3s","og_description":"Clamps or safety clips for Double Closing containers, paint lid type. Further secures the container closure for the transport of dangerous goods For containers from \u00d865 to \u00d885 with Double Closing lid.","og_url":"https:\/\/www.boixados.com\/en\/product\/safety-clips\/","og_site_name":"Boixad\u00f3s","article_publisher":"https:\/\/www.facebook.com\/SmartBoixados\/","article_modified_time":"2026-04-21T07:56:01+00:00","og_image":[{"width":1200,"height":1200,"url":"https:\/\/www.boixados.com\/wp-content\/uploads\/2026\/01\/Boixados_grapas_doble_cierre_02.jpg","type":"image\/jpeg"}],"twitter_card":"summary_large_image","twitter_misc":{"Est. reading time":"1 minute"},"schema":{"@context":"https:\/\/schema.org","@graph":[{"@type":"WebPage","@id":"https:\/\/www.boixados.com\/en\/product\/safety-clips\/","url":"https:\/\/www.boixados.com\/en\/product\/safety-clips\/","name":"Safety staples - Pack 100 units - Boixad\u00f3s","isPartOf":{"@id":"https:\/\/www.boixados.com\/#website"},"primaryImageOfPage":{"@id":"https:\/\/www.boixados.com\/en\/product\/safety-clips\/#primaryimage"},"image":{"@id":"https:\/\/www.boixados.com\/en\/product\/safety-clips\/#primaryimage"},"thumbnailUrl":"https:\/\/www.boixados.com\/wp-content\/uploads\/2026\/01\/Boixados_grapas_doble_cierre_02.jpg","datePublished":"2026-01-16T18:37:04+00:00","dateModified":"2026-04-21T07:56:01+00:00","breadcrumb":{"@id":"https:\/\/www.boixados.com\/en\/product\/safety-clips\/#breadcrumb"},"inLanguage":"en-US","potentialAction":[{"@type":"ReadAction","target":["https:\/\/www.boixados.com\/en\/product\/safety-clips\/"]}]},{"@type":"ImageObject","inLanguage":"en-US","@id":"https:\/\/www.boixados.com\/en\/product\/safety-clips\/#primaryimage","url":"https:\/\/www.boixados.com\/wp-content\/uploads\/2026\/01\/Boixados_grapas_doble_cierre_02.jpg","contentUrl":"https:\/\/www.boixados.com\/wp-content\/uploads\/2026\/01\/Boixados_grapas_doble_cierre_02.jpg","width":1200,"height":1200},{"@type":"BreadcrumbList","@id":"https:\/\/www.boixados.com\/en\/product\/safety-clips\/#breadcrumb","itemListElement":[{"@type":"ListItem","position":1,"name":"Portada","item":"https:\/\/www.boixados.com\/en\/"},{"@type":"ListItem","position":2,"name":"ECOMMERCE","item":"https:\/\/www.boixados.com\/en\/shop\/"},{"@type":"ListItem","position":3,"name":"Safety staples &#8211; Pack 100 units"}]},{"@type":"WebSite","@id":"https:\/\/www.boixados.com\/#website","url":"https:\/\/www.boixados.com\/","name":"Boixad\u00f3s","description":"Dise\u00f1o y fabricaci\u00f3n de envases met\u00e1licos.","publisher":{"@id":"https:\/\/www.boixados.com\/#organization"},"alternateName":"Boixad\u00f3s Smart Metal Packaging","potentialAction":[{"@type":"SearchAction","target":{"@type":"EntryPoint","urlTemplate":"https:\/\/www.boixados.com\/?s={search_term_string}"},"query-input":{"@type":"PropertyValueSpecification","valueRequired":true,"valueName":"search_term_string"}}],"inLanguage":"en-US"},{"@type":"Organization","@id":"https:\/\/www.boixados.com\/#organization","name":"Boixad\u00f3s","alternateName":"Boixad\u00f3s Smart Metal Packaging","url":"https:\/\/www.boixados.com\/","logo":{"@type":"ImageObject","inLanguage":"en-US","@id":"https:\/\/www.boixados.com\/#\/schema\/logo\/image\/","url":"https:\/\/www.boixados.com\/wp-content\/uploads\/2022\/06\/logo-home.png","contentUrl":"https:\/\/www.boixados.com\/wp-content\/uploads\/2022\/06\/logo-home.png","width":280,"height":81,"caption":"Boixad\u00f3s"},"image":{"@id":"https:\/\/www.boixados.com\/#\/schema\/logo\/image\/"},"sameAs":["https:\/\/www.facebook.com\/SmartBoixados\/","https:\/\/es.linkedin.com\/company\/smartboixados","https:\/\/www.youtube.com\/c\/boixadosenvasosmetallicssl"]}]}},"_links":{"self":[{"href":"https:\/\/www.boixados.com\/en\/wp-json\/wp\/v2\/product\/15810","targetHints":{"allow":["GET"]}}],"collection":[{"href":"https:\/\/www.boixados.com\/en\/wp-json\/wp\/v2\/product"}],"about":[{"href":"https:\/\/www.boixados.com\/en\/wp-json\/wp\/v2\/types\/product"}],"wp:featuredmedia":[{"embeddable":true,"href":"https:\/\/www.boixados.com\/en\/wp-json\/wp\/v2\/media\/15780"}],"wp:attachment":[{"href":"https:\/\/www.boixados.com\/en\/wp-json\/wp\/v2\/media?parent=15810"}],"wp:term":[{"taxonomy":"product_brand","embeddable":true,"href":"https:\/\/www.boixados.com\/en\/wp-json\/wp\/v2\/product_brand?post=15810"},{"taxonomy":"product_cat","embeddable":true,"href":"https:\/\/www.boixados.com\/en\/wp-json\/wp\/v2\/product_cat?post=15810"},{"taxonomy":"product_tag","embeddable":true,"href":"https:\/\/www.boixados.com\/en\/wp-json\/wp\/v2\/product_tag?post=15810"}],"curies":[{"name":"wp","href":"https:\/\/api.w.org\/{rel}","templated":true}]}}