{"id":13426,"date":"2024-03-28T19:33:20","date_gmt":"2024-03-28T17:33:20","guid":{"rendered":"https:\/\/www.boixados.com\/?post_type=product&#038;p=13426"},"modified":"2026-04-16T13:46:17","modified_gmt":"2026-04-16T11:46:17","slug":"rectangular-for-liquids-industrial-plastic-cap","status":"publish","type":"product","link":"https:\/\/www.boixados.com\/en\/product\/rectangular-for-liquids-industrial-plastic-cap\/","title":{"rendered":"Rectangular container with plastic cap"},"content":{"rendered":"<p>Rectangular container very used for liquid industrial chemical products and oils.<\/p>\n<p>Suitable for low density products such as liquids, solvents, oils, adhesives, resins, lacquers or industrial chemical additives.<br \/>\nNot suitable for products with water base or high pH.<br \/>\nSuitable for solvent or oil based products.<br \/>\nExtensible plastic cap dispenser with screw.<br \/>\nEasy-to-place cap with warranty seal.<br \/>\nApproved for the transport of UN ADR\/RID dangerous goods<\/p>\n","protected":false},"excerpt":{"rendered":"<p>Rectangular container with extensible plastic cap with screw, easy to place and dose, with guarantee seal. Suitable for solvent or oil industrial products.<\/p>\n","protected":false},"featured_media":13497,"template":"","meta":{"_acf_changed":false},"product_brand":[],"product_cat":[218],"product_tag":[],"class_list":{"0":"post-13426","1":"product","2":"type-product","3":"status-publish","4":"has-post-thumbnail","6":"product_cat-industrial-en","7":"product_shipping_class-transport1-en","9":"first","10":"instock","11":"taxable","12":"shipping-taxable","13":"purchasable","14":"product-type-variable","15":"has-default-attributes"},"acf":[],"yoast_head":"<!-- This site is optimized with the Yoast SEO plugin v27.4 - https:\/\/yoast.com\/product\/yoast-seo-wordpress\/ -->\n<title>Rectangular container with plastic cap - Boixad\u00f3s<\/title>\n<meta name=\"robots\" content=\"noindex, follow\" \/>\n<meta property=\"og:locale\" content=\"en_US\" \/>\n<meta property=\"og:type\" content=\"article\" \/>\n<meta property=\"og:title\" content=\"Rectangular container with plastic cap - Boixad\u00f3s\" \/>\n<meta property=\"og:description\" content=\"Rectangular container with extensible plastic cap with screw, easy to place and dose, with guarantee seal. Suitable for solvent or oil industrial products.\" \/>\n<meta property=\"og:url\" content=\"https:\/\/www.boixados.com\/en\/product\/rectangular-for-liquids-industrial-plastic-cap\/\" \/>\n<meta property=\"og:site_name\" content=\"Boixad\u00f3s\" \/>\n<meta property=\"article:publisher\" content=\"https:\/\/www.facebook.com\/SmartBoixados\/\" \/>\n<meta property=\"article:modified_time\" content=\"2026-04-16T11:46:17+00:00\" \/>\n<meta property=\"og:image\" content=\"https:\/\/www.boixados.com\/wp-content\/uploads\/2024\/03\/envase-lata-rectangular.jpg\" \/>\n\t<meta property=\"og:image:width\" content=\"400\" \/>\n\t<meta property=\"og:image:height\" content=\"400\" \/>\n\t<meta property=\"og:image:type\" content=\"image\/jpeg\" \/>\n<meta name=\"twitter:card\" content=\"summary_large_image\" \/>\n<meta name=\"twitter:label1\" content=\"Est. reading time\" \/>\n\t<meta name=\"twitter:data1\" content=\"1 minute\" \/>\n<script type=\"application\/ld+json\" class=\"yoast-schema-graph\">{\"@context\":\"https:\\\/\\\/schema.org\",\"@graph\":[{\"@type\":\"WebPage\",\"@id\":\"https:\\\/\\\/www.boixados.com\\\/en\\\/product\\\/rectangular-for-liquids-industrial-plastic-cap\\\/\",\"url\":\"https:\\\/\\\/www.boixados.com\\\/en\\\/product\\\/rectangular-for-liquids-industrial-plastic-cap\\\/\",\"name\":\"Rectangular container with plastic cap - Boixad\u00f3s\",\"isPartOf\":{\"@id\":\"https:\\\/\\\/www.boixados.com\\\/#website\"},\"primaryImageOfPage\":{\"@id\":\"https:\\\/\\\/www.boixados.com\\\/en\\\/product\\\/rectangular-for-liquids-industrial-plastic-cap\\\/#primaryimage\"},\"image\":{\"@id\":\"https:\\\/\\\/www.boixados.com\\\/en\\\/product\\\/rectangular-for-liquids-industrial-plastic-cap\\\/#primaryimage\"},\"thumbnailUrl\":\"https:\\\/\\\/www.boixados.com\\\/wp-content\\\/uploads\\\/2024\\\/03\\\/envase-lata-rectangular.jpg\",\"datePublished\":\"2024-03-28T17:33:20+00:00\",\"dateModified\":\"2026-04-16T11:46:17+00:00\",\"breadcrumb\":{\"@id\":\"https:\\\/\\\/www.boixados.com\\\/en\\\/product\\\/rectangular-for-liquids-industrial-plastic-cap\\\/#breadcrumb\"},\"inLanguage\":\"en-US\",\"potentialAction\":[{\"@type\":\"ReadAction\",\"target\":[\"https:\\\/\\\/www.boixados.com\\\/en\\\/product\\\/rectangular-for-liquids-industrial-plastic-cap\\\/\"]}]},{\"@type\":\"ImageObject\",\"inLanguage\":\"en-US\",\"@id\":\"https:\\\/\\\/www.boixados.com\\\/en\\\/product\\\/rectangular-for-liquids-industrial-plastic-cap\\\/#primaryimage\",\"url\":\"https:\\\/\\\/www.boixados.com\\\/wp-content\\\/uploads\\\/2024\\\/03\\\/envase-lata-rectangular.jpg\",\"contentUrl\":\"https:\\\/\\\/www.boixados.com\\\/wp-content\\\/uploads\\\/2024\\\/03\\\/envase-lata-rectangular.jpg\",\"width\":400,\"height\":400},{\"@type\":\"BreadcrumbList\",\"@id\":\"https:\\\/\\\/www.boixados.com\\\/en\\\/product\\\/rectangular-for-liquids-industrial-plastic-cap\\\/#breadcrumb\",\"itemListElement\":[{\"@type\":\"ListItem\",\"position\":1,\"name\":\"Portada\",\"item\":\"https:\\\/\\\/www.boixados.com\\\/en\\\/\"},{\"@type\":\"ListItem\",\"position\":2,\"name\":\"ECOMMERCE\",\"item\":\"https:\\\/\\\/www.boixados.com\\\/en\\\/shop\\\/\"},{\"@type\":\"ListItem\",\"position\":3,\"name\":\"Rectangular container with plastic cap\"}]},{\"@type\":\"WebSite\",\"@id\":\"https:\\\/\\\/www.boixados.com\\\/#website\",\"url\":\"https:\\\/\\\/www.boixados.com\\\/\",\"name\":\"Boixad\u00f3s\",\"description\":\"Dise\u00f1o y fabricaci\u00f3n de envases met\u00e1licos.\",\"publisher\":{\"@id\":\"https:\\\/\\\/www.boixados.com\\\/#organization\"},\"alternateName\":\"Boixad\u00f3s Smart Metal Packaging\",\"potentialAction\":[{\"@type\":\"SearchAction\",\"target\":{\"@type\":\"EntryPoint\",\"urlTemplate\":\"https:\\\/\\\/www.boixados.com\\\/?s={search_term_string}\"},\"query-input\":{\"@type\":\"PropertyValueSpecification\",\"valueRequired\":true,\"valueName\":\"search_term_string\"}}],\"inLanguage\":\"en-US\"},{\"@type\":\"Organization\",\"@id\":\"https:\\\/\\\/www.boixados.com\\\/#organization\",\"name\":\"Boixad\u00f3s\",\"alternateName\":\"Boixad\u00f3s Smart Metal Packaging\",\"url\":\"https:\\\/\\\/www.boixados.com\\\/\",\"logo\":{\"@type\":\"ImageObject\",\"inLanguage\":\"en-US\",\"@id\":\"https:\\\/\\\/www.boixados.com\\\/#\\\/schema\\\/logo\\\/image\\\/\",\"url\":\"https:\\\/\\\/www.boixados.com\\\/wp-content\\\/uploads\\\/2022\\\/06\\\/logo-home.png\",\"contentUrl\":\"https:\\\/\\\/www.boixados.com\\\/wp-content\\\/uploads\\\/2022\\\/06\\\/logo-home.png\",\"width\":280,\"height\":81,\"caption\":\"Boixad\u00f3s\"},\"image\":{\"@id\":\"https:\\\/\\\/www.boixados.com\\\/#\\\/schema\\\/logo\\\/image\\\/\"},\"sameAs\":[\"https:\\\/\\\/www.facebook.com\\\/SmartBoixados\\\/\",\"https:\\\/\\\/es.linkedin.com\\\/company\\\/smartboixados\",\"https:\\\/\\\/www.youtube.com\\\/c\\\/boixadosenvasosmetallicssl\"]}]}<\/script>\n<!-- \/ Yoast SEO plugin. -->","yoast_head_json":{"title":"Rectangular container with plastic cap - Boixad\u00f3s","robots":{"index":"noindex","follow":"follow"},"og_locale":"en_US","og_type":"article","og_title":"Rectangular container with plastic cap - Boixad\u00f3s","og_description":"Rectangular container with extensible plastic cap with screw, easy to place and dose, with guarantee seal. Suitable for solvent or oil industrial products.","og_url":"https:\/\/www.boixados.com\/en\/product\/rectangular-for-liquids-industrial-plastic-cap\/","og_site_name":"Boixad\u00f3s","article_publisher":"https:\/\/www.facebook.com\/SmartBoixados\/","article_modified_time":"2026-04-16T11:46:17+00:00","og_image":[{"width":400,"height":400,"url":"https:\/\/www.boixados.com\/wp-content\/uploads\/2024\/03\/envase-lata-rectangular.jpg","type":"image\/jpeg"}],"twitter_card":"summary_large_image","twitter_misc":{"Est. reading time":"1 minute"},"schema":{"@context":"https:\/\/schema.org","@graph":[{"@type":"WebPage","@id":"https:\/\/www.boixados.com\/en\/product\/rectangular-for-liquids-industrial-plastic-cap\/","url":"https:\/\/www.boixados.com\/en\/product\/rectangular-for-liquids-industrial-plastic-cap\/","name":"Rectangular container with plastic cap - Boixad\u00f3s","isPartOf":{"@id":"https:\/\/www.boixados.com\/#website"},"primaryImageOfPage":{"@id":"https:\/\/www.boixados.com\/en\/product\/rectangular-for-liquids-industrial-plastic-cap\/#primaryimage"},"image":{"@id":"https:\/\/www.boixados.com\/en\/product\/rectangular-for-liquids-industrial-plastic-cap\/#primaryimage"},"thumbnailUrl":"https:\/\/www.boixados.com\/wp-content\/uploads\/2024\/03\/envase-lata-rectangular.jpg","datePublished":"2024-03-28T17:33:20+00:00","dateModified":"2026-04-16T11:46:17+00:00","breadcrumb":{"@id":"https:\/\/www.boixados.com\/en\/product\/rectangular-for-liquids-industrial-plastic-cap\/#breadcrumb"},"inLanguage":"en-US","potentialAction":[{"@type":"ReadAction","target":["https:\/\/www.boixados.com\/en\/product\/rectangular-for-liquids-industrial-plastic-cap\/"]}]},{"@type":"ImageObject","inLanguage":"en-US","@id":"https:\/\/www.boixados.com\/en\/product\/rectangular-for-liquids-industrial-plastic-cap\/#primaryimage","url":"https:\/\/www.boixados.com\/wp-content\/uploads\/2024\/03\/envase-lata-rectangular.jpg","contentUrl":"https:\/\/www.boixados.com\/wp-content\/uploads\/2024\/03\/envase-lata-rectangular.jpg","width":400,"height":400},{"@type":"BreadcrumbList","@id":"https:\/\/www.boixados.com\/en\/product\/rectangular-for-liquids-industrial-plastic-cap\/#breadcrumb","itemListElement":[{"@type":"ListItem","position":1,"name":"Portada","item":"https:\/\/www.boixados.com\/en\/"},{"@type":"ListItem","position":2,"name":"ECOMMERCE","item":"https:\/\/www.boixados.com\/en\/shop\/"},{"@type":"ListItem","position":3,"name":"Rectangular container with plastic cap"}]},{"@type":"WebSite","@id":"https:\/\/www.boixados.com\/#website","url":"https:\/\/www.boixados.com\/","name":"Boixad\u00f3s","description":"Dise\u00f1o y fabricaci\u00f3n de envases met\u00e1licos.","publisher":{"@id":"https:\/\/www.boixados.com\/#organization"},"alternateName":"Boixad\u00f3s Smart Metal Packaging","potentialAction":[{"@type":"SearchAction","target":{"@type":"EntryPoint","urlTemplate":"https:\/\/www.boixados.com\/?s={search_term_string}"},"query-input":{"@type":"PropertyValueSpecification","valueRequired":true,"valueName":"search_term_string"}}],"inLanguage":"en-US"},{"@type":"Organization","@id":"https:\/\/www.boixados.com\/#organization","name":"Boixad\u00f3s","alternateName":"Boixad\u00f3s Smart Metal Packaging","url":"https:\/\/www.boixados.com\/","logo":{"@type":"ImageObject","inLanguage":"en-US","@id":"https:\/\/www.boixados.com\/#\/schema\/logo\/image\/","url":"https:\/\/www.boixados.com\/wp-content\/uploads\/2022\/06\/logo-home.png","contentUrl":"https:\/\/www.boixados.com\/wp-content\/uploads\/2022\/06\/logo-home.png","width":280,"height":81,"caption":"Boixad\u00f3s"},"image":{"@id":"https:\/\/www.boixados.com\/#\/schema\/logo\/image\/"},"sameAs":["https:\/\/www.facebook.com\/SmartBoixados\/","https:\/\/es.linkedin.com\/company\/smartboixados","https:\/\/www.youtube.com\/c\/boixadosenvasosmetallicssl"]}]}},"_links":{"self":[{"href":"https:\/\/www.boixados.com\/en\/wp-json\/wp\/v2\/product\/13426","targetHints":{"allow":["GET"]}}],"collection":[{"href":"https:\/\/www.boixados.com\/en\/wp-json\/wp\/v2\/product"}],"about":[{"href":"https:\/\/www.boixados.com\/en\/wp-json\/wp\/v2\/types\/product"}],"wp:featuredmedia":[{"embeddable":true,"href":"https:\/\/www.boixados.com\/en\/wp-json\/wp\/v2\/media\/13497"}],"wp:attachment":[{"href":"https:\/\/www.boixados.com\/en\/wp-json\/wp\/v2\/media?parent=13426"}],"wp:term":[{"taxonomy":"product_brand","embeddable":true,"href":"https:\/\/www.boixados.com\/en\/wp-json\/wp\/v2\/product_brand?post=13426"},{"taxonomy":"product_cat","embeddable":true,"href":"https:\/\/www.boixados.com\/en\/wp-json\/wp\/v2\/product_cat?post=13426"},{"taxonomy":"product_tag","embeddable":true,"href":"https:\/\/www.boixados.com\/en\/wp-json\/wp\/v2\/product_tag?post=13426"}],"curies":[{"name":"wp","href":"https:\/\/api.w.org\/{rel}","templated":true}]}}