{"id":13321,"date":"2024-03-01T10:46:20","date_gmt":"2024-03-01T08:46:20","guid":{"rendered":"https:\/\/www.boixados.com\/?post_type=product&#038;p=13321"},"modified":"2026-03-27T13:00:15","modified_gmt":"2026-03-27T11:00:15","slug":"premium-oil-packaging-pack","status":"publish","type":"product","link":"https:\/\/www.boixados.com\/en\/product\/premium-oil-packaging-pack\/","title":{"rendered":"Premium Oil Packaging Sample Pack"},"content":{"rendered":"<div>\n<p>This selection of samples will offer you a vision of metal containers for oil in different capacities and dimensions, from commercial use to small containers ideal for gifts.<\/p>\n<p>Whether you are an artisanal oil producer, a marketing and communication company or a company looking for the best presentation for your products, our Sample Pack will offer you a complete idea of the available options.<\/p>\n<p>If any of our packaging meets your needs, we offer the possibility of customizing them with your brand starting with a minimum order of 1,000 units.<\/p>\n<p>We invite you to take advantage of this unique opportunity to discover the ideal metal container for your oil, exploring our Metallic Container Sample Pack.<\/p>\n<\/div>\n<div><\/div>\n","protected":false},"excerpt":{"rendered":"<p>Experience the diversity of our metal containers with our own Premium Oil Container Sample Pack, which includes formats of:<\/p>\n<ul>\n<li>1 pc. <strong>1L<\/strong> (68 x 94 x 184 mm.) Exterior gold\/Interior varnish.<\/li>\n<li>1 pc. <strong>500 ml.<\/strong> (45 x 76 x 159 mm.) Exterior gold\/Interior varnish.<\/li>\n<li>1 pc. <strong>250 ml.<\/strong> (45 x 64 x 108 mm.) Exterior gold\/Interior varnish.<\/li>\n<li>1 pc. <strong>100 ml.<\/strong> (60 x 43 x 65 mm.) Exterior silver\/Interior varnish.<\/li>\n<li>1 pc. <strong>100 ml.<\/strong> ( \u00f8 52 x 66 mm.) Exterior silver\/Interior varnish.<\/li>\n<li>5 pc. <strong>Non-refillable cap<\/strong> in Black color.<\/li>\n<\/ul>\n","protected":false},"featured_media":13323,"template":"","meta":{"_acf_changed":false},"product_brand":[],"product_cat":[217],"product_tag":[],"class_list":{"0":"post-13321","1":"product","2":"type-product","3":"status-publish","4":"has-post-thumbnail","6":"product_cat-food","8":"first","9":"instock","10":"taxable","11":"shipping-taxable","12":"purchasable","13":"product-type-simple"},"acf":[],"yoast_head":"<!-- This site is optimized with the Yoast SEO plugin v27.4 - https:\/\/yoast.com\/product\/yoast-seo-wordpress\/ -->\n<title>Premium Oil Packaging Sample Pack - Boixad\u00f3s<\/title>\n<meta name=\"robots\" content=\"noindex, follow\" \/>\n<meta property=\"og:locale\" content=\"en_US\" \/>\n<meta property=\"og:type\" content=\"article\" \/>\n<meta property=\"og:title\" content=\"Premium Oil Packaging Sample Pack - Boixad\u00f3s\" \/>\n<meta property=\"og:description\" content=\"Experience the diversity of our metal containers with our own Premium Oil Container Sample Pack, which includes formats of:   1 pc. 1L (68 x 94 x 184 mm.) Exterior gold\/Interior varnish.  1 pc. 500 ml. (45 x 76 x 159 mm.) Exterior gold\/Interior varnish.  1 pc. 250 ml. (45 x 64 x 108 mm.) Exterior gold\/Interior varnish.  1 pc. 100 ml. (60 x 43 x 65 mm.) Exterior silver\/Interior varnish.  1 pc. 100 ml. ( \u00f8 52 x 66 mm.) Exterior silver\/Interior varnish.  5 pc. Non-refillable cap in Black color.\" \/>\n<meta property=\"og:url\" content=\"https:\/\/www.boixados.com\/en\/product\/premium-oil-packaging-pack\/\" \/>\n<meta property=\"og:site_name\" content=\"Boixad\u00f3s\" \/>\n<meta property=\"article:publisher\" content=\"https:\/\/www.facebook.com\/SmartBoixados\/\" \/>\n<meta property=\"article:modified_time\" content=\"2026-03-27T11:00:15+00:00\" \/>\n<meta property=\"og:image\" content=\"https:\/\/www.boixados.com\/wp-content\/uploads\/2024\/03\/PACK-Llaunes-Oli-premium.jpg\" \/>\n\t<meta property=\"og:image:width\" content=\"1920\" \/>\n\t<meta property=\"og:image:height\" content=\"1282\" \/>\n\t<meta property=\"og:image:type\" content=\"image\/jpeg\" \/>\n<meta name=\"twitter:card\" content=\"summary_large_image\" \/>\n<meta name=\"twitter:label1\" content=\"Est. reading time\" \/>\n\t<meta name=\"twitter:data1\" content=\"1 minute\" \/>\n<script type=\"application\/ld+json\" class=\"yoast-schema-graph\">{\"@context\":\"https:\\\/\\\/schema.org\",\"@graph\":[{\"@type\":\"WebPage\",\"@id\":\"https:\\\/\\\/www.boixados.com\\\/en\\\/product\\\/premium-oil-packaging-pack\\\/\",\"url\":\"https:\\\/\\\/www.boixados.com\\\/en\\\/product\\\/premium-oil-packaging-pack\\\/\",\"name\":\"Premium Oil Packaging Sample Pack - Boixad\u00f3s\",\"isPartOf\":{\"@id\":\"https:\\\/\\\/www.boixados.com\\\/#website\"},\"primaryImageOfPage\":{\"@id\":\"https:\\\/\\\/www.boixados.com\\\/en\\\/product\\\/premium-oil-packaging-pack\\\/#primaryimage\"},\"image\":{\"@id\":\"https:\\\/\\\/www.boixados.com\\\/en\\\/product\\\/premium-oil-packaging-pack\\\/#primaryimage\"},\"thumbnailUrl\":\"https:\\\/\\\/www.boixados.com\\\/wp-content\\\/uploads\\\/2024\\\/03\\\/PACK-Llaunes-Oli-premium.jpg\",\"datePublished\":\"2024-03-01T08:46:20+00:00\",\"dateModified\":\"2026-03-27T11:00:15+00:00\",\"breadcrumb\":{\"@id\":\"https:\\\/\\\/www.boixados.com\\\/en\\\/product\\\/premium-oil-packaging-pack\\\/#breadcrumb\"},\"inLanguage\":\"en-US\",\"potentialAction\":[{\"@type\":\"ReadAction\",\"target\":[\"https:\\\/\\\/www.boixados.com\\\/en\\\/product\\\/premium-oil-packaging-pack\\\/\"]}]},{\"@type\":\"ImageObject\",\"inLanguage\":\"en-US\",\"@id\":\"https:\\\/\\\/www.boixados.com\\\/en\\\/product\\\/premium-oil-packaging-pack\\\/#primaryimage\",\"url\":\"https:\\\/\\\/www.boixados.com\\\/wp-content\\\/uploads\\\/2024\\\/03\\\/PACK-Llaunes-Oli-premium.jpg\",\"contentUrl\":\"https:\\\/\\\/www.boixados.com\\\/wp-content\\\/uploads\\\/2024\\\/03\\\/PACK-Llaunes-Oli-premium.jpg\",\"width\":1920,\"height\":1282},{\"@type\":\"BreadcrumbList\",\"@id\":\"https:\\\/\\\/www.boixados.com\\\/en\\\/product\\\/premium-oil-packaging-pack\\\/#breadcrumb\",\"itemListElement\":[{\"@type\":\"ListItem\",\"position\":1,\"name\":\"Portada\",\"item\":\"https:\\\/\\\/www.boixados.com\\\/en\\\/\"},{\"@type\":\"ListItem\",\"position\":2,\"name\":\"ECOMMERCE\",\"item\":\"https:\\\/\\\/www.boixados.com\\\/en\\\/shop\\\/\"},{\"@type\":\"ListItem\",\"position\":3,\"name\":\"Premium Oil Packaging Sample Pack\"}]},{\"@type\":\"WebSite\",\"@id\":\"https:\\\/\\\/www.boixados.com\\\/#website\",\"url\":\"https:\\\/\\\/www.boixados.com\\\/\",\"name\":\"Boixad\u00f3s\",\"description\":\"Dise\u00f1o y fabricaci\u00f3n de envases met\u00e1licos.\",\"publisher\":{\"@id\":\"https:\\\/\\\/www.boixados.com\\\/#organization\"},\"alternateName\":\"Boixad\u00f3s Smart Metal Packaging\",\"potentialAction\":[{\"@type\":\"SearchAction\",\"target\":{\"@type\":\"EntryPoint\",\"urlTemplate\":\"https:\\\/\\\/www.boixados.com\\\/?s={search_term_string}\"},\"query-input\":{\"@type\":\"PropertyValueSpecification\",\"valueRequired\":true,\"valueName\":\"search_term_string\"}}],\"inLanguage\":\"en-US\"},{\"@type\":\"Organization\",\"@id\":\"https:\\\/\\\/www.boixados.com\\\/#organization\",\"name\":\"Boixad\u00f3s\",\"alternateName\":\"Boixad\u00f3s Smart Metal Packaging\",\"url\":\"https:\\\/\\\/www.boixados.com\\\/\",\"logo\":{\"@type\":\"ImageObject\",\"inLanguage\":\"en-US\",\"@id\":\"https:\\\/\\\/www.boixados.com\\\/#\\\/schema\\\/logo\\\/image\\\/\",\"url\":\"https:\\\/\\\/www.boixados.com\\\/wp-content\\\/uploads\\\/2022\\\/06\\\/logo-home.png\",\"contentUrl\":\"https:\\\/\\\/www.boixados.com\\\/wp-content\\\/uploads\\\/2022\\\/06\\\/logo-home.png\",\"width\":280,\"height\":81,\"caption\":\"Boixad\u00f3s\"},\"image\":{\"@id\":\"https:\\\/\\\/www.boixados.com\\\/#\\\/schema\\\/logo\\\/image\\\/\"},\"sameAs\":[\"https:\\\/\\\/www.facebook.com\\\/SmartBoixados\\\/\",\"https:\\\/\\\/es.linkedin.com\\\/company\\\/smartboixados\",\"https:\\\/\\\/www.youtube.com\\\/c\\\/boixadosenvasosmetallicssl\"]}]}<\/script>\n<!-- \/ Yoast SEO plugin. -->","yoast_head_json":{"title":"Premium Oil Packaging Sample Pack - Boixad\u00f3s","robots":{"index":"noindex","follow":"follow"},"og_locale":"en_US","og_type":"article","og_title":"Premium Oil Packaging Sample Pack - Boixad\u00f3s","og_description":"Experience the diversity of our metal containers with our own Premium Oil Container Sample Pack, which includes formats of:   1 pc. 1L (68 x 94 x 184 mm.) Exterior gold\/Interior varnish.  1 pc. 500 ml. (45 x 76 x 159 mm.) Exterior gold\/Interior varnish.  1 pc. 250 ml. (45 x 64 x 108 mm.) Exterior gold\/Interior varnish.  1 pc. 100 ml. (60 x 43 x 65 mm.) Exterior silver\/Interior varnish.  1 pc. 100 ml. ( \u00f8 52 x 66 mm.) Exterior silver\/Interior varnish.  5 pc. Non-refillable cap in Black color.","og_url":"https:\/\/www.boixados.com\/en\/product\/premium-oil-packaging-pack\/","og_site_name":"Boixad\u00f3s","article_publisher":"https:\/\/www.facebook.com\/SmartBoixados\/","article_modified_time":"2026-03-27T11:00:15+00:00","og_image":[{"width":1920,"height":1282,"url":"https:\/\/www.boixados.com\/wp-content\/uploads\/2024\/03\/PACK-Llaunes-Oli-premium.jpg","type":"image\/jpeg"}],"twitter_card":"summary_large_image","twitter_misc":{"Est. reading time":"1 minute"},"schema":{"@context":"https:\/\/schema.org","@graph":[{"@type":"WebPage","@id":"https:\/\/www.boixados.com\/en\/product\/premium-oil-packaging-pack\/","url":"https:\/\/www.boixados.com\/en\/product\/premium-oil-packaging-pack\/","name":"Premium Oil Packaging Sample Pack - Boixad\u00f3s","isPartOf":{"@id":"https:\/\/www.boixados.com\/#website"},"primaryImageOfPage":{"@id":"https:\/\/www.boixados.com\/en\/product\/premium-oil-packaging-pack\/#primaryimage"},"image":{"@id":"https:\/\/www.boixados.com\/en\/product\/premium-oil-packaging-pack\/#primaryimage"},"thumbnailUrl":"https:\/\/www.boixados.com\/wp-content\/uploads\/2024\/03\/PACK-Llaunes-Oli-premium.jpg","datePublished":"2024-03-01T08:46:20+00:00","dateModified":"2026-03-27T11:00:15+00:00","breadcrumb":{"@id":"https:\/\/www.boixados.com\/en\/product\/premium-oil-packaging-pack\/#breadcrumb"},"inLanguage":"en-US","potentialAction":[{"@type":"ReadAction","target":["https:\/\/www.boixados.com\/en\/product\/premium-oil-packaging-pack\/"]}]},{"@type":"ImageObject","inLanguage":"en-US","@id":"https:\/\/www.boixados.com\/en\/product\/premium-oil-packaging-pack\/#primaryimage","url":"https:\/\/www.boixados.com\/wp-content\/uploads\/2024\/03\/PACK-Llaunes-Oli-premium.jpg","contentUrl":"https:\/\/www.boixados.com\/wp-content\/uploads\/2024\/03\/PACK-Llaunes-Oli-premium.jpg","width":1920,"height":1282},{"@type":"BreadcrumbList","@id":"https:\/\/www.boixados.com\/en\/product\/premium-oil-packaging-pack\/#breadcrumb","itemListElement":[{"@type":"ListItem","position":1,"name":"Portada","item":"https:\/\/www.boixados.com\/en\/"},{"@type":"ListItem","position":2,"name":"ECOMMERCE","item":"https:\/\/www.boixados.com\/en\/shop\/"},{"@type":"ListItem","position":3,"name":"Premium Oil Packaging Sample Pack"}]},{"@type":"WebSite","@id":"https:\/\/www.boixados.com\/#website","url":"https:\/\/www.boixados.com\/","name":"Boixad\u00f3s","description":"Dise\u00f1o y fabricaci\u00f3n de envases met\u00e1licos.","publisher":{"@id":"https:\/\/www.boixados.com\/#organization"},"alternateName":"Boixad\u00f3s Smart Metal Packaging","potentialAction":[{"@type":"SearchAction","target":{"@type":"EntryPoint","urlTemplate":"https:\/\/www.boixados.com\/?s={search_term_string}"},"query-input":{"@type":"PropertyValueSpecification","valueRequired":true,"valueName":"search_term_string"}}],"inLanguage":"en-US"},{"@type":"Organization","@id":"https:\/\/www.boixados.com\/#organization","name":"Boixad\u00f3s","alternateName":"Boixad\u00f3s Smart Metal Packaging","url":"https:\/\/www.boixados.com\/","logo":{"@type":"ImageObject","inLanguage":"en-US","@id":"https:\/\/www.boixados.com\/#\/schema\/logo\/image\/","url":"https:\/\/www.boixados.com\/wp-content\/uploads\/2022\/06\/logo-home.png","contentUrl":"https:\/\/www.boixados.com\/wp-content\/uploads\/2022\/06\/logo-home.png","width":280,"height":81,"caption":"Boixad\u00f3s"},"image":{"@id":"https:\/\/www.boixados.com\/#\/schema\/logo\/image\/"},"sameAs":["https:\/\/www.facebook.com\/SmartBoixados\/","https:\/\/es.linkedin.com\/company\/smartboixados","https:\/\/www.youtube.com\/c\/boixadosenvasosmetallicssl"]}]}},"_links":{"self":[{"href":"https:\/\/www.boixados.com\/en\/wp-json\/wp\/v2\/product\/13321","targetHints":{"allow":["GET"]}}],"collection":[{"href":"https:\/\/www.boixados.com\/en\/wp-json\/wp\/v2\/product"}],"about":[{"href":"https:\/\/www.boixados.com\/en\/wp-json\/wp\/v2\/types\/product"}],"wp:featuredmedia":[{"embeddable":true,"href":"https:\/\/www.boixados.com\/en\/wp-json\/wp\/v2\/media\/13323"}],"wp:attachment":[{"href":"https:\/\/www.boixados.com\/en\/wp-json\/wp\/v2\/media?parent=13321"}],"wp:term":[{"taxonomy":"product_brand","embeddable":true,"href":"https:\/\/www.boixados.com\/en\/wp-json\/wp\/v2\/product_brand?post=13321"},{"taxonomy":"product_cat","embeddable":true,"href":"https:\/\/www.boixados.com\/en\/wp-json\/wp\/v2\/product_cat?post=13321"},{"taxonomy":"product_tag","embeddable":true,"href":"https:\/\/www.boixados.com\/en\/wp-json\/wp\/v2\/product_tag?post=13321"}],"curies":[{"name":"wp","href":"https:\/\/api.w.org\/{rel}","templated":true}]}}