{"id":11739,"date":"2022-11-15T23:08:20","date_gmt":"2022-11-15T21:08:20","guid":{"rendered":"https:\/\/www.boixados.com\/producto\/caviar\/"},"modified":"2026-04-16T13:25:43","modified_gmt":"2026-04-16T11:25:43","slug":"caviar","status":"publish","type":"product","link":"https:\/\/www.boixados.com\/en\/product\/caviar\/","title":{"rendered":"Caviar"},"content":{"rendered":"<div class=\"ewa-rteLine\">Premium small cans for caviar, prepared for vacuum packaging with a complete airtightness guarantee to ensure that the product reaches the end customer in perfect condition.<\/div>\n","protected":false},"excerpt":{"rendered":"<div>\n<div class=\"ewa-rteLine\">\n<div class=\"ewa-rteLine\">Premium small cans for caviar vacuum packaging.<\/div>\n<div class=\"ewa-rteLine\">Guaranteed airtightness and conservation.<\/div>\n<div class=\"ewa-rteLine\">Interior coating for food use.<\/div>\n<div class=\"ewa-rteLine\">Gold finish.<\/div>\n<\/div>\n<\/div>\n<div><\/div>\n","protected":false},"featured_media":9895,"template":"","meta":{"_acf_changed":false},"product_brand":[],"product_cat":[217,219],"product_tag":[],"class_list":{"0":"post-11739","1":"product","2":"type-product","3":"status-publish","4":"has-post-thumbnail","6":"product_cat-food","7":"product_cat-marketing-en","9":"first","10":"instock","11":"taxable","12":"shipping-taxable","13":"purchasable","14":"product-type-variable","15":"has-default-attributes"},"acf":[],"yoast_head":"<!-- This site is optimized with the Yoast SEO plugin v27.4 - https:\/\/yoast.com\/product\/yoast-seo-wordpress\/ -->\n<title>Caviar - Boixad\u00f3s<\/title>\n<meta name=\"robots\" content=\"noindex, follow\" \/>\n<meta property=\"og:locale\" content=\"en_US\" \/>\n<meta property=\"og:type\" content=\"article\" \/>\n<meta property=\"og:title\" content=\"Caviar - Boixad\u00f3s\" \/>\n<meta property=\"og:description\" content=\"Premium small cans for caviar vacuum packaging. Guaranteed airtightness and conservation. Interior coating for food use. Gold finish.\" \/>\n<meta property=\"og:url\" content=\"https:\/\/www.boixados.com\/en\/product\/caviar\/\" \/>\n<meta property=\"og:site_name\" content=\"Boixad\u00f3s\" \/>\n<meta property=\"article:publisher\" content=\"https:\/\/www.facebook.com\/SmartBoixados\/\" \/>\n<meta property=\"article:modified_time\" content=\"2026-04-16T11:25:43+00:00\" \/>\n<meta property=\"og:image\" content=\"https:\/\/www.boixados.com\/wp-content\/uploads\/2022\/11\/caviar.jpg\" \/>\n\t<meta property=\"og:image:width\" content=\"1000\" \/>\n\t<meta property=\"og:image:height\" content=\"1000\" \/>\n\t<meta property=\"og:image:type\" content=\"image\/jpeg\" \/>\n<meta name=\"twitter:card\" content=\"summary_large_image\" \/>\n<meta name=\"twitter:label1\" content=\"Est. reading time\" \/>\n\t<meta name=\"twitter:data1\" content=\"1 minute\" \/>\n<script type=\"application\/ld+json\" class=\"yoast-schema-graph\">{\"@context\":\"https:\\\/\\\/schema.org\",\"@graph\":[{\"@type\":\"WebPage\",\"@id\":\"https:\\\/\\\/www.boixados.com\\\/en\\\/product\\\/caviar\\\/\",\"url\":\"https:\\\/\\\/www.boixados.com\\\/en\\\/product\\\/caviar\\\/\",\"name\":\"Caviar - Boixad\u00f3s\",\"isPartOf\":{\"@id\":\"https:\\\/\\\/www.boixados.com\\\/#website\"},\"primaryImageOfPage\":{\"@id\":\"https:\\\/\\\/www.boixados.com\\\/en\\\/product\\\/caviar\\\/#primaryimage\"},\"image\":{\"@id\":\"https:\\\/\\\/www.boixados.com\\\/en\\\/product\\\/caviar\\\/#primaryimage\"},\"thumbnailUrl\":\"https:\\\/\\\/www.boixados.com\\\/wp-content\\\/uploads\\\/2022\\\/11\\\/caviar.jpg\",\"datePublished\":\"2022-11-15T21:08:20+00:00\",\"dateModified\":\"2026-04-16T11:25:43+00:00\",\"breadcrumb\":{\"@id\":\"https:\\\/\\\/www.boixados.com\\\/en\\\/product\\\/caviar\\\/#breadcrumb\"},\"inLanguage\":\"en-US\",\"potentialAction\":[{\"@type\":\"ReadAction\",\"target\":[\"https:\\\/\\\/www.boixados.com\\\/en\\\/product\\\/caviar\\\/\"]}]},{\"@type\":\"ImageObject\",\"inLanguage\":\"en-US\",\"@id\":\"https:\\\/\\\/www.boixados.com\\\/en\\\/product\\\/caviar\\\/#primaryimage\",\"url\":\"https:\\\/\\\/www.boixados.com\\\/wp-content\\\/uploads\\\/2022\\\/11\\\/caviar.jpg\",\"contentUrl\":\"https:\\\/\\\/www.boixados.com\\\/wp-content\\\/uploads\\\/2022\\\/11\\\/caviar.jpg\",\"width\":1000,\"height\":1000},{\"@type\":\"BreadcrumbList\",\"@id\":\"https:\\\/\\\/www.boixados.com\\\/en\\\/product\\\/caviar\\\/#breadcrumb\",\"itemListElement\":[{\"@type\":\"ListItem\",\"position\":1,\"name\":\"Portada\",\"item\":\"https:\\\/\\\/www.boixados.com\\\/en\\\/\"},{\"@type\":\"ListItem\",\"position\":2,\"name\":\"ECOMMERCE\",\"item\":\"https:\\\/\\\/www.boixados.com\\\/en\\\/shop\\\/\"},{\"@type\":\"ListItem\",\"position\":3,\"name\":\"Caviar\"}]},{\"@type\":\"WebSite\",\"@id\":\"https:\\\/\\\/www.boixados.com\\\/#website\",\"url\":\"https:\\\/\\\/www.boixados.com\\\/\",\"name\":\"Boixad\u00f3s\",\"description\":\"Dise\u00f1o y fabricaci\u00f3n de envases met\u00e1licos.\",\"publisher\":{\"@id\":\"https:\\\/\\\/www.boixados.com\\\/#organization\"},\"alternateName\":\"Boixad\u00f3s Smart Metal Packaging\",\"potentialAction\":[{\"@type\":\"SearchAction\",\"target\":{\"@type\":\"EntryPoint\",\"urlTemplate\":\"https:\\\/\\\/www.boixados.com\\\/?s={search_term_string}\"},\"query-input\":{\"@type\":\"PropertyValueSpecification\",\"valueRequired\":true,\"valueName\":\"search_term_string\"}}],\"inLanguage\":\"en-US\"},{\"@type\":\"Organization\",\"@id\":\"https:\\\/\\\/www.boixados.com\\\/#organization\",\"name\":\"Boixad\u00f3s\",\"alternateName\":\"Boixad\u00f3s Smart Metal Packaging\",\"url\":\"https:\\\/\\\/www.boixados.com\\\/\",\"logo\":{\"@type\":\"ImageObject\",\"inLanguage\":\"en-US\",\"@id\":\"https:\\\/\\\/www.boixados.com\\\/#\\\/schema\\\/logo\\\/image\\\/\",\"url\":\"https:\\\/\\\/www.boixados.com\\\/wp-content\\\/uploads\\\/2022\\\/06\\\/logo-home.png\",\"contentUrl\":\"https:\\\/\\\/www.boixados.com\\\/wp-content\\\/uploads\\\/2022\\\/06\\\/logo-home.png\",\"width\":280,\"height\":81,\"caption\":\"Boixad\u00f3s\"},\"image\":{\"@id\":\"https:\\\/\\\/www.boixados.com\\\/#\\\/schema\\\/logo\\\/image\\\/\"},\"sameAs\":[\"https:\\\/\\\/www.facebook.com\\\/SmartBoixados\\\/\",\"https:\\\/\\\/es.linkedin.com\\\/company\\\/smartboixados\",\"https:\\\/\\\/www.youtube.com\\\/c\\\/boixadosenvasosmetallicssl\"]}]}<\/script>\n<!-- \/ Yoast SEO plugin. -->","yoast_head_json":{"title":"Caviar - Boixad\u00f3s","robots":{"index":"noindex","follow":"follow"},"og_locale":"en_US","og_type":"article","og_title":"Caviar - Boixad\u00f3s","og_description":"Premium small cans for caviar vacuum packaging. Guaranteed airtightness and conservation. Interior coating for food use. Gold finish.","og_url":"https:\/\/www.boixados.com\/en\/product\/caviar\/","og_site_name":"Boixad\u00f3s","article_publisher":"https:\/\/www.facebook.com\/SmartBoixados\/","article_modified_time":"2026-04-16T11:25:43+00:00","og_image":[{"width":1000,"height":1000,"url":"https:\/\/www.boixados.com\/wp-content\/uploads\/2022\/11\/caviar.jpg","type":"image\/jpeg"}],"twitter_card":"summary_large_image","twitter_misc":{"Est. reading time":"1 minute"},"schema":{"@context":"https:\/\/schema.org","@graph":[{"@type":"WebPage","@id":"https:\/\/www.boixados.com\/en\/product\/caviar\/","url":"https:\/\/www.boixados.com\/en\/product\/caviar\/","name":"Caviar - Boixad\u00f3s","isPartOf":{"@id":"https:\/\/www.boixados.com\/#website"},"primaryImageOfPage":{"@id":"https:\/\/www.boixados.com\/en\/product\/caviar\/#primaryimage"},"image":{"@id":"https:\/\/www.boixados.com\/en\/product\/caviar\/#primaryimage"},"thumbnailUrl":"https:\/\/www.boixados.com\/wp-content\/uploads\/2022\/11\/caviar.jpg","datePublished":"2022-11-15T21:08:20+00:00","dateModified":"2026-04-16T11:25:43+00:00","breadcrumb":{"@id":"https:\/\/www.boixados.com\/en\/product\/caviar\/#breadcrumb"},"inLanguage":"en-US","potentialAction":[{"@type":"ReadAction","target":["https:\/\/www.boixados.com\/en\/product\/caviar\/"]}]},{"@type":"ImageObject","inLanguage":"en-US","@id":"https:\/\/www.boixados.com\/en\/product\/caviar\/#primaryimage","url":"https:\/\/www.boixados.com\/wp-content\/uploads\/2022\/11\/caviar.jpg","contentUrl":"https:\/\/www.boixados.com\/wp-content\/uploads\/2022\/11\/caviar.jpg","width":1000,"height":1000},{"@type":"BreadcrumbList","@id":"https:\/\/www.boixados.com\/en\/product\/caviar\/#breadcrumb","itemListElement":[{"@type":"ListItem","position":1,"name":"Portada","item":"https:\/\/www.boixados.com\/en\/"},{"@type":"ListItem","position":2,"name":"ECOMMERCE","item":"https:\/\/www.boixados.com\/en\/shop\/"},{"@type":"ListItem","position":3,"name":"Caviar"}]},{"@type":"WebSite","@id":"https:\/\/www.boixados.com\/#website","url":"https:\/\/www.boixados.com\/","name":"Boixad\u00f3s","description":"Dise\u00f1o y fabricaci\u00f3n de envases met\u00e1licos.","publisher":{"@id":"https:\/\/www.boixados.com\/#organization"},"alternateName":"Boixad\u00f3s Smart Metal Packaging","potentialAction":[{"@type":"SearchAction","target":{"@type":"EntryPoint","urlTemplate":"https:\/\/www.boixados.com\/?s={search_term_string}"},"query-input":{"@type":"PropertyValueSpecification","valueRequired":true,"valueName":"search_term_string"}}],"inLanguage":"en-US"},{"@type":"Organization","@id":"https:\/\/www.boixados.com\/#organization","name":"Boixad\u00f3s","alternateName":"Boixad\u00f3s Smart Metal Packaging","url":"https:\/\/www.boixados.com\/","logo":{"@type":"ImageObject","inLanguage":"en-US","@id":"https:\/\/www.boixados.com\/#\/schema\/logo\/image\/","url":"https:\/\/www.boixados.com\/wp-content\/uploads\/2022\/06\/logo-home.png","contentUrl":"https:\/\/www.boixados.com\/wp-content\/uploads\/2022\/06\/logo-home.png","width":280,"height":81,"caption":"Boixad\u00f3s"},"image":{"@id":"https:\/\/www.boixados.com\/#\/schema\/logo\/image\/"},"sameAs":["https:\/\/www.facebook.com\/SmartBoixados\/","https:\/\/es.linkedin.com\/company\/smartboixados","https:\/\/www.youtube.com\/c\/boixadosenvasosmetallicssl"]}]}},"_links":{"self":[{"href":"https:\/\/www.boixados.com\/en\/wp-json\/wp\/v2\/product\/11739","targetHints":{"allow":["GET"]}}],"collection":[{"href":"https:\/\/www.boixados.com\/en\/wp-json\/wp\/v2\/product"}],"about":[{"href":"https:\/\/www.boixados.com\/en\/wp-json\/wp\/v2\/types\/product"}],"wp:featuredmedia":[{"embeddable":true,"href":"https:\/\/www.boixados.com\/en\/wp-json\/wp\/v2\/media\/9895"}],"wp:attachment":[{"href":"https:\/\/www.boixados.com\/en\/wp-json\/wp\/v2\/media?parent=11739"}],"wp:term":[{"taxonomy":"product_brand","embeddable":true,"href":"https:\/\/www.boixados.com\/en\/wp-json\/wp\/v2\/product_brand?post=11739"},{"taxonomy":"product_cat","embeddable":true,"href":"https:\/\/www.boixados.com\/en\/wp-json\/wp\/v2\/product_cat?post=11739"},{"taxonomy":"product_tag","embeddable":true,"href":"https:\/\/www.boixados.com\/en\/wp-json\/wp\/v2\/product_tag?post=11739"}],"curies":[{"name":"wp","href":"https:\/\/api.w.org\/{rel}","templated":true}]}}