{"id":15696,"date":"2025-12-19T18:14:08","date_gmt":"2025-12-19T16:14:08","guid":{"rendered":"https:\/\/www.boixados.com\/nextgeneration\/"},"modified":"2025-12-19T23:11:45","modified_gmt":"2025-12-19T21:11:45","slug":"nextgeneration","status":"publish","type":"page","link":"https:\/\/www.boixados.com\/en\/nextgeneration\/","title":{"rendered":"certificatNEXT"},"content":{"rendered":"\t\t<div data-elementor-type=\"wp-page\" data-elementor-id=\"15696\" class=\"elementor elementor-15696 elementor-15687\" data-elementor-post-type=\"page\">\n\t\t\t\t\t\t<section class=\"elementor-section elementor-top-section elementor-element elementor-element-def228b elementor-section-boxed elementor-section-height-default elementor-section-height-default\" data-id=\"def228b\" data-element_type=\"section\" data-e-type=\"section\" data-settings=\"{&quot;jet_parallax_layout_list&quot;:[]}\">\n\t\t\t\t\t\t<div class=\"elementor-container elementor-column-gap-default\">\n\t\t\t\t\t<div class=\"elementor-column elementor-col-100 elementor-top-column elementor-element elementor-element-e143642\" data-id=\"e143642\" data-element_type=\"column\" data-e-type=\"column\">\n\t\t\t<div class=\"elementor-widget-wrap elementor-element-populated\">\n\t\t\t\t\t\t<div class=\"elementor-element elementor-element-c55e259 elementor-widget-divider--view-line elementor-widget elementor-widget-divider\" data-id=\"c55e259\" data-element_type=\"widget\" data-e-type=\"widget\" data-widget_type=\"divider.default\">\n\t\t\t\t\t\t\t<div class=\"elementor-divider\">\n\t\t\t<span class=\"elementor-divider-separator\">\n\t\t\t\t\t\t<\/span>\n\t\t<\/div>\n\t\t\t\t\t\t<\/div>\n\t\t\t\t\t<\/div>\n\t\t<\/div>\n\t\t\t\t\t<\/div>\n\t\t<\/section>\n\t\t\t\t<section class=\"elementor-section elementor-top-section elementor-element elementor-element-4c87ebb elementor-section-boxed elementor-section-height-default elementor-section-height-default\" data-id=\"4c87ebb\" data-element_type=\"section\" data-e-type=\"section\" data-settings=\"{&quot;jet_parallax_layout_list&quot;:[]}\">\n\t\t\t\t\t\t<div class=\"elementor-container elementor-column-gap-default\">\n\t\t\t\t\t<div class=\"elementor-column elementor-col-100 elementor-top-column elementor-element elementor-element-4fdd619\" data-id=\"4fdd619\" data-element_type=\"column\" data-e-type=\"column\">\n\t\t\t<div class=\"elementor-widget-wrap elementor-element-populated\">\n\t\t\t\t\t\t<div class=\"elementor-element elementor-element-4415d57 elementor-widget elementor-widget-image\" data-id=\"4415d57\" data-element_type=\"widget\" data-e-type=\"widget\" data-widget_type=\"image.default\">\n\t\t\t\t\t\t\t\t\t\t\t\t\t\t\t<img fetchpriority=\"high\" decoding=\"async\" width=\"1024\" height=\"134\" src=\"https:\/\/www.boixados.com\/wp-content\/uploads\/2025\/12\/next-1024x134.jpg\" class=\"attachment-large size-large wp-image-15697\" alt=\"\" srcset=\"https:\/\/www.boixados.com\/wp-content\/uploads\/2025\/12\/next-1024x134.jpg 1024w, https:\/\/www.boixados.com\/wp-content\/uploads\/2025\/12\/next-300x39.jpg 300w, https:\/\/www.boixados.com\/wp-content\/uploads\/2025\/12\/next-768x101.jpg 768w, https:\/\/www.boixados.com\/wp-content\/uploads\/2025\/12\/next-1536x201.jpg 1536w, https:\/\/www.boixados.com\/wp-content\/uploads\/2025\/12\/next-800x105.jpg 800w, https:\/\/www.boixados.com\/wp-content\/uploads\/2025\/12\/next.jpg 1786w\" sizes=\"(max-width: 1024px) 100vw, 1024px\" \/>\t\t\t\t\t\t\t\t\t\t\t\t\t\t\t<\/div>\n\t\t\t\t\t<\/div>\n\t\t<\/div>\n\t\t\t\t\t<\/div>\n\t\t<\/section>\n\t\t\t\t<section class=\"elementor-section elementor-top-section elementor-element elementor-element-062f5e4 elementor-section-boxed elementor-section-height-default elementor-section-height-default\" data-id=\"062f5e4\" data-element_type=\"section\" data-e-type=\"section\" data-settings=\"{&quot;jet_parallax_layout_list&quot;:[]}\">\n\t\t\t\t\t\t<div class=\"elementor-container elementor-column-gap-default\">\n\t\t\t\t\t<div class=\"elementor-column elementor-col-100 elementor-top-column elementor-element elementor-element-ec14688\" data-id=\"ec14688\" data-element_type=\"column\" data-e-type=\"column\">\n\t\t\t<div class=\"elementor-widget-wrap elementor-element-populated\">\n\t\t\t\t\t\t<div class=\"elementor-element elementor-element-5860498 elementor-widget elementor-widget-text-editor\" data-id=\"5860498\" data-element_type=\"widget\" data-e-type=\"widget\" data-widget_type=\"text-editor.default\">\n\t\t\t\t\t\t\t\t\t<p><b>BOIXAD\u00d3S ENVASOS MET\u00c1LICOS, SL<\/b><span> has received the grant awarded by the Spanish Ministry of Industry, Trade and Tourism to carry out the <\/span><b>Innovation Project for the tilting-welding process and warehouse facilities of Boixad\u00f3s Envasos Met\u00e1licos, SL<\/b><span>, with file number <\/span><b>IC4-080060-2023-14<\/b><span>, under the 2023 call of the <\/span><b>Industry 4.0 Connected R&amp;D&amp;I support programme (ACTIVA-Financing)<\/b><span>, within the framework of the <\/span><b>Recovery, Transformation and Resilience Plan<\/b><span>.<\/span><\/p><p>\n\n\n\n\n\n\n\n\n\n<\/p><p><i>This aid scheme is regulated by Order ICT\/713\/2021, as amended by Order ICT\/235\/2022 and Order ICT\/274\/2023, which establish the regulatory bases for the granting of aid to R&amp;D&amp;I projects in the field of Industry 4.0 Connected (ACTIVA-Financing), as well as by the Order of 16 May 2023, through which the call for grants for research, development and innovation projects in the field of Industry 4.0 Connected (ACTIVA-Financing) was issued, within the framework of the Recovery, Transformation and Resilience Plan.<\/i><\/p>\t\t\t\t\t\t\t\t<\/div>\n\t\t\t\t\t<\/div>\n\t\t<\/div>\n\t\t\t\t\t<\/div>\n\t\t<\/section>\n\t\t\t\t<\/div>\n\t\t","protected":false},"excerpt":{"rendered":"<p>BOIXAD\u00d3S ENVASOS MET\u00c1LICOS, SL has received the grant awarded by the Spanish Ministry of Industry, Trade and Tourism to carry out the Innovation Project for the tilting-welding process and warehouse facilities of Boixad\u00f3s Envasos Met\u00e1licos, SL, with file number IC4-080060-2023-14, under the 2023 call of the Industry 4.0 Connected R&amp;D&amp;I support programme (ACTIVA-Financing), within the [&hellip;]<\/p>\n","protected":false},"author":273,"featured_media":0,"parent":0,"menu_order":0,"comment_status":"closed","ping_status":"closed","template":"","meta":{"_acf_changed":false,"footnotes":""},"class_list":["post-15696","page","type-page","status-publish","hentry"],"acf":[],"yoast_head":"<!-- This site is optimized with the Yoast SEO plugin v27.4 - https:\/\/yoast.com\/product\/yoast-seo-wordpress\/ -->\n<title>certificatNEXT - Boixad\u00f3s<\/title>\n<meta name=\"robots\" content=\"noindex, follow\" \/>\n<meta property=\"og:locale\" content=\"en_US\" \/>\n<meta property=\"og:type\" content=\"article\" \/>\n<meta property=\"og:title\" content=\"certificatNEXT - Boixad\u00f3s\" \/>\n<meta property=\"og:description\" content=\"BOIXAD\u00d3S ENVASOS MET\u00c1LICOS, SL has received the grant awarded by the Spanish Ministry of Industry, Trade and Tourism to carry out the Innovation Project for the tilting-welding process and warehouse facilities of Boixad\u00f3s Envasos Met\u00e1licos, SL, with file number IC4-080060-2023-14, under the 2023 call of the Industry 4.0 Connected R&amp;D&amp;I support programme (ACTIVA-Financing), within the [&hellip;]\" \/>\n<meta property=\"og:url\" content=\"https:\/\/www.boixados.com\/en\/nextgeneration\/\" \/>\n<meta property=\"og:site_name\" content=\"Boixad\u00f3s\" \/>\n<meta property=\"article:publisher\" content=\"https:\/\/www.facebook.com\/SmartBoixados\/\" \/>\n<meta property=\"article:modified_time\" content=\"2025-12-19T21:11:45+00:00\" \/>\n<meta property=\"og:image\" content=\"https:\/\/www.boixados.com\/wp-content\/uploads\/2025\/12\/next.jpg\" \/>\n\t<meta property=\"og:image:width\" content=\"1786\" \/>\n\t<meta property=\"og:image:height\" content=\"234\" \/>\n\t<meta property=\"og:image:type\" content=\"image\/jpeg\" \/>\n<meta name=\"twitter:card\" content=\"summary_large_image\" \/>\n<meta name=\"twitter:label1\" content=\"Est. reading time\" \/>\n\t<meta name=\"twitter:data1\" content=\"1 minute\" \/>\n<script type=\"application\/ld+json\" class=\"yoast-schema-graph\">{\"@context\":\"https:\\\/\\\/schema.org\",\"@graph\":[{\"@type\":\"WebPage\",\"@id\":\"https:\\\/\\\/www.boixados.com\\\/en\\\/nextgeneration\\\/\",\"url\":\"https:\\\/\\\/www.boixados.com\\\/en\\\/nextgeneration\\\/\",\"name\":\"certificatNEXT - Boixad\u00f3s\",\"isPartOf\":{\"@id\":\"https:\\\/\\\/www.boixados.com\\\/#website\"},\"primaryImageOfPage\":{\"@id\":\"https:\\\/\\\/www.boixados.com\\\/en\\\/nextgeneration\\\/#primaryimage\"},\"image\":{\"@id\":\"https:\\\/\\\/www.boixados.com\\\/en\\\/nextgeneration\\\/#primaryimage\"},\"thumbnailUrl\":\"https:\\\/\\\/www.boixados.com\\\/wp-content\\\/uploads\\\/2025\\\/12\\\/next-1024x134.jpg\",\"datePublished\":\"2025-12-19T16:14:08+00:00\",\"dateModified\":\"2025-12-19T21:11:45+00:00\",\"breadcrumb\":{\"@id\":\"https:\\\/\\\/www.boixados.com\\\/en\\\/nextgeneration\\\/#breadcrumb\"},\"inLanguage\":\"en-US\",\"potentialAction\":[{\"@type\":\"ReadAction\",\"target\":[\"https:\\\/\\\/www.boixados.com\\\/en\\\/nextgeneration\\\/\"]}]},{\"@type\":\"ImageObject\",\"inLanguage\":\"en-US\",\"@id\":\"https:\\\/\\\/www.boixados.com\\\/en\\\/nextgeneration\\\/#primaryimage\",\"url\":\"https:\\\/\\\/www.boixados.com\\\/wp-content\\\/uploads\\\/2025\\\/12\\\/next-1024x134.jpg\",\"contentUrl\":\"https:\\\/\\\/www.boixados.com\\\/wp-content\\\/uploads\\\/2025\\\/12\\\/next-1024x134.jpg\"},{\"@type\":\"BreadcrumbList\",\"@id\":\"https:\\\/\\\/www.boixados.com\\\/en\\\/nextgeneration\\\/#breadcrumb\",\"itemListElement\":[{\"@type\":\"ListItem\",\"position\":1,\"name\":\"Portada\",\"item\":\"https:\\\/\\\/www.boixados.com\\\/en\\\/\"},{\"@type\":\"ListItem\",\"position\":2,\"name\":\"certificatNEXT\"}]},{\"@type\":\"WebSite\",\"@id\":\"https:\\\/\\\/www.boixados.com\\\/#website\",\"url\":\"https:\\\/\\\/www.boixados.com\\\/\",\"name\":\"Boixad\u00f3s\",\"description\":\"Dise\u00f1o y fabricaci\u00f3n de envases met\u00e1licos.\",\"publisher\":{\"@id\":\"https:\\\/\\\/www.boixados.com\\\/#organization\"},\"alternateName\":\"Boixad\u00f3s Smart Metal Packaging\",\"potentialAction\":[{\"@type\":\"SearchAction\",\"target\":{\"@type\":\"EntryPoint\",\"urlTemplate\":\"https:\\\/\\\/www.boixados.com\\\/?s={search_term_string}\"},\"query-input\":{\"@type\":\"PropertyValueSpecification\",\"valueRequired\":true,\"valueName\":\"search_term_string\"}}],\"inLanguage\":\"en-US\"},{\"@type\":\"Organization\",\"@id\":\"https:\\\/\\\/www.boixados.com\\\/#organization\",\"name\":\"Boixad\u00f3s\",\"alternateName\":\"Boixad\u00f3s Smart Metal Packaging\",\"url\":\"https:\\\/\\\/www.boixados.com\\\/\",\"logo\":{\"@type\":\"ImageObject\",\"inLanguage\":\"en-US\",\"@id\":\"https:\\\/\\\/www.boixados.com\\\/#\\\/schema\\\/logo\\\/image\\\/\",\"url\":\"https:\\\/\\\/www.boixados.com\\\/wp-content\\\/uploads\\\/2022\\\/06\\\/logo-home.png\",\"contentUrl\":\"https:\\\/\\\/www.boixados.com\\\/wp-content\\\/uploads\\\/2022\\\/06\\\/logo-home.png\",\"width\":280,\"height\":81,\"caption\":\"Boixad\u00f3s\"},\"image\":{\"@id\":\"https:\\\/\\\/www.boixados.com\\\/#\\\/schema\\\/logo\\\/image\\\/\"},\"sameAs\":[\"https:\\\/\\\/www.facebook.com\\\/SmartBoixados\\\/\",\"https:\\\/\\\/es.linkedin.com\\\/company\\\/smartboixados\",\"https:\\\/\\\/www.youtube.com\\\/c\\\/boixadosenvasosmetallicssl\"]}]}<\/script>\n<!-- \/ Yoast SEO plugin. -->","yoast_head_json":{"title":"certificatNEXT - Boixad\u00f3s","robots":{"index":"noindex","follow":"follow"},"og_locale":"en_US","og_type":"article","og_title":"certificatNEXT - Boixad\u00f3s","og_description":"BOIXAD\u00d3S ENVASOS MET\u00c1LICOS, SL has received the grant awarded by the Spanish Ministry of Industry, Trade and Tourism to carry out the Innovation Project for the tilting-welding process and warehouse facilities of Boixad\u00f3s Envasos Met\u00e1licos, SL, with file number IC4-080060-2023-14, under the 2023 call of the Industry 4.0 Connected R&amp;D&amp;I support programme (ACTIVA-Financing), within the [&hellip;]","og_url":"https:\/\/www.boixados.com\/en\/nextgeneration\/","og_site_name":"Boixad\u00f3s","article_publisher":"https:\/\/www.facebook.com\/SmartBoixados\/","article_modified_time":"2025-12-19T21:11:45+00:00","og_image":[{"width":1786,"height":234,"url":"https:\/\/www.boixados.com\/wp-content\/uploads\/2025\/12\/next.jpg","type":"image\/jpeg"}],"twitter_card":"summary_large_image","twitter_misc":{"Est. reading time":"1 minute"},"schema":{"@context":"https:\/\/schema.org","@graph":[{"@type":"WebPage","@id":"https:\/\/www.boixados.com\/en\/nextgeneration\/","url":"https:\/\/www.boixados.com\/en\/nextgeneration\/","name":"certificatNEXT - Boixad\u00f3s","isPartOf":{"@id":"https:\/\/www.boixados.com\/#website"},"primaryImageOfPage":{"@id":"https:\/\/www.boixados.com\/en\/nextgeneration\/#primaryimage"},"image":{"@id":"https:\/\/www.boixados.com\/en\/nextgeneration\/#primaryimage"},"thumbnailUrl":"https:\/\/www.boixados.com\/wp-content\/uploads\/2025\/12\/next-1024x134.jpg","datePublished":"2025-12-19T16:14:08+00:00","dateModified":"2025-12-19T21:11:45+00:00","breadcrumb":{"@id":"https:\/\/www.boixados.com\/en\/nextgeneration\/#breadcrumb"},"inLanguage":"en-US","potentialAction":[{"@type":"ReadAction","target":["https:\/\/www.boixados.com\/en\/nextgeneration\/"]}]},{"@type":"ImageObject","inLanguage":"en-US","@id":"https:\/\/www.boixados.com\/en\/nextgeneration\/#primaryimage","url":"https:\/\/www.boixados.com\/wp-content\/uploads\/2025\/12\/next-1024x134.jpg","contentUrl":"https:\/\/www.boixados.com\/wp-content\/uploads\/2025\/12\/next-1024x134.jpg"},{"@type":"BreadcrumbList","@id":"https:\/\/www.boixados.com\/en\/nextgeneration\/#breadcrumb","itemListElement":[{"@type":"ListItem","position":1,"name":"Portada","item":"https:\/\/www.boixados.com\/en\/"},{"@type":"ListItem","position":2,"name":"certificatNEXT"}]},{"@type":"WebSite","@id":"https:\/\/www.boixados.com\/#website","url":"https:\/\/www.boixados.com\/","name":"Boixad\u00f3s","description":"Dise\u00f1o y fabricaci\u00f3n de envases met\u00e1licos.","publisher":{"@id":"https:\/\/www.boixados.com\/#organization"},"alternateName":"Boixad\u00f3s Smart Metal Packaging","potentialAction":[{"@type":"SearchAction","target":{"@type":"EntryPoint","urlTemplate":"https:\/\/www.boixados.com\/?s={search_term_string}"},"query-input":{"@type":"PropertyValueSpecification","valueRequired":true,"valueName":"search_term_string"}}],"inLanguage":"en-US"},{"@type":"Organization","@id":"https:\/\/www.boixados.com\/#organization","name":"Boixad\u00f3s","alternateName":"Boixad\u00f3s Smart Metal Packaging","url":"https:\/\/www.boixados.com\/","logo":{"@type":"ImageObject","inLanguage":"en-US","@id":"https:\/\/www.boixados.com\/#\/schema\/logo\/image\/","url":"https:\/\/www.boixados.com\/wp-content\/uploads\/2022\/06\/logo-home.png","contentUrl":"https:\/\/www.boixados.com\/wp-content\/uploads\/2022\/06\/logo-home.png","width":280,"height":81,"caption":"Boixad\u00f3s"},"image":{"@id":"https:\/\/www.boixados.com\/#\/schema\/logo\/image\/"},"sameAs":["https:\/\/www.facebook.com\/SmartBoixados\/","https:\/\/es.linkedin.com\/company\/smartboixados","https:\/\/www.youtube.com\/c\/boixadosenvasosmetallicssl"]}]}},"_links":{"self":[{"href":"https:\/\/www.boixados.com\/en\/wp-json\/wp\/v2\/pages\/15696","targetHints":{"allow":["GET"]}}],"collection":[{"href":"https:\/\/www.boixados.com\/en\/wp-json\/wp\/v2\/pages"}],"about":[{"href":"https:\/\/www.boixados.com\/en\/wp-json\/wp\/v2\/types\/page"}],"author":[{"embeddable":true,"href":"https:\/\/www.boixados.com\/en\/wp-json\/wp\/v2\/users\/273"}],"replies":[{"embeddable":true,"href":"https:\/\/www.boixados.com\/en\/wp-json\/wp\/v2\/comments?post=15696"}],"version-history":[{"count":7,"href":"https:\/\/www.boixados.com\/en\/wp-json\/wp\/v2\/pages\/15696\/revisions"}],"predecessor-version":[{"id":15719,"href":"https:\/\/www.boixados.com\/en\/wp-json\/wp\/v2\/pages\/15696\/revisions\/15719"}],"wp:attachment":[{"href":"https:\/\/www.boixados.com\/en\/wp-json\/wp\/v2\/media?parent=15696"}],"curies":[{"name":"wp","href":"https:\/\/api.w.org\/{rel}","templated":true}]}}