{"id":10392,"date":"2023-01-31T12:37:49","date_gmt":"2023-01-31T10:37:49","guid":{"rendered":"https:\/\/www.boixados.com\/politica-de-devoluciones\/"},"modified":"2024-05-23T16:21:25","modified_gmt":"2024-05-23T14:21:25","slug":"returns-policy","status":"publish","type":"page","link":"https:\/\/www.boixados.com\/en\/returns-policy\/","title":{"rendered":"Returns policy"},"content":{"rendered":"\t\t<div data-elementor-type=\"wp-page\" data-elementor-id=\"10392\" class=\"elementor elementor-10392 elementor-6858\" data-elementor-post-type=\"page\">\n\t\t\t\t\t\t<section class=\"elementor-section elementor-top-section elementor-element elementor-element-def228b elementor-section-boxed elementor-section-height-default elementor-section-height-default\" data-id=\"def228b\" data-element_type=\"section\" data-e-type=\"section\" data-settings=\"{&quot;jet_parallax_layout_list&quot;:[]}\">\n\t\t\t\t\t\t<div class=\"elementor-container elementor-column-gap-default\">\n\t\t\t\t\t<div class=\"elementor-column elementor-col-100 elementor-top-column elementor-element elementor-element-e143642\" data-id=\"e143642\" data-element_type=\"column\" data-e-type=\"column\">\n\t\t\t<div class=\"elementor-widget-wrap elementor-element-populated\">\n\t\t\t\t\t\t<div class=\"elementor-element elementor-element-c55e259 elementor-widget-divider--view-line elementor-widget elementor-widget-divider\" data-id=\"c55e259\" data-element_type=\"widget\" data-e-type=\"widget\" data-widget_type=\"divider.default\">\n\t\t\t\t\t\t\t<div class=\"elementor-divider\">\n\t\t\t<span class=\"elementor-divider-separator\">\n\t\t\t\t\t\t<\/span>\n\t\t<\/div>\n\t\t\t\t\t\t<\/div>\n\t\t\t\t<div class=\"elementor-element elementor-element-80baa10 elementor-widget elementor-widget-text-editor\" data-id=\"80baa10\" data-element_type=\"widget\" data-e-type=\"widget\" data-widget_type=\"text-editor.default\">\n\t\t\t\t\t\t\t\t\t<h4><strong>Returns policy<\/strong><\/h4>\n\t\t\t\t\t\t\t\t<\/div>\n\t\t\t\t\t<\/div>\n\t\t<\/div>\n\t\t\t\t\t<\/div>\n\t\t<\/section>\n\t\t\t\t<section class=\"elementor-section elementor-top-section elementor-element elementor-element-062f5e4 elementor-section-boxed elementor-section-height-default elementor-section-height-default\" data-id=\"062f5e4\" data-element_type=\"section\" data-e-type=\"section\" data-settings=\"{&quot;jet_parallax_layout_list&quot;:[]}\">\n\t\t\t\t\t\t<div class=\"elementor-container elementor-column-gap-default\">\n\t\t\t\t\t<div class=\"elementor-column elementor-col-100 elementor-top-column elementor-element elementor-element-ec14688\" data-id=\"ec14688\" data-element_type=\"column\" data-e-type=\"column\">\n\t\t\t<div class=\"elementor-widget-wrap elementor-element-populated\">\n\t\t\t\t\t\t<div class=\"elementor-element elementor-element-5860498 elementor-widget elementor-widget-text-editor\" data-id=\"5860498\" data-element_type=\"widget\" data-e-type=\"widget\" data-widget_type=\"text-editor.default\">\n\t\t\t\t\t\t\t\t\t<div>The customer has the option of cancelling the order free of charge, provided that the cancellation is communicated before the order has been placed with the carrier for shipment.<\/div><div>\u00a0<\/div><div>The customer shall have a period of 5 working days from receipt of the order to cancel the contract and\u00a0<strong>return the purchased product<\/strong>. The customer shall notify\u00a0<strong>Boixad\u00f3s Envasos Met\u00e0l\u00b7lics SL<\/strong>\u00a0within the stipulated period and by any legally admissible means, their wish to exercise their right to cancel the contract. In such cases,\u00a0<strong>Boixad\u00f3s Envasos Met\u00e0l\u00b7lics SL<\/strong>\u00a0will refund the amount of the purchase\u00a0<strong>except for the return postage<\/strong>\u00a0through the same payment method used by the customer.<\/div><div>The\u00a0<strong>customer<\/strong>\u00a0may return any item they have purchased on\u00a0<a href=\"http:\/\/boixados.com\/en\" target=\"_blank\" rel=\"noopener\"><strong>boixados.com<\/strong><\/a>\u00a0provided that the products have not been opened or used and retain their original seal or packaging. In such cases,\u00a0<strong>Boixad\u00f3s Envasos Met\u00e0l\u00b7lics SL<\/strong>\u00a0will refund the amount of the purchase through the same means in which it was made, via a bank transfer to the account indicated by the customer.<\/div><div>Any exchange or return must be authorised in advance by\u00a0<strong>Boixad\u00f3s Envasos Met\u00e0l\u00b7lics SL<\/strong>\u00a0and must be requested by email.<\/div><div>Once we have received this message, we will proceed to arrange the return. The process will be as follows:<\/div><div>We will contact the customer to notify them of the acceptance of the return and the delivery address, which must be clearly indicated on the packaging. The customer must return the product to us within 10 days from the date of receipt of the product in its original packaging.<\/div><div>The request for collection of returns will be made only by\u00a0<strong>Boixad\u00f3s Envasos Met\u00e0l\u00b7lics SL<\/strong>\u00a0through its agent; the customer will facilitate the collection of the product on the date and at the time requested.<\/div><div><strong>Boixad\u00f3s Envasos Met\u00e0l\u00b7lics SL<\/strong>\u00a0will refund the money once it has received the product and checked that it is in perfect condition and in the original packaging within a maximum of 30 days.<\/div><div>\u00a0<\/div><div>Returns cannot be accepted after this period.<\/div><div>\u00a0<\/div><h5><strong>\u00a0<\/strong><\/h5><h5><strong>Warranty Conditions upon Receipt of Materials <\/strong><\/h5><div><strong>\u00a0<\/strong><\/div><p><strong>Transport Insurance:<\/strong><\/p><p>All products and materials from Boixad\u00f3s Envasos Met\u00e0l\u00b7lics SL are shipped with all-risk insurance to cover any damage or loss during transport from our facilities to the address specified in each order.<\/p><p>Upon receipt of the products, it is <b>imperative<\/b> that the client conducts a detailed inspection of the following elements:<\/p><p>\u00a0 \u00a0 \u00a0 1.<strong> Condition of the Packaging:<\/strong>\u00a0 \u00a0 \u00a0 \u00a0 \u00a0<\/p><p>Verify that the packages\/pallets\/bundles or packaging are in good condition, with no signs of deterioration or improper handling.<\/p><p>\u00a0 \u00a0 \u00a02.<strong> Quantity and Conformity:<\/strong><\/p><p>Check that the number of packages\/pallets\/bundles received matches the details in the delivery note and that the products correspond to the order placed.<\/p><p>In the event of detecting any anomaly, such as external\/internal damage to the packages\/pallets\/bundles, discrepancy in the number of packages or types of products received, the client must:<\/p><p>\u00a0 \u00a0 \u00a01.<strong> Register Incident with the Transport Company:<\/strong><\/p><p>Record the incidents, complaints, or observations directly on the carrier&#8217;s delivery note to ensure legal documentation.<\/p><p>\u00a0 \u00a0 \u00a02. <strong>Communication to Boixad\u00f3s:<\/strong><\/p><p>Notify in writing to Boixad\u00f3s Envasos Met\u00e0l\u00b7lics SL, at the address: <a href=\"mailto:envasos@boixados.com\" target=\"_new\" rel=\"noreferrer\">envasos@boixados.com<\/a>, the observed incidents.<\/p><ul><li style=\"list-style-type: none;\"><ul><li><strong>Notifications must be made<\/strong> <span style=\"text-decoration: underline;\">within a maximum period of 24 hours<\/span> from the receipt of the order.<\/li><li><span style=\"text-decoration: underline;\">If you have photos, it will help us speed up the resolution of the incident.<\/span><\/li><\/ul><\/li><\/ul><p><strong>Responsibility and Acceptance:<\/strong> If no notification of incident is received within 24 hours, both Boixad\u00f3s Envasos Met\u00e0l\u00b7lics SL and the transport company will consider the delivery accepted in compliance. In this case, <span style=\"text-decoration: underline;\">we will not be responsible for any incident that may arise later.<\/span><\/p>\t\t\t\t\t\t\t\t<\/div>\n\t\t\t\t\t<\/div>\n\t\t<\/div>\n\t\t\t\t\t<\/div>\n\t\t<\/section>\n\t\t\t\t<\/div>\n\t\t","protected":false},"excerpt":{"rendered":"<p>Returns policy The customer has the option of cancelling the order free of charge, provided that the cancellation is communicated before the order has been placed with the carrier for shipment.\u00a0The customer shall have a period of 5 working days from receipt of the order to cancel the contract and\u00a0return the purchased product. The customer [&hellip;]<\/p>\n","protected":false},"author":2,"featured_media":0,"parent":0,"menu_order":0,"comment_status":"closed","ping_status":"closed","template":"","meta":{"_acf_changed":false,"footnotes":""},"class_list":["post-10392","page","type-page","status-publish","hentry"],"acf":[],"yoast_head":"<!-- This site is optimized with the Yoast SEO plugin v27.4 - https:\/\/yoast.com\/product\/yoast-seo-wordpress\/ -->\n<title>Returns policy - Boixad\u00f3s<\/title>\n<meta name=\"robots\" content=\"noindex, follow\" \/>\n<meta property=\"og:locale\" content=\"en_US\" \/>\n<meta property=\"og:type\" content=\"article\" \/>\n<meta property=\"og:title\" content=\"Returns policy - Boixad\u00f3s\" \/>\n<meta property=\"og:description\" content=\"Returns policy The customer has the option of cancelling the order free of charge, provided that the cancellation is communicated before the order has been placed with the carrier for shipment.\u00a0The customer shall have a period of 5 working days from receipt of the order to cancel the contract and\u00a0return the purchased product. The customer [&hellip;]\" \/>\n<meta property=\"og:url\" content=\"https:\/\/www.boixados.com\/en\/returns-policy\/\" \/>\n<meta property=\"og:site_name\" content=\"Boixad\u00f3s\" \/>\n<meta property=\"article:publisher\" content=\"https:\/\/www.facebook.com\/SmartBoixados\/\" \/>\n<meta property=\"article:modified_time\" content=\"2024-05-23T14:21:25+00:00\" \/>\n<meta property=\"og:image\" content=\"https:\/\/www.boixados.com\/wp-content\/uploads\/2022\/06\/home5.jpg\" \/>\n\t<meta property=\"og:image:width\" content=\"646\" \/>\n\t<meta property=\"og:image:height\" content=\"316\" \/>\n\t<meta property=\"og:image:type\" content=\"image\/jpeg\" \/>\n<meta name=\"twitter:card\" content=\"summary_large_image\" \/>\n<meta name=\"twitter:label1\" content=\"Est. reading time\" \/>\n\t<meta name=\"twitter:data1\" content=\"3 minutes\" \/>\n<script type=\"application\/ld+json\" class=\"yoast-schema-graph\">{\"@context\":\"https:\\\/\\\/schema.org\",\"@graph\":[{\"@type\":\"WebPage\",\"@id\":\"https:\\\/\\\/www.boixados.com\\\/en\\\/returns-policy\\\/\",\"url\":\"https:\\\/\\\/www.boixados.com\\\/en\\\/returns-policy\\\/\",\"name\":\"Returns policy - Boixad\u00f3s\",\"isPartOf\":{\"@id\":\"https:\\\/\\\/www.boixados.com\\\/#website\"},\"datePublished\":\"2023-01-31T10:37:49+00:00\",\"dateModified\":\"2024-05-23T14:21:25+00:00\",\"breadcrumb\":{\"@id\":\"https:\\\/\\\/www.boixados.com\\\/en\\\/returns-policy\\\/#breadcrumb\"},\"inLanguage\":\"en-US\",\"potentialAction\":[{\"@type\":\"ReadAction\",\"target\":[\"https:\\\/\\\/www.boixados.com\\\/en\\\/returns-policy\\\/\"]}]},{\"@type\":\"BreadcrumbList\",\"@id\":\"https:\\\/\\\/www.boixados.com\\\/en\\\/returns-policy\\\/#breadcrumb\",\"itemListElement\":[{\"@type\":\"ListItem\",\"position\":1,\"name\":\"Portada\",\"item\":\"https:\\\/\\\/www.boixados.com\\\/en\\\/\"},{\"@type\":\"ListItem\",\"position\":2,\"name\":\"Returns policy\"}]},{\"@type\":\"WebSite\",\"@id\":\"https:\\\/\\\/www.boixados.com\\\/#website\",\"url\":\"https:\\\/\\\/www.boixados.com\\\/\",\"name\":\"Boixad\u00f3s\",\"description\":\"Dise\u00f1o y fabricaci\u00f3n de envases met\u00e1licos.\",\"publisher\":{\"@id\":\"https:\\\/\\\/www.boixados.com\\\/#organization\"},\"alternateName\":\"Boixad\u00f3s Smart Metal Packaging\",\"potentialAction\":[{\"@type\":\"SearchAction\",\"target\":{\"@type\":\"EntryPoint\",\"urlTemplate\":\"https:\\\/\\\/www.boixados.com\\\/?s={search_term_string}\"},\"query-input\":{\"@type\":\"PropertyValueSpecification\",\"valueRequired\":true,\"valueName\":\"search_term_string\"}}],\"inLanguage\":\"en-US\"},{\"@type\":\"Organization\",\"@id\":\"https:\\\/\\\/www.boixados.com\\\/#organization\",\"name\":\"Boixad\u00f3s\",\"alternateName\":\"Boixad\u00f3s Smart Metal Packaging\",\"url\":\"https:\\\/\\\/www.boixados.com\\\/\",\"logo\":{\"@type\":\"ImageObject\",\"inLanguage\":\"en-US\",\"@id\":\"https:\\\/\\\/www.boixados.com\\\/#\\\/schema\\\/logo\\\/image\\\/\",\"url\":\"https:\\\/\\\/www.boixados.com\\\/wp-content\\\/uploads\\\/2022\\\/06\\\/logo-home.png\",\"contentUrl\":\"https:\\\/\\\/www.boixados.com\\\/wp-content\\\/uploads\\\/2022\\\/06\\\/logo-home.png\",\"width\":280,\"height\":81,\"caption\":\"Boixad\u00f3s\"},\"image\":{\"@id\":\"https:\\\/\\\/www.boixados.com\\\/#\\\/schema\\\/logo\\\/image\\\/\"},\"sameAs\":[\"https:\\\/\\\/www.facebook.com\\\/SmartBoixados\\\/\",\"https:\\\/\\\/es.linkedin.com\\\/company\\\/smartboixados\",\"https:\\\/\\\/www.youtube.com\\\/c\\\/boixadosenvasosmetallicssl\"]}]}<\/script>\n<!-- \/ Yoast SEO plugin. -->","yoast_head_json":{"title":"Returns policy - Boixad\u00f3s","robots":{"index":"noindex","follow":"follow"},"og_locale":"en_US","og_type":"article","og_title":"Returns policy - Boixad\u00f3s","og_description":"Returns policy The customer has the option of cancelling the order free of charge, provided that the cancellation is communicated before the order has been placed with the carrier for shipment.\u00a0The customer shall have a period of 5 working days from receipt of the order to cancel the contract and\u00a0return the purchased product. The customer [&hellip;]","og_url":"https:\/\/www.boixados.com\/en\/returns-policy\/","og_site_name":"Boixad\u00f3s","article_publisher":"https:\/\/www.facebook.com\/SmartBoixados\/","article_modified_time":"2024-05-23T14:21:25+00:00","og_image":[{"width":646,"height":316,"url":"https:\/\/www.boixados.com\/wp-content\/uploads\/2022\/06\/home5.jpg","type":"image\/jpeg"}],"twitter_card":"summary_large_image","twitter_misc":{"Est. reading time":"3 minutes"},"schema":{"@context":"https:\/\/schema.org","@graph":[{"@type":"WebPage","@id":"https:\/\/www.boixados.com\/en\/returns-policy\/","url":"https:\/\/www.boixados.com\/en\/returns-policy\/","name":"Returns policy - Boixad\u00f3s","isPartOf":{"@id":"https:\/\/www.boixados.com\/#website"},"datePublished":"2023-01-31T10:37:49+00:00","dateModified":"2024-05-23T14:21:25+00:00","breadcrumb":{"@id":"https:\/\/www.boixados.com\/en\/returns-policy\/#breadcrumb"},"inLanguage":"en-US","potentialAction":[{"@type":"ReadAction","target":["https:\/\/www.boixados.com\/en\/returns-policy\/"]}]},{"@type":"BreadcrumbList","@id":"https:\/\/www.boixados.com\/en\/returns-policy\/#breadcrumb","itemListElement":[{"@type":"ListItem","position":1,"name":"Portada","item":"https:\/\/www.boixados.com\/en\/"},{"@type":"ListItem","position":2,"name":"Returns policy"}]},{"@type":"WebSite","@id":"https:\/\/www.boixados.com\/#website","url":"https:\/\/www.boixados.com\/","name":"Boixad\u00f3s","description":"Dise\u00f1o y fabricaci\u00f3n de envases met\u00e1licos.","publisher":{"@id":"https:\/\/www.boixados.com\/#organization"},"alternateName":"Boixad\u00f3s Smart Metal Packaging","potentialAction":[{"@type":"SearchAction","target":{"@type":"EntryPoint","urlTemplate":"https:\/\/www.boixados.com\/?s={search_term_string}"},"query-input":{"@type":"PropertyValueSpecification","valueRequired":true,"valueName":"search_term_string"}}],"inLanguage":"en-US"},{"@type":"Organization","@id":"https:\/\/www.boixados.com\/#organization","name":"Boixad\u00f3s","alternateName":"Boixad\u00f3s Smart Metal Packaging","url":"https:\/\/www.boixados.com\/","logo":{"@type":"ImageObject","inLanguage":"en-US","@id":"https:\/\/www.boixados.com\/#\/schema\/logo\/image\/","url":"https:\/\/www.boixados.com\/wp-content\/uploads\/2022\/06\/logo-home.png","contentUrl":"https:\/\/www.boixados.com\/wp-content\/uploads\/2022\/06\/logo-home.png","width":280,"height":81,"caption":"Boixad\u00f3s"},"image":{"@id":"https:\/\/www.boixados.com\/#\/schema\/logo\/image\/"},"sameAs":["https:\/\/www.facebook.com\/SmartBoixados\/","https:\/\/es.linkedin.com\/company\/smartboixados","https:\/\/www.youtube.com\/c\/boixadosenvasosmetallicssl"]}]}},"_links":{"self":[{"href":"https:\/\/www.boixados.com\/en\/wp-json\/wp\/v2\/pages\/10392","targetHints":{"allow":["GET"]}}],"collection":[{"href":"https:\/\/www.boixados.com\/en\/wp-json\/wp\/v2\/pages"}],"about":[{"href":"https:\/\/www.boixados.com\/en\/wp-json\/wp\/v2\/types\/page"}],"author":[{"embeddable":true,"href":"https:\/\/www.boixados.com\/en\/wp-json\/wp\/v2\/users\/2"}],"replies":[{"embeddable":true,"href":"https:\/\/www.boixados.com\/en\/wp-json\/wp\/v2\/comments?post=10392"}],"version-history":[{"count":0,"href":"https:\/\/www.boixados.com\/en\/wp-json\/wp\/v2\/pages\/10392\/revisions"}],"wp:attachment":[{"href":"https:\/\/www.boixados.com\/en\/wp-json\/wp\/v2\/media?parent=10392"}],"curies":[{"name":"wp","href":"https:\/\/api.w.org\/{rel}","templated":true}]}}