{"id":10386,"date":"2022-06-25T09:15:17","date_gmt":"2022-06-25T07:15:17","guid":{"rendered":"https:\/\/www.boixados.com\/productos\/alimentario\/caviar\/"},"modified":"2023-11-20T18:44:56","modified_gmt":"2023-11-20T16:44:56","slug":"caviar","status":"publish","type":"page","link":"https:\/\/www.boixados.com\/en\/products\/food\/caviar\/","title":{"rendered":"Caviar"},"content":{"rendered":"\t\t<div data-elementor-type=\"wp-page\" data-elementor-id=\"10386\" class=\"elementor elementor-10386 elementor-4517\" data-elementor-post-type=\"page\">\n\t\t\t\t\t\t<section class=\"elementor-section elementor-top-section elementor-element elementor-element-522d9b3 elementor-section-content-top elementor-section-stretched elementor-section-boxed elementor-section-height-default elementor-section-height-default\" data-id=\"522d9b3\" data-element_type=\"section\" data-e-type=\"section\" data-settings=\"{&quot;stretch_section&quot;:&quot;section-stretched&quot;,&quot;background_background&quot;:&quot;classic&quot;,&quot;jet_parallax_layout_list&quot;:[]}\">\n\t\t\t\t\t\t<div class=\"elementor-container elementor-column-gap-default\">\n\t\t\t\t\t<div class=\"elementor-column elementor-col-50 elementor-top-column elementor-element elementor-element-3475672\" data-id=\"3475672\" data-element_type=\"column\" data-e-type=\"column\">\n\t\t\t<div class=\"elementor-widget-wrap elementor-element-populated\">\n\t\t\t\t\t\t<div class=\"elementor-element elementor-element-4379d84 elementor-widget elementor-widget-image\" data-id=\"4379d84\" data-element_type=\"widget\" data-e-type=\"widget\" data-widget_type=\"image.default\">\n\t\t\t\t\t\t\t\t\t\t\t\t\t\t\t<img fetchpriority=\"high\" decoding=\"async\" width=\"500\" height=\"500\" src=\"https:\/\/www.boixados.com\/wp-content\/uploads\/2023\/07\/caviar.png\" class=\"attachment-large size-large wp-image-9898\" alt=\"\" srcset=\"https:\/\/www.boixados.com\/wp-content\/uploads\/2023\/07\/caviar.png 500w, https:\/\/www.boixados.com\/wp-content\/uploads\/2023\/07\/caviar-300x300.png 300w, https:\/\/www.boixados.com\/wp-content\/uploads\/2023\/07\/caviar-150x150.png 150w, https:\/\/www.boixados.com\/wp-content\/uploads\/2023\/07\/caviar-100x100.png 100w, https:\/\/www.boixados.com\/wp-content\/uploads\/2023\/07\/caviar-50x50.png 50w\" sizes=\"(max-width: 500px) 100vw, 500px\" \/>\t\t\t\t\t\t\t\t\t\t\t\t\t\t\t<\/div>\n\t\t\t\t\t<\/div>\n\t\t<\/div>\n\t\t\t\t<div class=\"elementor-column elementor-col-50 elementor-top-column elementor-element elementor-element-cb9cc18\" data-id=\"cb9cc18\" data-element_type=\"column\" data-e-type=\"column\">\n\t\t\t<div class=\"elementor-widget-wrap elementor-element-populated\">\n\t\t\t\t\t\t<div class=\"elementor-element elementor-element-ef92adf elementor-widget elementor-widget-spacer\" data-id=\"ef92adf\" data-element_type=\"widget\" data-e-type=\"widget\" data-widget_type=\"spacer.default\">\n\t\t\t\t\t\t\t<div class=\"elementor-spacer\">\n\t\t\t<div class=\"elementor-spacer-inner\"><\/div>\n\t\t<\/div>\n\t\t\t\t\t\t<\/div>\n\t\t\t\t<div class=\"elementor-element elementor-element-dadeef0 elementor-widget elementor-widget-heading\" data-id=\"dadeef0\" data-element_type=\"widget\" data-e-type=\"widget\" data-widget_type=\"heading.default\">\n\t\t\t\t\t<h1 class=\"elementor-heading-title elementor-size-default\">CAVIAR CANS<\/h1>\t\t\t\t<\/div>\n\t\t\t\t<div class=\"elementor-element elementor-element-514292d elementor-widget elementor-widget-text-editor\" data-id=\"514292d\" data-element_type=\"widget\" data-e-type=\"widget\" data-widget_type=\"text-editor.default\">\n\t\t\t\t\t\t\t\t\t<p>METAL CONTAINERS FOR CAVIAR AND ROE<\/p>\n\t\t\t\t\t\t\t\t<\/div>\n\t\t\t\t\t<\/div>\n\t\t<\/div>\n\t\t\t\t\t<\/div>\n\t\t<\/section>\n\t\t\t\t<section class=\"elementor-section elementor-top-section elementor-element elementor-element-7b5b6e0f elementor-section-stretched elementor-section-boxed elementor-section-height-default elementor-section-height-default\" data-id=\"7b5b6e0f\" data-element_type=\"section\" data-e-type=\"section\" data-settings=\"{&quot;stretch_section&quot;:&quot;section-stretched&quot;,&quot;jet_parallax_layout_list&quot;:[]}\">\n\t\t\t\t\t\t<div class=\"elementor-container elementor-column-gap-default\">\n\t\t\t\t\t<div class=\"elementor-column elementor-col-100 elementor-top-column elementor-element elementor-element-5ce4fb90\" data-id=\"5ce4fb90\" data-element_type=\"column\" data-e-type=\"column\">\n\t\t\t<div class=\"elementor-widget-wrap elementor-element-populated\">\n\t\t\t\t\t\t<div class=\"elementor-element elementor-element-2bd97b8e elementor-align-left elementor-widget elementor-widget-raven-breadcrumbs\" data-id=\"2bd97b8e\" data-element_type=\"widget\" data-e-type=\"widget\" data-widget_type=\"raven-breadcrumbs.default\">\n\t\t\t\t<div class=\"elementor-widget-container\">\n\t\t\t\t\t<div class=\"raven-breadcrumbs raven-breadcrumbs-default\"><div class=\"breadcrumb\">\t\t\t\t<div class=\"breadcrumb-item active\" aria-current=\"page\"><span>Home<\/span><\/div>\n\n\t\t\t\t<\/div><\/div>\t\t\t\t<\/div>\n\t\t\t\t<\/div>\n\t\t\t\t\t<\/div>\n\t\t<\/div>\n\t\t\t\t\t<\/div>\n\t\t<\/section>\n\t\t\t\t<section class=\"elementor-section elementor-top-section elementor-element elementor-element-0c876bc elementor-section-stretched elementor-section-boxed elementor-section-height-default elementor-section-height-default\" data-id=\"0c876bc\" data-element_type=\"section\" data-e-type=\"section\" data-settings=\"{&quot;stretch_section&quot;:&quot;section-stretched&quot;,&quot;jet_parallax_layout_list&quot;:[]}\">\n\t\t\t\t\t\t<div class=\"elementor-container elementor-column-gap-default\">\n\t\t\t\t\t<div class=\"elementor-column elementor-col-50 elementor-top-column elementor-element elementor-element-3e1f749\" data-id=\"3e1f749\" data-element_type=\"column\" data-e-type=\"column\">\n\t\t\t<div class=\"elementor-widget-wrap elementor-element-populated\">\n\t\t\t\t\t\t<div class=\"elementor-element elementor-element-0719a31 elementor-widget elementor-widget-text-editor\" data-id=\"0719a31\" data-element_type=\"widget\" data-e-type=\"widget\" data-widget_type=\"text-editor.default\">\n\t\t\t\t\t\t\t\t\t<ul>\n \t<li>Interior and exterior food-grade coating<\/li>\n \t<li>Possibility of airtight sealing<\/li>\n \t<li>Possibility of gold or silver finish<\/li>\n<\/ul>\t\t\t\t\t\t\t\t<\/div>\n\t\t\t\t\t<\/div>\n\t\t<\/div>\n\t\t\t\t<div class=\"elementor-column elementor-col-50 elementor-top-column elementor-element elementor-element-582990d\" data-id=\"582990d\" data-element_type=\"column\" data-e-type=\"column\">\n\t\t\t<div class=\"elementor-widget-wrap elementor-element-populated\">\n\t\t\t\t\t\t<div class=\"elementor-element elementor-element-88b649b elementor-widget elementor-widget-text-editor\" data-id=\"88b649b\" data-element_type=\"widget\" data-e-type=\"widget\" data-widget_type=\"text-editor.default\">\n\t\t\t\t\t\t\t\t\t<p>Our experience in the manufacture of metal containers has enabled us to innovate in the creation of different products, such as the <strong>exclusive container for caviar<\/strong>.<\/p>\n<p><strong>Caviar cans<\/strong> preserve all the properties of the product, ensuring the food can be consumed without losing its qualities.<\/p>\n\t\t\t\t\t\t\t\t<\/div>\n\t\t\t\t\t<\/div>\n\t\t<\/div>\n\t\t\t\t\t<\/div>\n\t\t<\/section>\n\t\t\t\t<section class=\"elementor-section elementor-top-section elementor-element elementor-element-41d6516d elementor-section-stretched elementor-section-boxed elementor-section-height-default elementor-section-height-default\" data-id=\"41d6516d\" data-element_type=\"section\" data-e-type=\"section\" data-settings=\"{&quot;stretch_section&quot;:&quot;section-stretched&quot;,&quot;jet_parallax_layout_list&quot;:[]}\">\n\t\t\t\t\t\t<div class=\"elementor-container elementor-column-gap-default\">\n\t\t\t\t\t<div class=\"elementor-column elementor-col-25 elementor-top-column elementor-element elementor-element-bccdc36\" data-id=\"bccdc36\" data-element_type=\"column\" data-e-type=\"column\">\n\t\t\t<div class=\"elementor-widget-wrap\">\n\t\t\t\t\t\t\t<\/div>\n\t\t<\/div>\n\t\t\t\t<div class=\"elementor-column elementor-col-25 elementor-top-column elementor-element elementor-element-3fc04f0\" data-id=\"3fc04f0\" data-element_type=\"column\" data-e-type=\"column\">\n\t\t\t<div class=\"elementor-widget-wrap elementor-element-populated\">\n\t\t\t\t\t\t<div class=\"elementor-element elementor-element-ada69bc elementor-widget elementor-widget-image\" data-id=\"ada69bc\" data-element_type=\"widget\" data-e-type=\"widget\" data-widget_type=\"image.default\">\n\t\t\t\t\t\t\t\t\t\t\t\t\t\t\t<img decoding=\"async\" src=\"https:\/\/www.boixados.com\/wp-content\/uploads\/elementor\/thumbs\/BOIXADOS_CAVIAR_63x21_50-rd3arznqw4nqu1txdf6wft3skpeqfesfj3z0n14kfk.jpg\" title=\"BOIXADOS_CAVIAR_63x21_50\" alt=\"BOIXADOS_CAVIAR_63x21_50\" loading=\"lazy\" \/>\t\t\t\t\t\t\t\t\t\t\t\t\t\t\t<\/div>\n\t\t\t\t<div class=\"elementor-element elementor-element-7c8639d elementor-widget elementor-widget-text-editor\" data-id=\"7c8639d\" data-element_type=\"widget\" data-e-type=\"widget\" data-widget_type=\"text-editor.default\">\n\t\t\t\t\t\t\t\t\t<p style=\"text-align: center;\"><span style=\"color: #000000; font-size: 16px; font-weight: 400;\">Container 62&#215;22 50\u00a0ml.<\/span><\/p>\n\t\t\t\t\t\t\t\t<\/div>\n\t\t\t\t\t<\/div>\n\t\t<\/div>\n\t\t\t\t<div class=\"elementor-column elementor-col-25 elementor-top-column elementor-element elementor-element-c876cb4\" data-id=\"c876cb4\" data-element_type=\"column\" data-e-type=\"column\">\n\t\t\t<div class=\"elementor-widget-wrap elementor-element-populated\">\n\t\t\t\t\t\t<div class=\"elementor-element elementor-element-8d92a31 elementor-widget elementor-widget-image\" data-id=\"8d92a31\" data-element_type=\"widget\" data-e-type=\"widget\" data-widget_type=\"image.default\">\n\t\t\t\t\t\t\t\t\t\t\t\t\t\t\t<img decoding=\"async\" src=\"https:\/\/www.boixados.com\/wp-content\/uploads\/elementor\/thumbs\/BOIXADOS_CAVIAR_88x20_100-rd3ap8yoyiwmyztadqj2o00e78x6z6wm5jh18z6wkw.jpg\" title=\"BOIXADOS_CAVIAR_88x20_100\" alt=\"BOIXADOS_CAVIAR_88x20_100\" loading=\"lazy\" \/>\t\t\t\t\t\t\t\t\t\t\t\t\t\t\t<\/div>\n\t\t\t\t<div class=\"elementor-element elementor-element-f2340d6 elementor-widget elementor-widget-text-editor\" data-id=\"f2340d6\" data-element_type=\"widget\" data-e-type=\"widget\" data-widget_type=\"text-editor.default\">\n\t\t\t\t\t\t\t\t\t<p style=\"text-align: center;\"><span style=\"color: #000000; font-size: 16px; font-weight: 400;\">Container 88&#215;24 125\u00a0ml.<\/span><\/p>\n\t\t\t\t\t\t\t\t<\/div>\n\t\t\t\t\t<\/div>\n\t\t<\/div>\n\t\t\t\t<div class=\"elementor-column elementor-col-25 elementor-top-column elementor-element elementor-element-12c4032\" data-id=\"12c4032\" data-element_type=\"column\" data-e-type=\"column\">\n\t\t\t<div class=\"elementor-widget-wrap\">\n\t\t\t\t\t\t\t<\/div>\n\t\t<\/div>\n\t\t\t\t\t<\/div>\n\t\t<\/section>\n\t\t\t\t<section class=\"elementor-section elementor-top-section elementor-element elementor-element-4b69867 elementor-section-stretched elementor-section-boxed elementor-section-height-default elementor-section-height-default\" data-id=\"4b69867\" data-element_type=\"section\" data-e-type=\"section\" data-settings=\"{&quot;stretch_section&quot;:&quot;section-stretched&quot;,&quot;jet_parallax_layout_list&quot;:[]}\">\n\t\t\t\t\t\t<div class=\"elementor-container elementor-column-gap-default\">\n\t\t\t\t\t<div class=\"elementor-column elementor-col-100 elementor-top-column elementor-element elementor-element-31ccc69\" data-id=\"31ccc69\" data-element_type=\"column\" data-e-type=\"column\">\n\t\t\t<div class=\"elementor-widget-wrap elementor-element-populated\">\n\t\t\t\t\t\t<div class=\"elementor-element elementor-element-a7a5e5b elementor-widget elementor-widget-html\" data-id=\"a7a5e5b\" data-element_type=\"widget\" data-e-type=\"widget\" data-widget_type=\"html.default\">\n\t\t\t\t\t<div id=\"tablepress-9-scroll-wrapper\" class=\"tablepress-scroll-wrapper\">\n\n<table id=\"tablepress-9\" class=\"tablepress tablepress-id-9 tablepress-responsive\">\n<thead>\n<tr class=\"row-1\">\n\t<th class=\"column-1\">CAPACIDAD<\/th><th class=\"column-2\">DIAMETRO<\/th><th class=\"column-3\">ALTURA<\/th><th class=\"column-4\">ACABADO<\/th><th class=\"column-5\">CIERRE<\/th><th class=\"column-6\">FORMATO<\/th><th class=\"column-7\">HOMOLOGACI\u00d3N<\/th>\n<\/tr>\n<\/thead>\n<tbody class=\"row-striping row-hover\">\n<tr class=\"row-2\">\n\t<td class=\"column-1\">50 ml.<\/td><td class=\"column-2\">\u00d862 mm.<\/td><td class=\"column-3\">22 mm.<\/td><td class=\"column-4\">Oro \/oro<\/td><td class=\"column-5\">Tapa exterior<\/td><td class=\"column-6\">Cil\u00edndrico<\/td><td class=\"column-7\">Alimentaria<\/td>\n<\/tr>\n<tr class=\"row-3\">\n\t<td class=\"column-1\">125 ml.<\/td><td class=\"column-2\">\u00d888 mm.<\/td><td class=\"column-3\">24 mm.<\/td><td class=\"column-4\">Oro \/oro<\/td><td class=\"column-5\">Tapa exterior<\/td><td class=\"column-6\">Cil\u00edndrico<\/td><td class=\"column-7\">Alimentaria<\/td>\n<\/tr>\n<tr class=\"row-4\">\n\t<td class=\"column-1\">250 ml.<\/td><td class=\"column-2\">\u00d8100 mm.<\/td><td class=\"column-3\">34 mm.<\/td><td class=\"column-4\">Oro \/oro<\/td><td class=\"column-5\">Tapa exterior<\/td><td class=\"column-6\">Cil\u00edndrico<\/td><td class=\"column-7\">Alimentaria<\/td>\n<\/tr>\n<\/tbody>\n<\/table>\n\n<\/div><!-- #tablepress-9 from cache -->\t\t\t\t<\/div>\n\t\t\t\t\t<\/div>\n\t\t<\/div>\n\t\t\t\t\t<\/div>\n\t\t<\/section>\n\t\t\t\t<aside class=\"elementor-section elementor-top-section elementor-element elementor-element-2b96cfc elementor-section-stretched elementor-section-boxed elementor-section-height-default elementor-section-height-default\" data-id=\"2b96cfc\" data-element_type=\"section\" data-e-type=\"section\" data-settings=\"{&quot;stretch_section&quot;:&quot;section-stretched&quot;,&quot;jet_parallax_layout_list&quot;:[]}\">\n\t\t\t\t\t\t<div class=\"elementor-container elementor-column-gap-default\">\n\t\t\t\t\t<div class=\"elementor-column elementor-col-100 elementor-top-column elementor-element elementor-element-48e43a9\" data-id=\"48e43a9\" data-element_type=\"column\" data-e-type=\"column\">\n\t\t\t<div class=\"elementor-widget-wrap elementor-element-populated\">\n\t\t\t\t\t\t<div class=\"elementor-element elementor-element-1cbe38f titol-final-productes elementor-widget elementor-widget-heading\" data-id=\"1cbe38f\" data-element_type=\"widget\" data-e-type=\"widget\" data-widget_type=\"heading.default\">\n\t\t\t\t\t<p class=\"elementor-heading-title elementor-size-default\">Design and manufacture of metal packaging<\/p>\t\t\t\t<\/div>\n\t\t\t\t<div class=\"elementor-element elementor-element-4e03cc5 elementor-align-center elementor-widget elementor-widget-button\" data-id=\"4e03cc5\" data-element_type=\"widget\" data-e-type=\"widget\" data-widget_type=\"button.default\">\n\t\t\t\t\t\t\t\t\t\t<a class=\"elementor-button elementor-button-link elementor-size-sm\" href=\"https:\/\/www.boixados.com\/en\/contacto\/\">\n\t\t\t\t\t\t<span class=\"elementor-button-content-wrapper\">\n\t\t\t\t\t\t\t\t\t<span class=\"elementor-button-text\">Request Quote<\/span>\n\t\t\t\t\t<\/span>\n\t\t\t\t\t<\/a>\n\t\t\t\t\t\t\t\t<\/div>\n\t\t\t\t\t<\/div>\n\t\t<\/div>\n\t\t\t\t\t<\/div>\n\t\t<\/aside>\n\t\t\t\t<\/div>\n\t\t","protected":false},"excerpt":{"rendered":"<p>CAVIAR CANS METAL CONTAINERS FOR CAVIAR AND ROE Home Interior and exterior food-grade coating Possibility of airtight sealing Possibility of gold or silver finish Our experience in the manufacture of metal containers has enabled us to innovate in the creation of different products, such as the exclusive container for caviar. Caviar cans preserve all the [&hellip;]<\/p>\n","protected":false},"author":2,"featured_media":0,"parent":10373,"menu_order":0,"comment_status":"closed","ping_status":"closed","template":"","meta":{"_acf_changed":false,"footnotes":""},"class_list":["post-10386","page","type-page","status-publish","hentry"],"acf":[],"yoast_head":"<!-- This site is optimized with the Yoast SEO plugin v27.4 - https:\/\/yoast.com\/product\/yoast-seo-wordpress\/ -->\n<title>Cans and Containers for Caviar and Roe - Boixad\u00f3s<\/title>\n<meta name=\"description\" content=\"Containers designed to store caviar and roe, ensuring they can be consumed while preserving their qualities.\" \/>\n<meta name=\"robots\" content=\"index, follow, max-snippet:-1, max-image-preview:large, max-video-preview:-1\" \/>\n<link rel=\"canonical\" href=\"https:\/\/www.boixados.com\/productos\/envases-metalicos-alimentacion\/envases-para-caviar\/\" \/>\n<meta property=\"og:locale\" content=\"en_US\" \/>\n<meta property=\"og:type\" content=\"article\" \/>\n<meta property=\"og:title\" content=\"Cans and Containers for Caviar and Roe - Boixad\u00f3s\" \/>\n<meta property=\"og:description\" content=\"Containers designed to store caviar and roe, ensuring they can be consumed while preserving their qualities.\" \/>\n<meta property=\"og:url\" content=\"https:\/\/www.boixados.com\/productos\/envases-metalicos-alimentacion\/envases-para-caviar\/\" \/>\n<meta property=\"og:site_name\" content=\"Boixad\u00f3s\" \/>\n<meta property=\"article:publisher\" content=\"https:\/\/www.facebook.com\/SmartBoixados\/\" \/>\n<meta property=\"article:modified_time\" content=\"2023-11-20T16:44:56+00:00\" \/>\n<meta property=\"og:image\" content=\"https:\/\/www.boixados.com\/wp-content\/uploads\/2023\/07\/caviar.png\" \/>\n<meta name=\"twitter:card\" content=\"summary_large_image\" \/>\n<meta name=\"twitter:label1\" content=\"Est. reading time\" \/>\n\t<meta name=\"twitter:data1\" content=\"2 minutes\" \/>\n<script type=\"application\/ld+json\" class=\"yoast-schema-graph\">{\"@context\":\"https:\\\/\\\/schema.org\",\"@graph\":[{\"@type\":\"WebPage\",\"@id\":\"https:\\\/\\\/www.boixados.com\\\/productos\\\/envases-metalicos-alimentacion\\\/envases-para-caviar\\\/\",\"url\":\"https:\\\/\\\/www.boixados.com\\\/productos\\\/envases-metalicos-alimentacion\\\/envases-para-caviar\\\/\",\"name\":\"Cans and Containers for Caviar and Roe - Boixad\u00f3s\",\"isPartOf\":{\"@id\":\"https:\\\/\\\/www.boixados.com\\\/#website\"},\"primaryImageOfPage\":{\"@id\":\"https:\\\/\\\/www.boixados.com\\\/productos\\\/envases-metalicos-alimentacion\\\/envases-para-caviar\\\/#primaryimage\"},\"image\":{\"@id\":\"https:\\\/\\\/www.boixados.com\\\/productos\\\/envases-metalicos-alimentacion\\\/envases-para-caviar\\\/#primaryimage\"},\"thumbnailUrl\":\"https:\\\/\\\/www.boixados.com\\\/wp-content\\\/uploads\\\/2023\\\/07\\\/caviar.png\",\"datePublished\":\"2022-06-25T07:15:17+00:00\",\"dateModified\":\"2023-11-20T16:44:56+00:00\",\"description\":\"Containers designed to store caviar and roe, ensuring they can be consumed while preserving their qualities.\",\"breadcrumb\":{\"@id\":\"https:\\\/\\\/www.boixados.com\\\/productos\\\/envases-metalicos-alimentacion\\\/envases-para-caviar\\\/#breadcrumb\"},\"inLanguage\":\"en-US\",\"potentialAction\":[{\"@type\":\"ReadAction\",\"target\":[\"https:\\\/\\\/www.boixados.com\\\/productos\\\/envases-metalicos-alimentacion\\\/envases-para-caviar\\\/\"]}]},{\"@type\":\"ImageObject\",\"inLanguage\":\"en-US\",\"@id\":\"https:\\\/\\\/www.boixados.com\\\/productos\\\/envases-metalicos-alimentacion\\\/envases-para-caviar\\\/#primaryimage\",\"url\":\"https:\\\/\\\/www.boixados.com\\\/wp-content\\\/uploads\\\/2023\\\/07\\\/caviar.png\",\"contentUrl\":\"https:\\\/\\\/www.boixados.com\\\/wp-content\\\/uploads\\\/2023\\\/07\\\/caviar.png\"},{\"@type\":\"BreadcrumbList\",\"@id\":\"https:\\\/\\\/www.boixados.com\\\/productos\\\/envases-metalicos-alimentacion\\\/envases-para-caviar\\\/#breadcrumb\",\"itemListElement\":[{\"@type\":\"ListItem\",\"position\":1,\"name\":\"Portada\",\"item\":\"https:\\\/\\\/www.boixados.com\\\/en\\\/\"},{\"@type\":\"ListItem\",\"position\":2,\"name\":\"Products\",\"item\":\"https:\\\/\\\/www.boixados.com\\\/productos\\\/\"},{\"@type\":\"ListItem\",\"position\":3,\"name\":\"Food\",\"item\":\"https:\\\/\\\/www.boixados.com\\\/productos\\\/envases-metalicos-alimentacion\\\/\"},{\"@type\":\"ListItem\",\"position\":4,\"name\":\"Caviar\"}]},{\"@type\":\"WebSite\",\"@id\":\"https:\\\/\\\/www.boixados.com\\\/#website\",\"url\":\"https:\\\/\\\/www.boixados.com\\\/\",\"name\":\"Boixad\u00f3s\",\"description\":\"Dise\u00f1o y fabricaci\u00f3n de envases met\u00e1licos.\",\"publisher\":{\"@id\":\"https:\\\/\\\/www.boixados.com\\\/#organization\"},\"alternateName\":\"Boixad\u00f3s Smart Metal Packaging\",\"potentialAction\":[{\"@type\":\"SearchAction\",\"target\":{\"@type\":\"EntryPoint\",\"urlTemplate\":\"https:\\\/\\\/www.boixados.com\\\/?s={search_term_string}\"},\"query-input\":{\"@type\":\"PropertyValueSpecification\",\"valueRequired\":true,\"valueName\":\"search_term_string\"}}],\"inLanguage\":\"en-US\"},{\"@type\":\"Organization\",\"@id\":\"https:\\\/\\\/www.boixados.com\\\/#organization\",\"name\":\"Boixad\u00f3s\",\"alternateName\":\"Boixad\u00f3s Smart Metal Packaging\",\"url\":\"https:\\\/\\\/www.boixados.com\\\/\",\"logo\":{\"@type\":\"ImageObject\",\"inLanguage\":\"en-US\",\"@id\":\"https:\\\/\\\/www.boixados.com\\\/#\\\/schema\\\/logo\\\/image\\\/\",\"url\":\"https:\\\/\\\/www.boixados.com\\\/wp-content\\\/uploads\\\/2022\\\/06\\\/logo-home.png\",\"contentUrl\":\"https:\\\/\\\/www.boixados.com\\\/wp-content\\\/uploads\\\/2022\\\/06\\\/logo-home.png\",\"width\":280,\"height\":81,\"caption\":\"Boixad\u00f3s\"},\"image\":{\"@id\":\"https:\\\/\\\/www.boixados.com\\\/#\\\/schema\\\/logo\\\/image\\\/\"},\"sameAs\":[\"https:\\\/\\\/www.facebook.com\\\/SmartBoixados\\\/\",\"https:\\\/\\\/es.linkedin.com\\\/company\\\/smartboixados\",\"https:\\\/\\\/www.youtube.com\\\/c\\\/boixadosenvasosmetallicssl\"]}]}<\/script>\n<!-- \/ Yoast SEO plugin. -->","yoast_head_json":{"title":"Cans and Containers for Caviar and Roe - Boixad\u00f3s","description":"Containers designed to store caviar and roe, ensuring they can be consumed while preserving their qualities.","robots":{"index":"index","follow":"follow","max-snippet":"max-snippet:-1","max-image-preview":"max-image-preview:large","max-video-preview":"max-video-preview:-1"},"canonical":"https:\/\/www.boixados.com\/productos\/envases-metalicos-alimentacion\/envases-para-caviar\/","og_locale":"en_US","og_type":"article","og_title":"Cans and Containers for Caviar and Roe - Boixad\u00f3s","og_description":"Containers designed to store caviar and roe, ensuring they can be consumed while preserving their qualities.","og_url":"https:\/\/www.boixados.com\/productos\/envases-metalicos-alimentacion\/envases-para-caviar\/","og_site_name":"Boixad\u00f3s","article_publisher":"https:\/\/www.facebook.com\/SmartBoixados\/","article_modified_time":"2023-11-20T16:44:56+00:00","og_image":[{"url":"https:\/\/www.boixados.com\/wp-content\/uploads\/2023\/07\/caviar.png","type":"","width":"","height":""}],"twitter_card":"summary_large_image","twitter_misc":{"Est. reading time":"2 minutes"},"schema":{"@context":"https:\/\/schema.org","@graph":[{"@type":"WebPage","@id":"https:\/\/www.boixados.com\/productos\/envases-metalicos-alimentacion\/envases-para-caviar\/","url":"https:\/\/www.boixados.com\/productos\/envases-metalicos-alimentacion\/envases-para-caviar\/","name":"Cans and Containers for Caviar and Roe - Boixad\u00f3s","isPartOf":{"@id":"https:\/\/www.boixados.com\/#website"},"primaryImageOfPage":{"@id":"https:\/\/www.boixados.com\/productos\/envases-metalicos-alimentacion\/envases-para-caviar\/#primaryimage"},"image":{"@id":"https:\/\/www.boixados.com\/productos\/envases-metalicos-alimentacion\/envases-para-caviar\/#primaryimage"},"thumbnailUrl":"https:\/\/www.boixados.com\/wp-content\/uploads\/2023\/07\/caviar.png","datePublished":"2022-06-25T07:15:17+00:00","dateModified":"2023-11-20T16:44:56+00:00","description":"Containers designed to store caviar and roe, ensuring they can be consumed while preserving their qualities.","breadcrumb":{"@id":"https:\/\/www.boixados.com\/productos\/envases-metalicos-alimentacion\/envases-para-caviar\/#breadcrumb"},"inLanguage":"en-US","potentialAction":[{"@type":"ReadAction","target":["https:\/\/www.boixados.com\/productos\/envases-metalicos-alimentacion\/envases-para-caviar\/"]}]},{"@type":"ImageObject","inLanguage":"en-US","@id":"https:\/\/www.boixados.com\/productos\/envases-metalicos-alimentacion\/envases-para-caviar\/#primaryimage","url":"https:\/\/www.boixados.com\/wp-content\/uploads\/2023\/07\/caviar.png","contentUrl":"https:\/\/www.boixados.com\/wp-content\/uploads\/2023\/07\/caviar.png"},{"@type":"BreadcrumbList","@id":"https:\/\/www.boixados.com\/productos\/envases-metalicos-alimentacion\/envases-para-caviar\/#breadcrumb","itemListElement":[{"@type":"ListItem","position":1,"name":"Portada","item":"https:\/\/www.boixados.com\/en\/"},{"@type":"ListItem","position":2,"name":"Products","item":"https:\/\/www.boixados.com\/productos\/"},{"@type":"ListItem","position":3,"name":"Food","item":"https:\/\/www.boixados.com\/productos\/envases-metalicos-alimentacion\/"},{"@type":"ListItem","position":4,"name":"Caviar"}]},{"@type":"WebSite","@id":"https:\/\/www.boixados.com\/#website","url":"https:\/\/www.boixados.com\/","name":"Boixad\u00f3s","description":"Dise\u00f1o y fabricaci\u00f3n de envases met\u00e1licos.","publisher":{"@id":"https:\/\/www.boixados.com\/#organization"},"alternateName":"Boixad\u00f3s Smart Metal Packaging","potentialAction":[{"@type":"SearchAction","target":{"@type":"EntryPoint","urlTemplate":"https:\/\/www.boixados.com\/?s={search_term_string}"},"query-input":{"@type":"PropertyValueSpecification","valueRequired":true,"valueName":"search_term_string"}}],"inLanguage":"en-US"},{"@type":"Organization","@id":"https:\/\/www.boixados.com\/#organization","name":"Boixad\u00f3s","alternateName":"Boixad\u00f3s Smart Metal Packaging","url":"https:\/\/www.boixados.com\/","logo":{"@type":"ImageObject","inLanguage":"en-US","@id":"https:\/\/www.boixados.com\/#\/schema\/logo\/image\/","url":"https:\/\/www.boixados.com\/wp-content\/uploads\/2022\/06\/logo-home.png","contentUrl":"https:\/\/www.boixados.com\/wp-content\/uploads\/2022\/06\/logo-home.png","width":280,"height":81,"caption":"Boixad\u00f3s"},"image":{"@id":"https:\/\/www.boixados.com\/#\/schema\/logo\/image\/"},"sameAs":["https:\/\/www.facebook.com\/SmartBoixados\/","https:\/\/es.linkedin.com\/company\/smartboixados","https:\/\/www.youtube.com\/c\/boixadosenvasosmetallicssl"]}]}},"_links":{"self":[{"href":"https:\/\/www.boixados.com\/en\/wp-json\/wp\/v2\/pages\/10386","targetHints":{"allow":["GET"]}}],"collection":[{"href":"https:\/\/www.boixados.com\/en\/wp-json\/wp\/v2\/pages"}],"about":[{"href":"https:\/\/www.boixados.com\/en\/wp-json\/wp\/v2\/types\/page"}],"author":[{"embeddable":true,"href":"https:\/\/www.boixados.com\/en\/wp-json\/wp\/v2\/users\/2"}],"replies":[{"embeddable":true,"href":"https:\/\/www.boixados.com\/en\/wp-json\/wp\/v2\/comments?post=10386"}],"version-history":[{"count":0,"href":"https:\/\/www.boixados.com\/en\/wp-json\/wp\/v2\/pages\/10386\/revisions"}],"up":[{"embeddable":true,"href":"https:\/\/www.boixados.com\/en\/wp-json\/wp\/v2\/pages\/10373"}],"wp:attachment":[{"href":"https:\/\/www.boixados.com\/en\/wp-json\/wp\/v2\/media?parent=10386"}],"curies":[{"name":"wp","href":"https:\/\/api.w.org\/{rel}","templated":true}]}}