{"id":10370,"date":"2022-06-20T10:06:26","date_gmt":"2022-06-20T08:06:26","guid":{"rendered":"https:\/\/www.boixados.com\/politica-de-privacidad\/"},"modified":"2023-11-20T18:44:15","modified_gmt":"2023-11-20T16:44:15","slug":"privacy-policy","status":"publish","type":"page","link":"https:\/\/www.boixados.com\/en\/privacy-policy\/","title":{"rendered":"Privacy Policy"},"content":{"rendered":"<h4><\/h4>\n<p>&nbsp;<\/p>\n<h4>DATA PROTECTION INFORMATION<\/h4>\n<p>&nbsp;<\/p>\n<p><strong>1. Data relating to the Data Controller<\/strong><\/p>\n<p><b>\u00a0 \u00a0 \u00a0 \u00a0 \u00a0 \u00a0 \u00a0 \u00a0 \u00a0 \u00a0 \u00a0 \u00a0Data Controller<\/b><\/p>\n<ol>\n<li style=\"list-style-type: none;\">\n<ol>\u00a0\u00a0&#8211; Company: BOIXADOS ENVASOS METAL\u00b7LICS SL<\/ol>\n<ol>\u00a0\u00a0&#8211; Company tax ID number (CIF): B60519006<\/ol>\n<ol>\u00a0\u00a0&#8211; Company address: CARRETERA DE BERGA 183-187 &#8211; (08272) SANT FRUITOS DE BAGES<\/ol>\n<ol>\u00a0\u00a0&#8211; Company email address: admin@boixados.com<\/ol>\n<ol>\u00a0\u00a0&#8211; Data controller: FERRAN BOIXADOS ESCALE<\/ol>\n<ol>\u00a0\u00a0&#8211; Data controller telephone number: +34 938788885<\/ol>\n<ol>\u00a0\u00a0&#8211; Data controller email address: ADMIN@BOIXADOS.COM<\/ol>\n<\/li>\n<\/ol>\n<ol>\n<li style=\"list-style-type: none;\"><\/li>\n<\/ol>\n<p><strong>2. Purposes<\/strong><\/p>\n<p>In accordance with the provisions of Regulation (EU) 2016\/679 on General Data Protection and Organic Law 3\/2018 on Protection of Personal Data and Guarantee of Digital Rights, we inform you that, according to your relationship with us,\u00a0<strong>BOIXADOS ENVASOS METAL\u00b7LICS SL<\/strong>\u00a0process the data you provide us for some or all of the following purposes:<\/p>\n<ul>\n<li style=\"list-style-type: none;\">\n<ul>\n<li style=\"list-style-type: none;\">\n<ul>\n<li>Purchase and sale of goods and services.<\/li>\n<li>Sending of commercial information from the company via post, email or other means.<\/li>\n<li>Accounting, administrative, invoicing and payment management.<\/li>\n<li>Provision of a service<\/li>\n<li>Collection of payment via a POS<\/li>\n<li>Purchase via a virtual store on a website\/platform.<\/li>\n<li>After-sales and loyalty service.<\/li>\n<li>Processing quotations<\/li>\n<li>Processing data for warranties and returns of goods\/products<\/li>\n<\/ul>\n<\/li>\n<\/ul>\n<\/li>\n<\/ul>\n<p><strong>3. Data storage period<\/strong><\/p>\n<ol>\n<li style=\"list-style-type: none;\"><\/li>\n<\/ol>\n<p>Your data will be stored for an indefinite period of time. If you require early deletion of your data, please request this by exercising your right to erasure. Furthermore, data that for legal reasons must be stored for a period of time necessary to comply with specific regulations, will be blocked and only made available to the relevant public authority.<\/p>\n<p><strong>4. Lawful basis<\/strong><\/p>\n<p>The lawful basis for the processing of your data is:<\/p>\n<ol>\n<li style=\"list-style-type: none;\">\n<ol>\n<li style=\"list-style-type: none;\">\n<ul>\n<li>Unambiguous consent<\/li>\n<li>Unambiguous consent<\/li>\n<li>Unambiguous consent<\/li>\n<\/ul>\n<\/li>\n<\/ol>\n<\/li>\n<\/ol>\n<ol>\n<li style=\"list-style-type: none;\"><\/li>\n<\/ol>\n<p><strong>5. Recipients<\/strong><\/p>\n<p>Your personal data will be disclosed to third parties in the following cases:<\/p>\n<ol>\n<li style=\"list-style-type: none;\">\n<ol>\n<li style=\"list-style-type: none;\">\n<ul>\n<li>Tax administration<\/li>\n<li>Banks and financial institutions<\/li>\n<li>Consultancy\/Advisory<\/li>\n<li>I do not share data with third parties.<\/li>\n<\/ul>\n<\/li>\n<\/ol>\n<\/li>\n<\/ol>\n<ol>\n<li style=\"list-style-type: none;\"><\/li>\n<\/ol>\n<p><strong>6. Rights<\/strong><\/p>\n<p>You have the right to obtain confirmation as to whether\u00a0<strong>BOIXADOS ENVASOS METAL\u00b7LICS SL<\/strong>\u00a0is processing personal data concerning you.<\/p>\n<p>Furthermore, you have the right to access your personal data and to request the\u00a0<em>rectification<\/em>\u00a0of any inaccurate data or, as the case may be, to request its\u00a0<em>erasure<\/em>\u00a0when, among other reasons, the data is no longer required for the purposes for which it was collected.<\/p>\n<p>In certain circumstances, you may request the\u00a0<em>restriction of processing<\/em>\u00a0of your data, in which case we will only store it for the exercise or defence of claims.<\/p>\n<p>In addition, in certain circumstances and for reasons related to your specific situation, you may exercise your right to\u00a0<em>object<\/em>\u00a0to the processing of your data.\u00a0<strong>BOIXADOS ENVASOS METAL\u00b7LICS SL<\/strong>\u00a0will cease processing the data, except for overriding legitimate reasons or the exercise or defence of possible claims.<\/p>\n<p>You may also exercise your right to the\u00a0<em>portability<\/em>\u00a0of the data, as well as to withdraw the consent granted at any time, with no effect to the lawfulness of the processing based on consent given prior to its withdrawal.<\/p>\n<p>If you wish to exercise any of your rights, you can do so through the links provided below:<\/p>\n<ol>\n<li style=\"list-style-type: none;\">\n<ol>\n<li style=\"list-style-type: none;\">\n<ul>\n<li>To exercise your right of\u00a0<strong>Access<\/strong>\u00a0click\u00a0<a href=\"https:\/\/intranet.laboralrgpd.com\/webApp\/clientes_derechos\/derechos-formulario.php?id_cliente=cVVLaEEwT3J3WjV2T1pNeW8xOHdLQT09\" target=\"_blank\" rel=\"noopener\">here<\/a><\/li>\n<li>To exercise your right of\u00a0<strong>Rectification<\/strong>\u00a0click\u00a0<a href=\"https:\/\/intranet.laboralrgpd.com\/webApp\/clientes_derechos\/derechos-formulario.php?id_cliente=cVVLaEEwT3J3WjV2T1pNeW8xOHdLQT09\" target=\"_blank\" rel=\"noopener\">here<\/a><\/li>\n<li>To exercise your right of\u00a0<strong>Erasure (right to be forgotten)<\/strong>\u00a0click\u00a0<a href=\"https:\/\/intranet.laboralrgpd.com\/webApp\/clientes_derechos\/derechos-formulario.php?id_cliente=cVVLaEEwT3J3WjV2T1pNeW8xOHdLQT09\" target=\"_blank\" rel=\"noopener\">here<\/a><\/li>\n<li>To exercise your right of\u00a0<strong>Restriction of Processing<\/strong>\u00a0click\u00a0<a href=\"https:\/\/intranet.laboralrgpd.com\/webApp\/clientes_derechos\/derechos-formulario.php?id_cliente=cVVLaEEwT3J3WjV2T1pNeW8xOHdLQT09\" target=\"_blank\" rel=\"noopener\">here<\/a><\/li>\n<li>To exercise your right of\u00a0<strong>Objection<\/strong>\u00a0click\u00a0<a href=\"https:\/\/intranet.laboralrgpd.com\/webApp\/clientes_derechos\/derechos-formulario.php?id_cliente=cVVLaEEwT3J3WjV2T1pNeW8xOHdLQT09\" target=\"_blank\" rel=\"noopener\">here<\/a><\/li>\n<li>To exercise your right of\u00a0<strong>Portability<\/strong>\u00a0click\u00a0<a href=\"https:\/\/intranet.laboralrgpd.com\/webApp\/clientes_derechos\/derechos-formulario.php?id_cliente=cVVLaEEwT3J3WjV2T1pNeW8xOHdLQT09\" target=\"_blank\" rel=\"noopener\">here<\/a><\/li>\n<\/ul>\n<\/li>\n<\/ol>\n<\/li>\n<\/ol>\n<p>Alternatively, you can also contact us via post at the following address:\u00a0<strong>CARRETERA DE BERGA 183-187 &#8211; (08272) SANT FRUITOS DE BAGES<\/strong>\u00a0, attaching a photocopy of your national ID document to verify your identity. Please remember to provide as much information as possible about your request: Name and surname, email address used for the account or portal that is the subject of your request.<\/p>\n<p>Lastly, we inform you that you may contact the Spanish Data Protection Agency and other competent public bodies for any claims arising from the processing of your personal data.<\/p>\n<p><strong>7. Cookies policy<\/strong><\/p>\n<p>To find out about the cookies we use on our website, you can access our Cookies Policy at the following link\u00a0<a href=\"https:\/\/intranet.laboralrgpd.com\/politicaCookies\/index.php?sid=cVVLaEEwT3J3WjV2T1pNeW8xOHdLQT09\" target=\"_blank\" rel=\"noopener\">Cookies Policy<\/a>.<\/p>\n","protected":false},"excerpt":{"rendered":"<p>&nbsp; DATA PROTECTION INFORMATION &nbsp; 1. Data relating to the Data Controller \u00a0 \u00a0 \u00a0 \u00a0 \u00a0 \u00a0 \u00a0 \u00a0 \u00a0 \u00a0 \u00a0 \u00a0Data Controller \u00a0\u00a0&#8211; Company: BOIXADOS ENVASOS METAL\u00b7LICS SL \u00a0\u00a0&#8211; Company tax ID number (CIF): B60519006 \u00a0\u00a0&#8211; Company address: CARRETERA DE BERGA 183-187 &#8211; (08272) SANT FRUITOS DE BAGES \u00a0\u00a0&#8211; Company email address: [&hellip;]<\/p>\n","protected":false},"author":2,"featured_media":0,"parent":0,"menu_order":0,"comment_status":"closed","ping_status":"closed","template":"","meta":{"_acf_changed":false,"footnotes":""},"class_list":["post-10370","page","type-page","status-publish","hentry"],"acf":[],"yoast_head":"<!-- This site is optimized with the Yoast SEO plugin v27.4 - https:\/\/yoast.com\/product\/yoast-seo-wordpress\/ -->\n<title>Privacy Policy - Boixad\u00f3s<\/title>\n<meta name=\"robots\" content=\"noindex, follow\" \/>\n<meta property=\"og:locale\" content=\"en_US\" \/>\n<meta property=\"og:type\" content=\"article\" \/>\n<meta property=\"og:title\" content=\"Privacy Policy - Boixad\u00f3s\" \/>\n<meta property=\"og:description\" content=\"&nbsp; DATA PROTECTION INFORMATION &nbsp; 1. Data relating to the Data Controller \u00a0 \u00a0 \u00a0 \u00a0 \u00a0 \u00a0 \u00a0 \u00a0 \u00a0 \u00a0 \u00a0 \u00a0Data Controller \u00a0\u00a0&#8211; Company: BOIXADOS ENVASOS METAL\u00b7LICS SL \u00a0\u00a0&#8211; Company tax ID number (CIF): B60519006 \u00a0\u00a0&#8211; Company address: CARRETERA DE BERGA 183-187 &#8211; (08272) SANT FRUITOS DE BAGES \u00a0\u00a0&#8211; Company email address: [&hellip;]\" \/>\n<meta property=\"og:url\" content=\"https:\/\/www.boixados.com\/en\/privacy-policy\/\" \/>\n<meta property=\"og:site_name\" content=\"Boixad\u00f3s\" \/>\n<meta property=\"article:publisher\" content=\"https:\/\/www.facebook.com\/SmartBoixados\/\" \/>\n<meta property=\"article:modified_time\" content=\"2023-11-20T16:44:15+00:00\" \/>\n<meta property=\"og:image\" content=\"https:\/\/www.boixados.com\/wp-content\/uploads\/2022\/06\/home5.jpg\" \/>\n\t<meta property=\"og:image:width\" content=\"646\" \/>\n\t<meta property=\"og:image:height\" content=\"316\" \/>\n\t<meta property=\"og:image:type\" content=\"image\/jpeg\" \/>\n<meta name=\"twitter:card\" content=\"summary_large_image\" \/>\n<meta name=\"twitter:label1\" content=\"Est. reading time\" \/>\n\t<meta name=\"twitter:data1\" content=\"4 minutes\" \/>\n<script type=\"application\/ld+json\" class=\"yoast-schema-graph\">{\"@context\":\"https:\\\/\\\/schema.org\",\"@graph\":[{\"@type\":\"WebPage\",\"@id\":\"https:\\\/\\\/www.boixados.com\\\/en\\\/privacy-policy\\\/\",\"url\":\"https:\\\/\\\/www.boixados.com\\\/en\\\/privacy-policy\\\/\",\"name\":\"Privacy Policy - Boixad\u00f3s\",\"isPartOf\":{\"@id\":\"https:\\\/\\\/www.boixados.com\\\/#website\"},\"datePublished\":\"2022-06-20T08:06:26+00:00\",\"dateModified\":\"2023-11-20T16:44:15+00:00\",\"breadcrumb\":{\"@id\":\"https:\\\/\\\/www.boixados.com\\\/en\\\/privacy-policy\\\/#breadcrumb\"},\"inLanguage\":\"en-US\",\"potentialAction\":[{\"@type\":\"ReadAction\",\"target\":[\"https:\\\/\\\/www.boixados.com\\\/en\\\/privacy-policy\\\/\"]}]},{\"@type\":\"BreadcrumbList\",\"@id\":\"https:\\\/\\\/www.boixados.com\\\/en\\\/privacy-policy\\\/#breadcrumb\",\"itemListElement\":[{\"@type\":\"ListItem\",\"position\":1,\"name\":\"Portada\",\"item\":\"https:\\\/\\\/www.boixados.com\\\/en\\\/\"},{\"@type\":\"ListItem\",\"position\":2,\"name\":\"Privacy Policy\"}]},{\"@type\":\"WebSite\",\"@id\":\"https:\\\/\\\/www.boixados.com\\\/#website\",\"url\":\"https:\\\/\\\/www.boixados.com\\\/\",\"name\":\"Boixad\u00f3s\",\"description\":\"Dise\u00f1o y fabricaci\u00f3n de envases met\u00e1licos.\",\"publisher\":{\"@id\":\"https:\\\/\\\/www.boixados.com\\\/#organization\"},\"alternateName\":\"Boixad\u00f3s Smart Metal Packaging\",\"potentialAction\":[{\"@type\":\"SearchAction\",\"target\":{\"@type\":\"EntryPoint\",\"urlTemplate\":\"https:\\\/\\\/www.boixados.com\\\/?s={search_term_string}\"},\"query-input\":{\"@type\":\"PropertyValueSpecification\",\"valueRequired\":true,\"valueName\":\"search_term_string\"}}],\"inLanguage\":\"en-US\"},{\"@type\":\"Organization\",\"@id\":\"https:\\\/\\\/www.boixados.com\\\/#organization\",\"name\":\"Boixad\u00f3s\",\"alternateName\":\"Boixad\u00f3s Smart Metal Packaging\",\"url\":\"https:\\\/\\\/www.boixados.com\\\/\",\"logo\":{\"@type\":\"ImageObject\",\"inLanguage\":\"en-US\",\"@id\":\"https:\\\/\\\/www.boixados.com\\\/#\\\/schema\\\/logo\\\/image\\\/\",\"url\":\"https:\\\/\\\/www.boixados.com\\\/wp-content\\\/uploads\\\/2022\\\/06\\\/logo-home.png\",\"contentUrl\":\"https:\\\/\\\/www.boixados.com\\\/wp-content\\\/uploads\\\/2022\\\/06\\\/logo-home.png\",\"width\":280,\"height\":81,\"caption\":\"Boixad\u00f3s\"},\"image\":{\"@id\":\"https:\\\/\\\/www.boixados.com\\\/#\\\/schema\\\/logo\\\/image\\\/\"},\"sameAs\":[\"https:\\\/\\\/www.facebook.com\\\/SmartBoixados\\\/\",\"https:\\\/\\\/es.linkedin.com\\\/company\\\/smartboixados\",\"https:\\\/\\\/www.youtube.com\\\/c\\\/boixadosenvasosmetallicssl\"]}]}<\/script>\n<!-- \/ Yoast SEO plugin. -->","yoast_head_json":{"title":"Privacy Policy - Boixad\u00f3s","robots":{"index":"noindex","follow":"follow"},"og_locale":"en_US","og_type":"article","og_title":"Privacy Policy - Boixad\u00f3s","og_description":"&nbsp; DATA PROTECTION INFORMATION &nbsp; 1. Data relating to the Data Controller \u00a0 \u00a0 \u00a0 \u00a0 \u00a0 \u00a0 \u00a0 \u00a0 \u00a0 \u00a0 \u00a0 \u00a0Data Controller \u00a0\u00a0&#8211; Company: BOIXADOS ENVASOS METAL\u00b7LICS SL \u00a0\u00a0&#8211; Company tax ID number (CIF): B60519006 \u00a0\u00a0&#8211; Company address: CARRETERA DE BERGA 183-187 &#8211; (08272) SANT FRUITOS DE BAGES \u00a0\u00a0&#8211; Company email address: [&hellip;]","og_url":"https:\/\/www.boixados.com\/en\/privacy-policy\/","og_site_name":"Boixad\u00f3s","article_publisher":"https:\/\/www.facebook.com\/SmartBoixados\/","article_modified_time":"2023-11-20T16:44:15+00:00","og_image":[{"width":646,"height":316,"url":"https:\/\/www.boixados.com\/wp-content\/uploads\/2022\/06\/home5.jpg","type":"image\/jpeg"}],"twitter_card":"summary_large_image","twitter_misc":{"Est. reading time":"4 minutes"},"schema":{"@context":"https:\/\/schema.org","@graph":[{"@type":"WebPage","@id":"https:\/\/www.boixados.com\/en\/privacy-policy\/","url":"https:\/\/www.boixados.com\/en\/privacy-policy\/","name":"Privacy Policy - Boixad\u00f3s","isPartOf":{"@id":"https:\/\/www.boixados.com\/#website"},"datePublished":"2022-06-20T08:06:26+00:00","dateModified":"2023-11-20T16:44:15+00:00","breadcrumb":{"@id":"https:\/\/www.boixados.com\/en\/privacy-policy\/#breadcrumb"},"inLanguage":"en-US","potentialAction":[{"@type":"ReadAction","target":["https:\/\/www.boixados.com\/en\/privacy-policy\/"]}]},{"@type":"BreadcrumbList","@id":"https:\/\/www.boixados.com\/en\/privacy-policy\/#breadcrumb","itemListElement":[{"@type":"ListItem","position":1,"name":"Portada","item":"https:\/\/www.boixados.com\/en\/"},{"@type":"ListItem","position":2,"name":"Privacy Policy"}]},{"@type":"WebSite","@id":"https:\/\/www.boixados.com\/#website","url":"https:\/\/www.boixados.com\/","name":"Boixad\u00f3s","description":"Dise\u00f1o y fabricaci\u00f3n de envases met\u00e1licos.","publisher":{"@id":"https:\/\/www.boixados.com\/#organization"},"alternateName":"Boixad\u00f3s Smart Metal Packaging","potentialAction":[{"@type":"SearchAction","target":{"@type":"EntryPoint","urlTemplate":"https:\/\/www.boixados.com\/?s={search_term_string}"},"query-input":{"@type":"PropertyValueSpecification","valueRequired":true,"valueName":"search_term_string"}}],"inLanguage":"en-US"},{"@type":"Organization","@id":"https:\/\/www.boixados.com\/#organization","name":"Boixad\u00f3s","alternateName":"Boixad\u00f3s Smart Metal Packaging","url":"https:\/\/www.boixados.com\/","logo":{"@type":"ImageObject","inLanguage":"en-US","@id":"https:\/\/www.boixados.com\/#\/schema\/logo\/image\/","url":"https:\/\/www.boixados.com\/wp-content\/uploads\/2022\/06\/logo-home.png","contentUrl":"https:\/\/www.boixados.com\/wp-content\/uploads\/2022\/06\/logo-home.png","width":280,"height":81,"caption":"Boixad\u00f3s"},"image":{"@id":"https:\/\/www.boixados.com\/#\/schema\/logo\/image\/"},"sameAs":["https:\/\/www.facebook.com\/SmartBoixados\/","https:\/\/es.linkedin.com\/company\/smartboixados","https:\/\/www.youtube.com\/c\/boixadosenvasosmetallicssl"]}]}},"_links":{"self":[{"href":"https:\/\/www.boixados.com\/en\/wp-json\/wp\/v2\/pages\/10370","targetHints":{"allow":["GET"]}}],"collection":[{"href":"https:\/\/www.boixados.com\/en\/wp-json\/wp\/v2\/pages"}],"about":[{"href":"https:\/\/www.boixados.com\/en\/wp-json\/wp\/v2\/types\/page"}],"author":[{"embeddable":true,"href":"https:\/\/www.boixados.com\/en\/wp-json\/wp\/v2\/users\/2"}],"replies":[{"embeddable":true,"href":"https:\/\/www.boixados.com\/en\/wp-json\/wp\/v2\/comments?post=10370"}],"version-history":[{"count":0,"href":"https:\/\/www.boixados.com\/en\/wp-json\/wp\/v2\/pages\/10370\/revisions"}],"wp:attachment":[{"href":"https:\/\/www.boixados.com\/en\/wp-json\/wp\/v2\/media?parent=10370"}],"curies":[{"name":"wp","href":"https:\/\/api.w.org\/{rel}","templated":true}]}}