{"id":10365,"date":"2021-02-18T07:17:57","date_gmt":"2021-02-18T05:17:57","guid":{"rendered":"https:\/\/www.boixados.com\/cart\/"},"modified":"2023-11-20T18:12:36","modified_gmt":"2023-11-20T16:12:36","slug":"cart","status":"publish","type":"page","link":"https:\/\/www.boixados.com\/en\/cart\/","title":{"rendered":"Cart"},"content":{"rendered":"<div class=\"woocommerce\"><div class=\"woocommerce-notices-wrapper\"><\/div><div class=\"wc-empty-cart-message\">\n\t<div class=\"cart-empty woocommerce-info\" role=\"status\">\n\t\tYour cart is currently empty.\t<\/div>\n<\/div>\t<p class=\"return-to-shop\">\n\t\t<a class=\"button wc-backward\" href=\"https:\/\/www.boixados.com\/en\/shop\/\">\n\t\t\tReturn to shop\t\t<\/a>\n\t<\/p>\n<\/div>\n","protected":false},"excerpt":{"rendered":"","protected":false},"author":2,"featured_media":0,"parent":0,"menu_order":0,"comment_status":"closed","ping_status":"closed","template":"","meta":{"_acf_changed":false,"footnotes":""},"class_list":["post-10365","page","type-page","status-publish","hentry"],"acf":[],"yoast_head":"<!-- This site is optimized with the Yoast SEO plugin v27.4 - https:\/\/yoast.com\/product\/yoast-seo-wordpress\/ -->\n<title>Shopping cart - Boixad\u00f3s<\/title>\n<meta name=\"description\" content=\"Manufacture and sale of lithographed or blank metal containers for the food, industrial, pharma or marketing sector.\" \/>\n<meta name=\"robots\" content=\"noindex, follow\" \/>\n<meta property=\"og:locale\" content=\"en_US\" \/>\n<meta property=\"og:type\" content=\"article\" \/>\n<meta property=\"og:title\" content=\"Shopping cart - Boixad\u00f3s\" \/>\n<meta property=\"og:description\" content=\"Manufacture and sale of lithographed or blank metal containers for the food, industrial, pharma or marketing sector.\" \/>\n<meta property=\"og:url\" content=\"https:\/\/www.boixados.com\/en\/cart\/\" \/>\n<meta property=\"og:site_name\" content=\"Boixad\u00f3s\" \/>\n<meta property=\"article:publisher\" content=\"https:\/\/www.facebook.com\/SmartBoixados\/\" \/>\n<meta property=\"article:modified_time\" content=\"2023-11-20T16:12:36+00:00\" \/>\n<meta property=\"og:image\" content=\"https:\/\/www.boixados.com\/wp-content\/uploads\/2022\/06\/home5.jpg\" \/>\n\t<meta property=\"og:image:width\" content=\"646\" \/>\n\t<meta property=\"og:image:height\" content=\"316\" \/>\n\t<meta property=\"og:image:type\" content=\"image\/jpeg\" \/>\n<meta name=\"twitter:card\" content=\"summary_large_image\" \/>\n<meta name=\"twitter:label1\" content=\"Est. reading time\" \/>\n\t<meta name=\"twitter:data1\" content=\"1 minute\" \/>\n<script type=\"application\/ld+json\" class=\"yoast-schema-graph\">{\"@context\":\"https:\\\/\\\/schema.org\",\"@graph\":[{\"@type\":\"WebPage\",\"@id\":\"https:\\\/\\\/www.boixados.com\\\/en\\\/cart\\\/\",\"url\":\"https:\\\/\\\/www.boixados.com\\\/en\\\/cart\\\/\",\"name\":\"Shopping cart - Boixad\u00f3s\",\"isPartOf\":{\"@id\":\"https:\\\/\\\/www.boixados.com\\\/#website\"},\"datePublished\":\"2021-02-18T05:17:57+00:00\",\"dateModified\":\"2023-11-20T16:12:36+00:00\",\"description\":\"Manufacture and sale of lithographed or blank metal containers for the food, industrial, pharma or marketing sector.\",\"breadcrumb\":{\"@id\":\"https:\\\/\\\/www.boixados.com\\\/en\\\/cart\\\/#breadcrumb\"},\"inLanguage\":\"en-US\",\"potentialAction\":[{\"@type\":\"ReadAction\",\"target\":[\"https:\\\/\\\/www.boixados.com\\\/en\\\/cart\\\/\"]}]},{\"@type\":\"BreadcrumbList\",\"@id\":\"https:\\\/\\\/www.boixados.com\\\/en\\\/cart\\\/#breadcrumb\",\"itemListElement\":[{\"@type\":\"ListItem\",\"position\":1,\"name\":\"Portada\",\"item\":\"https:\\\/\\\/www.boixados.com\\\/en\\\/\"},{\"@type\":\"ListItem\",\"position\":2,\"name\":\"Cart\"}]},{\"@type\":\"WebSite\",\"@id\":\"https:\\\/\\\/www.boixados.com\\\/#website\",\"url\":\"https:\\\/\\\/www.boixados.com\\\/\",\"name\":\"Boixad\u00f3s\",\"description\":\"Dise\u00f1o y fabricaci\u00f3n de envases met\u00e1licos.\",\"publisher\":{\"@id\":\"https:\\\/\\\/www.boixados.com\\\/#organization\"},\"alternateName\":\"Boixad\u00f3s Smart Metal Packaging\",\"potentialAction\":[{\"@type\":\"SearchAction\",\"target\":{\"@type\":\"EntryPoint\",\"urlTemplate\":\"https:\\\/\\\/www.boixados.com\\\/?s={search_term_string}\"},\"query-input\":{\"@type\":\"PropertyValueSpecification\",\"valueRequired\":true,\"valueName\":\"search_term_string\"}}],\"inLanguage\":\"en-US\"},{\"@type\":\"Organization\",\"@id\":\"https:\\\/\\\/www.boixados.com\\\/#organization\",\"name\":\"Boixad\u00f3s\",\"alternateName\":\"Boixad\u00f3s Smart Metal Packaging\",\"url\":\"https:\\\/\\\/www.boixados.com\\\/\",\"logo\":{\"@type\":\"ImageObject\",\"inLanguage\":\"en-US\",\"@id\":\"https:\\\/\\\/www.boixados.com\\\/#\\\/schema\\\/logo\\\/image\\\/\",\"url\":\"https:\\\/\\\/www.boixados.com\\\/wp-content\\\/uploads\\\/2022\\\/06\\\/logo-home.png\",\"contentUrl\":\"https:\\\/\\\/www.boixados.com\\\/wp-content\\\/uploads\\\/2022\\\/06\\\/logo-home.png\",\"width\":280,\"height\":81,\"caption\":\"Boixad\u00f3s\"},\"image\":{\"@id\":\"https:\\\/\\\/www.boixados.com\\\/#\\\/schema\\\/logo\\\/image\\\/\"},\"sameAs\":[\"https:\\\/\\\/www.facebook.com\\\/SmartBoixados\\\/\",\"https:\\\/\\\/es.linkedin.com\\\/company\\\/smartboixados\",\"https:\\\/\\\/www.youtube.com\\\/c\\\/boixadosenvasosmetallicssl\"]}]}<\/script>\n<!-- \/ Yoast SEO plugin. -->","yoast_head_json":{"title":"Shopping cart - Boixad\u00f3s","description":"Manufacture and sale of lithographed or blank metal containers for the food, industrial, pharma or marketing sector.","robots":{"index":"noindex","follow":"follow"},"og_locale":"en_US","og_type":"article","og_title":"Shopping cart - Boixad\u00f3s","og_description":"Manufacture and sale of lithographed or blank metal containers for the food, industrial, pharma or marketing sector.","og_url":"https:\/\/www.boixados.com\/en\/cart\/","og_site_name":"Boixad\u00f3s","article_publisher":"https:\/\/www.facebook.com\/SmartBoixados\/","article_modified_time":"2023-11-20T16:12:36+00:00","og_image":[{"width":646,"height":316,"url":"https:\/\/www.boixados.com\/wp-content\/uploads\/2022\/06\/home5.jpg","type":"image\/jpeg"}],"twitter_card":"summary_large_image","twitter_misc":{"Est. reading time":"1 minute"},"schema":{"@context":"https:\/\/schema.org","@graph":[{"@type":"WebPage","@id":"https:\/\/www.boixados.com\/en\/cart\/","url":"https:\/\/www.boixados.com\/en\/cart\/","name":"Shopping cart - Boixad\u00f3s","isPartOf":{"@id":"https:\/\/www.boixados.com\/#website"},"datePublished":"2021-02-18T05:17:57+00:00","dateModified":"2023-11-20T16:12:36+00:00","description":"Manufacture and sale of lithographed or blank metal containers for the food, industrial, pharma or marketing sector.","breadcrumb":{"@id":"https:\/\/www.boixados.com\/en\/cart\/#breadcrumb"},"inLanguage":"en-US","potentialAction":[{"@type":"ReadAction","target":["https:\/\/www.boixados.com\/en\/cart\/"]}]},{"@type":"BreadcrumbList","@id":"https:\/\/www.boixados.com\/en\/cart\/#breadcrumb","itemListElement":[{"@type":"ListItem","position":1,"name":"Portada","item":"https:\/\/www.boixados.com\/en\/"},{"@type":"ListItem","position":2,"name":"Cart"}]},{"@type":"WebSite","@id":"https:\/\/www.boixados.com\/#website","url":"https:\/\/www.boixados.com\/","name":"Boixad\u00f3s","description":"Dise\u00f1o y fabricaci\u00f3n de envases met\u00e1licos.","publisher":{"@id":"https:\/\/www.boixados.com\/#organization"},"alternateName":"Boixad\u00f3s Smart Metal Packaging","potentialAction":[{"@type":"SearchAction","target":{"@type":"EntryPoint","urlTemplate":"https:\/\/www.boixados.com\/?s={search_term_string}"},"query-input":{"@type":"PropertyValueSpecification","valueRequired":true,"valueName":"search_term_string"}}],"inLanguage":"en-US"},{"@type":"Organization","@id":"https:\/\/www.boixados.com\/#organization","name":"Boixad\u00f3s","alternateName":"Boixad\u00f3s Smart Metal Packaging","url":"https:\/\/www.boixados.com\/","logo":{"@type":"ImageObject","inLanguage":"en-US","@id":"https:\/\/www.boixados.com\/#\/schema\/logo\/image\/","url":"https:\/\/www.boixados.com\/wp-content\/uploads\/2022\/06\/logo-home.png","contentUrl":"https:\/\/www.boixados.com\/wp-content\/uploads\/2022\/06\/logo-home.png","width":280,"height":81,"caption":"Boixad\u00f3s"},"image":{"@id":"https:\/\/www.boixados.com\/#\/schema\/logo\/image\/"},"sameAs":["https:\/\/www.facebook.com\/SmartBoixados\/","https:\/\/es.linkedin.com\/company\/smartboixados","https:\/\/www.youtube.com\/c\/boixadosenvasosmetallicssl"]}]}},"_links":{"self":[{"href":"https:\/\/www.boixados.com\/en\/wp-json\/wp\/v2\/pages\/10365","targetHints":{"allow":["GET"]}}],"collection":[{"href":"https:\/\/www.boixados.com\/en\/wp-json\/wp\/v2\/pages"}],"about":[{"href":"https:\/\/www.boixados.com\/en\/wp-json\/wp\/v2\/types\/page"}],"author":[{"embeddable":true,"href":"https:\/\/www.boixados.com\/en\/wp-json\/wp\/v2\/users\/2"}],"replies":[{"embeddable":true,"href":"https:\/\/www.boixados.com\/en\/wp-json\/wp\/v2\/comments?post=10365"}],"version-history":[{"count":0,"href":"https:\/\/www.boixados.com\/en\/wp-json\/wp\/v2\/pages\/10365\/revisions"}],"wp:attachment":[{"href":"https:\/\/www.boixados.com\/en\/wp-json\/wp\/v2\/media?parent=10365"}],"curies":[{"name":"wp","href":"https:\/\/api.w.org\/{rel}","templated":true}]}}