{"id":15798,"date":"2026-01-16T20:37:04","date_gmt":"2026-01-16T18:37:04","guid":{"rendered":"https:\/\/www.boixados.com\/?post_type=product&#038;p=15798"},"modified":"2026-04-16T14:04:44","modified_gmt":"2026-04-16T12:04:44","slug":"grapa-seguretat","status":"publish","type":"product","link":"https:\/\/www.boixados.com\/ca\/producte\/grapa-seguretat\/","title":{"rendered":"Grapes de Seguretat  &#8211; Pack 100 unitats"},"content":{"rendered":"<div>\n<div class=\"ewa-rteLine\">Grapes o clips de seguretat per als envasos de Doble Tancament, tipus tapa de pintura.<br \/>\nAssegura encara m\u00e9s el tancament de l&#8217;env\u00e0s per al transport de mercaderies perilloses<br \/>\nPer a envasos des de \u00d865 fins a \u00d8170 amb tapa de Doble Tancament<\/div>\n<\/div>\n","protected":false},"excerpt":{"rendered":"<div>\n<div class=\"ewa-rteLine\">Grapes o clips de seguretat per als envasos de Doble Tancament, tipus tapa de pintura.<br \/>\nAssegura encara m\u00e9s el tancament de l&#8217;env\u00e0s per al transport de mercaderies perilloses<br \/>\nPer a envasos des de \u00d865 fins a \u00d8170 amb tapa de Doble Tancament<\/div>\n<\/div>\n<div><\/div>\n","protected":false},"featured_media":15779,"template":"","meta":{"_acf_changed":false},"product_brand":[],"product_cat":[302,180,205],"product_tag":[],"class_list":{"0":"post-15798","1":"product","2":"type-product","3":"status-publish","4":"has-post-thumbnail","6":"product_cat-accesoris","7":"product_cat-industrial-ca","8":"product_cat-marqueting","9":"product_shipping_class-transport1","11":"first","12":"instock","13":"taxable","14":"shipping-taxable","15":"purchasable","16":"product-type-variable"},"acf":[],"yoast_head":"<!-- This site is optimized with the Yoast SEO plugin v27.4 - https:\/\/yoast.com\/product\/yoast-seo-wordpress\/ -->\n<title>Grapes de Seguretat - Pack 100 unitats - Boixad\u00f3s<\/title>\n<meta name=\"robots\" content=\"noindex, follow\" \/>\n<meta property=\"og:locale\" content=\"ca_ES\" \/>\n<meta property=\"og:type\" content=\"article\" \/>\n<meta property=\"og:title\" content=\"Grapes de Seguretat - Pack 100 unitats - Boixad\u00f3s\" \/>\n<meta property=\"og:description\" content=\"Grapes o clips de seguretat per als envasos de Doble Tancament, tipus tapa de pintura. Assegura encara m\u00e9s el tancament de l&#039;env\u00e0s per al transport de mercaderies perilloses Per a envasos des de \u00d865 fins a \u00d8170 amb tapa de Doble Tancament\" \/>\n<meta property=\"og:url\" content=\"https:\/\/www.boixados.com\/ca\/product\/grapa-seguretat\/\" \/>\n<meta property=\"og:site_name\" content=\"Boixad\u00f3s\" \/>\n<meta property=\"article:publisher\" content=\"https:\/\/www.facebook.com\/SmartBoixados\/\" \/>\n<meta property=\"article:modified_time\" content=\"2026-04-16T12:04:44+00:00\" \/>\n<meta property=\"og:image\" content=\"https:\/\/www.boixados.com\/wp-content\/uploads\/2026\/01\/Boixados_grapas_doble_cierre_02.jpg\" \/>\n\t<meta property=\"og:image:width\" content=\"1200\" \/>\n\t<meta property=\"og:image:height\" content=\"1200\" \/>\n\t<meta property=\"og:image:type\" content=\"image\/jpeg\" \/>\n<meta name=\"twitter:card\" content=\"summary_large_image\" \/>\n<meta name=\"twitter:label1\" content=\"Est. reading time\" \/>\n\t<meta name=\"twitter:data1\" content=\"1 minute\" \/>\n<script type=\"application\/ld+json\" class=\"yoast-schema-graph\">{\"@context\":\"https:\\\/\\\/schema.org\",\"@graph\":[{\"@type\":\"WebPage\",\"@id\":\"https:\\\/\\\/www.boixados.com\\\/ca\\\/product\\\/grapa-seguretat\\\/\",\"url\":\"https:\\\/\\\/www.boixados.com\\\/ca\\\/product\\\/grapa-seguretat\\\/\",\"name\":\"Grapes de Seguretat - Pack 100 unitats - Boixad\u00f3s\",\"isPartOf\":{\"@id\":\"https:\\\/\\\/www.boixados.com\\\/#website\"},\"primaryImageOfPage\":{\"@id\":\"https:\\\/\\\/www.boixados.com\\\/ca\\\/product\\\/grapa-seguretat\\\/#primaryimage\"},\"image\":{\"@id\":\"https:\\\/\\\/www.boixados.com\\\/ca\\\/product\\\/grapa-seguretat\\\/#primaryimage\"},\"thumbnailUrl\":\"https:\\\/\\\/www.boixados.com\\\/wp-content\\\/uploads\\\/2026\\\/01\\\/Boixados_grapas_doble_cierre_02.jpg\",\"datePublished\":\"2026-01-16T18:37:04+00:00\",\"dateModified\":\"2026-04-16T12:04:44+00:00\",\"breadcrumb\":{\"@id\":\"https:\\\/\\\/www.boixados.com\\\/ca\\\/product\\\/grapa-seguretat\\\/#breadcrumb\"},\"inLanguage\":\"ca-ES\",\"potentialAction\":[{\"@type\":\"ReadAction\",\"target\":[\"https:\\\/\\\/www.boixados.com\\\/ca\\\/product\\\/grapa-seguretat\\\/\"]}]},{\"@type\":\"ImageObject\",\"inLanguage\":\"ca-ES\",\"@id\":\"https:\\\/\\\/www.boixados.com\\\/ca\\\/product\\\/grapa-seguretat\\\/#primaryimage\",\"url\":\"https:\\\/\\\/www.boixados.com\\\/wp-content\\\/uploads\\\/2026\\\/01\\\/Boixados_grapas_doble_cierre_02.jpg\",\"contentUrl\":\"https:\\\/\\\/www.boixados.com\\\/wp-content\\\/uploads\\\/2026\\\/01\\\/Boixados_grapas_doble_cierre_02.jpg\",\"width\":1200,\"height\":1200},{\"@type\":\"BreadcrumbList\",\"@id\":\"https:\\\/\\\/www.boixados.com\\\/ca\\\/product\\\/grapa-seguretat\\\/#breadcrumb\",\"itemListElement\":[{\"@type\":\"ListItem\",\"position\":1,\"name\":\"Portada\",\"item\":\"https:\\\/\\\/www.boixados.com\\\/\"},{\"@type\":\"ListItem\",\"position\":2,\"name\":\"BOTIGA ONLINE\",\"item\":\"https:\\\/\\\/www.boixados.com\\\/ca\\\/compra\\\/\"},{\"@type\":\"ListItem\",\"position\":3,\"name\":\"Grapes de Seguretat &#8211; Pack 100 unitats\"}]},{\"@type\":\"WebSite\",\"@id\":\"https:\\\/\\\/www.boixados.com\\\/#website\",\"url\":\"https:\\\/\\\/www.boixados.com\\\/\",\"name\":\"Boixad\u00f3s\",\"description\":\"Dise\u00f1o y fabricaci\u00f3n de envases met\u00e1licos.\",\"publisher\":{\"@id\":\"https:\\\/\\\/www.boixados.com\\\/#organization\"},\"alternateName\":\"Boixad\u00f3s Smart Metal Packaging\",\"potentialAction\":[{\"@type\":\"SearchAction\",\"target\":{\"@type\":\"EntryPoint\",\"urlTemplate\":\"https:\\\/\\\/www.boixados.com\\\/?s={search_term_string}\"},\"query-input\":{\"@type\":\"PropertyValueSpecification\",\"valueRequired\":true,\"valueName\":\"search_term_string\"}}],\"inLanguage\":\"ca-ES\"},{\"@type\":\"Organization\",\"@id\":\"https:\\\/\\\/www.boixados.com\\\/#organization\",\"name\":\"Boixad\u00f3s\",\"alternateName\":\"Boixad\u00f3s Smart Metal Packaging\",\"url\":\"https:\\\/\\\/www.boixados.com\\\/\",\"logo\":{\"@type\":\"ImageObject\",\"inLanguage\":\"ca-ES\",\"@id\":\"https:\\\/\\\/www.boixados.com\\\/#\\\/schema\\\/logo\\\/image\\\/\",\"url\":\"https:\\\/\\\/www.boixados.com\\\/wp-content\\\/uploads\\\/2022\\\/06\\\/logo-home.png\",\"contentUrl\":\"https:\\\/\\\/www.boixados.com\\\/wp-content\\\/uploads\\\/2022\\\/06\\\/logo-home.png\",\"width\":280,\"height\":81,\"caption\":\"Boixad\u00f3s\"},\"image\":{\"@id\":\"https:\\\/\\\/www.boixados.com\\\/#\\\/schema\\\/logo\\\/image\\\/\"},\"sameAs\":[\"https:\\\/\\\/www.facebook.com\\\/SmartBoixados\\\/\",\"https:\\\/\\\/es.linkedin.com\\\/company\\\/smartboixados\",\"https:\\\/\\\/www.youtube.com\\\/c\\\/boixadosenvasosmetallicssl\"]}]}<\/script>\n<!-- \/ Yoast SEO plugin. -->","yoast_head_json":{"title":"Grapes de Seguretat - Pack 100 unitats - Boixad\u00f3s","robots":{"index":"noindex","follow":"follow"},"og_locale":"ca_ES","og_type":"article","og_title":"Grapes de Seguretat - Pack 100 unitats - Boixad\u00f3s","og_description":"Grapes o clips de seguretat per als envasos de Doble Tancament, tipus tapa de pintura. Assegura encara m\u00e9s el tancament de l'env\u00e0s per al transport de mercaderies perilloses Per a envasos des de \u00d865 fins a \u00d8170 amb tapa de Doble Tancament","og_url":"https:\/\/www.boixados.com\/ca\/product\/grapa-seguretat\/","og_site_name":"Boixad\u00f3s","article_publisher":"https:\/\/www.facebook.com\/SmartBoixados\/","article_modified_time":"2026-04-16T12:04:44+00:00","og_image":[{"width":1200,"height":1200,"url":"https:\/\/www.boixados.com\/wp-content\/uploads\/2026\/01\/Boixados_grapas_doble_cierre_02.jpg","type":"image\/jpeg"}],"twitter_card":"summary_large_image","twitter_misc":{"Est. reading time":"1 minute"},"schema":{"@context":"https:\/\/schema.org","@graph":[{"@type":"WebPage","@id":"https:\/\/www.boixados.com\/ca\/product\/grapa-seguretat\/","url":"https:\/\/www.boixados.com\/ca\/product\/grapa-seguretat\/","name":"Grapes de Seguretat - Pack 100 unitats - Boixad\u00f3s","isPartOf":{"@id":"https:\/\/www.boixados.com\/#website"},"primaryImageOfPage":{"@id":"https:\/\/www.boixados.com\/ca\/product\/grapa-seguretat\/#primaryimage"},"image":{"@id":"https:\/\/www.boixados.com\/ca\/product\/grapa-seguretat\/#primaryimage"},"thumbnailUrl":"https:\/\/www.boixados.com\/wp-content\/uploads\/2026\/01\/Boixados_grapas_doble_cierre_02.jpg","datePublished":"2026-01-16T18:37:04+00:00","dateModified":"2026-04-16T12:04:44+00:00","breadcrumb":{"@id":"https:\/\/www.boixados.com\/ca\/product\/grapa-seguretat\/#breadcrumb"},"inLanguage":"ca-ES","potentialAction":[{"@type":"ReadAction","target":["https:\/\/www.boixados.com\/ca\/product\/grapa-seguretat\/"]}]},{"@type":"ImageObject","inLanguage":"ca-ES","@id":"https:\/\/www.boixados.com\/ca\/product\/grapa-seguretat\/#primaryimage","url":"https:\/\/www.boixados.com\/wp-content\/uploads\/2026\/01\/Boixados_grapas_doble_cierre_02.jpg","contentUrl":"https:\/\/www.boixados.com\/wp-content\/uploads\/2026\/01\/Boixados_grapas_doble_cierre_02.jpg","width":1200,"height":1200},{"@type":"BreadcrumbList","@id":"https:\/\/www.boixados.com\/ca\/product\/grapa-seguretat\/#breadcrumb","itemListElement":[{"@type":"ListItem","position":1,"name":"Portada","item":"https:\/\/www.boixados.com\/"},{"@type":"ListItem","position":2,"name":"BOTIGA ONLINE","item":"https:\/\/www.boixados.com\/ca\/compra\/"},{"@type":"ListItem","position":3,"name":"Grapes de Seguretat &#8211; Pack 100 unitats"}]},{"@type":"WebSite","@id":"https:\/\/www.boixados.com\/#website","url":"https:\/\/www.boixados.com\/","name":"Boixad\u00f3s","description":"Dise\u00f1o y fabricaci\u00f3n de envases met\u00e1licos.","publisher":{"@id":"https:\/\/www.boixados.com\/#organization"},"alternateName":"Boixad\u00f3s Smart Metal Packaging","potentialAction":[{"@type":"SearchAction","target":{"@type":"EntryPoint","urlTemplate":"https:\/\/www.boixados.com\/?s={search_term_string}"},"query-input":{"@type":"PropertyValueSpecification","valueRequired":true,"valueName":"search_term_string"}}],"inLanguage":"ca-ES"},{"@type":"Organization","@id":"https:\/\/www.boixados.com\/#organization","name":"Boixad\u00f3s","alternateName":"Boixad\u00f3s Smart Metal Packaging","url":"https:\/\/www.boixados.com\/","logo":{"@type":"ImageObject","inLanguage":"ca-ES","@id":"https:\/\/www.boixados.com\/#\/schema\/logo\/image\/","url":"https:\/\/www.boixados.com\/wp-content\/uploads\/2022\/06\/logo-home.png","contentUrl":"https:\/\/www.boixados.com\/wp-content\/uploads\/2022\/06\/logo-home.png","width":280,"height":81,"caption":"Boixad\u00f3s"},"image":{"@id":"https:\/\/www.boixados.com\/#\/schema\/logo\/image\/"},"sameAs":["https:\/\/www.facebook.com\/SmartBoixados\/","https:\/\/es.linkedin.com\/company\/smartboixados","https:\/\/www.youtube.com\/c\/boixadosenvasosmetallicssl"]}]}},"_links":{"self":[{"href":"https:\/\/www.boixados.com\/ca\/wp-json\/wp\/v2\/product\/15798","targetHints":{"allow":["GET"]}}],"collection":[{"href":"https:\/\/www.boixados.com\/ca\/wp-json\/wp\/v2\/product"}],"about":[{"href":"https:\/\/www.boixados.com\/ca\/wp-json\/wp\/v2\/types\/product"}],"wp:featuredmedia":[{"embeddable":true,"href":"https:\/\/www.boixados.com\/ca\/wp-json\/wp\/v2\/media\/15779"}],"wp:attachment":[{"href":"https:\/\/www.boixados.com\/ca\/wp-json\/wp\/v2\/media?parent=15798"}],"wp:term":[{"taxonomy":"product_brand","embeddable":true,"href":"https:\/\/www.boixados.com\/ca\/wp-json\/wp\/v2\/product_brand?post=15798"},{"taxonomy":"product_cat","embeddable":true,"href":"https:\/\/www.boixados.com\/ca\/wp-json\/wp\/v2\/product_cat?post=15798"},{"taxonomy":"product_tag","embeddable":true,"href":"https:\/\/www.boixados.com\/ca\/wp-json\/wp\/v2\/product_tag?post=15798"}],"curies":[{"name":"wp","href":"https:\/\/api.w.org\/{rel}","templated":true}]}}