{"id":13673,"date":"2024-05-10T17:13:06","date_gmt":"2024-05-10T15:13:06","guid":{"rendered":"https:\/\/www.boixados.com\/?post_type=product&#038;p=13673"},"modified":"2026-03-27T12:58:22","modified_gmt":"2026-03-27T10:58:22","slug":"dosificador-oli-per-envasos-metalics","status":"publish","type":"product","link":"https:\/\/www.boixados.com\/ca\/producte\/dosificador-oli-per-envasos-metalics\/","title":{"rendered":"Dosificador per envasos d&#8217;Oli \u2013 Pack 100u."},"content":{"rendered":"<p>Optimitza la teva experi\u00e8ncia amb l&#8217;oli d&#8217;oliva verge extra (AOVE) amb el nostre adaptador dosificador antidegoteig, dissenyat espec\u00edficament per a envasos amb els nostres taps extensibles de \u00d824 mm. Aquest adaptador reutilitzable i durador garanteix una col\u00b7locaci\u00f3 senzilla: simplement obre el tap extensible de l&#8217;env\u00e0s i enrosca l&#8217;adaptador amb facilitat.<\/p>\n<p><strong>Caracter\u00edstiques destacades:<\/strong><\/p>\n<p>\u2013\u00a0<strong>Disposici\u00f3 precisa:<\/strong>\u00a0Proporciona una dosificaci\u00f3 fina i sense degoteigs.<br \/>\n&#8211; <strong>Versatilitat d&#8217;\u00fas:<\/strong> Ideal per a llars, restaurants, cafeteries i bars.<\/p>\n<p>\u2013\u00a0<strong>Experi\u00e8ncia Premium:<\/strong>\u00a0Millora la funcionalitat de l&#8217;env\u00e0s, assegurant un abocament net i controlat.<\/p>\n<p>Amb aquest adaptador, gaudir\u00e0s d\u00b4una dissoluci\u00f3 precisa i sense deixalles del teu oli d\u00b4oliva verge extra, aportant un toc d\u00b4eleg\u00e0ncia i efici\u00e8ncia a cada \u00fas.<\/p>\n","protected":false},"excerpt":{"rendered":"<div>\n<p>Adaptador dosificador antidegoteig per a oli d&#8217;oliva verge extra, compatible amb taps extensibles de \u00d824 mm. F\u00e0cil d&#8217;instal\u00b7lar, reutilitzable i perfecte per a una dosificaci\u00f3 precisa sense degoteigs, ideal per a \u00fas a llars i establiments.<\/p>\n<\/div>\n","protected":false},"featured_media":13676,"template":"","meta":{"_acf_changed":false},"product_brand":[],"product_cat":[302,200],"product_tag":[],"class_list":{"0":"post-13673","1":"product","2":"type-product","3":"status-publish","4":"has-post-thumbnail","6":"product_cat-accesoris","7":"product_cat-alimentari","8":"product_shipping_class-transport1","10":"first","11":"instock","12":"taxable","13":"shipping-taxable","14":"purchasable","15":"product-type-simple"},"acf":[],"yoast_head":"<!-- This site is optimized with the Yoast SEO plugin v27.4 - https:\/\/yoast.com\/product\/yoast-seo-wordpress\/ -->\n<title>Dosificador per envasos d&#039;Oli \u2013 Pack 100u. - Boixad\u00f3s<\/title>\n<meta name=\"robots\" content=\"noindex, follow\" \/>\n<meta property=\"og:locale\" content=\"ca_ES\" \/>\n<meta property=\"og:type\" content=\"article\" \/>\n<meta property=\"og:title\" content=\"Dosificador per envasos d&#039;Oli \u2013 Pack 100u. - Boixad\u00f3s\" \/>\n<meta property=\"og:description\" content=\"Adaptador dosificador antidegoteig per a oli d&#039;oliva verge extra, compatible amb taps extensibles de \u00d824 mm. F\u00e0cil d&#039;instal\u00b7lar, reutilitzable i perfecte per a una dosificaci\u00f3 precisa sense degoteigs, ideal per a \u00fas a llars i establiments.\" \/>\n<meta property=\"og:url\" content=\"https:\/\/www.boixados.com\/ca\/producte\/dosificador-oli-per-envasos-metalics\/\" \/>\n<meta property=\"og:site_name\" content=\"Boixad\u00f3s\" \/>\n<meta property=\"article:publisher\" content=\"https:\/\/www.facebook.com\/SmartBoixados\/\" \/>\n<meta property=\"article:modified_time\" content=\"2026-03-27T10:58:22+00:00\" \/>\n<meta property=\"og:image\" content=\"https:\/\/www.boixados.com\/wp-content\/uploads\/2024\/05\/BOIXADOS-Dosificador-aceite-lata-canula-00.jpg\" \/>\n\t<meta property=\"og:image:width\" content=\"1200\" \/>\n\t<meta property=\"og:image:height\" content=\"1245\" \/>\n\t<meta property=\"og:image:type\" content=\"image\/jpeg\" \/>\n<meta name=\"twitter:card\" content=\"summary_large_image\" \/>\n<meta name=\"twitter:label1\" content=\"Est. reading time\" \/>\n\t<meta name=\"twitter:data1\" content=\"1 minute\" \/>\n<script type=\"application\/ld+json\" class=\"yoast-schema-graph\">{\"@context\":\"https:\\\/\\\/schema.org\",\"@graph\":[{\"@type\":\"WebPage\",\"@id\":\"https:\\\/\\\/www.boixados.com\\\/ca\\\/producte\\\/dosificador-oli-per-envasos-metalics\\\/\",\"url\":\"https:\\\/\\\/www.boixados.com\\\/ca\\\/producte\\\/dosificador-oli-per-envasos-metalics\\\/\",\"name\":\"Dosificador per envasos d'Oli \u2013 Pack 100u. - Boixad\u00f3s\",\"isPartOf\":{\"@id\":\"https:\\\/\\\/www.boixados.com\\\/#website\"},\"primaryImageOfPage\":{\"@id\":\"https:\\\/\\\/www.boixados.com\\\/ca\\\/producte\\\/dosificador-oli-per-envasos-metalics\\\/#primaryimage\"},\"image\":{\"@id\":\"https:\\\/\\\/www.boixados.com\\\/ca\\\/producte\\\/dosificador-oli-per-envasos-metalics\\\/#primaryimage\"},\"thumbnailUrl\":\"https:\\\/\\\/www.boixados.com\\\/wp-content\\\/uploads\\\/2024\\\/05\\\/BOIXADOS-Dosificador-aceite-lata-canula-00.jpg\",\"datePublished\":\"2024-05-10T15:13:06+00:00\",\"dateModified\":\"2026-03-27T10:58:22+00:00\",\"breadcrumb\":{\"@id\":\"https:\\\/\\\/www.boixados.com\\\/ca\\\/producte\\\/dosificador-oli-per-envasos-metalics\\\/#breadcrumb\"},\"inLanguage\":\"ca-ES\",\"potentialAction\":[{\"@type\":\"ReadAction\",\"target\":[\"https:\\\/\\\/www.boixados.com\\\/ca\\\/producte\\\/dosificador-oli-per-envasos-metalics\\\/\"]}]},{\"@type\":\"ImageObject\",\"inLanguage\":\"ca-ES\",\"@id\":\"https:\\\/\\\/www.boixados.com\\\/ca\\\/producte\\\/dosificador-oli-per-envasos-metalics\\\/#primaryimage\",\"url\":\"https:\\\/\\\/www.boixados.com\\\/wp-content\\\/uploads\\\/2024\\\/05\\\/BOIXADOS-Dosificador-aceite-lata-canula-00.jpg\",\"contentUrl\":\"https:\\\/\\\/www.boixados.com\\\/wp-content\\\/uploads\\\/2024\\\/05\\\/BOIXADOS-Dosificador-aceite-lata-canula-00.jpg\",\"width\":1200,\"height\":1245},{\"@type\":\"BreadcrumbList\",\"@id\":\"https:\\\/\\\/www.boixados.com\\\/ca\\\/producte\\\/dosificador-oli-per-envasos-metalics\\\/#breadcrumb\",\"itemListElement\":[{\"@type\":\"ListItem\",\"position\":1,\"name\":\"Portada\",\"item\":\"https:\\\/\\\/www.boixados.com\\\/\"},{\"@type\":\"ListItem\",\"position\":2,\"name\":\"BOTIGA ONLINE\",\"item\":\"https:\\\/\\\/www.boixados.com\\\/ca\\\/compra\\\/\"},{\"@type\":\"ListItem\",\"position\":3,\"name\":\"Dosificador per envasos d&#8217;Oli \u2013 Pack 100u.\"}]},{\"@type\":\"WebSite\",\"@id\":\"https:\\\/\\\/www.boixados.com\\\/#website\",\"url\":\"https:\\\/\\\/www.boixados.com\\\/\",\"name\":\"Boixad\u00f3s\",\"description\":\"Dise\u00f1o y fabricaci\u00f3n de envases met\u00e1licos.\",\"publisher\":{\"@id\":\"https:\\\/\\\/www.boixados.com\\\/#organization\"},\"alternateName\":\"Boixad\u00f3s Smart Metal Packaging\",\"potentialAction\":[{\"@type\":\"SearchAction\",\"target\":{\"@type\":\"EntryPoint\",\"urlTemplate\":\"https:\\\/\\\/www.boixados.com\\\/?s={search_term_string}\"},\"query-input\":{\"@type\":\"PropertyValueSpecification\",\"valueRequired\":true,\"valueName\":\"search_term_string\"}}],\"inLanguage\":\"ca-ES\"},{\"@type\":\"Organization\",\"@id\":\"https:\\\/\\\/www.boixados.com\\\/#organization\",\"name\":\"Boixad\u00f3s\",\"alternateName\":\"Boixad\u00f3s Smart Metal Packaging\",\"url\":\"https:\\\/\\\/www.boixados.com\\\/\",\"logo\":{\"@type\":\"ImageObject\",\"inLanguage\":\"ca-ES\",\"@id\":\"https:\\\/\\\/www.boixados.com\\\/#\\\/schema\\\/logo\\\/image\\\/\",\"url\":\"https:\\\/\\\/www.boixados.com\\\/wp-content\\\/uploads\\\/2022\\\/06\\\/logo-home.png\",\"contentUrl\":\"https:\\\/\\\/www.boixados.com\\\/wp-content\\\/uploads\\\/2022\\\/06\\\/logo-home.png\",\"width\":280,\"height\":81,\"caption\":\"Boixad\u00f3s\"},\"image\":{\"@id\":\"https:\\\/\\\/www.boixados.com\\\/#\\\/schema\\\/logo\\\/image\\\/\"},\"sameAs\":[\"https:\\\/\\\/www.facebook.com\\\/SmartBoixados\\\/\",\"https:\\\/\\\/es.linkedin.com\\\/company\\\/smartboixados\",\"https:\\\/\\\/www.youtube.com\\\/c\\\/boixadosenvasosmetallicssl\"]}]}<\/script>\n<!-- \/ Yoast SEO plugin. -->","yoast_head_json":{"title":"Dosificador per envasos d'Oli \u2013 Pack 100u. - Boixad\u00f3s","robots":{"index":"noindex","follow":"follow"},"og_locale":"ca_ES","og_type":"article","og_title":"Dosificador per envasos d'Oli \u2013 Pack 100u. - Boixad\u00f3s","og_description":"Adaptador dosificador antidegoteig per a oli d'oliva verge extra, compatible amb taps extensibles de \u00d824 mm. F\u00e0cil d'instal\u00b7lar, reutilitzable i perfecte per a una dosificaci\u00f3 precisa sense degoteigs, ideal per a \u00fas a llars i establiments.","og_url":"https:\/\/www.boixados.com\/ca\/producte\/dosificador-oli-per-envasos-metalics\/","og_site_name":"Boixad\u00f3s","article_publisher":"https:\/\/www.facebook.com\/SmartBoixados\/","article_modified_time":"2026-03-27T10:58:22+00:00","og_image":[{"width":1200,"height":1245,"url":"https:\/\/www.boixados.com\/wp-content\/uploads\/2024\/05\/BOIXADOS-Dosificador-aceite-lata-canula-00.jpg","type":"image\/jpeg"}],"twitter_card":"summary_large_image","twitter_misc":{"Est. reading time":"1 minute"},"schema":{"@context":"https:\/\/schema.org","@graph":[{"@type":"WebPage","@id":"https:\/\/www.boixados.com\/ca\/producte\/dosificador-oli-per-envasos-metalics\/","url":"https:\/\/www.boixados.com\/ca\/producte\/dosificador-oli-per-envasos-metalics\/","name":"Dosificador per envasos d'Oli \u2013 Pack 100u. - Boixad\u00f3s","isPartOf":{"@id":"https:\/\/www.boixados.com\/#website"},"primaryImageOfPage":{"@id":"https:\/\/www.boixados.com\/ca\/producte\/dosificador-oli-per-envasos-metalics\/#primaryimage"},"image":{"@id":"https:\/\/www.boixados.com\/ca\/producte\/dosificador-oli-per-envasos-metalics\/#primaryimage"},"thumbnailUrl":"https:\/\/www.boixados.com\/wp-content\/uploads\/2024\/05\/BOIXADOS-Dosificador-aceite-lata-canula-00.jpg","datePublished":"2024-05-10T15:13:06+00:00","dateModified":"2026-03-27T10:58:22+00:00","breadcrumb":{"@id":"https:\/\/www.boixados.com\/ca\/producte\/dosificador-oli-per-envasos-metalics\/#breadcrumb"},"inLanguage":"ca-ES","potentialAction":[{"@type":"ReadAction","target":["https:\/\/www.boixados.com\/ca\/producte\/dosificador-oli-per-envasos-metalics\/"]}]},{"@type":"ImageObject","inLanguage":"ca-ES","@id":"https:\/\/www.boixados.com\/ca\/producte\/dosificador-oli-per-envasos-metalics\/#primaryimage","url":"https:\/\/www.boixados.com\/wp-content\/uploads\/2024\/05\/BOIXADOS-Dosificador-aceite-lata-canula-00.jpg","contentUrl":"https:\/\/www.boixados.com\/wp-content\/uploads\/2024\/05\/BOIXADOS-Dosificador-aceite-lata-canula-00.jpg","width":1200,"height":1245},{"@type":"BreadcrumbList","@id":"https:\/\/www.boixados.com\/ca\/producte\/dosificador-oli-per-envasos-metalics\/#breadcrumb","itemListElement":[{"@type":"ListItem","position":1,"name":"Portada","item":"https:\/\/www.boixados.com\/"},{"@type":"ListItem","position":2,"name":"BOTIGA ONLINE","item":"https:\/\/www.boixados.com\/ca\/compra\/"},{"@type":"ListItem","position":3,"name":"Dosificador per envasos d&#8217;Oli \u2013 Pack 100u."}]},{"@type":"WebSite","@id":"https:\/\/www.boixados.com\/#website","url":"https:\/\/www.boixados.com\/","name":"Boixad\u00f3s","description":"Dise\u00f1o y fabricaci\u00f3n de envases met\u00e1licos.","publisher":{"@id":"https:\/\/www.boixados.com\/#organization"},"alternateName":"Boixad\u00f3s Smart Metal Packaging","potentialAction":[{"@type":"SearchAction","target":{"@type":"EntryPoint","urlTemplate":"https:\/\/www.boixados.com\/?s={search_term_string}"},"query-input":{"@type":"PropertyValueSpecification","valueRequired":true,"valueName":"search_term_string"}}],"inLanguage":"ca-ES"},{"@type":"Organization","@id":"https:\/\/www.boixados.com\/#organization","name":"Boixad\u00f3s","alternateName":"Boixad\u00f3s Smart Metal Packaging","url":"https:\/\/www.boixados.com\/","logo":{"@type":"ImageObject","inLanguage":"ca-ES","@id":"https:\/\/www.boixados.com\/#\/schema\/logo\/image\/","url":"https:\/\/www.boixados.com\/wp-content\/uploads\/2022\/06\/logo-home.png","contentUrl":"https:\/\/www.boixados.com\/wp-content\/uploads\/2022\/06\/logo-home.png","width":280,"height":81,"caption":"Boixad\u00f3s"},"image":{"@id":"https:\/\/www.boixados.com\/#\/schema\/logo\/image\/"},"sameAs":["https:\/\/www.facebook.com\/SmartBoixados\/","https:\/\/es.linkedin.com\/company\/smartboixados","https:\/\/www.youtube.com\/c\/boixadosenvasosmetallicssl"]}]}},"_links":{"self":[{"href":"https:\/\/www.boixados.com\/ca\/wp-json\/wp\/v2\/product\/13673","targetHints":{"allow":["GET"]}}],"collection":[{"href":"https:\/\/www.boixados.com\/ca\/wp-json\/wp\/v2\/product"}],"about":[{"href":"https:\/\/www.boixados.com\/ca\/wp-json\/wp\/v2\/types\/product"}],"wp:featuredmedia":[{"embeddable":true,"href":"https:\/\/www.boixados.com\/ca\/wp-json\/wp\/v2\/media\/13676"}],"wp:attachment":[{"href":"https:\/\/www.boixados.com\/ca\/wp-json\/wp\/v2\/media?parent=13673"}],"wp:term":[{"taxonomy":"product_brand","embeddable":true,"href":"https:\/\/www.boixados.com\/ca\/wp-json\/wp\/v2\/product_brand?post=13673"},{"taxonomy":"product_cat","embeddable":true,"href":"https:\/\/www.boixados.com\/ca\/wp-json\/wp\/v2\/product_cat?post=13673"},{"taxonomy":"product_tag","embeddable":true,"href":"https:\/\/www.boixados.com\/ca\/wp-json\/wp\/v2\/product_tag?post=13673"}],"curies":[{"name":"wp","href":"https:\/\/api.w.org\/{rel}","templated":true}]}}