{"id":13319,"date":"2024-03-01T10:46:20","date_gmt":"2024-03-01T08:46:20","guid":{"rendered":"https:\/\/www.boixados.com\/?post_type=product&#038;p=13319"},"modified":"2026-03-27T12:58:22","modified_gmt":"2026-03-27T10:58:22","slug":"pack-envasos-oli-oliva","status":"publish","type":"product","link":"https:\/\/www.boixados.com\/ca\/producte\/pack-envasos-oli-oliva\/","title":{"rendered":"Pack d&#8217;Envasos d&#8217;Oli Premium"},"content":{"rendered":"<div>\n<p>Aquesta selecci\u00f3 de mostres t&#8217;oferir\u00e0 una visi\u00f3 dels envasos met\u00e0l\u00b7lics per a oli en diferents capacitats i dimensions, des d&#8217;un \u00fas comercial fins a petits envasos ideals per a regal.<\/p>\n<p>Ja siguis un productor d&#8217;oli artesanal, una empresa de m\u00e0rqueting i comunicaci\u00f3 o una empresa que busca la millor presentaci\u00f3 per als seus productes, el nostre Pack de Mostres us oferir\u00e0 una idea completa de les opcions disponibles.<\/p>\n<p>Si algun dels nostres envasos respon a les vostres necessitats, oferim la possibilitat de personalitzar-los amb la vostra marca a partir d&#8217;una comanda m\u00ednima de 1.000 unitats.<\/p>\n<p>Us convidem a aprofitar aquesta oportunitat \u00fanica per descobrir l&#8217;env\u00e0s met\u00e0l\u00b7lic ideal per al vostre oli, explorant el nostre Pack de Mostres d&#8217;Envasos Met\u00e0l\u00b7lics.<\/p>\n<\/div>\n","protected":false},"excerpt":{"rendered":"<p>Experimenta la diversitat dels nostres envasos met\u00e0l\u00b7lics amb el nostre propi Pack de mostres d&#8217;<strong>Envasos Premium<\/strong> per oli, que inclou formats de:<\/p>\n<ul>\n<li>1 u. <strong>1L<\/strong> (68 x 94 x 184 mm.) Or exterior\/Vern\u00eds interior.<\/li>\n<li>1 u. <strong>500 ml.<\/strong> (45 x 76 x 159 mm.) Or exterior\/Vern\u00eds interior.<\/li>\n<li>1 u. <strong>250 ml.<\/strong> (45 x 64 x 108 mm.) Or exterior\/Vern\u00eds interior.<\/li>\n<li>1 u. <strong>100 ml.<\/strong> (60 x 43 x 65 mm.) Plata exterior\/Vern\u00eds interior.<\/li>\n<li>1 u. <strong>100 ml.<\/strong> ( \u00f8 52 x 66 mm.) Plata exterior\/Vern\u00eds interior.<\/li>\n<li>5 u. <strong>Tap Antireompliment<\/strong>\u00a0color Negre.<\/li>\n<\/ul>\n","protected":false},"featured_media":13322,"template":"","meta":{"_acf_changed":false},"product_brand":[],"product_cat":[200],"product_tag":[],"class_list":{"0":"post-13319","1":"product","2":"type-product","3":"status-publish","4":"has-post-thumbnail","6":"product_cat-alimentari","8":"first","9":"instock","10":"taxable","11":"shipping-taxable","12":"purchasable","13":"product-type-simple"},"acf":[],"yoast_head":"<!-- This site is optimized with the Yoast SEO plugin v27.4 - https:\/\/yoast.com\/product\/yoast-seo-wordpress\/ -->\n<title>Pack d&#039;Envasos d&#039;Oli Premium - Boixad\u00f3s<\/title>\n<meta name=\"robots\" content=\"noindex, follow\" \/>\n<meta property=\"og:locale\" content=\"ca_ES\" \/>\n<meta property=\"og:type\" content=\"article\" \/>\n<meta property=\"og:title\" content=\"Pack d&#039;Envasos d&#039;Oli Premium - Boixad\u00f3s\" \/>\n<meta property=\"og:description\" content=\"Experimenta la diversitat dels nostres envasos met\u00e0l\u00b7lics amb el nostre propi Pack de mostres d&#039;Envasos Premium per oli, que inclou formats de:   1 u. 1L (68 x 94 x 184 mm.) Or exterior\/Vern\u00eds interior.  1 u. 500 ml. (45 x 76 x 159 mm.) Or exterior\/Vern\u00eds interior.  1 u. 250 ml. (45 x 64 x 108 mm.) Or exterior\/Vern\u00eds interior.  1 u. 100 ml. (60 x 43 x 65 mm.) Plata exterior\/Vern\u00eds interior.  1 u. 100 ml. ( \u00f8 52 x 66 mm.) Plata exterior\/Vern\u00eds interior.  5 u. Tap Antireompliment\u00a0color Negre.\" \/>\n<meta property=\"og:url\" content=\"https:\/\/www.boixados.com\/ca\/producte\/pack-envasos-oli-oliva\/\" \/>\n<meta property=\"og:site_name\" content=\"Boixad\u00f3s\" \/>\n<meta property=\"article:publisher\" content=\"https:\/\/www.facebook.com\/SmartBoixados\/\" \/>\n<meta property=\"article:modified_time\" content=\"2026-03-27T10:58:22+00:00\" \/>\n<meta property=\"og:image\" content=\"https:\/\/www.boixados.com\/wp-content\/uploads\/2024\/03\/PACK-Llaunes-Oli-premium.jpg\" \/>\n\t<meta property=\"og:image:width\" content=\"1920\" \/>\n\t<meta property=\"og:image:height\" content=\"1282\" \/>\n\t<meta property=\"og:image:type\" content=\"image\/jpeg\" \/>\n<meta name=\"twitter:card\" content=\"summary_large_image\" \/>\n<meta name=\"twitter:label1\" content=\"Est. reading time\" \/>\n\t<meta name=\"twitter:data1\" content=\"1 minute\" \/>\n<script type=\"application\/ld+json\" class=\"yoast-schema-graph\">{\"@context\":\"https:\\\/\\\/schema.org\",\"@graph\":[{\"@type\":\"WebPage\",\"@id\":\"https:\\\/\\\/www.boixados.com\\\/ca\\\/producte\\\/pack-envasos-oli-oliva\\\/\",\"url\":\"https:\\\/\\\/www.boixados.com\\\/ca\\\/producte\\\/pack-envasos-oli-oliva\\\/\",\"name\":\"Pack d'Envasos d'Oli Premium - Boixad\u00f3s\",\"isPartOf\":{\"@id\":\"https:\\\/\\\/www.boixados.com\\\/#website\"},\"primaryImageOfPage\":{\"@id\":\"https:\\\/\\\/www.boixados.com\\\/ca\\\/producte\\\/pack-envasos-oli-oliva\\\/#primaryimage\"},\"image\":{\"@id\":\"https:\\\/\\\/www.boixados.com\\\/ca\\\/producte\\\/pack-envasos-oli-oliva\\\/#primaryimage\"},\"thumbnailUrl\":\"https:\\\/\\\/www.boixados.com\\\/wp-content\\\/uploads\\\/2024\\\/03\\\/PACK-Llaunes-Oli-premium.jpg\",\"datePublished\":\"2024-03-01T08:46:20+00:00\",\"dateModified\":\"2026-03-27T10:58:22+00:00\",\"breadcrumb\":{\"@id\":\"https:\\\/\\\/www.boixados.com\\\/ca\\\/producte\\\/pack-envasos-oli-oliva\\\/#breadcrumb\"},\"inLanguage\":\"ca-ES\",\"potentialAction\":[{\"@type\":\"ReadAction\",\"target\":[\"https:\\\/\\\/www.boixados.com\\\/ca\\\/producte\\\/pack-envasos-oli-oliva\\\/\"]}]},{\"@type\":\"ImageObject\",\"inLanguage\":\"ca-ES\",\"@id\":\"https:\\\/\\\/www.boixados.com\\\/ca\\\/producte\\\/pack-envasos-oli-oliva\\\/#primaryimage\",\"url\":\"https:\\\/\\\/www.boixados.com\\\/wp-content\\\/uploads\\\/2024\\\/03\\\/PACK-Llaunes-Oli-premium.jpg\",\"contentUrl\":\"https:\\\/\\\/www.boixados.com\\\/wp-content\\\/uploads\\\/2024\\\/03\\\/PACK-Llaunes-Oli-premium.jpg\",\"width\":1920,\"height\":1282},{\"@type\":\"BreadcrumbList\",\"@id\":\"https:\\\/\\\/www.boixados.com\\\/ca\\\/producte\\\/pack-envasos-oli-oliva\\\/#breadcrumb\",\"itemListElement\":[{\"@type\":\"ListItem\",\"position\":1,\"name\":\"Portada\",\"item\":\"https:\\\/\\\/www.boixados.com\\\/\"},{\"@type\":\"ListItem\",\"position\":2,\"name\":\"BOTIGA ONLINE\",\"item\":\"https:\\\/\\\/www.boixados.com\\\/ca\\\/compra\\\/\"},{\"@type\":\"ListItem\",\"position\":3,\"name\":\"Pack d&#8217;Envasos d&#8217;Oli Premium\"}]},{\"@type\":\"WebSite\",\"@id\":\"https:\\\/\\\/www.boixados.com\\\/#website\",\"url\":\"https:\\\/\\\/www.boixados.com\\\/\",\"name\":\"Boixad\u00f3s\",\"description\":\"Dise\u00f1o y fabricaci\u00f3n de envases met\u00e1licos.\",\"publisher\":{\"@id\":\"https:\\\/\\\/www.boixados.com\\\/#organization\"},\"alternateName\":\"Boixad\u00f3s Smart Metal Packaging\",\"potentialAction\":[{\"@type\":\"SearchAction\",\"target\":{\"@type\":\"EntryPoint\",\"urlTemplate\":\"https:\\\/\\\/www.boixados.com\\\/?s={search_term_string}\"},\"query-input\":{\"@type\":\"PropertyValueSpecification\",\"valueRequired\":true,\"valueName\":\"search_term_string\"}}],\"inLanguage\":\"ca-ES\"},{\"@type\":\"Organization\",\"@id\":\"https:\\\/\\\/www.boixados.com\\\/#organization\",\"name\":\"Boixad\u00f3s\",\"alternateName\":\"Boixad\u00f3s Smart Metal Packaging\",\"url\":\"https:\\\/\\\/www.boixados.com\\\/\",\"logo\":{\"@type\":\"ImageObject\",\"inLanguage\":\"ca-ES\",\"@id\":\"https:\\\/\\\/www.boixados.com\\\/#\\\/schema\\\/logo\\\/image\\\/\",\"url\":\"https:\\\/\\\/www.boixados.com\\\/wp-content\\\/uploads\\\/2022\\\/06\\\/logo-home.png\",\"contentUrl\":\"https:\\\/\\\/www.boixados.com\\\/wp-content\\\/uploads\\\/2022\\\/06\\\/logo-home.png\",\"width\":280,\"height\":81,\"caption\":\"Boixad\u00f3s\"},\"image\":{\"@id\":\"https:\\\/\\\/www.boixados.com\\\/#\\\/schema\\\/logo\\\/image\\\/\"},\"sameAs\":[\"https:\\\/\\\/www.facebook.com\\\/SmartBoixados\\\/\",\"https:\\\/\\\/es.linkedin.com\\\/company\\\/smartboixados\",\"https:\\\/\\\/www.youtube.com\\\/c\\\/boixadosenvasosmetallicssl\"]}]}<\/script>\n<!-- \/ Yoast SEO plugin. -->","yoast_head_json":{"title":"Pack d'Envasos d'Oli Premium - Boixad\u00f3s","robots":{"index":"noindex","follow":"follow"},"og_locale":"ca_ES","og_type":"article","og_title":"Pack d'Envasos d'Oli Premium - Boixad\u00f3s","og_description":"Experimenta la diversitat dels nostres envasos met\u00e0l\u00b7lics amb el nostre propi Pack de mostres d'Envasos Premium per oli, que inclou formats de:   1 u. 1L (68 x 94 x 184 mm.) Or exterior\/Vern\u00eds interior.  1 u. 500 ml. (45 x 76 x 159 mm.) Or exterior\/Vern\u00eds interior.  1 u. 250 ml. (45 x 64 x 108 mm.) Or exterior\/Vern\u00eds interior.  1 u. 100 ml. (60 x 43 x 65 mm.) Plata exterior\/Vern\u00eds interior.  1 u. 100 ml. ( \u00f8 52 x 66 mm.) Plata exterior\/Vern\u00eds interior.  5 u. Tap Antireompliment\u00a0color Negre.","og_url":"https:\/\/www.boixados.com\/ca\/producte\/pack-envasos-oli-oliva\/","og_site_name":"Boixad\u00f3s","article_publisher":"https:\/\/www.facebook.com\/SmartBoixados\/","article_modified_time":"2026-03-27T10:58:22+00:00","og_image":[{"width":1920,"height":1282,"url":"https:\/\/www.boixados.com\/wp-content\/uploads\/2024\/03\/PACK-Llaunes-Oli-premium.jpg","type":"image\/jpeg"}],"twitter_card":"summary_large_image","twitter_misc":{"Est. reading time":"1 minute"},"schema":{"@context":"https:\/\/schema.org","@graph":[{"@type":"WebPage","@id":"https:\/\/www.boixados.com\/ca\/producte\/pack-envasos-oli-oliva\/","url":"https:\/\/www.boixados.com\/ca\/producte\/pack-envasos-oli-oliva\/","name":"Pack d'Envasos d'Oli Premium - Boixad\u00f3s","isPartOf":{"@id":"https:\/\/www.boixados.com\/#website"},"primaryImageOfPage":{"@id":"https:\/\/www.boixados.com\/ca\/producte\/pack-envasos-oli-oliva\/#primaryimage"},"image":{"@id":"https:\/\/www.boixados.com\/ca\/producte\/pack-envasos-oli-oliva\/#primaryimage"},"thumbnailUrl":"https:\/\/www.boixados.com\/wp-content\/uploads\/2024\/03\/PACK-Llaunes-Oli-premium.jpg","datePublished":"2024-03-01T08:46:20+00:00","dateModified":"2026-03-27T10:58:22+00:00","breadcrumb":{"@id":"https:\/\/www.boixados.com\/ca\/producte\/pack-envasos-oli-oliva\/#breadcrumb"},"inLanguage":"ca-ES","potentialAction":[{"@type":"ReadAction","target":["https:\/\/www.boixados.com\/ca\/producte\/pack-envasos-oli-oliva\/"]}]},{"@type":"ImageObject","inLanguage":"ca-ES","@id":"https:\/\/www.boixados.com\/ca\/producte\/pack-envasos-oli-oliva\/#primaryimage","url":"https:\/\/www.boixados.com\/wp-content\/uploads\/2024\/03\/PACK-Llaunes-Oli-premium.jpg","contentUrl":"https:\/\/www.boixados.com\/wp-content\/uploads\/2024\/03\/PACK-Llaunes-Oli-premium.jpg","width":1920,"height":1282},{"@type":"BreadcrumbList","@id":"https:\/\/www.boixados.com\/ca\/producte\/pack-envasos-oli-oliva\/#breadcrumb","itemListElement":[{"@type":"ListItem","position":1,"name":"Portada","item":"https:\/\/www.boixados.com\/"},{"@type":"ListItem","position":2,"name":"BOTIGA ONLINE","item":"https:\/\/www.boixados.com\/ca\/compra\/"},{"@type":"ListItem","position":3,"name":"Pack d&#8217;Envasos d&#8217;Oli Premium"}]},{"@type":"WebSite","@id":"https:\/\/www.boixados.com\/#website","url":"https:\/\/www.boixados.com\/","name":"Boixad\u00f3s","description":"Dise\u00f1o y fabricaci\u00f3n de envases met\u00e1licos.","publisher":{"@id":"https:\/\/www.boixados.com\/#organization"},"alternateName":"Boixad\u00f3s Smart Metal Packaging","potentialAction":[{"@type":"SearchAction","target":{"@type":"EntryPoint","urlTemplate":"https:\/\/www.boixados.com\/?s={search_term_string}"},"query-input":{"@type":"PropertyValueSpecification","valueRequired":true,"valueName":"search_term_string"}}],"inLanguage":"ca-ES"},{"@type":"Organization","@id":"https:\/\/www.boixados.com\/#organization","name":"Boixad\u00f3s","alternateName":"Boixad\u00f3s Smart Metal Packaging","url":"https:\/\/www.boixados.com\/","logo":{"@type":"ImageObject","inLanguage":"ca-ES","@id":"https:\/\/www.boixados.com\/#\/schema\/logo\/image\/","url":"https:\/\/www.boixados.com\/wp-content\/uploads\/2022\/06\/logo-home.png","contentUrl":"https:\/\/www.boixados.com\/wp-content\/uploads\/2022\/06\/logo-home.png","width":280,"height":81,"caption":"Boixad\u00f3s"},"image":{"@id":"https:\/\/www.boixados.com\/#\/schema\/logo\/image\/"},"sameAs":["https:\/\/www.facebook.com\/SmartBoixados\/","https:\/\/es.linkedin.com\/company\/smartboixados","https:\/\/www.youtube.com\/c\/boixadosenvasosmetallicssl"]}]}},"_links":{"self":[{"href":"https:\/\/www.boixados.com\/ca\/wp-json\/wp\/v2\/product\/13319","targetHints":{"allow":["GET"]}}],"collection":[{"href":"https:\/\/www.boixados.com\/ca\/wp-json\/wp\/v2\/product"}],"about":[{"href":"https:\/\/www.boixados.com\/ca\/wp-json\/wp\/v2\/types\/product"}],"wp:featuredmedia":[{"embeddable":true,"href":"https:\/\/www.boixados.com\/ca\/wp-json\/wp\/v2\/media\/13322"}],"wp:attachment":[{"href":"https:\/\/www.boixados.com\/ca\/wp-json\/wp\/v2\/media?parent=13319"}],"wp:term":[{"taxonomy":"product_brand","embeddable":true,"href":"https:\/\/www.boixados.com\/ca\/wp-json\/wp\/v2\/product_brand?post=13319"},{"taxonomy":"product_cat","embeddable":true,"href":"https:\/\/www.boixados.com\/ca\/wp-json\/wp\/v2\/product_cat?post=13319"},{"taxonomy":"product_tag","embeddable":true,"href":"https:\/\/www.boixados.com\/ca\/wp-json\/wp\/v2\/product_tag?post=13319"}],"curies":[{"name":"wp","href":"https:\/\/api.w.org\/{rel}","templated":true}]}}