{"id":13049,"date":"2024-02-23T13:26:02","date_gmt":"2024-02-23T11:26:02","guid":{"rendered":"https:\/\/www.boixados.com\/?post_type=product&#038;p=13049"},"modified":"2026-03-27T12:58:22","modified_gmt":"2026-03-27T10:58:22","slug":"maquina-colocar-taps","status":"publish","type":"product","link":"https:\/\/www.boixados.com\/ca\/producte\/maquina-colocar-taps\/","title":{"rendered":"M\u00e0quina col\u00b7locar taps"},"content":{"rendered":"<div>\n<p>Premsa per colocar i tancar taps a envasos met\u00e0l\u00b7lics d&#8217;oli.<\/p>\n<p>M\u00e0xima precisi\u00f3 en altura i for\u00e7a pel correcte anclatge del tap a l&#8217;env\u00e0s.<\/p>\n<p>Desde 100ml fins a 3 litres. Per a taps de \u00d824 i \u00d832 mm.<\/p>\n<p>Regulable i ajustable en altura.<\/p>\n<\/div>\n<div><\/div>\n","protected":false},"excerpt":{"rendered":"<div>\n<p>Premsa per colocar i tancar taps a envasos met\u00e0l\u00b7lics d&#8217;oli.<\/p>\n<p>M\u00e0xima precisi\u00f3 en altura i for\u00e7a pel correcte anclatge del tap a l&#8217;env\u00e0s.<\/p>\n<p>Desde 100ml fins a 3 litres. Per a taps de \u00d824 i \u00d832 mm.<\/p>\n<p>Regulable i ajustable en altura.<\/p>\n<p>Una m\u00e0quina per colocar taps per 367\u20ac.<\/p>\n<\/div>\n<div><\/div>\n","protected":false},"featured_media":15112,"template":"","meta":{"_acf_changed":false},"product_brand":[],"product_cat":[302,200],"product_tag":[],"class_list":{"0":"post-13049","1":"product","2":"type-product","3":"status-publish","4":"has-post-thumbnail","6":"product_cat-accesoris","7":"product_cat-alimentari","8":"product_shipping_class-transport1","10":"first","11":"instock","12":"taxable","13":"shipping-taxable","14":"purchasable","15":"product-type-simple"},"acf":[],"yoast_head":"<!-- This site is optimized with the Yoast SEO plugin v27.4 - https:\/\/yoast.com\/product\/yoast-seo-wordpress\/ -->\n<title>M\u00e0quina col\u00b7locar taps - Boixad\u00f3s<\/title>\n<meta name=\"robots\" content=\"noindex, follow\" \/>\n<meta property=\"og:locale\" content=\"ca_ES\" \/>\n<meta property=\"og:type\" content=\"article\" \/>\n<meta property=\"og:title\" content=\"M\u00e0quina col\u00b7locar taps - Boixad\u00f3s\" \/>\n<meta property=\"og:description\" content=\"Premsa per colocar i tancar taps a envasos met\u00e0l\u00b7lics d&#039;oli.  M\u00e0xima precisi\u00f3 en altura i for\u00e7a pel correcte anclatge del tap a l&#039;env\u00e0s.  Desde 100ml fins a 3 litres. Per a taps de \u00d824 i \u00d832 mm.  Regulable i ajustable en altura.  Una m\u00e0quina per colocar taps per 367\u20ac.\" \/>\n<meta property=\"og:url\" content=\"https:\/\/www.boixados.com\/ca\/producte\/maquina-colocar-taps\/\" \/>\n<meta property=\"og:site_name\" content=\"Boixad\u00f3s\" \/>\n<meta property=\"article:publisher\" content=\"https:\/\/www.facebook.com\/SmartBoixados\/\" \/>\n<meta property=\"article:modified_time\" content=\"2026-03-27T10:58:22+00:00\" \/>\n<meta property=\"og:image\" content=\"https:\/\/www.boixados.com\/wp-content\/uploads\/2024\/02\/BoixadosTAP02.jpg\" \/>\n\t<meta property=\"og:image:width\" content=\"799\" \/>\n\t<meta property=\"og:image:height\" content=\"799\" \/>\n\t<meta property=\"og:image:type\" content=\"image\/jpeg\" \/>\n<meta name=\"twitter:card\" content=\"summary_large_image\" \/>\n<meta name=\"twitter:label1\" content=\"Est. reading time\" \/>\n\t<meta name=\"twitter:data1\" content=\"1 minute\" \/>\n<script type=\"application\/ld+json\" class=\"yoast-schema-graph\">{\"@context\":\"https:\\\/\\\/schema.org\",\"@graph\":[{\"@type\":\"WebPage\",\"@id\":\"https:\\\/\\\/www.boixados.com\\\/ca\\\/producte\\\/maquina-colocar-taps\\\/\",\"url\":\"https:\\\/\\\/www.boixados.com\\\/ca\\\/producte\\\/maquina-colocar-taps\\\/\",\"name\":\"M\u00e0quina col\u00b7locar taps - Boixad\u00f3s\",\"isPartOf\":{\"@id\":\"https:\\\/\\\/www.boixados.com\\\/#website\"},\"primaryImageOfPage\":{\"@id\":\"https:\\\/\\\/www.boixados.com\\\/ca\\\/producte\\\/maquina-colocar-taps\\\/#primaryimage\"},\"image\":{\"@id\":\"https:\\\/\\\/www.boixados.com\\\/ca\\\/producte\\\/maquina-colocar-taps\\\/#primaryimage\"},\"thumbnailUrl\":\"https:\\\/\\\/www.boixados.com\\\/wp-content\\\/uploads\\\/2024\\\/02\\\/BoixadosTAP02.jpg\",\"datePublished\":\"2024-02-23T11:26:02+00:00\",\"dateModified\":\"2026-03-27T10:58:22+00:00\",\"breadcrumb\":{\"@id\":\"https:\\\/\\\/www.boixados.com\\\/ca\\\/producte\\\/maquina-colocar-taps\\\/#breadcrumb\"},\"inLanguage\":\"ca-ES\",\"potentialAction\":[{\"@type\":\"ReadAction\",\"target\":[\"https:\\\/\\\/www.boixados.com\\\/ca\\\/producte\\\/maquina-colocar-taps\\\/\"]}]},{\"@type\":\"ImageObject\",\"inLanguage\":\"ca-ES\",\"@id\":\"https:\\\/\\\/www.boixados.com\\\/ca\\\/producte\\\/maquina-colocar-taps\\\/#primaryimage\",\"url\":\"https:\\\/\\\/www.boixados.com\\\/wp-content\\\/uploads\\\/2024\\\/02\\\/BoixadosTAP02.jpg\",\"contentUrl\":\"https:\\\/\\\/www.boixados.com\\\/wp-content\\\/uploads\\\/2024\\\/02\\\/BoixadosTAP02.jpg\",\"width\":799,\"height\":799},{\"@type\":\"BreadcrumbList\",\"@id\":\"https:\\\/\\\/www.boixados.com\\\/ca\\\/producte\\\/maquina-colocar-taps\\\/#breadcrumb\",\"itemListElement\":[{\"@type\":\"ListItem\",\"position\":1,\"name\":\"Portada\",\"item\":\"https:\\\/\\\/www.boixados.com\\\/\"},{\"@type\":\"ListItem\",\"position\":2,\"name\":\"BOTIGA ONLINE\",\"item\":\"https:\\\/\\\/www.boixados.com\\\/ca\\\/compra\\\/\"},{\"@type\":\"ListItem\",\"position\":3,\"name\":\"M\u00e0quina col\u00b7locar taps\"}]},{\"@type\":\"WebSite\",\"@id\":\"https:\\\/\\\/www.boixados.com\\\/#website\",\"url\":\"https:\\\/\\\/www.boixados.com\\\/\",\"name\":\"Boixad\u00f3s\",\"description\":\"Dise\u00f1o y fabricaci\u00f3n de envases met\u00e1licos.\",\"publisher\":{\"@id\":\"https:\\\/\\\/www.boixados.com\\\/#organization\"},\"alternateName\":\"Boixad\u00f3s Smart Metal Packaging\",\"potentialAction\":[{\"@type\":\"SearchAction\",\"target\":{\"@type\":\"EntryPoint\",\"urlTemplate\":\"https:\\\/\\\/www.boixados.com\\\/?s={search_term_string}\"},\"query-input\":{\"@type\":\"PropertyValueSpecification\",\"valueRequired\":true,\"valueName\":\"search_term_string\"}}],\"inLanguage\":\"ca-ES\"},{\"@type\":\"Organization\",\"@id\":\"https:\\\/\\\/www.boixados.com\\\/#organization\",\"name\":\"Boixad\u00f3s\",\"alternateName\":\"Boixad\u00f3s Smart Metal Packaging\",\"url\":\"https:\\\/\\\/www.boixados.com\\\/\",\"logo\":{\"@type\":\"ImageObject\",\"inLanguage\":\"ca-ES\",\"@id\":\"https:\\\/\\\/www.boixados.com\\\/#\\\/schema\\\/logo\\\/image\\\/\",\"url\":\"https:\\\/\\\/www.boixados.com\\\/wp-content\\\/uploads\\\/2022\\\/06\\\/logo-home.png\",\"contentUrl\":\"https:\\\/\\\/www.boixados.com\\\/wp-content\\\/uploads\\\/2022\\\/06\\\/logo-home.png\",\"width\":280,\"height\":81,\"caption\":\"Boixad\u00f3s\"},\"image\":{\"@id\":\"https:\\\/\\\/www.boixados.com\\\/#\\\/schema\\\/logo\\\/image\\\/\"},\"sameAs\":[\"https:\\\/\\\/www.facebook.com\\\/SmartBoixados\\\/\",\"https:\\\/\\\/es.linkedin.com\\\/company\\\/smartboixados\",\"https:\\\/\\\/www.youtube.com\\\/c\\\/boixadosenvasosmetallicssl\"]}]}<\/script>\n<!-- \/ Yoast SEO plugin. -->","yoast_head_json":{"title":"M\u00e0quina col\u00b7locar taps - Boixad\u00f3s","robots":{"index":"noindex","follow":"follow"},"og_locale":"ca_ES","og_type":"article","og_title":"M\u00e0quina col\u00b7locar taps - Boixad\u00f3s","og_description":"Premsa per colocar i tancar taps a envasos met\u00e0l\u00b7lics d'oli.  M\u00e0xima precisi\u00f3 en altura i for\u00e7a pel correcte anclatge del tap a l'env\u00e0s.  Desde 100ml fins a 3 litres. Per a taps de \u00d824 i \u00d832 mm.  Regulable i ajustable en altura.  Una m\u00e0quina per colocar taps per 367\u20ac.","og_url":"https:\/\/www.boixados.com\/ca\/producte\/maquina-colocar-taps\/","og_site_name":"Boixad\u00f3s","article_publisher":"https:\/\/www.facebook.com\/SmartBoixados\/","article_modified_time":"2026-03-27T10:58:22+00:00","og_image":[{"width":799,"height":799,"url":"https:\/\/www.boixados.com\/wp-content\/uploads\/2024\/02\/BoixadosTAP02.jpg","type":"image\/jpeg"}],"twitter_card":"summary_large_image","twitter_misc":{"Est. reading time":"1 minute"},"schema":{"@context":"https:\/\/schema.org","@graph":[{"@type":"WebPage","@id":"https:\/\/www.boixados.com\/ca\/producte\/maquina-colocar-taps\/","url":"https:\/\/www.boixados.com\/ca\/producte\/maquina-colocar-taps\/","name":"M\u00e0quina col\u00b7locar taps - Boixad\u00f3s","isPartOf":{"@id":"https:\/\/www.boixados.com\/#website"},"primaryImageOfPage":{"@id":"https:\/\/www.boixados.com\/ca\/producte\/maquina-colocar-taps\/#primaryimage"},"image":{"@id":"https:\/\/www.boixados.com\/ca\/producte\/maquina-colocar-taps\/#primaryimage"},"thumbnailUrl":"https:\/\/www.boixados.com\/wp-content\/uploads\/2024\/02\/BoixadosTAP02.jpg","datePublished":"2024-02-23T11:26:02+00:00","dateModified":"2026-03-27T10:58:22+00:00","breadcrumb":{"@id":"https:\/\/www.boixados.com\/ca\/producte\/maquina-colocar-taps\/#breadcrumb"},"inLanguage":"ca-ES","potentialAction":[{"@type":"ReadAction","target":["https:\/\/www.boixados.com\/ca\/producte\/maquina-colocar-taps\/"]}]},{"@type":"ImageObject","inLanguage":"ca-ES","@id":"https:\/\/www.boixados.com\/ca\/producte\/maquina-colocar-taps\/#primaryimage","url":"https:\/\/www.boixados.com\/wp-content\/uploads\/2024\/02\/BoixadosTAP02.jpg","contentUrl":"https:\/\/www.boixados.com\/wp-content\/uploads\/2024\/02\/BoixadosTAP02.jpg","width":799,"height":799},{"@type":"BreadcrumbList","@id":"https:\/\/www.boixados.com\/ca\/producte\/maquina-colocar-taps\/#breadcrumb","itemListElement":[{"@type":"ListItem","position":1,"name":"Portada","item":"https:\/\/www.boixados.com\/"},{"@type":"ListItem","position":2,"name":"BOTIGA ONLINE","item":"https:\/\/www.boixados.com\/ca\/compra\/"},{"@type":"ListItem","position":3,"name":"M\u00e0quina col\u00b7locar taps"}]},{"@type":"WebSite","@id":"https:\/\/www.boixados.com\/#website","url":"https:\/\/www.boixados.com\/","name":"Boixad\u00f3s","description":"Dise\u00f1o y fabricaci\u00f3n de envases met\u00e1licos.","publisher":{"@id":"https:\/\/www.boixados.com\/#organization"},"alternateName":"Boixad\u00f3s Smart Metal Packaging","potentialAction":[{"@type":"SearchAction","target":{"@type":"EntryPoint","urlTemplate":"https:\/\/www.boixados.com\/?s={search_term_string}"},"query-input":{"@type":"PropertyValueSpecification","valueRequired":true,"valueName":"search_term_string"}}],"inLanguage":"ca-ES"},{"@type":"Organization","@id":"https:\/\/www.boixados.com\/#organization","name":"Boixad\u00f3s","alternateName":"Boixad\u00f3s Smart Metal Packaging","url":"https:\/\/www.boixados.com\/","logo":{"@type":"ImageObject","inLanguage":"ca-ES","@id":"https:\/\/www.boixados.com\/#\/schema\/logo\/image\/","url":"https:\/\/www.boixados.com\/wp-content\/uploads\/2022\/06\/logo-home.png","contentUrl":"https:\/\/www.boixados.com\/wp-content\/uploads\/2022\/06\/logo-home.png","width":280,"height":81,"caption":"Boixad\u00f3s"},"image":{"@id":"https:\/\/www.boixados.com\/#\/schema\/logo\/image\/"},"sameAs":["https:\/\/www.facebook.com\/SmartBoixados\/","https:\/\/es.linkedin.com\/company\/smartboixados","https:\/\/www.youtube.com\/c\/boixadosenvasosmetallicssl"]}]}},"_links":{"self":[{"href":"https:\/\/www.boixados.com\/ca\/wp-json\/wp\/v2\/product\/13049","targetHints":{"allow":["GET"]}}],"collection":[{"href":"https:\/\/www.boixados.com\/ca\/wp-json\/wp\/v2\/product"}],"about":[{"href":"https:\/\/www.boixados.com\/ca\/wp-json\/wp\/v2\/types\/product"}],"wp:featuredmedia":[{"embeddable":true,"href":"https:\/\/www.boixados.com\/ca\/wp-json\/wp\/v2\/media\/15112"}],"wp:attachment":[{"href":"https:\/\/www.boixados.com\/ca\/wp-json\/wp\/v2\/media?parent=13049"}],"wp:term":[{"taxonomy":"product_brand","embeddable":true,"href":"https:\/\/www.boixados.com\/ca\/wp-json\/wp\/v2\/product_brand?post=13049"},{"taxonomy":"product_cat","embeddable":true,"href":"https:\/\/www.boixados.com\/ca\/wp-json\/wp\/v2\/product_cat?post=13049"},{"taxonomy":"product_tag","embeddable":true,"href":"https:\/\/www.boixados.com\/ca\/wp-json\/wp\/v2\/product_tag?post=13049"}],"curies":[{"name":"wp","href":"https:\/\/api.w.org\/{rel}","templated":true}]}}