{"id":11492,"date":"2022-11-16T00:27:00","date_gmt":"2022-11-15T22:27:00","guid":{"rendered":"https:\/\/www.boixados.com\/producto\/envas-tapa-exterior\/"},"modified":"2026-04-16T13:49:24","modified_gmt":"2026-04-16T11:49:24","slug":"tapa-exterior","status":"publish","type":"product","link":"https:\/\/www.boixados.com\/ca\/producte\/tapa-exterior\/","title":{"rendered":"Env\u00e0s tapa exterior"},"content":{"rendered":"<div class=\"ewa-rteLine\">\n<div class=\"ewa-rteLine\">Env\u00e0s idoni per a productes alimentaris com ara te, infusions, caf\u00e8, productes solubles i sucres, encara que tamb\u00e9 s&#8217;utilitza per a qualsevol producte de m\u00e0rqueting.<br \/>\nGran facilitat en l&#8217;obertura i el tancament.<\/div>\n<div class=\"ewa-rteLine\">Facilitat d&#8217;acc\u00e9s al producte.<br \/>\nPersonalitzable a partir de 1.000 unitats.<br \/>\nPossibilitat de fabricaci\u00f3 en altres di\u00e0metres amb \u00d8100 o \u00d8110 mm a partir de 3.000 unitats.<\/div>\n<\/div>\n","protected":false},"excerpt":{"rendered":"<div>\n<div class=\"ewa-rteLine\">\n<div class=\"ewa-rteLine\">Env\u00e0s per a productes alimentaris o de m\u00e0rqueting.<br \/>\nGran facilitat d&#8217;obertura i tancament.<br \/>\nFacilitat d&#8217;acc\u00e9s al producte.<br \/>\nPersonalitzable a partir de 1.000 unitats.<br \/>\nPossibilitat de fabricaci\u00f3 en altres di\u00e0metres.<\/div>\n<\/div>\n<\/div>\n<div><\/div>\n","protected":false},"featured_media":9471,"template":"","meta":{"_acf_changed":false},"product_brand":[],"product_cat":[200,205,215],"product_tag":[],"class_list":{"0":"post-11492","1":"product","2":"type-product","3":"status-publish","4":"has-post-thumbnail","6":"product_cat-alimentari","7":"product_cat-marqueting","8":"product_cat-pharma-ca","9":"product_shipping_class-transport1","11":"first","12":"instock","13":"taxable","14":"shipping-taxable","15":"purchasable","16":"product-type-variable","17":"has-default-attributes"},"acf":[],"yoast_head":"<!-- This site is optimized with the Yoast SEO plugin v27.4 - https:\/\/yoast.com\/product\/yoast-seo-wordpress\/ -->\n<title>Env\u00e0s tapa exterior - Boixad\u00f3s<\/title>\n<meta name=\"robots\" content=\"noindex, follow\" \/>\n<meta property=\"og:locale\" content=\"ca_ES\" \/>\n<meta property=\"og:type\" content=\"article\" \/>\n<meta property=\"og:title\" content=\"Env\u00e0s tapa exterior - Boixad\u00f3s\" \/>\n<meta property=\"og:description\" content=\"Env\u00e0s per a productes alimentaris o de m\u00e0rqueting. Gran facilitat d&#039;obertura i tancament. Facilitat d&#039;acc\u00e9s al producte. Personalitzable a partir de 1.000 unitats. Possibilitat de fabricaci\u00f3 en altres di\u00e0metres.\" \/>\n<meta property=\"og:url\" content=\"https:\/\/www.boixados.com\/ca\/producte\/tapa-exterior\/\" \/>\n<meta property=\"og:site_name\" content=\"Boixad\u00f3s\" \/>\n<meta property=\"article:publisher\" content=\"https:\/\/www.facebook.com\/SmartBoixados\/\" \/>\n<meta property=\"article:modified_time\" content=\"2026-04-16T11:49:24+00:00\" \/>\n<meta property=\"og:image\" content=\"https:\/\/www.boixados.com\/wp-content\/uploads\/2022\/06\/BOIXADOS_TAP_EXTERIOR.png\" \/>\n\t<meta property=\"og:image:width\" content=\"400\" \/>\n\t<meta property=\"og:image:height\" content=\"400\" \/>\n\t<meta property=\"og:image:type\" content=\"image\/png\" \/>\n<meta name=\"twitter:card\" content=\"summary_large_image\" \/>\n<meta name=\"twitter:label1\" content=\"Est. reading time\" \/>\n\t<meta name=\"twitter:data1\" content=\"1 minute\" \/>\n<script type=\"application\/ld+json\" class=\"yoast-schema-graph\">{\"@context\":\"https:\\\/\\\/schema.org\",\"@graph\":[{\"@type\":\"WebPage\",\"@id\":\"https:\\\/\\\/www.boixados.com\\\/ca\\\/producte\\\/tapa-exterior\\\/\",\"url\":\"https:\\\/\\\/www.boixados.com\\\/ca\\\/producte\\\/tapa-exterior\\\/\",\"name\":\"Env\u00e0s tapa exterior - Boixad\u00f3s\",\"isPartOf\":{\"@id\":\"https:\\\/\\\/www.boixados.com\\\/#website\"},\"primaryImageOfPage\":{\"@id\":\"https:\\\/\\\/www.boixados.com\\\/ca\\\/producte\\\/tapa-exterior\\\/#primaryimage\"},\"image\":{\"@id\":\"https:\\\/\\\/www.boixados.com\\\/ca\\\/producte\\\/tapa-exterior\\\/#primaryimage\"},\"thumbnailUrl\":\"https:\\\/\\\/www.boixados.com\\\/wp-content\\\/uploads\\\/2022\\\/06\\\/BOIXADOS_TAP_EXTERIOR.png\",\"datePublished\":\"2022-11-15T22:27:00+00:00\",\"dateModified\":\"2026-04-16T11:49:24+00:00\",\"breadcrumb\":{\"@id\":\"https:\\\/\\\/www.boixados.com\\\/ca\\\/producte\\\/tapa-exterior\\\/#breadcrumb\"},\"inLanguage\":\"ca-ES\",\"potentialAction\":[{\"@type\":\"ReadAction\",\"target\":[\"https:\\\/\\\/www.boixados.com\\\/ca\\\/producte\\\/tapa-exterior\\\/\"]}]},{\"@type\":\"ImageObject\",\"inLanguage\":\"ca-ES\",\"@id\":\"https:\\\/\\\/www.boixados.com\\\/ca\\\/producte\\\/tapa-exterior\\\/#primaryimage\",\"url\":\"https:\\\/\\\/www.boixados.com\\\/wp-content\\\/uploads\\\/2022\\\/06\\\/BOIXADOS_TAP_EXTERIOR.png\",\"contentUrl\":\"https:\\\/\\\/www.boixados.com\\\/wp-content\\\/uploads\\\/2022\\\/06\\\/BOIXADOS_TAP_EXTERIOR.png\",\"width\":400,\"height\":400},{\"@type\":\"BreadcrumbList\",\"@id\":\"https:\\\/\\\/www.boixados.com\\\/ca\\\/producte\\\/tapa-exterior\\\/#breadcrumb\",\"itemListElement\":[{\"@type\":\"ListItem\",\"position\":1,\"name\":\"Portada\",\"item\":\"https:\\\/\\\/www.boixados.com\\\/\"},{\"@type\":\"ListItem\",\"position\":2,\"name\":\"BOTIGA ONLINE\",\"item\":\"https:\\\/\\\/www.boixados.com\\\/ca\\\/compra\\\/\"},{\"@type\":\"ListItem\",\"position\":3,\"name\":\"Env\u00e0s tapa exterior\"}]},{\"@type\":\"WebSite\",\"@id\":\"https:\\\/\\\/www.boixados.com\\\/#website\",\"url\":\"https:\\\/\\\/www.boixados.com\\\/\",\"name\":\"Boixad\u00f3s\",\"description\":\"Dise\u00f1o y fabricaci\u00f3n de envases met\u00e1licos.\",\"publisher\":{\"@id\":\"https:\\\/\\\/www.boixados.com\\\/#organization\"},\"alternateName\":\"Boixad\u00f3s Smart Metal Packaging\",\"potentialAction\":[{\"@type\":\"SearchAction\",\"target\":{\"@type\":\"EntryPoint\",\"urlTemplate\":\"https:\\\/\\\/www.boixados.com\\\/?s={search_term_string}\"},\"query-input\":{\"@type\":\"PropertyValueSpecification\",\"valueRequired\":true,\"valueName\":\"search_term_string\"}}],\"inLanguage\":\"ca-ES\"},{\"@type\":\"Organization\",\"@id\":\"https:\\\/\\\/www.boixados.com\\\/#organization\",\"name\":\"Boixad\u00f3s\",\"alternateName\":\"Boixad\u00f3s Smart Metal Packaging\",\"url\":\"https:\\\/\\\/www.boixados.com\\\/\",\"logo\":{\"@type\":\"ImageObject\",\"inLanguage\":\"ca-ES\",\"@id\":\"https:\\\/\\\/www.boixados.com\\\/#\\\/schema\\\/logo\\\/image\\\/\",\"url\":\"https:\\\/\\\/www.boixados.com\\\/wp-content\\\/uploads\\\/2022\\\/06\\\/logo-home.png\",\"contentUrl\":\"https:\\\/\\\/www.boixados.com\\\/wp-content\\\/uploads\\\/2022\\\/06\\\/logo-home.png\",\"width\":280,\"height\":81,\"caption\":\"Boixad\u00f3s\"},\"image\":{\"@id\":\"https:\\\/\\\/www.boixados.com\\\/#\\\/schema\\\/logo\\\/image\\\/\"},\"sameAs\":[\"https:\\\/\\\/www.facebook.com\\\/SmartBoixados\\\/\",\"https:\\\/\\\/es.linkedin.com\\\/company\\\/smartboixados\",\"https:\\\/\\\/www.youtube.com\\\/c\\\/boixadosenvasosmetallicssl\"]}]}<\/script>\n<!-- \/ Yoast SEO plugin. -->","yoast_head_json":{"title":"Env\u00e0s tapa exterior - Boixad\u00f3s","robots":{"index":"noindex","follow":"follow"},"og_locale":"ca_ES","og_type":"article","og_title":"Env\u00e0s tapa exterior - Boixad\u00f3s","og_description":"Env\u00e0s per a productes alimentaris o de m\u00e0rqueting. Gran facilitat d'obertura i tancament. Facilitat d'acc\u00e9s al producte. Personalitzable a partir de 1.000 unitats. Possibilitat de fabricaci\u00f3 en altres di\u00e0metres.","og_url":"https:\/\/www.boixados.com\/ca\/producte\/tapa-exterior\/","og_site_name":"Boixad\u00f3s","article_publisher":"https:\/\/www.facebook.com\/SmartBoixados\/","article_modified_time":"2026-04-16T11:49:24+00:00","og_image":[{"width":400,"height":400,"url":"https:\/\/www.boixados.com\/wp-content\/uploads\/2022\/06\/BOIXADOS_TAP_EXTERIOR.png","type":"image\/png"}],"twitter_card":"summary_large_image","twitter_misc":{"Est. reading time":"1 minute"},"schema":{"@context":"https:\/\/schema.org","@graph":[{"@type":"WebPage","@id":"https:\/\/www.boixados.com\/ca\/producte\/tapa-exterior\/","url":"https:\/\/www.boixados.com\/ca\/producte\/tapa-exterior\/","name":"Env\u00e0s tapa exterior - Boixad\u00f3s","isPartOf":{"@id":"https:\/\/www.boixados.com\/#website"},"primaryImageOfPage":{"@id":"https:\/\/www.boixados.com\/ca\/producte\/tapa-exterior\/#primaryimage"},"image":{"@id":"https:\/\/www.boixados.com\/ca\/producte\/tapa-exterior\/#primaryimage"},"thumbnailUrl":"https:\/\/www.boixados.com\/wp-content\/uploads\/2022\/06\/BOIXADOS_TAP_EXTERIOR.png","datePublished":"2022-11-15T22:27:00+00:00","dateModified":"2026-04-16T11:49:24+00:00","breadcrumb":{"@id":"https:\/\/www.boixados.com\/ca\/producte\/tapa-exterior\/#breadcrumb"},"inLanguage":"ca-ES","potentialAction":[{"@type":"ReadAction","target":["https:\/\/www.boixados.com\/ca\/producte\/tapa-exterior\/"]}]},{"@type":"ImageObject","inLanguage":"ca-ES","@id":"https:\/\/www.boixados.com\/ca\/producte\/tapa-exterior\/#primaryimage","url":"https:\/\/www.boixados.com\/wp-content\/uploads\/2022\/06\/BOIXADOS_TAP_EXTERIOR.png","contentUrl":"https:\/\/www.boixados.com\/wp-content\/uploads\/2022\/06\/BOIXADOS_TAP_EXTERIOR.png","width":400,"height":400},{"@type":"BreadcrumbList","@id":"https:\/\/www.boixados.com\/ca\/producte\/tapa-exterior\/#breadcrumb","itemListElement":[{"@type":"ListItem","position":1,"name":"Portada","item":"https:\/\/www.boixados.com\/"},{"@type":"ListItem","position":2,"name":"BOTIGA ONLINE","item":"https:\/\/www.boixados.com\/ca\/compra\/"},{"@type":"ListItem","position":3,"name":"Env\u00e0s tapa exterior"}]},{"@type":"WebSite","@id":"https:\/\/www.boixados.com\/#website","url":"https:\/\/www.boixados.com\/","name":"Boixad\u00f3s","description":"Dise\u00f1o y fabricaci\u00f3n de envases met\u00e1licos.","publisher":{"@id":"https:\/\/www.boixados.com\/#organization"},"alternateName":"Boixad\u00f3s Smart Metal Packaging","potentialAction":[{"@type":"SearchAction","target":{"@type":"EntryPoint","urlTemplate":"https:\/\/www.boixados.com\/?s={search_term_string}"},"query-input":{"@type":"PropertyValueSpecification","valueRequired":true,"valueName":"search_term_string"}}],"inLanguage":"ca-ES"},{"@type":"Organization","@id":"https:\/\/www.boixados.com\/#organization","name":"Boixad\u00f3s","alternateName":"Boixad\u00f3s Smart Metal Packaging","url":"https:\/\/www.boixados.com\/","logo":{"@type":"ImageObject","inLanguage":"ca-ES","@id":"https:\/\/www.boixados.com\/#\/schema\/logo\/image\/","url":"https:\/\/www.boixados.com\/wp-content\/uploads\/2022\/06\/logo-home.png","contentUrl":"https:\/\/www.boixados.com\/wp-content\/uploads\/2022\/06\/logo-home.png","width":280,"height":81,"caption":"Boixad\u00f3s"},"image":{"@id":"https:\/\/www.boixados.com\/#\/schema\/logo\/image\/"},"sameAs":["https:\/\/www.facebook.com\/SmartBoixados\/","https:\/\/es.linkedin.com\/company\/smartboixados","https:\/\/www.youtube.com\/c\/boixadosenvasosmetallicssl"]}]}},"_links":{"self":[{"href":"https:\/\/www.boixados.com\/ca\/wp-json\/wp\/v2\/product\/11492","targetHints":{"allow":["GET"]}}],"collection":[{"href":"https:\/\/www.boixados.com\/ca\/wp-json\/wp\/v2\/product"}],"about":[{"href":"https:\/\/www.boixados.com\/ca\/wp-json\/wp\/v2\/types\/product"}],"wp:featuredmedia":[{"embeddable":true,"href":"https:\/\/www.boixados.com\/ca\/wp-json\/wp\/v2\/media\/9471"}],"wp:attachment":[{"href":"https:\/\/www.boixados.com\/ca\/wp-json\/wp\/v2\/media?parent=11492"}],"wp:term":[{"taxonomy":"product_brand","embeddable":true,"href":"https:\/\/www.boixados.com\/ca\/wp-json\/wp\/v2\/product_brand?post=11492"},{"taxonomy":"product_cat","embeddable":true,"href":"https:\/\/www.boixados.com\/ca\/wp-json\/wp\/v2\/product_cat?post=11492"},{"taxonomy":"product_tag","embeddable":true,"href":"https:\/\/www.boixados.com\/ca\/wp-json\/wp\/v2\/product_tag?post=11492"}],"curies":[{"name":"wp","href":"https:\/\/api.w.org\/{rel}","templated":true}]}}