{"id":11485,"date":"2022-11-15T23:57:18","date_gmt":"2022-11-15T21:57:18","guid":{"rendered":"https:\/\/www.boixados.com\/producto\/caixetes\/"},"modified":"2026-04-16T13:22:03","modified_gmt":"2026-04-16T11:22:03","slug":"caixetes","status":"publish","type":"product","link":"https:\/\/www.boixados.com\/ca\/producte\/caixetes\/","title":{"rendered":"Caixetes"},"content":{"rendered":"<div class=\"ewa-rteLine\">\n<div class=\"ewa-rteLine\">Caixetes met\u00e0l\u00b7liques de petit format per a \u00fas alimentari, parafarm\u00e0cia, m\u00e0rqueting, publicitat, cosm\u00e8tica, tabac\u2026<br \/>\nDiferents possibilitats d&#8217;acabat: plata, or o blanc i amb vern\u00eds sanitari apte per a alimentaci\u00f3.<br \/>\nPossibilitat de personalitzaci\u00f3<br \/>\nPublicit\u00e0ries: per a regals, publicitat i m\u00e0rqueting.<br \/>\nAlimentaci\u00f3: per la seva resist\u00e8ncia, higiene i caracter\u00edstiques especials, estan indicades per envasar qualsevol producte alimentari, des de caramels fins a caviar.<br \/>\nCosm\u00e8tica: gr\u00e0cies a l&#8217;atractiu disseny dels envasos i la seva facilitat d&#8217;obertura, s\u00f3n perfectes per envasar tot tipus de cremes o altres productes cosm\u00e8tics.<\/div>\n<\/div>\n","protected":false},"excerpt":{"rendered":"<div>\n<div class=\"ewa-rteLine\">\n<div class=\"ewa-rteLine\">\n<div class=\"ewa-rteLine\">Capsetes met\u00e0l\u00b7liques de petit format.<\/div>\n<div class=\"ewa-rteLine\">\u00das alimentari, parafarm\u00e0cia, m\u00e0rqueting, publicitat, cosm\u00e8tica, tabac\u2026<br \/>\nDiferents acabats.<\/div>\n<div class=\"ewa-rteLine\">Possibilitat de personalitzaci\u00f3.<\/div>\n<\/div>\n<\/div>\n<\/div>\n<div><\/div>\n","protected":false},"featured_media":9855,"template":"","meta":{"_acf_changed":false},"product_brand":[],"product_cat":[200,180,205,215],"product_tag":[],"class_list":{"0":"post-11485","1":"product","2":"type-product","3":"status-publish","4":"has-post-thumbnail","6":"product_cat-alimentari","7":"product_cat-industrial-ca","8":"product_cat-marqueting","9":"product_cat-pharma-ca","11":"first","12":"outofstock","13":"taxable","14":"shipping-taxable","15":"purchasable","16":"product-type-variable","17":"has-default-attributes"},"acf":[],"yoast_head":"<!-- This site is optimized with the Yoast SEO plugin v27.4 - https:\/\/yoast.com\/product\/yoast-seo-wordpress\/ -->\n<title>Caixetes - Boixad\u00f3s<\/title>\n<meta name=\"robots\" content=\"noindex, follow\" \/>\n<meta property=\"og:locale\" content=\"ca_ES\" \/>\n<meta property=\"og:type\" content=\"article\" \/>\n<meta property=\"og:title\" content=\"Caixetes - Boixad\u00f3s\" \/>\n<meta property=\"og:description\" content=\"Capsetes met\u00e0l\u00b7liques de petit format. \u00das alimentari, parafarm\u00e0cia, m\u00e0rqueting, publicitat, cosm\u00e8tica, tabac\u2026 Diferents acabats. Possibilitat de personalitzaci\u00f3.\" \/>\n<meta property=\"og:url\" content=\"https:\/\/www.boixados.com\/ca\/producte\/caixetes\/\" \/>\n<meta property=\"og:site_name\" content=\"Boixad\u00f3s\" \/>\n<meta property=\"article:publisher\" content=\"https:\/\/www.facebook.com\/SmartBoixados\/\" \/>\n<meta property=\"article:modified_time\" content=\"2026-04-16T11:22:03+00:00\" \/>\n<meta property=\"og:image\" content=\"https:\/\/www.boixados.com\/wp-content\/uploads\/2023\/07\/BOIXADOS_CAPSETES.png\" \/>\n\t<meta property=\"og:image:width\" content=\"600\" \/>\n\t<meta property=\"og:image:height\" content=\"418\" \/>\n\t<meta property=\"og:image:type\" content=\"image\/png\" \/>\n<meta name=\"twitter:card\" content=\"summary_large_image\" \/>\n<meta name=\"twitter:label1\" content=\"Est. reading time\" \/>\n\t<meta name=\"twitter:data1\" content=\"1 minute\" \/>\n<script type=\"application\/ld+json\" class=\"yoast-schema-graph\">{\"@context\":\"https:\\\/\\\/schema.org\",\"@graph\":[{\"@type\":\"WebPage\",\"@id\":\"https:\\\/\\\/www.boixados.com\\\/ca\\\/producte\\\/caixetes\\\/\",\"url\":\"https:\\\/\\\/www.boixados.com\\\/ca\\\/producte\\\/caixetes\\\/\",\"name\":\"Caixetes - Boixad\u00f3s\",\"isPartOf\":{\"@id\":\"https:\\\/\\\/www.boixados.com\\\/#website\"},\"primaryImageOfPage\":{\"@id\":\"https:\\\/\\\/www.boixados.com\\\/ca\\\/producte\\\/caixetes\\\/#primaryimage\"},\"image\":{\"@id\":\"https:\\\/\\\/www.boixados.com\\\/ca\\\/producte\\\/caixetes\\\/#primaryimage\"},\"thumbnailUrl\":\"https:\\\/\\\/www.boixados.com\\\/wp-content\\\/uploads\\\/2023\\\/07\\\/BOIXADOS_CAPSETES.png\",\"datePublished\":\"2022-11-15T21:57:18+00:00\",\"dateModified\":\"2026-04-16T11:22:03+00:00\",\"breadcrumb\":{\"@id\":\"https:\\\/\\\/www.boixados.com\\\/ca\\\/producte\\\/caixetes\\\/#breadcrumb\"},\"inLanguage\":\"ca-ES\",\"potentialAction\":[{\"@type\":\"ReadAction\",\"target\":[\"https:\\\/\\\/www.boixados.com\\\/ca\\\/producte\\\/caixetes\\\/\"]}]},{\"@type\":\"ImageObject\",\"inLanguage\":\"ca-ES\",\"@id\":\"https:\\\/\\\/www.boixados.com\\\/ca\\\/producte\\\/caixetes\\\/#primaryimage\",\"url\":\"https:\\\/\\\/www.boixados.com\\\/wp-content\\\/uploads\\\/2023\\\/07\\\/BOIXADOS_CAPSETES.png\",\"contentUrl\":\"https:\\\/\\\/www.boixados.com\\\/wp-content\\\/uploads\\\/2023\\\/07\\\/BOIXADOS_CAPSETES.png\",\"width\":600,\"height\":418},{\"@type\":\"BreadcrumbList\",\"@id\":\"https:\\\/\\\/www.boixados.com\\\/ca\\\/producte\\\/caixetes\\\/#breadcrumb\",\"itemListElement\":[{\"@type\":\"ListItem\",\"position\":1,\"name\":\"Portada\",\"item\":\"https:\\\/\\\/www.boixados.com\\\/\"},{\"@type\":\"ListItem\",\"position\":2,\"name\":\"BOTIGA ONLINE\",\"item\":\"https:\\\/\\\/www.boixados.com\\\/ca\\\/compra\\\/\"},{\"@type\":\"ListItem\",\"position\":3,\"name\":\"Caixetes\"}]},{\"@type\":\"WebSite\",\"@id\":\"https:\\\/\\\/www.boixados.com\\\/#website\",\"url\":\"https:\\\/\\\/www.boixados.com\\\/\",\"name\":\"Boixad\u00f3s\",\"description\":\"Dise\u00f1o y fabricaci\u00f3n de envases met\u00e1licos.\",\"publisher\":{\"@id\":\"https:\\\/\\\/www.boixados.com\\\/#organization\"},\"alternateName\":\"Boixad\u00f3s Smart Metal Packaging\",\"potentialAction\":[{\"@type\":\"SearchAction\",\"target\":{\"@type\":\"EntryPoint\",\"urlTemplate\":\"https:\\\/\\\/www.boixados.com\\\/?s={search_term_string}\"},\"query-input\":{\"@type\":\"PropertyValueSpecification\",\"valueRequired\":true,\"valueName\":\"search_term_string\"}}],\"inLanguage\":\"ca-ES\"},{\"@type\":\"Organization\",\"@id\":\"https:\\\/\\\/www.boixados.com\\\/#organization\",\"name\":\"Boixad\u00f3s\",\"alternateName\":\"Boixad\u00f3s Smart Metal Packaging\",\"url\":\"https:\\\/\\\/www.boixados.com\\\/\",\"logo\":{\"@type\":\"ImageObject\",\"inLanguage\":\"ca-ES\",\"@id\":\"https:\\\/\\\/www.boixados.com\\\/#\\\/schema\\\/logo\\\/image\\\/\",\"url\":\"https:\\\/\\\/www.boixados.com\\\/wp-content\\\/uploads\\\/2022\\\/06\\\/logo-home.png\",\"contentUrl\":\"https:\\\/\\\/www.boixados.com\\\/wp-content\\\/uploads\\\/2022\\\/06\\\/logo-home.png\",\"width\":280,\"height\":81,\"caption\":\"Boixad\u00f3s\"},\"image\":{\"@id\":\"https:\\\/\\\/www.boixados.com\\\/#\\\/schema\\\/logo\\\/image\\\/\"},\"sameAs\":[\"https:\\\/\\\/www.facebook.com\\\/SmartBoixados\\\/\",\"https:\\\/\\\/es.linkedin.com\\\/company\\\/smartboixados\",\"https:\\\/\\\/www.youtube.com\\\/c\\\/boixadosenvasosmetallicssl\"]}]}<\/script>\n<!-- \/ Yoast SEO plugin. -->","yoast_head_json":{"title":"Caixetes - Boixad\u00f3s","robots":{"index":"noindex","follow":"follow"},"og_locale":"ca_ES","og_type":"article","og_title":"Caixetes - Boixad\u00f3s","og_description":"Capsetes met\u00e0l\u00b7liques de petit format. \u00das alimentari, parafarm\u00e0cia, m\u00e0rqueting, publicitat, cosm\u00e8tica, tabac\u2026 Diferents acabats. Possibilitat de personalitzaci\u00f3.","og_url":"https:\/\/www.boixados.com\/ca\/producte\/caixetes\/","og_site_name":"Boixad\u00f3s","article_publisher":"https:\/\/www.facebook.com\/SmartBoixados\/","article_modified_time":"2026-04-16T11:22:03+00:00","og_image":[{"width":600,"height":418,"url":"https:\/\/www.boixados.com\/wp-content\/uploads\/2023\/07\/BOIXADOS_CAPSETES.png","type":"image\/png"}],"twitter_card":"summary_large_image","twitter_misc":{"Est. reading time":"1 minute"},"schema":{"@context":"https:\/\/schema.org","@graph":[{"@type":"WebPage","@id":"https:\/\/www.boixados.com\/ca\/producte\/caixetes\/","url":"https:\/\/www.boixados.com\/ca\/producte\/caixetes\/","name":"Caixetes - Boixad\u00f3s","isPartOf":{"@id":"https:\/\/www.boixados.com\/#website"},"primaryImageOfPage":{"@id":"https:\/\/www.boixados.com\/ca\/producte\/caixetes\/#primaryimage"},"image":{"@id":"https:\/\/www.boixados.com\/ca\/producte\/caixetes\/#primaryimage"},"thumbnailUrl":"https:\/\/www.boixados.com\/wp-content\/uploads\/2023\/07\/BOIXADOS_CAPSETES.png","datePublished":"2022-11-15T21:57:18+00:00","dateModified":"2026-04-16T11:22:03+00:00","breadcrumb":{"@id":"https:\/\/www.boixados.com\/ca\/producte\/caixetes\/#breadcrumb"},"inLanguage":"ca-ES","potentialAction":[{"@type":"ReadAction","target":["https:\/\/www.boixados.com\/ca\/producte\/caixetes\/"]}]},{"@type":"ImageObject","inLanguage":"ca-ES","@id":"https:\/\/www.boixados.com\/ca\/producte\/caixetes\/#primaryimage","url":"https:\/\/www.boixados.com\/wp-content\/uploads\/2023\/07\/BOIXADOS_CAPSETES.png","contentUrl":"https:\/\/www.boixados.com\/wp-content\/uploads\/2023\/07\/BOIXADOS_CAPSETES.png","width":600,"height":418},{"@type":"BreadcrumbList","@id":"https:\/\/www.boixados.com\/ca\/producte\/caixetes\/#breadcrumb","itemListElement":[{"@type":"ListItem","position":1,"name":"Portada","item":"https:\/\/www.boixados.com\/"},{"@type":"ListItem","position":2,"name":"BOTIGA ONLINE","item":"https:\/\/www.boixados.com\/ca\/compra\/"},{"@type":"ListItem","position":3,"name":"Caixetes"}]},{"@type":"WebSite","@id":"https:\/\/www.boixados.com\/#website","url":"https:\/\/www.boixados.com\/","name":"Boixad\u00f3s","description":"Dise\u00f1o y fabricaci\u00f3n de envases met\u00e1licos.","publisher":{"@id":"https:\/\/www.boixados.com\/#organization"},"alternateName":"Boixad\u00f3s Smart Metal Packaging","potentialAction":[{"@type":"SearchAction","target":{"@type":"EntryPoint","urlTemplate":"https:\/\/www.boixados.com\/?s={search_term_string}"},"query-input":{"@type":"PropertyValueSpecification","valueRequired":true,"valueName":"search_term_string"}}],"inLanguage":"ca-ES"},{"@type":"Organization","@id":"https:\/\/www.boixados.com\/#organization","name":"Boixad\u00f3s","alternateName":"Boixad\u00f3s Smart Metal Packaging","url":"https:\/\/www.boixados.com\/","logo":{"@type":"ImageObject","inLanguage":"ca-ES","@id":"https:\/\/www.boixados.com\/#\/schema\/logo\/image\/","url":"https:\/\/www.boixados.com\/wp-content\/uploads\/2022\/06\/logo-home.png","contentUrl":"https:\/\/www.boixados.com\/wp-content\/uploads\/2022\/06\/logo-home.png","width":280,"height":81,"caption":"Boixad\u00f3s"},"image":{"@id":"https:\/\/www.boixados.com\/#\/schema\/logo\/image\/"},"sameAs":["https:\/\/www.facebook.com\/SmartBoixados\/","https:\/\/es.linkedin.com\/company\/smartboixados","https:\/\/www.youtube.com\/c\/boixadosenvasosmetallicssl"]}]}},"_links":{"self":[{"href":"https:\/\/www.boixados.com\/ca\/wp-json\/wp\/v2\/product\/11485","targetHints":{"allow":["GET"]}}],"collection":[{"href":"https:\/\/www.boixados.com\/ca\/wp-json\/wp\/v2\/product"}],"about":[{"href":"https:\/\/www.boixados.com\/ca\/wp-json\/wp\/v2\/types\/product"}],"wp:featuredmedia":[{"embeddable":true,"href":"https:\/\/www.boixados.com\/ca\/wp-json\/wp\/v2\/media\/9855"}],"wp:attachment":[{"href":"https:\/\/www.boixados.com\/ca\/wp-json\/wp\/v2\/media?parent=11485"}],"wp:term":[{"taxonomy":"product_brand","embeddable":true,"href":"https:\/\/www.boixados.com\/ca\/wp-json\/wp\/v2\/product_brand?post=11485"},{"taxonomy":"product_cat","embeddable":true,"href":"https:\/\/www.boixados.com\/ca\/wp-json\/wp\/v2\/product_cat?post=11485"},{"taxonomy":"product_tag","embeddable":true,"href":"https:\/\/www.boixados.com\/ca\/wp-json\/wp\/v2\/product_tag?post=11485"}],"curies":[{"name":"wp","href":"https:\/\/api.w.org\/{rel}","templated":true}]}}