{"id":11462,"date":"2022-11-15T09:50:03","date_gmt":"2022-11-15T07:50:03","guid":{"rendered":"https:\/\/www.boixados.com\/producto\/envas-doble-tancament\/"},"modified":"2026-04-16T13:33:44","modified_gmt":"2026-04-16T11:33:44","slug":"doble-tancament","status":"publish","type":"product","link":"https:\/\/www.boixados.com\/ca\/producte\/doble-tancament\/","title":{"rendered":"Env\u00e0s doble tancament"},"content":{"rendered":"<div>\n<div class=\"ewa-rteLine\">\u00c9s l&#8217;env\u00e0s m\u00e9s utilitzat per a pintures, dissolvents, resines, tintes i productes qu\u00edmics industrials en general.<br \/>\nEnv\u00e0s amb tapa de doble tancament amb sistema de doble fricci\u00f3.<br \/>\nApte per a productes l\u00edquids amb densitat de mitjana a alta o s\u00f2lids.<br \/>\nEsmalt interior ICI opcional per a productes a base d&#8217;aigua.<br \/>\nPossibilitat de fabricar mides especials.<br \/>\nAcabats en an\u00f2nims o personalitzats.<br \/>\nHomologats per al transport de mercaderies perilloses.<\/div>\n<\/div>\n<div><\/div>\n","protected":false},"excerpt":{"rendered":"<div>\n<div class=\"ewa-rteLine\">Env\u00e0s per a productes qu\u00edmics industrials amb tapa de doble tancament.<br \/>\nIndicat per a productes de densitat de mitjana a alta o s\u00f2lids.<br \/>\nOpcional esmalt interior ICI per a productes a base d&#8217;aigua.<br \/>\nHomologat per al transport de mercaderies perilloses.<\/div>\n<\/div>\n<div><\/div>\n","protected":false},"featured_media":9450,"template":"","meta":{"_acf_changed":false},"product_brand":[],"product_cat":[180,205],"product_tag":[],"class_list":{"0":"post-11462","1":"product","2":"type-product","3":"status-publish","4":"has-post-thumbnail","6":"product_cat-industrial-ca","7":"product_cat-marqueting","8":"product_shipping_class-transport1","10":"first","11":"instock","12":"taxable","13":"shipping-taxable","14":"purchasable","15":"product-type-variable","16":"has-default-attributes"},"acf":[],"yoast_head":"<!-- This site is optimized with the Yoast SEO plugin v27.4 - https:\/\/yoast.com\/product\/yoast-seo-wordpress\/ -->\n<title>Env\u00e0s doble tancament - Boixad\u00f3s<\/title>\n<meta name=\"robots\" content=\"noindex, follow\" \/>\n<meta property=\"og:locale\" content=\"ca_ES\" \/>\n<meta property=\"og:type\" content=\"article\" \/>\n<meta property=\"og:title\" content=\"Env\u00e0s doble tancament - Boixad\u00f3s\" \/>\n<meta property=\"og:description\" content=\"Env\u00e0s per a productes qu\u00edmics industrials amb tapa de doble tancament. Indicat per a productes de densitat de mitjana a alta o s\u00f2lids. Opcional esmalt interior ICI per a productes a base d&#039;aigua. Homologat per al transport de mercaderies perilloses.\" \/>\n<meta property=\"og:url\" content=\"https:\/\/www.boixados.com\/ca\/producte\/doble-tancament\/\" \/>\n<meta property=\"og:site_name\" content=\"Boixad\u00f3s\" \/>\n<meta property=\"article:publisher\" content=\"https:\/\/www.facebook.com\/SmartBoixados\/\" \/>\n<meta property=\"article:modified_time\" content=\"2026-04-16T11:33:44+00:00\" \/>\n<meta property=\"og:image\" content=\"https:\/\/www.boixados.com\/wp-content\/uploads\/2022\/06\/BOIXADOS_DOBLE_TANCAMENT.png\" \/>\n\t<meta property=\"og:image:width\" content=\"400\" \/>\n\t<meta property=\"og:image:height\" content=\"400\" \/>\n\t<meta property=\"og:image:type\" content=\"image\/png\" \/>\n<meta name=\"twitter:card\" content=\"summary_large_image\" \/>\n<meta name=\"twitter:label1\" content=\"Est. reading time\" \/>\n\t<meta name=\"twitter:data1\" content=\"1 minute\" \/>\n<script type=\"application\/ld+json\" class=\"yoast-schema-graph\">{\"@context\":\"https:\\\/\\\/schema.org\",\"@graph\":[{\"@type\":\"WebPage\",\"@id\":\"https:\\\/\\\/www.boixados.com\\\/ca\\\/producte\\\/doble-tancament\\\/\",\"url\":\"https:\\\/\\\/www.boixados.com\\\/ca\\\/producte\\\/doble-tancament\\\/\",\"name\":\"Env\u00e0s doble tancament - Boixad\u00f3s\",\"isPartOf\":{\"@id\":\"https:\\\/\\\/www.boixados.com\\\/#website\"},\"primaryImageOfPage\":{\"@id\":\"https:\\\/\\\/www.boixados.com\\\/ca\\\/producte\\\/doble-tancament\\\/#primaryimage\"},\"image\":{\"@id\":\"https:\\\/\\\/www.boixados.com\\\/ca\\\/producte\\\/doble-tancament\\\/#primaryimage\"},\"thumbnailUrl\":\"https:\\\/\\\/www.boixados.com\\\/wp-content\\\/uploads\\\/2022\\\/06\\\/BOIXADOS_DOBLE_TANCAMENT.png\",\"datePublished\":\"2022-11-15T07:50:03+00:00\",\"dateModified\":\"2026-04-16T11:33:44+00:00\",\"breadcrumb\":{\"@id\":\"https:\\\/\\\/www.boixados.com\\\/ca\\\/producte\\\/doble-tancament\\\/#breadcrumb\"},\"inLanguage\":\"ca-ES\",\"potentialAction\":[{\"@type\":\"ReadAction\",\"target\":[\"https:\\\/\\\/www.boixados.com\\\/ca\\\/producte\\\/doble-tancament\\\/\"]}]},{\"@type\":\"ImageObject\",\"inLanguage\":\"ca-ES\",\"@id\":\"https:\\\/\\\/www.boixados.com\\\/ca\\\/producte\\\/doble-tancament\\\/#primaryimage\",\"url\":\"https:\\\/\\\/www.boixados.com\\\/wp-content\\\/uploads\\\/2022\\\/06\\\/BOIXADOS_DOBLE_TANCAMENT.png\",\"contentUrl\":\"https:\\\/\\\/www.boixados.com\\\/wp-content\\\/uploads\\\/2022\\\/06\\\/BOIXADOS_DOBLE_TANCAMENT.png\",\"width\":400,\"height\":400},{\"@type\":\"BreadcrumbList\",\"@id\":\"https:\\\/\\\/www.boixados.com\\\/ca\\\/producte\\\/doble-tancament\\\/#breadcrumb\",\"itemListElement\":[{\"@type\":\"ListItem\",\"position\":1,\"name\":\"Portada\",\"item\":\"https:\\\/\\\/www.boixados.com\\\/\"},{\"@type\":\"ListItem\",\"position\":2,\"name\":\"BOTIGA ONLINE\",\"item\":\"https:\\\/\\\/www.boixados.com\\\/ca\\\/compra\\\/\"},{\"@type\":\"ListItem\",\"position\":3,\"name\":\"Env\u00e0s doble tancament\"}]},{\"@type\":\"WebSite\",\"@id\":\"https:\\\/\\\/www.boixados.com\\\/#website\",\"url\":\"https:\\\/\\\/www.boixados.com\\\/\",\"name\":\"Boixad\u00f3s\",\"description\":\"Dise\u00f1o y fabricaci\u00f3n de envases met\u00e1licos.\",\"publisher\":{\"@id\":\"https:\\\/\\\/www.boixados.com\\\/#organization\"},\"alternateName\":\"Boixad\u00f3s Smart Metal Packaging\",\"potentialAction\":[{\"@type\":\"SearchAction\",\"target\":{\"@type\":\"EntryPoint\",\"urlTemplate\":\"https:\\\/\\\/www.boixados.com\\\/?s={search_term_string}\"},\"query-input\":{\"@type\":\"PropertyValueSpecification\",\"valueRequired\":true,\"valueName\":\"search_term_string\"}}],\"inLanguage\":\"ca-ES\"},{\"@type\":\"Organization\",\"@id\":\"https:\\\/\\\/www.boixados.com\\\/#organization\",\"name\":\"Boixad\u00f3s\",\"alternateName\":\"Boixad\u00f3s Smart Metal Packaging\",\"url\":\"https:\\\/\\\/www.boixados.com\\\/\",\"logo\":{\"@type\":\"ImageObject\",\"inLanguage\":\"ca-ES\",\"@id\":\"https:\\\/\\\/www.boixados.com\\\/#\\\/schema\\\/logo\\\/image\\\/\",\"url\":\"https:\\\/\\\/www.boixados.com\\\/wp-content\\\/uploads\\\/2022\\\/06\\\/logo-home.png\",\"contentUrl\":\"https:\\\/\\\/www.boixados.com\\\/wp-content\\\/uploads\\\/2022\\\/06\\\/logo-home.png\",\"width\":280,\"height\":81,\"caption\":\"Boixad\u00f3s\"},\"image\":{\"@id\":\"https:\\\/\\\/www.boixados.com\\\/#\\\/schema\\\/logo\\\/image\\\/\"},\"sameAs\":[\"https:\\\/\\\/www.facebook.com\\\/SmartBoixados\\\/\",\"https:\\\/\\\/es.linkedin.com\\\/company\\\/smartboixados\",\"https:\\\/\\\/www.youtube.com\\\/c\\\/boixadosenvasosmetallicssl\"]}]}<\/script>\n<!-- \/ Yoast SEO plugin. -->","yoast_head_json":{"title":"Env\u00e0s doble tancament - Boixad\u00f3s","robots":{"index":"noindex","follow":"follow"},"og_locale":"ca_ES","og_type":"article","og_title":"Env\u00e0s doble tancament - Boixad\u00f3s","og_description":"Env\u00e0s per a productes qu\u00edmics industrials amb tapa de doble tancament. Indicat per a productes de densitat de mitjana a alta o s\u00f2lids. Opcional esmalt interior ICI per a productes a base d'aigua. Homologat per al transport de mercaderies perilloses.","og_url":"https:\/\/www.boixados.com\/ca\/producte\/doble-tancament\/","og_site_name":"Boixad\u00f3s","article_publisher":"https:\/\/www.facebook.com\/SmartBoixados\/","article_modified_time":"2026-04-16T11:33:44+00:00","og_image":[{"width":400,"height":400,"url":"https:\/\/www.boixados.com\/wp-content\/uploads\/2022\/06\/BOIXADOS_DOBLE_TANCAMENT.png","type":"image\/png"}],"twitter_card":"summary_large_image","twitter_misc":{"Est. reading time":"1 minute"},"schema":{"@context":"https:\/\/schema.org","@graph":[{"@type":"WebPage","@id":"https:\/\/www.boixados.com\/ca\/producte\/doble-tancament\/","url":"https:\/\/www.boixados.com\/ca\/producte\/doble-tancament\/","name":"Env\u00e0s doble tancament - Boixad\u00f3s","isPartOf":{"@id":"https:\/\/www.boixados.com\/#website"},"primaryImageOfPage":{"@id":"https:\/\/www.boixados.com\/ca\/producte\/doble-tancament\/#primaryimage"},"image":{"@id":"https:\/\/www.boixados.com\/ca\/producte\/doble-tancament\/#primaryimage"},"thumbnailUrl":"https:\/\/www.boixados.com\/wp-content\/uploads\/2022\/06\/BOIXADOS_DOBLE_TANCAMENT.png","datePublished":"2022-11-15T07:50:03+00:00","dateModified":"2026-04-16T11:33:44+00:00","breadcrumb":{"@id":"https:\/\/www.boixados.com\/ca\/producte\/doble-tancament\/#breadcrumb"},"inLanguage":"ca-ES","potentialAction":[{"@type":"ReadAction","target":["https:\/\/www.boixados.com\/ca\/producte\/doble-tancament\/"]}]},{"@type":"ImageObject","inLanguage":"ca-ES","@id":"https:\/\/www.boixados.com\/ca\/producte\/doble-tancament\/#primaryimage","url":"https:\/\/www.boixados.com\/wp-content\/uploads\/2022\/06\/BOIXADOS_DOBLE_TANCAMENT.png","contentUrl":"https:\/\/www.boixados.com\/wp-content\/uploads\/2022\/06\/BOIXADOS_DOBLE_TANCAMENT.png","width":400,"height":400},{"@type":"BreadcrumbList","@id":"https:\/\/www.boixados.com\/ca\/producte\/doble-tancament\/#breadcrumb","itemListElement":[{"@type":"ListItem","position":1,"name":"Portada","item":"https:\/\/www.boixados.com\/"},{"@type":"ListItem","position":2,"name":"BOTIGA ONLINE","item":"https:\/\/www.boixados.com\/ca\/compra\/"},{"@type":"ListItem","position":3,"name":"Env\u00e0s doble tancament"}]},{"@type":"WebSite","@id":"https:\/\/www.boixados.com\/#website","url":"https:\/\/www.boixados.com\/","name":"Boixad\u00f3s","description":"Dise\u00f1o y fabricaci\u00f3n de envases met\u00e1licos.","publisher":{"@id":"https:\/\/www.boixados.com\/#organization"},"alternateName":"Boixad\u00f3s Smart Metal Packaging","potentialAction":[{"@type":"SearchAction","target":{"@type":"EntryPoint","urlTemplate":"https:\/\/www.boixados.com\/?s={search_term_string}"},"query-input":{"@type":"PropertyValueSpecification","valueRequired":true,"valueName":"search_term_string"}}],"inLanguage":"ca-ES"},{"@type":"Organization","@id":"https:\/\/www.boixados.com\/#organization","name":"Boixad\u00f3s","alternateName":"Boixad\u00f3s Smart Metal Packaging","url":"https:\/\/www.boixados.com\/","logo":{"@type":"ImageObject","inLanguage":"ca-ES","@id":"https:\/\/www.boixados.com\/#\/schema\/logo\/image\/","url":"https:\/\/www.boixados.com\/wp-content\/uploads\/2022\/06\/logo-home.png","contentUrl":"https:\/\/www.boixados.com\/wp-content\/uploads\/2022\/06\/logo-home.png","width":280,"height":81,"caption":"Boixad\u00f3s"},"image":{"@id":"https:\/\/www.boixados.com\/#\/schema\/logo\/image\/"},"sameAs":["https:\/\/www.facebook.com\/SmartBoixados\/","https:\/\/es.linkedin.com\/company\/smartboixados","https:\/\/www.youtube.com\/c\/boixadosenvasosmetallicssl"]}]}},"_links":{"self":[{"href":"https:\/\/www.boixados.com\/ca\/wp-json\/wp\/v2\/product\/11462","targetHints":{"allow":["GET"]}}],"collection":[{"href":"https:\/\/www.boixados.com\/ca\/wp-json\/wp\/v2\/product"}],"about":[{"href":"https:\/\/www.boixados.com\/ca\/wp-json\/wp\/v2\/types\/product"}],"wp:featuredmedia":[{"embeddable":true,"href":"https:\/\/www.boixados.com\/ca\/wp-json\/wp\/v2\/media\/9450"}],"wp:attachment":[{"href":"https:\/\/www.boixados.com\/ca\/wp-json\/wp\/v2\/media?parent=11462"}],"wp:term":[{"taxonomy":"product_brand","embeddable":true,"href":"https:\/\/www.boixados.com\/ca\/wp-json\/wp\/v2\/product_brand?post=11462"},{"taxonomy":"product_cat","embeddable":true,"href":"https:\/\/www.boixados.com\/ca\/wp-json\/wp\/v2\/product_cat?post=11462"},{"taxonomy":"product_tag","embeddable":true,"href":"https:\/\/www.boixados.com\/ca\/wp-json\/wp\/v2\/product_tag?post=11462"}],"curies":[{"name":"wp","href":"https:\/\/api.w.org\/{rel}","templated":true}]}}