{"id":14178,"date":"2024-10-17T19:11:29","date_gmt":"2024-10-17T17:11:29","guid":{"rendered":"https:\/\/www.boixados.com\/benvinguda-newsletter\/"},"modified":"2024-10-17T19:45:26","modified_gmt":"2024-10-17T17:45:26","slug":"benvinguda-newsletter","status":"publish","type":"page","link":"https:\/\/www.boixados.com\/ca\/benvinguda-newsletter\/","title":{"rendered":"Benvinguda Newsletter"},"content":{"rendered":"\t\t<div data-elementor-type=\"wp-page\" data-elementor-id=\"14178\" class=\"elementor elementor-14178 elementor-14166\" data-elementor-post-type=\"page\">\n\t\t\t\t\t\t<section class=\"elementor-section elementor-top-section elementor-element elementor-element-522d9b3 elementor-section-content-top elementor-section-stretched elementor-section-height-min-height elementor-section-full_width elementor-section-height-default elementor-section-items-middle\" data-id=\"522d9b3\" data-element_type=\"section\" data-e-type=\"section\" data-settings=\"{&quot;stretch_section&quot;:&quot;section-stretched&quot;,&quot;background_background&quot;:&quot;classic&quot;,&quot;jet_parallax_layout_list&quot;:[]}\">\n\t\t\t\t\t\t<div class=\"elementor-container elementor-column-gap-default\">\n\t\t\t\t\t<div class=\"elementor-column elementor-col-100 elementor-top-column elementor-element elementor-element-cb9cc18\" data-id=\"cb9cc18\" data-element_type=\"column\" data-e-type=\"column\">\n\t\t\t<div class=\"elementor-widget-wrap\">\n\t\t\t\t\t\t\t<\/div>\n\t\t<\/div>\n\t\t\t\t\t<\/div>\n\t\t<\/section>\n\t\t\t\t<section class=\"elementor-section elementor-top-section elementor-element elementor-element-0c876bc elementor-section-full_width elementor-section-height-default elementor-section-height-default\" data-id=\"0c876bc\" data-element_type=\"section\" data-e-type=\"section\" data-settings=\"{&quot;jet_parallax_layout_list&quot;:[]}\">\n\t\t\t\t\t\t<div class=\"elementor-container elementor-column-gap-default\">\n\t\t\t\t\t<div class=\"elementor-column elementor-col-100 elementor-top-column elementor-element elementor-element-582990d\" data-id=\"582990d\" data-element_type=\"column\" data-e-type=\"column\">\n\t\t\t<div class=\"elementor-widget-wrap elementor-element-populated\">\n\t\t\t\t\t\t<div class=\"elementor-element elementor-element-e6d4cab elementor-widget elementor-widget-text-editor\" data-id=\"e6d4cab\" data-element_type=\"widget\" data-e-type=\"widget\" data-widget_type=\"text-editor.default\">\n\t\t\t\t\t\t\t\t\t<p style=\"text-align: center;\"><span style=\"color: #000000; font-size: 50px; font-weight: 800;\"><span style=\"color: #de0707;\">Benvinguts!<\/span><\/span><\/p>\t\t\t\t\t\t\t\t<\/div>\n\t\t\t\t<div class=\"elementor-element elementor-element-277e1d6 elementor-widget elementor-widget-text-editor\" data-id=\"277e1d6\" data-element_type=\"widget\" data-e-type=\"widget\" data-widget_type=\"text-editor.default\">\n\t\t\t\t\t\t\t\t\t<h5><span style=\"color: #333333;\">Ens alegra molt tenir-te amb nosaltres. A Boixad\u00f3s portem m\u00e9s de 100 anys dissenyant i produint envasos met\u00e0l\u00b7lics a mida per a una \u00e0mplia varietat de sectors, des de l&#8217;alimentari fins al farmac\u00e8utic i industrial.  <\/span><\/h5><div><span style=\"color: #333333;\"><br><\/span><\/div>\n<h5> <\/h5>\n<h5><span style=\"color: #333333;\">Amb un enfocament ferm en la innovaci\u00f3, la qualitat i la sostenibilitat, treballem per oferir solucions personalitzades que preserven i milloren els teus productes.<\/span><\/h5>\n<h5> <\/h5>\n<h5><span style=\"color: #333333;\"><br><\/span><\/h5><h5><span style=\"color: #333333;\">A partir d&#8217;ara, rebr\u00e0s informaci\u00f3 exclusiva sobre les nostres novetats, consells i ofertes especials, aix\u00ed com detalls sobre com els nostres envasos met\u00e0l\u00b7lics poden ajudar a fer que el teu negoci destaqui.<\/span><\/h5>\t\t\t\t\t\t\t\t<\/div>\n\t\t\t\t\t<\/div>\n\t\t<\/div>\n\t\t\t\t\t<\/div>\n\t\t<\/section>\n\t\t\t\t<\/div>\n\t\t","protected":false},"excerpt":{"rendered":"<p>Benvinguts! Ens alegra molt tenir-te amb nosaltres. A Boixad\u00f3s portem m\u00e9s de 100 anys dissenyant i produint envasos met\u00e0l\u00b7lics a mida per a una \u00e0mplia varietat de sectors, des de l&#8217;alimentari fins al farmac\u00e8utic i industrial. Amb un enfocament ferm en la innovaci\u00f3, la qualitat i la sostenibilitat, treballem per oferir solucions personalitzades que preserven [&hellip;]<\/p>\n","protected":false},"author":273,"featured_media":0,"parent":0,"menu_order":0,"comment_status":"closed","ping_status":"closed","template":"","meta":{"_acf_changed":false,"footnotes":""},"class_list":["post-14178","page","type-page","status-publish","hentry"],"acf":[],"yoast_head":"<!-- This site is optimized with the Yoast SEO plugin v27.3 - https:\/\/yoast.com\/product\/yoast-seo-wordpress\/ -->\n<title>Solucions per l&#039;envasat - Boixad\u00f3s<\/title>\n<meta name=\"description\" content=\"Benvinguts a la nostra Newsletter\" \/>\n<meta name=\"robots\" content=\"index, follow, max-snippet:-1, max-image-preview:large, max-video-preview:-1\" \/>\n<link rel=\"canonical\" href=\"https:\/\/www.boixados.com\/en\/newsletter-welcome\/\" \/>\n<meta property=\"og:locale\" content=\"ca_ES\" \/>\n<meta property=\"og:type\" content=\"article\" \/>\n<meta property=\"og:title\" content=\"Solucions per l&#039;envasat - Boixad\u00f3s\" \/>\n<meta property=\"og:description\" content=\"Benvinguts a la nostra Newsletter\" \/>\n<meta property=\"og:url\" content=\"https:\/\/www.boixados.com\/en\/newsletter-welcome\/\" \/>\n<meta property=\"og:site_name\" content=\"Boixad\u00f3s\" \/>\n<meta property=\"article:publisher\" content=\"https:\/\/www.facebook.com\/SmartBoixados\/\" \/>\n<meta property=\"article:modified_time\" content=\"2024-10-17T17:45:26+00:00\" \/>\n<meta property=\"og:image\" content=\"https:\/\/www.boixados.com\/wp-content\/uploads\/2022\/06\/home5.jpg\" \/>\n\t<meta property=\"og:image:width\" content=\"646\" \/>\n\t<meta property=\"og:image:height\" content=\"316\" \/>\n\t<meta property=\"og:image:type\" content=\"image\/jpeg\" \/>\n<meta name=\"twitter:card\" content=\"summary_large_image\" \/>\n<meta name=\"twitter:label1\" content=\"Est. reading time\" \/>\n\t<meta name=\"twitter:data1\" content=\"1 minute\" \/>\n<script type=\"application\/ld+json\" class=\"yoast-schema-graph\">{\"@context\":\"https:\\\/\\\/schema.org\",\"@graph\":[{\"@type\":\"WebPage\",\"@id\":\"https:\\\/\\\/www.boixados.com\\\/en\\\/newsletter-welcome\\\/\",\"url\":\"https:\\\/\\\/www.boixados.com\\\/en\\\/newsletter-welcome\\\/\",\"name\":\"Solucions per l'envasat - Boixad\u00f3s\",\"isPartOf\":{\"@id\":\"https:\\\/\\\/www.boixados.com\\\/#website\"},\"datePublished\":\"2024-10-17T17:11:29+00:00\",\"dateModified\":\"2024-10-17T17:45:26+00:00\",\"description\":\"Benvinguts a la nostra Newsletter\",\"breadcrumb\":{\"@id\":\"https:\\\/\\\/www.boixados.com\\\/en\\\/newsletter-welcome\\\/#breadcrumb\"},\"inLanguage\":\"ca-ES\",\"potentialAction\":[{\"@type\":\"ReadAction\",\"target\":[\"https:\\\/\\\/www.boixados.com\\\/en\\\/newsletter-welcome\\\/\"]}]},{\"@type\":\"BreadcrumbList\",\"@id\":\"https:\\\/\\\/www.boixados.com\\\/en\\\/newsletter-welcome\\\/#breadcrumb\",\"itemListElement\":[{\"@type\":\"ListItem\",\"position\":1,\"name\":\"Portada\",\"item\":\"https:\\\/\\\/www.boixados.com\\\/\"},{\"@type\":\"ListItem\",\"position\":2,\"name\":\"Benvinguda Newsletter\"}]},{\"@type\":\"WebSite\",\"@id\":\"https:\\\/\\\/www.boixados.com\\\/#website\",\"url\":\"https:\\\/\\\/www.boixados.com\\\/\",\"name\":\"Boixad\u00f3s\",\"description\":\"Dise\u00f1o y fabricaci\u00f3n de envases met\u00e1licos.\",\"publisher\":{\"@id\":\"https:\\\/\\\/www.boixados.com\\\/#organization\"},\"alternateName\":\"Boixad\u00f3s Smart Metal Packaging\",\"potentialAction\":[{\"@type\":\"SearchAction\",\"target\":{\"@type\":\"EntryPoint\",\"urlTemplate\":\"https:\\\/\\\/www.boixados.com\\\/?s={search_term_string}\"},\"query-input\":{\"@type\":\"PropertyValueSpecification\",\"valueRequired\":true,\"valueName\":\"search_term_string\"}}],\"inLanguage\":\"ca-ES\"},{\"@type\":\"Organization\",\"@id\":\"https:\\\/\\\/www.boixados.com\\\/#organization\",\"name\":\"Boixad\u00f3s\",\"alternateName\":\"Boixad\u00f3s Smart Metal Packaging\",\"url\":\"https:\\\/\\\/www.boixados.com\\\/\",\"logo\":{\"@type\":\"ImageObject\",\"inLanguage\":\"ca-ES\",\"@id\":\"https:\\\/\\\/www.boixados.com\\\/#\\\/schema\\\/logo\\\/image\\\/\",\"url\":\"https:\\\/\\\/www.boixados.com\\\/wp-content\\\/uploads\\\/2022\\\/06\\\/logo-home.png\",\"contentUrl\":\"https:\\\/\\\/www.boixados.com\\\/wp-content\\\/uploads\\\/2022\\\/06\\\/logo-home.png\",\"width\":280,\"height\":81,\"caption\":\"Boixad\u00f3s\"},\"image\":{\"@id\":\"https:\\\/\\\/www.boixados.com\\\/#\\\/schema\\\/logo\\\/image\\\/\"},\"sameAs\":[\"https:\\\/\\\/www.facebook.com\\\/SmartBoixados\\\/\",\"https:\\\/\\\/es.linkedin.com\\\/company\\\/smartboixados\",\"https:\\\/\\\/www.youtube.com\\\/c\\\/boixadosenvasosmetallicssl\"]}]}<\/script>\n<!-- \/ Yoast SEO plugin. -->","yoast_head_json":{"title":"Solucions per l'envasat - Boixad\u00f3s","description":"Benvinguts a la nostra Newsletter","robots":{"index":"index","follow":"follow","max-snippet":"max-snippet:-1","max-image-preview":"max-image-preview:large","max-video-preview":"max-video-preview:-1"},"canonical":"https:\/\/www.boixados.com\/en\/newsletter-welcome\/","og_locale":"ca_ES","og_type":"article","og_title":"Solucions per l'envasat - Boixad\u00f3s","og_description":"Benvinguts a la nostra Newsletter","og_url":"https:\/\/www.boixados.com\/en\/newsletter-welcome\/","og_site_name":"Boixad\u00f3s","article_publisher":"https:\/\/www.facebook.com\/SmartBoixados\/","article_modified_time":"2024-10-17T17:45:26+00:00","og_image":[{"width":646,"height":316,"url":"https:\/\/www.boixados.com\/wp-content\/uploads\/2022\/06\/home5.jpg","type":"image\/jpeg"}],"twitter_card":"summary_large_image","twitter_misc":{"Est. reading time":"1 minute"},"schema":{"@context":"https:\/\/schema.org","@graph":[{"@type":"WebPage","@id":"https:\/\/www.boixados.com\/en\/newsletter-welcome\/","url":"https:\/\/www.boixados.com\/en\/newsletter-welcome\/","name":"Solucions per l'envasat - Boixad\u00f3s","isPartOf":{"@id":"https:\/\/www.boixados.com\/#website"},"datePublished":"2024-10-17T17:11:29+00:00","dateModified":"2024-10-17T17:45:26+00:00","description":"Benvinguts a la nostra Newsletter","breadcrumb":{"@id":"https:\/\/www.boixados.com\/en\/newsletter-welcome\/#breadcrumb"},"inLanguage":"ca-ES","potentialAction":[{"@type":"ReadAction","target":["https:\/\/www.boixados.com\/en\/newsletter-welcome\/"]}]},{"@type":"BreadcrumbList","@id":"https:\/\/www.boixados.com\/en\/newsletter-welcome\/#breadcrumb","itemListElement":[{"@type":"ListItem","position":1,"name":"Portada","item":"https:\/\/www.boixados.com\/"},{"@type":"ListItem","position":2,"name":"Benvinguda Newsletter"}]},{"@type":"WebSite","@id":"https:\/\/www.boixados.com\/#website","url":"https:\/\/www.boixados.com\/","name":"Boixad\u00f3s","description":"Dise\u00f1o y fabricaci\u00f3n de envases met\u00e1licos.","publisher":{"@id":"https:\/\/www.boixados.com\/#organization"},"alternateName":"Boixad\u00f3s Smart Metal Packaging","potentialAction":[{"@type":"SearchAction","target":{"@type":"EntryPoint","urlTemplate":"https:\/\/www.boixados.com\/?s={search_term_string}"},"query-input":{"@type":"PropertyValueSpecification","valueRequired":true,"valueName":"search_term_string"}}],"inLanguage":"ca-ES"},{"@type":"Organization","@id":"https:\/\/www.boixados.com\/#organization","name":"Boixad\u00f3s","alternateName":"Boixad\u00f3s Smart Metal Packaging","url":"https:\/\/www.boixados.com\/","logo":{"@type":"ImageObject","inLanguage":"ca-ES","@id":"https:\/\/www.boixados.com\/#\/schema\/logo\/image\/","url":"https:\/\/www.boixados.com\/wp-content\/uploads\/2022\/06\/logo-home.png","contentUrl":"https:\/\/www.boixados.com\/wp-content\/uploads\/2022\/06\/logo-home.png","width":280,"height":81,"caption":"Boixad\u00f3s"},"image":{"@id":"https:\/\/www.boixados.com\/#\/schema\/logo\/image\/"},"sameAs":["https:\/\/www.facebook.com\/SmartBoixados\/","https:\/\/es.linkedin.com\/company\/smartboixados","https:\/\/www.youtube.com\/c\/boixadosenvasosmetallicssl"]}]}},"_links":{"self":[{"href":"https:\/\/www.boixados.com\/ca\/wp-json\/wp\/v2\/pages\/14178","targetHints":{"allow":["GET"]}}],"collection":[{"href":"https:\/\/www.boixados.com\/ca\/wp-json\/wp\/v2\/pages"}],"about":[{"href":"https:\/\/www.boixados.com\/ca\/wp-json\/wp\/v2\/types\/page"}],"author":[{"embeddable":true,"href":"https:\/\/www.boixados.com\/ca\/wp-json\/wp\/v2\/users\/273"}],"replies":[{"embeddable":true,"href":"https:\/\/www.boixados.com\/ca\/wp-json\/wp\/v2\/comments?post=14178"}],"version-history":[{"count":0,"href":"https:\/\/www.boixados.com\/ca\/wp-json\/wp\/v2\/pages\/14178\/revisions"}],"wp:attachment":[{"href":"https:\/\/www.boixados.com\/ca\/wp-json\/wp\/v2\/media?parent=14178"}],"curies":[{"name":"wp","href":"https:\/\/api.w.org\/{rel}","templated":true}]}}