{"id":11228,"date":"2023-01-31T12:37:49","date_gmt":"2023-01-31T10:37:49","guid":{"rendered":"https:\/\/www.boixados.com\/politica-de-devolucions\/"},"modified":"2024-05-23T16:23:49","modified_gmt":"2024-05-23T14:23:49","slug":"politica-de-devolucions","status":"publish","type":"page","link":"https:\/\/www.boixados.com\/ca\/politica-de-devolucions\/","title":{"rendered":"Pol\u00edtica de devolucions"},"content":{"rendered":"\t\t<div data-elementor-type=\"wp-page\" data-elementor-id=\"11228\" class=\"elementor elementor-11228 elementor-6858\" data-elementor-post-type=\"page\">\n\t\t\t\t\t\t<section class=\"elementor-section elementor-top-section elementor-element elementor-element-def228b elementor-section-boxed elementor-section-height-default elementor-section-height-default\" data-id=\"def228b\" data-element_type=\"section\" data-e-type=\"section\" data-settings=\"{&quot;jet_parallax_layout_list&quot;:[]}\">\n\t\t\t\t\t\t<div class=\"elementor-container elementor-column-gap-default\">\n\t\t\t\t\t<div class=\"elementor-column elementor-col-100 elementor-top-column elementor-element elementor-element-e143642\" data-id=\"e143642\" data-element_type=\"column\" data-e-type=\"column\">\n\t\t\t<div class=\"elementor-widget-wrap elementor-element-populated\">\n\t\t\t\t\t\t<div class=\"elementor-element elementor-element-c55e259 elementor-widget-divider--view-line elementor-widget elementor-widget-divider\" data-id=\"c55e259\" data-element_type=\"widget\" data-e-type=\"widget\" data-widget_type=\"divider.default\">\n\t\t\t\t\t\t\t<div class=\"elementor-divider\">\n\t\t\t<span class=\"elementor-divider-separator\">\n\t\t\t\t\t\t<\/span>\n\t\t<\/div>\n\t\t\t\t\t\t<\/div>\n\t\t\t\t<div class=\"elementor-element elementor-element-80baa10 elementor-widget elementor-widget-text-editor\" data-id=\"80baa10\" data-element_type=\"widget\" data-e-type=\"widget\" data-widget_type=\"text-editor.default\">\n\t\t\t\t\t\t\t\t\t<h4><strong>Pol\u00edtica de devolucions<\/strong><\/h4>\n\t\t\t\t\t\t\t\t<\/div>\n\t\t\t\t\t<\/div>\n\t\t<\/div>\n\t\t\t\t\t<\/div>\n\t\t<\/section>\n\t\t\t\t<section class=\"elementor-section elementor-top-section elementor-element elementor-element-062f5e4 elementor-section-boxed elementor-section-height-default elementor-section-height-default\" data-id=\"062f5e4\" data-element_type=\"section\" data-e-type=\"section\" data-settings=\"{&quot;jet_parallax_layout_list&quot;:[]}\">\n\t\t\t\t\t\t<div class=\"elementor-container elementor-column-gap-default\">\n\t\t\t\t\t<div class=\"elementor-column elementor-col-100 elementor-top-column elementor-element elementor-element-ec14688\" data-id=\"ec14688\" data-element_type=\"column\" data-e-type=\"column\">\n\t\t\t<div class=\"elementor-widget-wrap elementor-element-populated\">\n\t\t\t\t\t\t<div class=\"elementor-element elementor-element-5860498 elementor-widget elementor-widget-text-editor\" data-id=\"5860498\" data-element_type=\"widget\" data-e-type=\"widget\" data-widget_type=\"text-editor.default\">\n\t\t\t\t\t\t\t\t\t<div>\n<div>El client disposa de la possibilitat d\u2019anul\u00b7lar la seva comanda sense cap cost, sempre que l\u2019anul\u00b7laci\u00f3 es comuniqui abans que la comanda hagi estat posada a disposici\u00f3 del transportista per enviar-la.<\/div>\n<div>&nbsp;<\/div>\n<div>El client disposar\u00e0 d\u2019un termini de 5 dies h\u00e0bils des de la recepci\u00f3 de la comanda per resoldre el contracte i fer la&nbsp;<strong>devoluci\u00f3 del producte adquirit<\/strong>. El client comunicar\u00e0 a&nbsp;<strong>Boixad\u00f3s Envasos Met\u00e0l\u00b7lics, SL<\/strong>,&nbsp;dins del termini estipulat i per qualsevol mitj\u00e0 adm\u00e8s en dret, el desig d\u2019exercir el dret de resoluci\u00f3 del contracte. En aquests casos,&nbsp;<strong>Boixad\u00f3s Envasos Met\u00e0l\u00b7lics, SL<\/strong>&nbsp;tornar\u00e0 l\u2019import de la compra&nbsp;,<strong>excepte els ports d\u2019anada i tornada<\/strong>,&nbsp;amb la mateixa forma de pagament realitzada pel client.<\/div>\n<div>El&nbsp;<strong>client<\/strong>&nbsp;podr\u00e0 tornar qualsevol article que hagi comprat a&nbsp;<a href=\"http:\/\/boixados.com\/ca\" target=\"_blank\" rel=\"noopener\"><strong>boixados.com<\/strong><\/a>,&nbsp;sempre que els productes no hagin estat oberts ni usats i conservin el seu precinte o embalatge original. En aquests casos,&nbsp;<strong>Boixad\u00f3s Envasos Met\u00e0l\u00b7lics, SL<\/strong>&nbsp;tornar\u00e0 l\u2019import de la compra de la mateixa manera que es va realitzar, a trav\u00e9s d\u2019un abonament mitjan\u00e7ant una transfer\u00e8ncia banc\u00e0ria al compte indicat pel client.<\/div>\n<div>Tot canvi o devoluci\u00f3 ha de ser pr\u00e8viament autoritzat per&nbsp;<strong>Boixad\u00f3s Envasos Met\u00e0l\u00b7lics, SL<\/strong>&nbsp;i s\u2019ha d\u2019haver sol\u00b7licitat per correu electr\u00f2nic.<\/div>\n<div>Un cop rebut aquest missatge, procedirem a tramitar la devoluci\u00f3. El m\u00e8tode ser\u00e0 el seg\u00fcent:<\/div>\n<div>Contactarem amb el client per comunicar-li l\u2019acceptaci\u00f3 de la devoluci\u00f3 i l\u2019adre\u00e7a de lliurament que ha d\u2019indicar clarament a l\u2019embalatge. Ens heu de lliurar el producte abans de 10 dies des de la data en qu\u00e8 el vau rebre dins de l\u2019embalatge original.<\/div>\n<div>La petici\u00f3 de recollida de les devolucions la far\u00e0 nom\u00e9s&nbsp;<strong>Boixad\u00f3s Envasos Met\u00e0l\u00b7lics, SL<\/strong>&nbsp;a trav\u00e9s de la seva ag\u00e8ncia. El client facilitar\u00e0 la recollida del producte en la data i l\u2019horari sol\u00b7licitat.<\/div>\n<div><strong>Boixad\u00f3s Envasos Met\u00e0l\u00b7lics, SL<\/strong>&nbsp;procedir\u00e0 al reemborsament dels diners una vegada hagi rebut el producte i comprovat que est\u00e0 en perfectes condicions i en el seu embalatge original en un termini m\u00e0xim de 30 dies.<\/div>\n<div>&nbsp;<\/div>\n<div>Fora d\u2019aquest termini no \u00e9s possible admetre devolucions.<\/div><div><br><\/div><div><br><\/div>\n<h5><strong>Condicions de Garantia a la Recepci\u00f3 del Material<\/strong><\/h5>\n<h5><strong style=\"color: var( --e-global-color-text ); font-family: var( --e-global-typography-text-font-family ), Sans-serif; font-size: var( --e-global-typography-text-font-size );\">&nbsp;<\/strong><\/h5>\n<h5><strong style=\"color: var( --e-global-color-text ); font-family: var( --e-global-typography-text-font-family ), Sans-serif; font-size: var( --e-global-typography-text-font-size );\">Asseguran\u00e7a de Transport:<\/strong><\/h5>\n<p>Tot els productes i &nbsp;materials de Boixad\u00f3s Envasos Met\u00e0l\u00b7lics SL, s\u00f3n enviats amb una asseguran\u00e7a a tot risc, per cobrir qualsevol dany o p\u00e8rdua durant el transport des de les nostres instal\u00b7lacions fins a l\u2019adre\u00e7a indicada en cada comanda.<\/p>\n<p>En el moment de la recepci\u00f3 dels productes, \u00e9s <strong>imperatiu<\/strong> que el client realitzi una inspecci\u00f3 detallada dels seg\u00fcents elements:<\/p>\n<ol>\n<li><strong>Estat de l\u2019Embalatge:<\/strong><\/li>\n<\/ol>\n<p>Verificar que els paquets\/palets\/embalums o embalatges estiguin en bon estat, sense senyals de deteriorament o manipulaci\u00f3 inapropiada.<\/p>\n<ol start=\"2\">\n<li><strong>Quantitat i Conformitat:<\/strong><\/li>\n<\/ol>\n<p>Comprovar que el nombre de paquets\/palets\/embalums rebuts coincideixin amb els detallats a l&#8217;albar\u00e0 de entrega i que els productes corresponguin a la comanda efectuada.<\/p>\n<p>En cas de detectar qualsevol anomalia, com danys externs\/interns als paquets\/palets\/embalums, discordan\u00e7a en el nombre de paquets o tipus de productes rebuts, el client ha de:<\/p>\n<ol>\n<li><strong>Registrar Incid\u00e8ncia a l\u2019empresa de Transport:<\/strong><\/li>\n<\/ol>\n<p>Anotar les incid\u00e8ncies, queixes o observacions directament a l&#8217;albar\u00e0 d\u2019entrega del transportista per a qu\u00e8 en quedi const\u00e0ncia legal.<\/p>\n<ol start=\"2\">\n<li style=\"text-align: left;\"><strong>Comunicaci\u00f3 a Boixados:<\/strong><\/li>\n<\/ol>\n<p>Notificar per escrit a Boixad\u00f3s Envasos Met\u00e0l\u00b7lics SL, a l\u2019adre\u00e7a: <a href=\"mailto:envasos@boixados.com\" data-wplink-edit=\"true\">envasos@boixados.com<\/a>, les incid\u00e8ncies observades.<\/p>\n<ol>\n<li style=\"list-style-type: none;\">\n<ol start=\"2\">\n<li><strong><em>Les notificacions s\u2019han de realitzar <\/em><\/strong><em><u>dins un termini m\u00e0xim de <strong>24 hores<\/strong><\/u><\/em><em> des de la recepci\u00f3 de la comanda. <\/em><\/li>\n<li><em><u>Si disposa de fotografies ens ajudar\u00e0 a agilitzar la resoluci\u00f3 de la incid\u00e8ncia.<\/u><\/em><\/li>\n<\/ol>\n<\/li>\n<\/ol>\n<p><strong>&nbsp;<\/strong><\/p>\n<p><strong>Responsabilitat i Acceptaci\u00f3:<\/strong> <br>Si passat el per\u00edode de 24 hores no s\u2019ha rebut cap notificaci\u00f3 d&#8217;incid\u00e8ncia, tant Boixad\u00f3s Envasos Met\u00e0l\u00b7lics SL com la companyia de transports consideraran la entrega acceptada en conformitat. En aquest cas, <u>no ens responsabilitzarem de cap incid\u00e8ncia que pugui sorgir posteriorment.<\/u><\/p>\n<\/div>\n<div>&nbsp;<\/div>\t\t\t\t\t\t\t\t<\/div>\n\t\t\t\t\t<\/div>\n\t\t<\/div>\n\t\t\t\t\t<\/div>\n\t\t<\/section>\n\t\t\t\t<\/div>\n\t\t","protected":false},"excerpt":{"rendered":"<p>Pol\u00edtica de devolucions El client disposa de la possibilitat d\u2019anul\u00b7lar la seva comanda sense cap cost, sempre que l\u2019anul\u00b7laci\u00f3 es comuniqui abans que la comanda hagi estat posada a disposici\u00f3 del transportista per enviar-la. &nbsp; El client disposar\u00e0 d\u2019un termini de 5 dies h\u00e0bils des de la recepci\u00f3 de la comanda per resoldre el contracte [&hellip;]<\/p>\n","protected":false},"author":2,"featured_media":0,"parent":0,"menu_order":0,"comment_status":"closed","ping_status":"closed","template":"","meta":{"_acf_changed":false,"footnotes":""},"class_list":["post-11228","page","type-page","status-publish","hentry"],"acf":[],"yoast_head":"<!-- This site is optimized with the Yoast SEO plugin v27.4 - https:\/\/yoast.com\/product\/yoast-seo-wordpress\/ -->\n<title>Pol\u00edtica de devolucions - Boixad\u00f3s<\/title>\n<meta name=\"robots\" content=\"noindex, follow\" \/>\n<meta property=\"og:locale\" content=\"ca_ES\" \/>\n<meta property=\"og:type\" content=\"article\" \/>\n<meta property=\"og:title\" content=\"Pol\u00edtica de devolucions - Boixad\u00f3s\" \/>\n<meta property=\"og:description\" content=\"Pol\u00edtica de devolucions El client disposa de la possibilitat d\u2019anul\u00b7lar la seva comanda sense cap cost, sempre que l\u2019anul\u00b7laci\u00f3 es comuniqui abans que la comanda hagi estat posada a disposici\u00f3 del transportista per enviar-la. &nbsp; El client disposar\u00e0 d\u2019un termini de 5 dies h\u00e0bils des de la recepci\u00f3 de la comanda per resoldre el contracte [&hellip;]\" \/>\n<meta property=\"og:url\" content=\"https:\/\/www.boixados.com\/ca\/politica-de-devolucions\/\" \/>\n<meta property=\"og:site_name\" content=\"Boixad\u00f3s\" \/>\n<meta property=\"article:publisher\" content=\"https:\/\/www.facebook.com\/SmartBoixados\/\" \/>\n<meta property=\"article:modified_time\" content=\"2024-05-23T14:23:49+00:00\" \/>\n<meta property=\"og:image\" content=\"https:\/\/www.boixados.com\/wp-content\/uploads\/2022\/06\/home5.jpg\" \/>\n\t<meta property=\"og:image:width\" content=\"646\" \/>\n\t<meta property=\"og:image:height\" content=\"316\" \/>\n\t<meta property=\"og:image:type\" content=\"image\/jpeg\" \/>\n<meta name=\"twitter:card\" content=\"summary_large_image\" \/>\n<meta name=\"twitter:label1\" content=\"Est. reading time\" \/>\n\t<meta name=\"twitter:data1\" content=\"4 minutes\" \/>\n<script type=\"application\/ld+json\" class=\"yoast-schema-graph\">{\"@context\":\"https:\\\/\\\/schema.org\",\"@graph\":[{\"@type\":\"WebPage\",\"@id\":\"https:\\\/\\\/www.boixados.com\\\/ca\\\/politica-de-devolucions\\\/\",\"url\":\"https:\\\/\\\/www.boixados.com\\\/ca\\\/politica-de-devolucions\\\/\",\"name\":\"Pol\u00edtica de devolucions - Boixad\u00f3s\",\"isPartOf\":{\"@id\":\"https:\\\/\\\/www.boixados.com\\\/#website\"},\"datePublished\":\"2023-01-31T10:37:49+00:00\",\"dateModified\":\"2024-05-23T14:23:49+00:00\",\"breadcrumb\":{\"@id\":\"https:\\\/\\\/www.boixados.com\\\/ca\\\/politica-de-devolucions\\\/#breadcrumb\"},\"inLanguage\":\"ca-ES\",\"potentialAction\":[{\"@type\":\"ReadAction\",\"target\":[\"https:\\\/\\\/www.boixados.com\\\/ca\\\/politica-de-devolucions\\\/\"]}]},{\"@type\":\"BreadcrumbList\",\"@id\":\"https:\\\/\\\/www.boixados.com\\\/ca\\\/politica-de-devolucions\\\/#breadcrumb\",\"itemListElement\":[{\"@type\":\"ListItem\",\"position\":1,\"name\":\"Portada\",\"item\":\"https:\\\/\\\/www.boixados.com\\\/\"},{\"@type\":\"ListItem\",\"position\":2,\"name\":\"Pol\u00edtica de devolucions\"}]},{\"@type\":\"WebSite\",\"@id\":\"https:\\\/\\\/www.boixados.com\\\/#website\",\"url\":\"https:\\\/\\\/www.boixados.com\\\/\",\"name\":\"Boixad\u00f3s\",\"description\":\"Dise\u00f1o y fabricaci\u00f3n de envases met\u00e1licos.\",\"publisher\":{\"@id\":\"https:\\\/\\\/www.boixados.com\\\/#organization\"},\"alternateName\":\"Boixad\u00f3s Smart Metal Packaging\",\"potentialAction\":[{\"@type\":\"SearchAction\",\"target\":{\"@type\":\"EntryPoint\",\"urlTemplate\":\"https:\\\/\\\/www.boixados.com\\\/?s={search_term_string}\"},\"query-input\":{\"@type\":\"PropertyValueSpecification\",\"valueRequired\":true,\"valueName\":\"search_term_string\"}}],\"inLanguage\":\"ca-ES\"},{\"@type\":\"Organization\",\"@id\":\"https:\\\/\\\/www.boixados.com\\\/#organization\",\"name\":\"Boixad\u00f3s\",\"alternateName\":\"Boixad\u00f3s Smart Metal Packaging\",\"url\":\"https:\\\/\\\/www.boixados.com\\\/\",\"logo\":{\"@type\":\"ImageObject\",\"inLanguage\":\"ca-ES\",\"@id\":\"https:\\\/\\\/www.boixados.com\\\/#\\\/schema\\\/logo\\\/image\\\/\",\"url\":\"https:\\\/\\\/www.boixados.com\\\/wp-content\\\/uploads\\\/2022\\\/06\\\/logo-home.png\",\"contentUrl\":\"https:\\\/\\\/www.boixados.com\\\/wp-content\\\/uploads\\\/2022\\\/06\\\/logo-home.png\",\"width\":280,\"height\":81,\"caption\":\"Boixad\u00f3s\"},\"image\":{\"@id\":\"https:\\\/\\\/www.boixados.com\\\/#\\\/schema\\\/logo\\\/image\\\/\"},\"sameAs\":[\"https:\\\/\\\/www.facebook.com\\\/SmartBoixados\\\/\",\"https:\\\/\\\/es.linkedin.com\\\/company\\\/smartboixados\",\"https:\\\/\\\/www.youtube.com\\\/c\\\/boixadosenvasosmetallicssl\"]}]}<\/script>\n<!-- \/ Yoast SEO plugin. -->","yoast_head_json":{"title":"Pol\u00edtica de devolucions - Boixad\u00f3s","robots":{"index":"noindex","follow":"follow"},"og_locale":"ca_ES","og_type":"article","og_title":"Pol\u00edtica de devolucions - Boixad\u00f3s","og_description":"Pol\u00edtica de devolucions El client disposa de la possibilitat d\u2019anul\u00b7lar la seva comanda sense cap cost, sempre que l\u2019anul\u00b7laci\u00f3 es comuniqui abans que la comanda hagi estat posada a disposici\u00f3 del transportista per enviar-la. &nbsp; El client disposar\u00e0 d\u2019un termini de 5 dies h\u00e0bils des de la recepci\u00f3 de la comanda per resoldre el contracte [&hellip;]","og_url":"https:\/\/www.boixados.com\/ca\/politica-de-devolucions\/","og_site_name":"Boixad\u00f3s","article_publisher":"https:\/\/www.facebook.com\/SmartBoixados\/","article_modified_time":"2024-05-23T14:23:49+00:00","og_image":[{"width":646,"height":316,"url":"https:\/\/www.boixados.com\/wp-content\/uploads\/2022\/06\/home5.jpg","type":"image\/jpeg"}],"twitter_card":"summary_large_image","twitter_misc":{"Est. reading time":"4 minutes"},"schema":{"@context":"https:\/\/schema.org","@graph":[{"@type":"WebPage","@id":"https:\/\/www.boixados.com\/ca\/politica-de-devolucions\/","url":"https:\/\/www.boixados.com\/ca\/politica-de-devolucions\/","name":"Pol\u00edtica de devolucions - Boixad\u00f3s","isPartOf":{"@id":"https:\/\/www.boixados.com\/#website"},"datePublished":"2023-01-31T10:37:49+00:00","dateModified":"2024-05-23T14:23:49+00:00","breadcrumb":{"@id":"https:\/\/www.boixados.com\/ca\/politica-de-devolucions\/#breadcrumb"},"inLanguage":"ca-ES","potentialAction":[{"@type":"ReadAction","target":["https:\/\/www.boixados.com\/ca\/politica-de-devolucions\/"]}]},{"@type":"BreadcrumbList","@id":"https:\/\/www.boixados.com\/ca\/politica-de-devolucions\/#breadcrumb","itemListElement":[{"@type":"ListItem","position":1,"name":"Portada","item":"https:\/\/www.boixados.com\/"},{"@type":"ListItem","position":2,"name":"Pol\u00edtica de devolucions"}]},{"@type":"WebSite","@id":"https:\/\/www.boixados.com\/#website","url":"https:\/\/www.boixados.com\/","name":"Boixad\u00f3s","description":"Dise\u00f1o y fabricaci\u00f3n de envases met\u00e1licos.","publisher":{"@id":"https:\/\/www.boixados.com\/#organization"},"alternateName":"Boixad\u00f3s Smart Metal Packaging","potentialAction":[{"@type":"SearchAction","target":{"@type":"EntryPoint","urlTemplate":"https:\/\/www.boixados.com\/?s={search_term_string}"},"query-input":{"@type":"PropertyValueSpecification","valueRequired":true,"valueName":"search_term_string"}}],"inLanguage":"ca-ES"},{"@type":"Organization","@id":"https:\/\/www.boixados.com\/#organization","name":"Boixad\u00f3s","alternateName":"Boixad\u00f3s Smart Metal Packaging","url":"https:\/\/www.boixados.com\/","logo":{"@type":"ImageObject","inLanguage":"ca-ES","@id":"https:\/\/www.boixados.com\/#\/schema\/logo\/image\/","url":"https:\/\/www.boixados.com\/wp-content\/uploads\/2022\/06\/logo-home.png","contentUrl":"https:\/\/www.boixados.com\/wp-content\/uploads\/2022\/06\/logo-home.png","width":280,"height":81,"caption":"Boixad\u00f3s"},"image":{"@id":"https:\/\/www.boixados.com\/#\/schema\/logo\/image\/"},"sameAs":["https:\/\/www.facebook.com\/SmartBoixados\/","https:\/\/es.linkedin.com\/company\/smartboixados","https:\/\/www.youtube.com\/c\/boixadosenvasosmetallicssl"]}]}},"_links":{"self":[{"href":"https:\/\/www.boixados.com\/ca\/wp-json\/wp\/v2\/pages\/11228","targetHints":{"allow":["GET"]}}],"collection":[{"href":"https:\/\/www.boixados.com\/ca\/wp-json\/wp\/v2\/pages"}],"about":[{"href":"https:\/\/www.boixados.com\/ca\/wp-json\/wp\/v2\/types\/page"}],"author":[{"embeddable":true,"href":"https:\/\/www.boixados.com\/ca\/wp-json\/wp\/v2\/users\/2"}],"replies":[{"embeddable":true,"href":"https:\/\/www.boixados.com\/ca\/wp-json\/wp\/v2\/comments?post=11228"}],"version-history":[{"count":0,"href":"https:\/\/www.boixados.com\/ca\/wp-json\/wp\/v2\/pages\/11228\/revisions"}],"wp:attachment":[{"href":"https:\/\/www.boixados.com\/ca\/wp-json\/wp\/v2\/media?parent=11228"}],"curies":[{"name":"wp","href":"https:\/\/api.w.org\/{rel}","templated":true}]}}