{"id":11144,"date":"2022-06-20T10:06:48","date_gmt":"2022-06-20T08:06:48","guid":{"rendered":"https:\/\/www.boixados.com\/politica-de-galetes\/"},"modified":"2023-11-20T18:57:18","modified_gmt":"2023-11-20T16:57:18","slug":"politica-de-galetes","status":"publish","type":"page","link":"https:\/\/www.boixados.com\/ca\/politica-de-galetes\/","title":{"rendered":"Pol\u00edtica de galetes"},"content":{"rendered":"<h4><\/h4>\n<p>&nbsp;<\/p>\n<h4>INFORMACI\u00d3 GENERAL DE LES GALETES<\/h4>\n<p>La confian\u00e7a de l&#8217;usuari \u00e9s important per a nosaltres i, per tant, a\u00a0<strong>BOIXAD\u00d3S ENVASOS MET\u00c0L\u00b7LICS, SL<\/strong>\u00a0ens preocupa protegir la vostra privadesa. Per aquest motiu, us volem proporcionar tota la informaci\u00f3 possible sobre com utilitzem les vostres dades de car\u00e0cter personal, fins i tot com utilitzem l&#8217;emmagatzematge local de dades i tecnologia similar.<\/p>\n<p>L&#8217;emmagatzematge local de dades implica emmagatzemar diferents tipus de dades localment al dispositiu a trav\u00e9s del vostre navegador web. Les dades emmagatzemades localment poden, per exemple, contenir la configuraci\u00f3 de l&#8217;usuari, informaci\u00f3 sobre com navegueu pel nostre lloc web, quin navegador web utilitzeu, quins anuncis s&#8217;han mostrat i el comportament similar a llocs web amb els quals col\u00b7laborem. Les dades emmagatzemades localment poden ser utilitzades per personalitzar el contingut i les funcions dels nostres serveis de manera que les vostres visites siguin m\u00e9s c\u00f2modes i tinguin m\u00e9s sentit.<\/p>\n<p>Un m\u00e8tode d&#8217;emmagatzematge local de dades s\u00f3n les galetes. Les galetes s\u00f3n petits arxius de text que s&#8217;emmagatzemen al dispositiu (ordinador, tel\u00e8fon m\u00f2bil o tauleta) i que ens permeten recon\u00e8ixer el vostre navegador web. Principalment, les galetes contenen informaci\u00f3 sobre el vostre navegador web i sobre qualsevol activitat que s&#8217;hi ha produ\u00eft. Ens ajuden a garantir la seguretat i el funcionament \u00f2ptim del nostre lloc web. S&#8217;eliminen una vegada sortiu del nostre web (galetes de seguretat i galetes de sessi\u00f3), recullen informaci\u00f3 sobre els productes que interessen a les nostres visites d&#8217;internet i sobre com naveguen a trav\u00e9s del nostre lloc web perqu\u00e8 les nostres ofertes en l\u00ednia siguin m\u00e9s atractives per als usuaris (galetes de seguiment).<\/p>\n<h4>Informaci\u00f3 complement\u00e0ria de les galetes<\/h4>\n<p>Utilitzem l&#8217;emmagatzematge local de dades per a una s\u00e8rie de finalitats, com ara permetre&#8217;ns realitzar els nostres serveis, aportar-vos el contingut pertinent, personalitzar la visita als nostres llocs web, mesurar i analitzar el tr\u00e0nsit al nostre lloc web, millorar els nostres serveis i oferir publicitat espec\u00edfica. A continuaci\u00f3 s&#8217;ofereixen m\u00e9s detalls sobre aquests temes:<\/p>\n<ul>\n<li style=\"list-style-type: none;\">\n<ul>\n<li>Per a la nostra publicitat<\/li>\n<\/ul>\n<\/li>\n<\/ul>\n<p>Utilitzem l&#8217;emmagatzematge local de dades en relaci\u00f3 amb les activitats publicit\u00e0ries. Aix\u00f2 ens permet saber si l&#8217;usuari ha vist un anunci o una classe d&#8217;anunci determinat, amb quina freq\u00fc\u00e8ncia i quant temps fa que el va veure.<\/p>\n<p>Tamb\u00e9 fem servir l&#8217;emmagatzematge local de dades per construir segments i grups objectiu amb finalitats de m\u00e0rqueting i per oferir anuncis espec\u00edfics.<\/p>\n<ul>\n<li style=\"list-style-type: none;\">\n<ul>\n<li>Per analitzar i millorar els nostres serveis<\/li>\n<\/ul>\n<\/li>\n<\/ul>\n<p>Utilitzem diverses eines de mesura que ens proporcionen estad\u00edstiques i an\u00e0lisis relatives als nostres serveis. Aquestes eines ens permeten recon\u00e8ixer el navegador web al llarg del temps i esbrinar si l&#8217;usuari ha visitat el lloc web anteriorment i, si \u00e9s aix\u00ed, amb quina freq\u00fc\u00e8ncia. Aquestes eines ens ofereixen la possibilitat d&#8217;aconseguir una visi\u00f3 general de quants usuaris \u00fanics tenim i de com utilitzen els nostres serveis.<\/p>\n<p>Aix\u00ed mateix, utilitzem la informaci\u00f3 que hem recollit i analitzat per desenvolupar i millorar els nostres serveis; per exemple, esbrinant quins serveis generen molt de tr\u00e0nsit o veient si un servei est\u00e0 funcionant de manera \u00f2ptima.<\/p>\n<ul>\n<li style=\"list-style-type: none;\">\n<ul>\n<li>Per lliurar i adaptar els serveis al seu \u00fas<\/li>\n<\/ul>\n<\/li>\n<\/ul>\n<p>Es requereix i \u00e9s necessari l&#8217;emmagatzematge local de dades per a permetre-us utilitzar els nostres serveis, com ara informaci\u00f3 sobre la vostra configuraci\u00f3, que ens diu com s&#8217;han de presentar els serveis al vostre navegador web.<\/p>\n<p>Tamb\u00e9 utilitzem l&#8217;emmagatzematge local de dades per adaptar els nostres serveis al seu \u00fas tan b\u00e9 com sigui possible.<\/p>\n<h4>Gesti\u00f3 de les galetes<\/h4>\n<p>Podeu desactivar les galetes o configurar el vostre navegador perqu\u00e8 us avisi quan us envien una galeta.<\/p>\n<p>La configuraci\u00f3 del vostre navegador web normalment mostra una llista de totes les galetes que han estat emmagatzemades per proporcionar-vos una visi\u00f3 general i, si ho desitgeu, per eliminar les galetes no desitjades. Normalment, podeu indicar que accepteu l&#8217;emmagatzematge de galetes dels llocs web que visiteu o de tercers afiliats a aquests llocs web. Tamb\u00e9 podeu escollir que us notifiquin cada vegada que s&#8217;emmagatzema una nova galeta. A continuaci\u00f3 us proporcionem orientaci\u00f3 sobre com fer-ho en diferents navegadors web. El vostre navegador web emmagatzema normalment galetes a una carpeta espec\u00edfica al vostre disc dur, de manera que pugueu examinar tamb\u00e9 el contingut amb m\u00e9s detall.<\/p>\n<p>No obstant aix\u00f2, les galetes que s\u00f3n presents al lloc web canvien amb freq\u00fc\u00e8ncia, i no totes les galetes s\u00f3n igual d&#8217;importants. Per tant, si\u00a0<strong>BOIXAD\u00d3S ENVASOS MET\u00c0L\u00b7LICS, SL<\/strong>\u00a0canvia l&#8217;\u00fas de les galetes de seguiment, se us en notificar\u00e0 amb un missatge.<\/p>\n<p>Aix\u00ed mateix, hi ha disponibles serveis que han estat desenvolupats especialment per proporcionar als usuaris una llista actualitzada de galetes i altres mecanismes de seguiment.<\/p>\n<p>Tingueu en compte que, si les desactiveu, \u00e9s possible que no pugueu gaudir de totes les funcionalitats del nostre lloc web.<\/p>\n<p>A continuaci\u00f3 us presentem un resum de com les dades emmagatzemades localment poden ser gestionades en diferents navegadors web. Tingueu en compte que aquest proc\u00e9s pot canviar i que les descripcions incloses aqu\u00ed poden no estar actualitzades.<\/p>\n<h5>Gesti\u00f3 de galetes a Google Chrome<\/h5>\n<ul>\n<li>Com eliminar les galetes:\n<ol>\n<li>Aneu a \u00abConfiguraci\u00f3\u00bb al men\u00fa del vostre navegador.<\/li>\n<li>Feu clic a \u00abMostra la configuraci\u00f3 avan\u00e7ada\u00bb.<\/li>\n<li>Feu clic a \u00abSuprimeix les dades de navegaci\u00f3\u00bb.<\/li>\n<li>Seleccioneu el per\u00edode de temps per al qual voleu eliminar la informaci\u00f3 al men\u00fa de la part superior. Si voleu eliminar totes les galetes al navegador, feu clic a \u00abDes de l&#8217;origen dels temps\u00bb.<\/li>\n<li>Marqueu \u00abGaletes i altres dades de llocs i complements\u00bb.<\/li>\n<li>Feu clic a \u00abEsborra les dades de navegaci\u00f3\u00bb.<\/li>\n<li>Tanqueu la finestra.<\/li>\n<\/ol>\n<\/li>\n<li>Com evitar que les galetes s&#8217;emmagatzemin al navegador web:\n<ol>\n<li>Aneu a \u00abConfiguraci\u00f3\u00bb al men\u00fa del vostre navegador.<\/li>\n<li>Feu clic a \u00abMostra la configuraci\u00f3 avan\u00e7ada\u00bb i despr\u00e9s feu clic a \u00abConfiguraci\u00f3 de contingut\u00bb.<\/li>\n<li>A \u00abGaletes\u00bb, seleccioneu la vostra opci\u00f3 preferida. Si voleu evitar que totes les galetes s&#8217;emmagatzemin, feu clic a \u00abNo permetre que es desin dades dels llocs\u00bb.<\/li>\n<li>Feu clic a \u00abFet\u00bb.<\/li>\n<li>Tanqueu la finestra.<\/li>\n<\/ol>\n<\/li>\n<\/ul>\n<h5>Gesti\u00f3 de galetes a Safari<\/h5>\n<ul>\n<li>Com eliminar les galetes:\n<ol>\n<li>Aneu a \u00abPrefer\u00e8ncies\u00bb al men\u00fa del vostre navegador.<\/li>\n<li>Feu clic a la pestanya Privadesa.<\/li>\n<li>Feu clic a \u00abSuprimeix totes les dades dels llocs web\u00bb i, seguidament, feu clic a \u00abSuprimeix\u00bb per suprimir totes les galetes.<\/li>\n<li>Tanqueu la finestra.<\/li>\n<\/ol>\n<\/li>\n<li>Com evitar que les galetes s&#8217;emmagatzemin al vostre navegador web:\n<ol>\n<li>Aneu a \u00abPrefer\u00e8ncies\u00bb al men\u00fa del vostre navegador<\/li>\n<li>Feu clic a la pestanya Privadesa.<\/li>\n<li>A \u00abGaletes i dades de llocs web\u00bb seleccioneu la vostra opci\u00f3 preferida. Si voleu evitar que totes les galetes s&#8217;emmagatzemin, feu clic a \u00abBloqueja sempre\u00bb.<\/li>\n<li>Tanqueu la finestra.<\/li>\n<\/ol>\n<\/li>\n<\/ul>\n<h5>Gesti\u00f3 de galetes a Mozilla Firefox<\/h5>\n<ul>\n<li>Com eliminar les galetes:\n<ol>\n<li>Aneu a \u00abOpcions\u00bb al men\u00fa del vostre navegador.<\/li>\n<li>Feu clic a la pestanya Privadesa.<\/li>\n<li>Feu clic a \u00abMostra galetes\u00bb.<\/li>\n<li>Seleccioneu les galetes que voleu suprimir i feu clic a \u00abSuprimeix seleccionades\u00bb. Feu clic a \u00abSuprimeix totes\u00bb si voleu suprimir totes les galetes al vostre navegador web.<\/li>\n<li>Tanqueu la finestra. Qualsevol canvi que h\u00e0giu fet es desar\u00e0 autom\u00e0ticament.<\/li>\n<\/ol>\n<\/li>\n<li>Com evitar que les galetes s&#8217;emmagatzemin al vostre navegador web:\n<ol>\n<li>Aneu a \u00abConfiguraci\u00f3\u00bb al men\u00fa del vostre navegador.<\/li>\n<li>Seleccioneu la pestanya \u00abPrivadesa\u00bb.<\/li>\n<li>A Historial, feu clic a \u00abFes servir una configuraci\u00f3 personalitzada per a l&#8217;historial\u00bb.<\/li>\n<li>Seleccioneu les vostres opcions preferides a \u00abPermet les galetes de llocs web\u00bb. Si voleu evitar que totes les galetes s&#8217;emmagatzemin, desactiveu la casella \u00abAcceptar galetes de llocs web\u00bb.<\/li>\n<li>Tanqueu la finestra. Qualsevol canvi que h\u00e0giu fet es desar\u00e0 autom\u00e0ticament.<\/li>\n<\/ol>\n<\/li>\n<\/ul>\n<h5>Gesti\u00f3 de galetes a Internet Explorer<\/h5>\n<ul>\n<li>Com eliminar les galetes:\n<ol>\n<li>Aneu a \u00abEines\u00bb (icona de roda dentada) al men\u00fa del vostre navegador.<\/li>\n<li>Feu clic a \u00abPropietats d&#8217;Internet\u00bb.<\/li>\n<li>A la pestanya \u00abGeneral &#8211; Historial de navegaci\u00f3\u00bb, feu clic a \u00abSuprimeix\u00bb.<\/li>\n<li>Assegureu-vos de marcar l&#8217;opci\u00f3 \u00abGaletes i dades de llocs web\u00bb.<\/li>\n<li>Feu clic a \u00abSuprimeix\u00bb.<\/li>\n<li>Feu clic a \u00abOK\u00bb.<\/li>\n<\/ol>\n<\/li>\n<li>Com evitar que les galetes s&#8217;emmagatzemin al vostre navegador web:\n<ol>\n<li>Aneu a \u00abEines\u00bb (icona de roda dentada) al men\u00fa del vostre navegador.<\/li>\n<li>Feu clic a \u00abOpcions d&#8217;Internet\u00bb i feu clic a la pestanya \u00abPrivadesa\u00bb.<\/li>\n<li>Moveu la barra lliscant al nivell desitjat. Si voleu evitar que totes les galetes s&#8217;emmagatzemin, seleccioneu el nivell \u00abBloqueja totes les galetes\u00bb.<\/li>\n<li>Feu clic a \u00abOK\u00bb.<\/li>\n<\/ol>\n<\/li>\n<\/ul>\n<h5>Gesti\u00f3 de galetes a Opera<\/h5>\n<ul>\n<li>Com eliminar les galetes:\n<ol>\n<li>Aneu a \u00abConfiguraci\u00f3\u00bb al men\u00fa del vostre navegador.<\/li>\n<li>Seleccioneu la pestanya de \u00abPrivadesa i seguretat\u00bb.<\/li>\n<li>Feu clic a \u00abGaletes\u00bb i despr\u00e9s feu clic a \u00abTotes les galetes i dades de llocs web\u00bb.<\/li>\n<li>Seleccioneu les galetes que voleu suprimir i feu clic a \u00abSuprimeix\u00bb. Feu clic a \u00abSuprimeix totes\u00bb si voleu suprimir totes les galetes al vostre navegador web.<\/li>\n<li>Feu clic a \u00abFet\u00bb.<\/li>\n<li>Tanqueu la finestra.<\/li>\n<\/ol>\n<\/li>\n<li>Com evitar que les galetes s&#8217;emmagatzemin al vostre navegador web:\n<ol>\n<li style=\"list-style-type: none;\">\n<ol>\n<li>Aneu a \u00abConfiguraci\u00f3\u00bb al men\u00fa del vostre navegador.<\/li>\n<li>Seleccioneu la pestanya de \u00abPrivadesa i seguretat\u00bb.<\/li>\n<\/ol>\n<\/li>\n<\/ol>\n<p>A \u00abGaletes\u00bb, seleccioneu la vostra opci\u00f3 preferida. Si voleu evitar que totes les galetes s&#8217;emmagatzemin, feu clic a \u00abNo permetre que es desin dades dels llocs\u00bb.<\/p>\n<ol>\n<li>Tanqueu la finestra.<\/li>\n<\/ol>\n<\/li>\n<\/ul>\n<h5>Informaci\u00f3 de contacte<\/h5>\n<p>Per a m\u00e9s transpar\u00e8ncia, si teniu alguna pregunta relativa a l&#8217;\u00fas de l&#8217;emmagatzematge local del nostre lloc web, poseu-vos en contacte amb nosaltres a\u00a0<strong>admin@boixados.com<\/strong>, indicant a l&#8217;assumpte \u00abPol\u00edtica de galetes\u00bb.<\/p>\n","protected":false},"excerpt":{"rendered":"<p>&nbsp; INFORMACI\u00d3 GENERAL DE LES GALETES La confian\u00e7a de l&#8217;usuari \u00e9s important per a nosaltres i, per tant, a\u00a0BOIXAD\u00d3S ENVASOS MET\u00c0L\u00b7LICS, SL\u00a0ens preocupa protegir la vostra privadesa. Per aquest motiu, us volem proporcionar tota la informaci\u00f3 possible sobre com utilitzem les vostres dades de car\u00e0cter personal, fins i tot com utilitzem l&#8217;emmagatzematge local de dades [&hellip;]<\/p>\n","protected":false},"author":2,"featured_media":0,"parent":0,"menu_order":0,"comment_status":"closed","ping_status":"closed","template":"","meta":{"_acf_changed":false,"footnotes":""},"class_list":["post-11144","page","type-page","status-publish","hentry"],"acf":[],"yoast_head":"<!-- This site is optimized with the Yoast SEO plugin v27.4 - https:\/\/yoast.com\/product\/yoast-seo-wordpress\/ -->\n<title>Pol\u00edtica de galetes - Boixad\u00f3s<\/title>\n<meta name=\"robots\" content=\"noindex, follow\" \/>\n<meta property=\"og:locale\" content=\"ca_ES\" \/>\n<meta property=\"og:type\" content=\"article\" \/>\n<meta property=\"og:title\" content=\"Pol\u00edtica de galetes - Boixad\u00f3s\" \/>\n<meta property=\"og:description\" content=\"&nbsp; INFORMACI\u00d3 GENERAL DE LES GALETES La confian\u00e7a de l&#8217;usuari \u00e9s important per a nosaltres i, per tant, a\u00a0BOIXAD\u00d3S ENVASOS MET\u00c0L\u00b7LICS, SL\u00a0ens preocupa protegir la vostra privadesa. Per aquest motiu, us volem proporcionar tota la informaci\u00f3 possible sobre com utilitzem les vostres dades de car\u00e0cter personal, fins i tot com utilitzem l&#8217;emmagatzematge local de dades [&hellip;]\" \/>\n<meta property=\"og:url\" content=\"https:\/\/www.boixados.com\/ca\/politica-de-galetes\/\" \/>\n<meta property=\"og:site_name\" content=\"Boixad\u00f3s\" \/>\n<meta property=\"article:publisher\" content=\"https:\/\/www.facebook.com\/SmartBoixados\/\" \/>\n<meta property=\"article:modified_time\" content=\"2023-11-20T16:57:18+00:00\" \/>\n<meta property=\"og:image\" content=\"https:\/\/www.boixados.com\/wp-content\/uploads\/2022\/06\/home5.jpg\" \/>\n\t<meta property=\"og:image:width\" content=\"646\" \/>\n\t<meta property=\"og:image:height\" content=\"316\" \/>\n\t<meta property=\"og:image:type\" content=\"image\/jpeg\" \/>\n<meta name=\"twitter:card\" content=\"summary_large_image\" \/>\n<meta name=\"twitter:label1\" content=\"Est. reading time\" \/>\n\t<meta name=\"twitter:data1\" content=\"7 minutes\" \/>\n<script type=\"application\/ld+json\" class=\"yoast-schema-graph\">{\"@context\":\"https:\\\/\\\/schema.org\",\"@graph\":[{\"@type\":\"WebPage\",\"@id\":\"https:\\\/\\\/www.boixados.com\\\/ca\\\/politica-de-galetes\\\/\",\"url\":\"https:\\\/\\\/www.boixados.com\\\/ca\\\/politica-de-galetes\\\/\",\"name\":\"Pol\u00edtica de galetes - Boixad\u00f3s\",\"isPartOf\":{\"@id\":\"https:\\\/\\\/www.boixados.com\\\/#website\"},\"datePublished\":\"2022-06-20T08:06:48+00:00\",\"dateModified\":\"2023-11-20T16:57:18+00:00\",\"breadcrumb\":{\"@id\":\"https:\\\/\\\/www.boixados.com\\\/ca\\\/politica-de-galetes\\\/#breadcrumb\"},\"inLanguage\":\"ca-ES\",\"potentialAction\":[{\"@type\":\"ReadAction\",\"target\":[\"https:\\\/\\\/www.boixados.com\\\/ca\\\/politica-de-galetes\\\/\"]}]},{\"@type\":\"BreadcrumbList\",\"@id\":\"https:\\\/\\\/www.boixados.com\\\/ca\\\/politica-de-galetes\\\/#breadcrumb\",\"itemListElement\":[{\"@type\":\"ListItem\",\"position\":1,\"name\":\"Portada\",\"item\":\"https:\\\/\\\/www.boixados.com\\\/\"},{\"@type\":\"ListItem\",\"position\":2,\"name\":\"Pol\u00edtica de galetes\"}]},{\"@type\":\"WebSite\",\"@id\":\"https:\\\/\\\/www.boixados.com\\\/#website\",\"url\":\"https:\\\/\\\/www.boixados.com\\\/\",\"name\":\"Boixad\u00f3s\",\"description\":\"Dise\u00f1o y fabricaci\u00f3n de envases met\u00e1licos.\",\"publisher\":{\"@id\":\"https:\\\/\\\/www.boixados.com\\\/#organization\"},\"alternateName\":\"Boixad\u00f3s Smart Metal Packaging\",\"potentialAction\":[{\"@type\":\"SearchAction\",\"target\":{\"@type\":\"EntryPoint\",\"urlTemplate\":\"https:\\\/\\\/www.boixados.com\\\/?s={search_term_string}\"},\"query-input\":{\"@type\":\"PropertyValueSpecification\",\"valueRequired\":true,\"valueName\":\"search_term_string\"}}],\"inLanguage\":\"ca-ES\"},{\"@type\":\"Organization\",\"@id\":\"https:\\\/\\\/www.boixados.com\\\/#organization\",\"name\":\"Boixad\u00f3s\",\"alternateName\":\"Boixad\u00f3s Smart Metal Packaging\",\"url\":\"https:\\\/\\\/www.boixados.com\\\/\",\"logo\":{\"@type\":\"ImageObject\",\"inLanguage\":\"ca-ES\",\"@id\":\"https:\\\/\\\/www.boixados.com\\\/#\\\/schema\\\/logo\\\/image\\\/\",\"url\":\"https:\\\/\\\/www.boixados.com\\\/wp-content\\\/uploads\\\/2022\\\/06\\\/logo-home.png\",\"contentUrl\":\"https:\\\/\\\/www.boixados.com\\\/wp-content\\\/uploads\\\/2022\\\/06\\\/logo-home.png\",\"width\":280,\"height\":81,\"caption\":\"Boixad\u00f3s\"},\"image\":{\"@id\":\"https:\\\/\\\/www.boixados.com\\\/#\\\/schema\\\/logo\\\/image\\\/\"},\"sameAs\":[\"https:\\\/\\\/www.facebook.com\\\/SmartBoixados\\\/\",\"https:\\\/\\\/es.linkedin.com\\\/company\\\/smartboixados\",\"https:\\\/\\\/www.youtube.com\\\/c\\\/boixadosenvasosmetallicssl\"]}]}<\/script>\n<!-- \/ Yoast SEO plugin. -->","yoast_head_json":{"title":"Pol\u00edtica de galetes - Boixad\u00f3s","robots":{"index":"noindex","follow":"follow"},"og_locale":"ca_ES","og_type":"article","og_title":"Pol\u00edtica de galetes - Boixad\u00f3s","og_description":"&nbsp; INFORMACI\u00d3 GENERAL DE LES GALETES La confian\u00e7a de l&#8217;usuari \u00e9s important per a nosaltres i, per tant, a\u00a0BOIXAD\u00d3S ENVASOS MET\u00c0L\u00b7LICS, SL\u00a0ens preocupa protegir la vostra privadesa. Per aquest motiu, us volem proporcionar tota la informaci\u00f3 possible sobre com utilitzem les vostres dades de car\u00e0cter personal, fins i tot com utilitzem l&#8217;emmagatzematge local de dades [&hellip;]","og_url":"https:\/\/www.boixados.com\/ca\/politica-de-galetes\/","og_site_name":"Boixad\u00f3s","article_publisher":"https:\/\/www.facebook.com\/SmartBoixados\/","article_modified_time":"2023-11-20T16:57:18+00:00","og_image":[{"width":646,"height":316,"url":"https:\/\/www.boixados.com\/wp-content\/uploads\/2022\/06\/home5.jpg","type":"image\/jpeg"}],"twitter_card":"summary_large_image","twitter_misc":{"Est. reading time":"7 minutes"},"schema":{"@context":"https:\/\/schema.org","@graph":[{"@type":"WebPage","@id":"https:\/\/www.boixados.com\/ca\/politica-de-galetes\/","url":"https:\/\/www.boixados.com\/ca\/politica-de-galetes\/","name":"Pol\u00edtica de galetes - Boixad\u00f3s","isPartOf":{"@id":"https:\/\/www.boixados.com\/#website"},"datePublished":"2022-06-20T08:06:48+00:00","dateModified":"2023-11-20T16:57:18+00:00","breadcrumb":{"@id":"https:\/\/www.boixados.com\/ca\/politica-de-galetes\/#breadcrumb"},"inLanguage":"ca-ES","potentialAction":[{"@type":"ReadAction","target":["https:\/\/www.boixados.com\/ca\/politica-de-galetes\/"]}]},{"@type":"BreadcrumbList","@id":"https:\/\/www.boixados.com\/ca\/politica-de-galetes\/#breadcrumb","itemListElement":[{"@type":"ListItem","position":1,"name":"Portada","item":"https:\/\/www.boixados.com\/"},{"@type":"ListItem","position":2,"name":"Pol\u00edtica de galetes"}]},{"@type":"WebSite","@id":"https:\/\/www.boixados.com\/#website","url":"https:\/\/www.boixados.com\/","name":"Boixad\u00f3s","description":"Dise\u00f1o y fabricaci\u00f3n de envases met\u00e1licos.","publisher":{"@id":"https:\/\/www.boixados.com\/#organization"},"alternateName":"Boixad\u00f3s Smart Metal Packaging","potentialAction":[{"@type":"SearchAction","target":{"@type":"EntryPoint","urlTemplate":"https:\/\/www.boixados.com\/?s={search_term_string}"},"query-input":{"@type":"PropertyValueSpecification","valueRequired":true,"valueName":"search_term_string"}}],"inLanguage":"ca-ES"},{"@type":"Organization","@id":"https:\/\/www.boixados.com\/#organization","name":"Boixad\u00f3s","alternateName":"Boixad\u00f3s Smart Metal Packaging","url":"https:\/\/www.boixados.com\/","logo":{"@type":"ImageObject","inLanguage":"ca-ES","@id":"https:\/\/www.boixados.com\/#\/schema\/logo\/image\/","url":"https:\/\/www.boixados.com\/wp-content\/uploads\/2022\/06\/logo-home.png","contentUrl":"https:\/\/www.boixados.com\/wp-content\/uploads\/2022\/06\/logo-home.png","width":280,"height":81,"caption":"Boixad\u00f3s"},"image":{"@id":"https:\/\/www.boixados.com\/#\/schema\/logo\/image\/"},"sameAs":["https:\/\/www.facebook.com\/SmartBoixados\/","https:\/\/es.linkedin.com\/company\/smartboixados","https:\/\/www.youtube.com\/c\/boixadosenvasosmetallicssl"]}]}},"_links":{"self":[{"href":"https:\/\/www.boixados.com\/ca\/wp-json\/wp\/v2\/pages\/11144","targetHints":{"allow":["GET"]}}],"collection":[{"href":"https:\/\/www.boixados.com\/ca\/wp-json\/wp\/v2\/pages"}],"about":[{"href":"https:\/\/www.boixados.com\/ca\/wp-json\/wp\/v2\/types\/page"}],"author":[{"embeddable":true,"href":"https:\/\/www.boixados.com\/ca\/wp-json\/wp\/v2\/users\/2"}],"replies":[{"embeddable":true,"href":"https:\/\/www.boixados.com\/ca\/wp-json\/wp\/v2\/comments?post=11144"}],"version-history":[{"count":0,"href":"https:\/\/www.boixados.com\/ca\/wp-json\/wp\/v2\/pages\/11144\/revisions"}],"wp:attachment":[{"href":"https:\/\/www.boixados.com\/ca\/wp-json\/wp\/v2\/media?parent=11144"}],"curies":[{"name":"wp","href":"https:\/\/api.w.org\/{rel}","templated":true}]}}