{"id":10487,"date":"2022-06-20T10:07:03","date_gmt":"2022-06-20T08:07:03","guid":{"rendered":"https:\/\/www.boixados.com\/avis-legal\/"},"modified":"2023-11-20T18:47:04","modified_gmt":"2023-11-20T16:47:04","slug":"avis-legal","status":"publish","type":"page","link":"https:\/\/www.boixados.com\/ca\/avis-legal\/","title":{"rendered":"Av\u00eds legal"},"content":{"rendered":"<h4><\/h4>\n<p>&nbsp;<\/p>\n<h4>AV\u00cdS LEGAL<\/h4>\n<p><strong>1. Objecte i acceptaci\u00f3<\/strong><\/p>\n<p>Aquest av\u00eds legal regula l&#8217;\u00fas del nostre lloc web, del qual \u00e9s titular <strong>BOIXADOS ENVASOS METAL\u00b7LICS, SL<\/strong> . La navegaci\u00f3 pel lloc web de <strong>BOIXADOS ENVASOS METAL\u00b7LICS, SL<\/strong> atribueix la condici\u00f3 d&#8217;usuari del lloc web i implica l&#8217;acceptaci\u00f3 plena i sense reserves de totes i cadascuna de les disposicions incloses en aquest av\u00eds legal, que poden ser objecte de modificacions. Us obligueu a fer un \u00fas correcte del lloc web de conformitat amb les lleis, la bona fe, l&#8217;ordre p\u00fablic, els usos del tr\u00e0nsit i aquest <strong>av\u00eds legal<\/strong>. Respondreu davant de <strong>BOIXADOS ENVASOS METAL\u00b7LICS, SL<\/strong> o davant de tercers de qualsevol dany i perjudici que li pugueu causar a conseq\u00fc\u00e8ncia de l&#8217;incompliment d&#8217;aquesta obligaci\u00f3.<\/p>\n<p><strong>2. Identificaci\u00f3 i comunicacions<\/strong><\/p>\n<p><strong>BOIXADOS ENVASOS METAL\u00b7LICS, SL<\/strong>, en compliment de la Llei 34\/2002, d&#8217;11 de juliol, de serveis de la societat de la informaci\u00f3 i de comer\u00e7 electr\u00f2nic, us informa que:<\/p>\n<ol>\n<li style=\"list-style-type: none;\">\n<ol>\n<li style=\"list-style-type: none;\">\n<ul>\n<li>La seva denominaci\u00f3 social \u00e9s: <strong>BOIXADOS ENVASOS METAL\u00b7LICS, SL<\/strong><\/li>\n<li>El seu NIF \u00e9s: <strong>B60519006<\/strong><\/li>\n<li>El seu domicili social \u00e9s a: <strong>CARRETERA DE BERGA 183-187 &#8211; (08272) SANT FRUITOS DE BAGES<\/strong><\/li>\n<li>Inscripci\u00f3 al registre mercantil:<\/li>\n<\/ul>\n<\/li>\n<\/ol>\n<\/li>\n<\/ol>\n<p>Per comunicar-vos amb nosaltres, posem a la vostra disposici\u00f3 diferents mitjans de contacte especificats a la <strong>pol\u00edtica de privadesa<\/strong>.<\/p>\n<p>Totes les notificacions i comunicacions que realitzeu amb <strong>BOIXADOS ENVASOS METAL\u00b7LICS, SL<\/strong> es consideraran eficaces, amb car\u00e0cter general, sempre que es facin pels mitjans especificats anteriorment.<\/p>\n<p><strong>3. Condicions d&#8217;acc\u00e9s i utilitzaci\u00f3<\/strong><\/p>\n<p>El lloc web i els seus serveis s\u00f3n d&#8217;acc\u00e9s lliure. Aix\u00f2 no obstant, <strong>BOIXADOS ENVASOS METAL\u00b7LICS, SL<\/strong> condiciona la utilitzaci\u00f3 d&#8217;alguns dels serveis oferts a la seva p\u00e0gina web a la complementaci\u00f3 pr\u00e8via del formulari corresponent.<\/p>\n<p>Garantiu l&#8217;autenticitat i actualitat de totes aquelles dades que comuniqueu a <strong>BOIXADOS ENVASOS METAL\u00b7LICS, SL<\/strong> i sereu l&#8217;\u00fanic responsable de les manifestacions falses o inexactes que feu.<\/p>\n<p>Us comprometeu expressament a fer un \u00fas adequat dels continguts i serveis de <strong>BOIXADOS ENVASOS METAL\u00b7LICS, SL<\/strong> i a no emprar-los per, entre d&#8217;altres:<\/p>\n<ol>\n<li style=\"list-style-type: none;\">\n<ol>\n<li style=\"list-style-type: none;\">\n<ul>\n<li>Difondre continguts delictius, violents, pornogr\u00e0fics, racistes, xen\u00f2fobs, ofensius, d&#8217;apologia del terrorisme o, en general, contraris a la llei o l&#8217;ordre p\u00fablic.<\/li>\n<li>Introduir a la xarxa virus inform\u00e0tics o realitzar actuacions susceptibles d&#8217;alterar, fer malb\u00e9, interrompre o generar errors o danys en els documents electr\u00f2nics, dades o sistemes f\u00edsics i l\u00f2gics de <strong>BOIXADOS ENVASOS METAL\u00b7LICS, SL<\/strong> o de terceres persones; aix\u00ed com obstaculitzar l&#8217;acc\u00e9s d&#8217;altres usuaris al lloc web i als seus serveis mitjan\u00e7ant el consum massiu dels recursos inform\u00e0tics a trav\u00e9s dels quals <strong>BOIXADOS ENVASOS METAL\u00b7LICS, SL<\/strong> presta els seus serveis.<\/li>\n<li>Intentar accedir a dades d&#8217;altres persones o \u00e0rees restringides dels sistemes inform\u00e0tics de <strong>BOIXADOS ENVASOS METAL\u00b7LICS, SL<\/strong> o de tercers i, si escau, extreure&#8217;n informaci\u00f3.<\/li>\n<li>Vulnerar els drets de propietat intel\u00b7lectual o industrial, aix\u00ed com violar la confidencialitat de la informaci\u00f3 de <strong>BOIXADOS ENVASOS METAL\u00b7LICS, SL<\/strong> o de tercers.<\/li>\n<li>Suplantar la identitat d&#8217;un altre usuari, de les administracions p\u00fabliques o d&#8217;un tercer.<\/li>\n<li>Reproduir, copiar, distribuir, posar a disposici\u00f3 o, de qualsevol altra manera, comunicar p\u00fablicament, transformar o modificar els continguts, llevat que es compti amb l&#8217;autoritzaci\u00f3 del titular dels corresponents drets o aix\u00f2 resulti legalment perm\u00e8s.<\/li>\n<li>Demanar dades amb finalitat publicit\u00e0ria i remetre publicitat de qualsevol classe i comunicacions amb finalitats de venda o altres de naturalesa comercial sense que intervingui la seva pr\u00e8via sol\u00b7licitud o consentiment.<\/li>\n<\/ul>\n<\/li>\n<\/ol>\n<\/li>\n<\/ol>\n<p>Tots els continguts del lloc web, com ara textos, fotografies, gr\u00e0fics, imatges, icones, tecnologia, programari, aix\u00ed com el seu disseny gr\u00e0fic i codis font, constitueixen una obra la propietat de la qual pertany a <strong>BOIXADOS ENVASOS METAL\u00b7LICS, SL<\/strong>, sense que es puguin entendre com a cedits cap dels drets d&#8217;explotaci\u00f3 sobre aquests materials m\u00e9s enll\u00e0 del que \u00e9s estrictament necessari per al correcte \u00fas de la web.<\/p>\n<p>En definitiva, accedint a aquest lloc web, podeu visualitzar els continguts i efectuar, si escau, c\u00f2pies privades autoritzades sempre que els elements reprodu\u00efts no siguin cedits posteriorment a tercers, ni s&#8217;instal\u00b7lin a servidors connectats a xarxes, ni siguin objecte de cap mena d&#8217;explotaci\u00f3.<\/p>\n<p>Aix\u00ed mateix, totes les marques, noms comercials o signes distintius de qualsevol classe que apareixen al lloc web s\u00f3n propietat de <strong>BOIXADOS ENVASOS METAL\u00b7LICS, SL<\/strong>, sense que es pugui entendre que l&#8217;\u00fas o acc\u00e9s al lloc web us atribueixi cap dret sobre aquests elements.<\/p>\n<p>La distribuci\u00f3, modificaci\u00f3, cessi\u00f3 o comunicaci\u00f3 p\u00fablica dels continguts i qualsevol altre acte que no hagi estat expressament autoritzat pel titular dels drets d&#8217;explotaci\u00f3 queden prohibits.<\/p>\n<p>L&#8217;establiment d&#8217;un hiperenlla\u00e7 no implica en cap cas l&#8217;exist\u00e8ncia de relacions entre <strong>BOIXADOS ENVASOS METAL\u00b7LICS, SL<\/strong> i el propietari del lloc web on s&#8217;estableixi, ni l&#8217;acceptaci\u00f3 i l&#8217;aprovaci\u00f3 per part de <strong>BOIXADOS ENVASOS METAL\u00b7LICS, SL<\/strong> dels seus continguts o serveis. Aquelles persones que es proposin establir un hiperenlla\u00e7 pr\u00e8viament hauran de sol\u00b7licitar autoritzaci\u00f3 per escrit a <strong>BOIXADOS ENVASOS METAL\u00b7LICS, SL<\/strong>. En tot cas, l&#8217;hiperenlla\u00e7 \u00fanicament permetr\u00e0 l&#8217;acc\u00e9s a la p\u00e0gina d&#8217;inici del nostre lloc web. Aix\u00ed mateix, us haureu d&#8217;abstenir de fer manifestacions o indicacions falses, inexactes o incorrectes sobre BOIXAD\u00d3S ENVASOS MET\u00c0L\u00b7LICS, SL, o incloure continguts il\u00b7l\u00edcits, contraris als bons costums i a l&#8217;ordre p\u00fablic.<\/p>\n<p><strong>BOIXADOS ENVASOS METAL\u00b7LICS, SL<\/strong> no es responsabilitza de l&#8217;\u00fas que cada usuari doni als materials posats a disposici\u00f3 en aquest lloc web ni de les actuacions que realitzi partint d&#8217;aquests materials.<\/p>\n<p><strong><br \/>\n4. Exclusi\u00f3 de garanties i de responsabilitat<br \/>\n<\/strong><strong>BOIXADOS ENVASOS METAL\u00b7LICS, SL<\/strong> exclou, fins on permet l&#8217;ordenament jur\u00eddic, qualsevol responsabilitat pels danys i perjudicis de tota naturalesa derivats dels aspectes seg\u00fcents:<\/p>\n<ul>\n<li>La impossibilitat d&#8217;acc\u00e9s al lloc web o la manca de veracitat, exactitud, exhaustivitat i\/o actualitat dels continguts, aix\u00ed com l&#8217;exist\u00e8ncia de vicis i defectes de tota mena dels continguts transmesos, difosos, emmagatzemats, posats a disposici\u00f3 als que s&#8217;hagi accedit a trav\u00e9s del lloc web o dels serveis que s&#8217;hi ofereixen.<\/li>\n<li>La pres\u00e8ncia de virus o altres elements en els continguts que puguin produir alteracions en els sistemes inform\u00e0tics, documents electr\u00f2nics o dades dels usuaris.<\/li>\n<li>L&#8217;incompliment de les lleis, la bona fe, l&#8217;ordre p\u00fablic, els usos del tr\u00e0nsit i aquest av\u00eds legal a conseq\u00fc\u00e8ncia de l&#8217;\u00fas incorrecte del lloc web. En particular, i a manera d&#8217;exemple, <strong>BOIXADOS ENVASOS METAL\u00b7LICS, SL<\/strong> no es fa responsable de les actuacions de tercers que vulnerin drets de propietat intel\u00b7lectual i industrial, secrets empresarials, drets a l&#8217;honor, a la intimitat personal i familiar i a la pr\u00f2pia imatge, aix\u00ed com la normativa en mat\u00e8ria de compet\u00e8ncia deslleial i publicitat il\u00b7l\u00edcita.<\/li>\n<\/ul>\n<p>Aix\u00ed mateix, <strong>BOIXADOS ENVASOS METAL\u00b7LICS, SL<\/strong> declina qualsevol responsabilitat respecte a la informaci\u00f3 que estigui fora d&#8217;aquest lloc web i no sigui gestionada directament pel nostre gestor web. La funci\u00f3 dels enlla\u00e7os que apareixen en aquesta web \u00e9s exclusivament informar l&#8217;usuari sobre l&#8217;exist\u00e8ncia d&#8217;altres fonts susceptibles d&#8217;ampliar els continguts que ofereix aquest lloc web. <strong>BOIXADOS ENVASOS METAL\u00b7LICS, SL<\/strong> no garanteix ni es responsabilitza del funcionament o accessibilitat dels llocs enlla\u00e7ats, ni suggereix, convida o recomana la visita a aquests llocs web, per la qual cosa tampoc ser\u00e0 responsable del resultat obtingut. <strong>BOIXADOS ENVASOS METAL\u00b7LICS, SL<\/strong> no es responsabilitza de l&#8217;establiment d&#8217;enlla\u00e7os per part de tercers.<\/p>\n<p><strong>5. Procediment en cas de realitzaci\u00f3 d&#8217;activitats de car\u00e0cter il\u00b7l\u00edcit<\/strong><\/p>\n<p>En el cas que v\u00f3s o un tercer considereu que hi ha fets o circumst\u00e0ncies que revelin el car\u00e0cter il\u00b7l\u00edcit de la utilitzaci\u00f3 de qualsevol contingut i\/o de la realitzaci\u00f3 de qualsevol activitat a les p\u00e0gines web incloses o accessibles a trav\u00e9s del lloc web, us haureu de posar en contacte amb <strong>BOIXADOS ENVASOS METAL\u00b7LICS, SL<\/strong> identificant-vos degudament, especificant les suposades infraccions i declarant de manera expressa i sota la vostra responsabilitat que la informaci\u00f3 proporcionada a la notificaci\u00f3 \u00e9s exacta.<\/p>\n<p>Per a tota q\u00fcesti\u00f3 litigiosa que incumbeixi el lloc web de <strong>BOIXADOS ENVASOS METAL\u00b7LICS, SL<\/strong>, ser\u00e0 d&#8217;aplicaci\u00f3 la legislaci\u00f3 espanyola, sent competents els Jutjats i Tribunals m\u00e9s propers a la seu de (Espanya).<\/p>\n<p><strong>6. Publicacions<\/strong><\/p>\n<p>La informaci\u00f3 administrativa facilitada a trav\u00e9s del lloc web no substitueix la publicitat legal de les lleis, normatives, plans, disposicions generals i actes que hagin de ser publicats formalment als diaris oficials de les administracions p\u00fabliques, que constitueixen l&#8217;\u00fanic instrument que dona fe de la seva autenticitat i contingut. La informaci\u00f3 disponible en aquest lloc web ha d&#8217;entendre&#8217;s com una guia sense prop\u00f2sit de validesa legal.<\/p>\n","protected":false},"excerpt":{"rendered":"<p>&nbsp; AV\u00cdS LEGAL 1. Objecte i acceptaci\u00f3 Aquest av\u00eds legal regula l&#8217;\u00fas del nostre lloc web, del qual \u00e9s titular BOIXADOS ENVASOS METAL\u00b7LICS, SL . La navegaci\u00f3 pel lloc web de BOIXADOS ENVASOS METAL\u00b7LICS, SL atribueix la condici\u00f3 d&#8217;usuari del lloc web i implica l&#8217;acceptaci\u00f3 plena i sense reserves de totes i cadascuna de les [&hellip;]<\/p>\n","protected":false},"author":2,"featured_media":0,"parent":0,"menu_order":0,"comment_status":"closed","ping_status":"closed","template":"","meta":{"_acf_changed":false,"footnotes":""},"class_list":["post-10487","page","type-page","status-publish","hentry"],"acf":[],"yoast_head":"<!-- This site is optimized with the Yoast SEO plugin v27.4 - https:\/\/yoast.com\/product\/yoast-seo-wordpress\/ -->\n<title>Av\u00eds legal - Boixad\u00f3s<\/title>\n<meta name=\"robots\" content=\"noindex, follow\" \/>\n<meta property=\"og:locale\" content=\"ca_ES\" \/>\n<meta property=\"og:type\" content=\"article\" \/>\n<meta property=\"og:title\" content=\"Av\u00eds legal - Boixad\u00f3s\" \/>\n<meta property=\"og:description\" content=\"&nbsp; AV\u00cdS LEGAL 1. Objecte i acceptaci\u00f3 Aquest av\u00eds legal regula l&#8217;\u00fas del nostre lloc web, del qual \u00e9s titular BOIXADOS ENVASOS METAL\u00b7LICS, SL . La navegaci\u00f3 pel lloc web de BOIXADOS ENVASOS METAL\u00b7LICS, SL atribueix la condici\u00f3 d&#8217;usuari del lloc web i implica l&#8217;acceptaci\u00f3 plena i sense reserves de totes i cadascuna de les [&hellip;]\" \/>\n<meta property=\"og:url\" content=\"https:\/\/www.boixados.com\/ca\/avis-legal\/\" \/>\n<meta property=\"og:site_name\" content=\"Boixad\u00f3s\" \/>\n<meta property=\"article:publisher\" content=\"https:\/\/www.facebook.com\/SmartBoixados\/\" \/>\n<meta property=\"article:modified_time\" content=\"2023-11-20T16:47:04+00:00\" \/>\n<meta property=\"og:image\" content=\"https:\/\/www.boixados.com\/wp-content\/uploads\/2022\/06\/home5.jpg\" \/>\n\t<meta property=\"og:image:width\" content=\"646\" \/>\n\t<meta property=\"og:image:height\" content=\"316\" \/>\n\t<meta property=\"og:image:type\" content=\"image\/jpeg\" \/>\n<meta name=\"twitter:card\" content=\"summary_large_image\" \/>\n<meta name=\"twitter:label1\" content=\"Est. reading time\" \/>\n\t<meta name=\"twitter:data1\" content=\"7 minutes\" \/>\n<script type=\"application\/ld+json\" class=\"yoast-schema-graph\">{\"@context\":\"https:\\\/\\\/schema.org\",\"@graph\":[{\"@type\":\"WebPage\",\"@id\":\"https:\\\/\\\/www.boixados.com\\\/ca\\\/avis-legal\\\/\",\"url\":\"https:\\\/\\\/www.boixados.com\\\/ca\\\/avis-legal\\\/\",\"name\":\"Av\u00eds legal - Boixad\u00f3s\",\"isPartOf\":{\"@id\":\"https:\\\/\\\/www.boixados.com\\\/#website\"},\"datePublished\":\"2022-06-20T08:07:03+00:00\",\"dateModified\":\"2023-11-20T16:47:04+00:00\",\"breadcrumb\":{\"@id\":\"https:\\\/\\\/www.boixados.com\\\/ca\\\/avis-legal\\\/#breadcrumb\"},\"inLanguage\":\"ca-ES\",\"potentialAction\":[{\"@type\":\"ReadAction\",\"target\":[\"https:\\\/\\\/www.boixados.com\\\/ca\\\/avis-legal\\\/\"]}]},{\"@type\":\"BreadcrumbList\",\"@id\":\"https:\\\/\\\/www.boixados.com\\\/ca\\\/avis-legal\\\/#breadcrumb\",\"itemListElement\":[{\"@type\":\"ListItem\",\"position\":1,\"name\":\"Portada\",\"item\":\"https:\\\/\\\/www.boixados.com\\\/\"},{\"@type\":\"ListItem\",\"position\":2,\"name\":\"Av\u00eds legal\"}]},{\"@type\":\"WebSite\",\"@id\":\"https:\\\/\\\/www.boixados.com\\\/#website\",\"url\":\"https:\\\/\\\/www.boixados.com\\\/\",\"name\":\"Boixad\u00f3s\",\"description\":\"Dise\u00f1o y fabricaci\u00f3n de envases met\u00e1licos.\",\"publisher\":{\"@id\":\"https:\\\/\\\/www.boixados.com\\\/#organization\"},\"alternateName\":\"Boixad\u00f3s Smart Metal Packaging\",\"potentialAction\":[{\"@type\":\"SearchAction\",\"target\":{\"@type\":\"EntryPoint\",\"urlTemplate\":\"https:\\\/\\\/www.boixados.com\\\/?s={search_term_string}\"},\"query-input\":{\"@type\":\"PropertyValueSpecification\",\"valueRequired\":true,\"valueName\":\"search_term_string\"}}],\"inLanguage\":\"ca-ES\"},{\"@type\":\"Organization\",\"@id\":\"https:\\\/\\\/www.boixados.com\\\/#organization\",\"name\":\"Boixad\u00f3s\",\"alternateName\":\"Boixad\u00f3s Smart Metal Packaging\",\"url\":\"https:\\\/\\\/www.boixados.com\\\/\",\"logo\":{\"@type\":\"ImageObject\",\"inLanguage\":\"ca-ES\",\"@id\":\"https:\\\/\\\/www.boixados.com\\\/#\\\/schema\\\/logo\\\/image\\\/\",\"url\":\"https:\\\/\\\/www.boixados.com\\\/wp-content\\\/uploads\\\/2022\\\/06\\\/logo-home.png\",\"contentUrl\":\"https:\\\/\\\/www.boixados.com\\\/wp-content\\\/uploads\\\/2022\\\/06\\\/logo-home.png\",\"width\":280,\"height\":81,\"caption\":\"Boixad\u00f3s\"},\"image\":{\"@id\":\"https:\\\/\\\/www.boixados.com\\\/#\\\/schema\\\/logo\\\/image\\\/\"},\"sameAs\":[\"https:\\\/\\\/www.facebook.com\\\/SmartBoixados\\\/\",\"https:\\\/\\\/es.linkedin.com\\\/company\\\/smartboixados\",\"https:\\\/\\\/www.youtube.com\\\/c\\\/boixadosenvasosmetallicssl\"]}]}<\/script>\n<!-- \/ Yoast SEO plugin. -->","yoast_head_json":{"title":"Av\u00eds legal - Boixad\u00f3s","robots":{"index":"noindex","follow":"follow"},"og_locale":"ca_ES","og_type":"article","og_title":"Av\u00eds legal - Boixad\u00f3s","og_description":"&nbsp; AV\u00cdS LEGAL 1. Objecte i acceptaci\u00f3 Aquest av\u00eds legal regula l&#8217;\u00fas del nostre lloc web, del qual \u00e9s titular BOIXADOS ENVASOS METAL\u00b7LICS, SL . La navegaci\u00f3 pel lloc web de BOIXADOS ENVASOS METAL\u00b7LICS, SL atribueix la condici\u00f3 d&#8217;usuari del lloc web i implica l&#8217;acceptaci\u00f3 plena i sense reserves de totes i cadascuna de les [&hellip;]","og_url":"https:\/\/www.boixados.com\/ca\/avis-legal\/","og_site_name":"Boixad\u00f3s","article_publisher":"https:\/\/www.facebook.com\/SmartBoixados\/","article_modified_time":"2023-11-20T16:47:04+00:00","og_image":[{"width":646,"height":316,"url":"https:\/\/www.boixados.com\/wp-content\/uploads\/2022\/06\/home5.jpg","type":"image\/jpeg"}],"twitter_card":"summary_large_image","twitter_misc":{"Est. reading time":"7 minutes"},"schema":{"@context":"https:\/\/schema.org","@graph":[{"@type":"WebPage","@id":"https:\/\/www.boixados.com\/ca\/avis-legal\/","url":"https:\/\/www.boixados.com\/ca\/avis-legal\/","name":"Av\u00eds legal - Boixad\u00f3s","isPartOf":{"@id":"https:\/\/www.boixados.com\/#website"},"datePublished":"2022-06-20T08:07:03+00:00","dateModified":"2023-11-20T16:47:04+00:00","breadcrumb":{"@id":"https:\/\/www.boixados.com\/ca\/avis-legal\/#breadcrumb"},"inLanguage":"ca-ES","potentialAction":[{"@type":"ReadAction","target":["https:\/\/www.boixados.com\/ca\/avis-legal\/"]}]},{"@type":"BreadcrumbList","@id":"https:\/\/www.boixados.com\/ca\/avis-legal\/#breadcrumb","itemListElement":[{"@type":"ListItem","position":1,"name":"Portada","item":"https:\/\/www.boixados.com\/"},{"@type":"ListItem","position":2,"name":"Av\u00eds legal"}]},{"@type":"WebSite","@id":"https:\/\/www.boixados.com\/#website","url":"https:\/\/www.boixados.com\/","name":"Boixad\u00f3s","description":"Dise\u00f1o y fabricaci\u00f3n de envases met\u00e1licos.","publisher":{"@id":"https:\/\/www.boixados.com\/#organization"},"alternateName":"Boixad\u00f3s Smart Metal Packaging","potentialAction":[{"@type":"SearchAction","target":{"@type":"EntryPoint","urlTemplate":"https:\/\/www.boixados.com\/?s={search_term_string}"},"query-input":{"@type":"PropertyValueSpecification","valueRequired":true,"valueName":"search_term_string"}}],"inLanguage":"ca-ES"},{"@type":"Organization","@id":"https:\/\/www.boixados.com\/#organization","name":"Boixad\u00f3s","alternateName":"Boixad\u00f3s Smart Metal Packaging","url":"https:\/\/www.boixados.com\/","logo":{"@type":"ImageObject","inLanguage":"ca-ES","@id":"https:\/\/www.boixados.com\/#\/schema\/logo\/image\/","url":"https:\/\/www.boixados.com\/wp-content\/uploads\/2022\/06\/logo-home.png","contentUrl":"https:\/\/www.boixados.com\/wp-content\/uploads\/2022\/06\/logo-home.png","width":280,"height":81,"caption":"Boixad\u00f3s"},"image":{"@id":"https:\/\/www.boixados.com\/#\/schema\/logo\/image\/"},"sameAs":["https:\/\/www.facebook.com\/SmartBoixados\/","https:\/\/es.linkedin.com\/company\/smartboixados","https:\/\/www.youtube.com\/c\/boixadosenvasosmetallicssl"]}]}},"_links":{"self":[{"href":"https:\/\/www.boixados.com\/ca\/wp-json\/wp\/v2\/pages\/10487","targetHints":{"allow":["GET"]}}],"collection":[{"href":"https:\/\/www.boixados.com\/ca\/wp-json\/wp\/v2\/pages"}],"about":[{"href":"https:\/\/www.boixados.com\/ca\/wp-json\/wp\/v2\/types\/page"}],"author":[{"embeddable":true,"href":"https:\/\/www.boixados.com\/ca\/wp-json\/wp\/v2\/users\/2"}],"replies":[{"embeddable":true,"href":"https:\/\/www.boixados.com\/ca\/wp-json\/wp\/v2\/comments?post=10487"}],"version-history":[{"count":0,"href":"https:\/\/www.boixados.com\/ca\/wp-json\/wp\/v2\/pages\/10487\/revisions"}],"wp:attachment":[{"href":"https:\/\/www.boixados.com\/ca\/wp-json\/wp\/v2\/media?parent=10487"}],"curies":[{"name":"wp","href":"https:\/\/api.w.org\/{rel}","templated":true}]}}