{"id":10356,"date":"2022-06-25T09:15:17","date_gmt":"2022-06-25T07:15:17","guid":{"rendered":"https:\/\/www.boixados.com\/caviar\/"},"modified":"2023-11-20T18:59:17","modified_gmt":"2023-11-20T16:59:17","slug":"caviar","status":"publish","type":"page","link":"https:\/\/www.boixados.com\/ca\/productes\/alimentari\/caviar\/","title":{"rendered":"Caviar"},"content":{"rendered":"\t\t<div data-elementor-type=\"wp-page\" data-elementor-id=\"10356\" class=\"elementor elementor-10356 elementor-4517\" data-elementor-post-type=\"page\">\n\t\t\t\t\t\t<section class=\"elementor-section elementor-top-section elementor-element elementor-element-522d9b3 elementor-section-content-top elementor-section-stretched elementor-section-boxed elementor-section-height-default elementor-section-height-default\" data-id=\"522d9b3\" data-element_type=\"section\" data-e-type=\"section\" data-settings=\"{&quot;stretch_section&quot;:&quot;section-stretched&quot;,&quot;background_background&quot;:&quot;classic&quot;,&quot;jet_parallax_layout_list&quot;:[]}\">\n\t\t\t\t\t\t<div class=\"elementor-container elementor-column-gap-default\">\n\t\t\t\t\t<div class=\"elementor-column elementor-col-50 elementor-top-column elementor-element elementor-element-3475672\" data-id=\"3475672\" data-element_type=\"column\" data-e-type=\"column\">\n\t\t\t<div class=\"elementor-widget-wrap elementor-element-populated\">\n\t\t\t\t\t\t<div class=\"elementor-element elementor-element-4379d84 elementor-widget elementor-widget-image\" data-id=\"4379d84\" data-element_type=\"widget\" data-e-type=\"widget\" data-widget_type=\"image.default\">\n\t\t\t\t\t\t\t\t\t\t\t\t\t\t\t<img fetchpriority=\"high\" decoding=\"async\" width=\"500\" height=\"500\" src=\"https:\/\/www.boixados.com\/wp-content\/uploads\/2023\/07\/caviar.png\" class=\"attachment-large size-large wp-image-9897\" alt=\"\" srcset=\"https:\/\/www.boixados.com\/wp-content\/uploads\/2023\/07\/caviar.png 500w, https:\/\/www.boixados.com\/wp-content\/uploads\/2023\/07\/caviar-300x300.png 300w, https:\/\/www.boixados.com\/wp-content\/uploads\/2023\/07\/caviar-150x150.png 150w, https:\/\/www.boixados.com\/wp-content\/uploads\/2023\/07\/caviar-100x100.png 100w, https:\/\/www.boixados.com\/wp-content\/uploads\/2023\/07\/caviar-50x50.png 50w\" sizes=\"(max-width: 500px) 100vw, 500px\" \/>\t\t\t\t\t\t\t\t\t\t\t\t\t\t\t<\/div>\n\t\t\t\t\t<\/div>\n\t\t<\/div>\n\t\t\t\t<div class=\"elementor-column elementor-col-50 elementor-top-column elementor-element elementor-element-cb9cc18\" data-id=\"cb9cc18\" data-element_type=\"column\" data-e-type=\"column\">\n\t\t\t<div class=\"elementor-widget-wrap elementor-element-populated\">\n\t\t\t\t\t\t<div class=\"elementor-element elementor-element-ef92adf elementor-widget elementor-widget-spacer\" data-id=\"ef92adf\" data-element_type=\"widget\" data-e-type=\"widget\" data-widget_type=\"spacer.default\">\n\t\t\t\t\t\t\t<div class=\"elementor-spacer\">\n\t\t\t<div class=\"elementor-spacer-inner\"><\/div>\n\t\t<\/div>\n\t\t\t\t\t\t<\/div>\n\t\t\t\t<div class=\"elementor-element elementor-element-dadeef0 elementor-widget elementor-widget-heading\" data-id=\"dadeef0\" data-element_type=\"widget\" data-e-type=\"widget\" data-widget_type=\"heading.default\">\n\t\t\t\t\t<h1 class=\"elementor-heading-title elementor-size-default\">LLAUNES DE CAVIAR<\/h1>\t\t\t\t<\/div>\n\t\t\t\t<div class=\"elementor-element elementor-element-514292d elementor-widget elementor-widget-text-editor\" data-id=\"514292d\" data-element_type=\"widget\" data-e-type=\"widget\" data-widget_type=\"text-editor.default\">\n\t\t\t\t\t\t\t\t\t<p>ENVASOS MET\u00c0L\u00b7LICS PER A CAVIAR I OUS DE PEIX<\/p>\n\t\t\t\t\t\t\t\t<\/div>\n\t\t\t\t\t<\/div>\n\t\t<\/div>\n\t\t\t\t\t<\/div>\n\t\t<\/section>\n\t\t\t\t<section class=\"elementor-section elementor-top-section elementor-element elementor-element-7b5b6e0f elementor-section-stretched elementor-section-boxed elementor-section-height-default elementor-section-height-default\" data-id=\"7b5b6e0f\" data-element_type=\"section\" data-e-type=\"section\" data-settings=\"{&quot;stretch_section&quot;:&quot;section-stretched&quot;,&quot;jet_parallax_layout_list&quot;:[]}\">\n\t\t\t\t\t\t<div class=\"elementor-container elementor-column-gap-default\">\n\t\t\t\t\t<div class=\"elementor-column elementor-col-100 elementor-top-column elementor-element elementor-element-5ce4fb90\" data-id=\"5ce4fb90\" data-element_type=\"column\" data-e-type=\"column\">\n\t\t\t<div class=\"elementor-widget-wrap elementor-element-populated\">\n\t\t\t\t\t\t<div class=\"elementor-element elementor-element-2bd97b8e elementor-align-left elementor-widget elementor-widget-raven-breadcrumbs\" data-id=\"2bd97b8e\" data-element_type=\"widget\" data-e-type=\"widget\" data-widget_type=\"raven-breadcrumbs.default\">\n\t\t\t\t<div class=\"elementor-widget-container\">\n\t\t\t\t\t<div class=\"raven-breadcrumbs raven-breadcrumbs-default\"><div class=\"breadcrumb\">\t\t\t\t<div class=\"breadcrumb-item active\" aria-current=\"page\"><span>Home<\/span><\/div>\n\n\t\t\t\t<\/div><\/div>\t\t\t\t<\/div>\n\t\t\t\t<\/div>\n\t\t\t\t\t<\/div>\n\t\t<\/div>\n\t\t\t\t\t<\/div>\n\t\t<\/section>\n\t\t\t\t<section class=\"elementor-section elementor-top-section elementor-element elementor-element-0c876bc elementor-section-stretched elementor-section-boxed elementor-section-height-default elementor-section-height-default\" data-id=\"0c876bc\" data-element_type=\"section\" data-e-type=\"section\" data-settings=\"{&quot;stretch_section&quot;:&quot;section-stretched&quot;,&quot;jet_parallax_layout_list&quot;:[]}\">\n\t\t\t\t\t\t<div class=\"elementor-container elementor-column-gap-default\">\n\t\t\t\t\t<div class=\"elementor-column elementor-col-50 elementor-top-column elementor-element elementor-element-3e1f749\" data-id=\"3e1f749\" data-element_type=\"column\" data-e-type=\"column\">\n\t\t\t<div class=\"elementor-widget-wrap elementor-element-populated\">\n\t\t\t\t\t\t<div class=\"elementor-element elementor-element-0719a31 elementor-widget elementor-widget-text-editor\" data-id=\"0719a31\" data-element_type=\"widget\" data-e-type=\"widget\" data-widget_type=\"text-editor.default\">\n\t\t\t\t\t\t\t\t\t<ul>\n \t<li>Vern\u00eds alimentari interior i exterior<\/li>\n \t<li>Possibilitat de fer un tancament estanc<\/li>\n \t<li>Possibilitat d&#8217;acabat daurat o platejat<\/li>\n<\/ul>\t\t\t\t\t\t\t\t<\/div>\n\t\t\t\t\t<\/div>\n\t\t<\/div>\n\t\t\t\t<div class=\"elementor-column elementor-col-50 elementor-top-column elementor-element elementor-element-582990d\" data-id=\"582990d\" data-element_type=\"column\" data-e-type=\"column\">\n\t\t\t<div class=\"elementor-widget-wrap elementor-element-populated\">\n\t\t\t\t\t\t<div class=\"elementor-element elementor-element-88b649b elementor-widget elementor-widget-text-editor\" data-id=\"88b649b\" data-element_type=\"widget\" data-e-type=\"widget\" data-widget_type=\"text-editor.default\">\n\t\t\t\t\t\t\t\t\t<p>La nostra experi\u00e8ncia en la fabricaci\u00f3 d&#8217;envasos met\u00e0l\u00b7lics ens ha perm\u00e8s innovar en la creaci\u00f3 de diferents productes, com \u00e9s l&#8217;<strong>env\u00e0s exclusiu per a caviar<\/strong>.<\/p>\n<p>Les <strong>llaunes per a caviar<\/strong> conserven totes les propietats del producte i permeten que l&#8217;aliment es consumeixi conservant les seves qualitats.<\/p>\n\t\t\t\t\t\t\t\t<\/div>\n\t\t\t\t\t<\/div>\n\t\t<\/div>\n\t\t\t\t\t<\/div>\n\t\t<\/section>\n\t\t\t\t<section class=\"elementor-section elementor-top-section elementor-element elementor-element-41d6516d elementor-section-stretched elementor-section-boxed elementor-section-height-default elementor-section-height-default\" data-id=\"41d6516d\" data-element_type=\"section\" data-e-type=\"section\" data-settings=\"{&quot;stretch_section&quot;:&quot;section-stretched&quot;,&quot;jet_parallax_layout_list&quot;:[]}\">\n\t\t\t\t\t\t<div class=\"elementor-container elementor-column-gap-default\">\n\t\t\t\t\t<div class=\"elementor-column elementor-col-25 elementor-top-column elementor-element elementor-element-bccdc36\" data-id=\"bccdc36\" data-element_type=\"column\" data-e-type=\"column\">\n\t\t\t<div class=\"elementor-widget-wrap\">\n\t\t\t\t\t\t\t<\/div>\n\t\t<\/div>\n\t\t\t\t<div class=\"elementor-column elementor-col-25 elementor-top-column elementor-element elementor-element-3fc04f0\" data-id=\"3fc04f0\" data-element_type=\"column\" data-e-type=\"column\">\n\t\t\t<div class=\"elementor-widget-wrap elementor-element-populated\">\n\t\t\t\t\t\t<div class=\"elementor-element elementor-element-ada69bc elementor-widget elementor-widget-image\" data-id=\"ada69bc\" data-element_type=\"widget\" data-e-type=\"widget\" data-widget_type=\"image.default\">\n\t\t\t\t\t\t\t\t\t\t\t\t\t\t\t<img decoding=\"async\" src=\"https:\/\/www.boixados.com\/wp-content\/uploads\/elementor\/thumbs\/BOIXADOS_CAVIAR_63x21_50-rd3arznqw4nqu1txdf6wft3skpeqfesfj3z0n14kfk.jpg\" title=\"BOIXADOS_CAVIAR_63x21_50\" alt=\"BOIXADOS_CAVIAR_63x21_50\" loading=\"lazy\" \/>\t\t\t\t\t\t\t\t\t\t\t\t\t\t\t<\/div>\n\t\t\t\t<div class=\"elementor-element elementor-element-7c8639d elementor-widget elementor-widget-text-editor\" data-id=\"7c8639d\" data-element_type=\"widget\" data-e-type=\"widget\" data-widget_type=\"text-editor.default\">\n\t\t\t\t\t\t\t\t\t<p style=\"text-align: center;\"><span style=\"color: #000000; font-size: 16px; font-weight: 400;\">Env\u00e0s de 62\u00a0\u00d7\u00a022 de 50 ml.<\/span><\/p>\n\t\t\t\t\t\t\t\t<\/div>\n\t\t\t\t\t<\/div>\n\t\t<\/div>\n\t\t\t\t<div class=\"elementor-column elementor-col-25 elementor-top-column elementor-element elementor-element-c876cb4\" data-id=\"c876cb4\" data-element_type=\"column\" data-e-type=\"column\">\n\t\t\t<div class=\"elementor-widget-wrap elementor-element-populated\">\n\t\t\t\t\t\t<div class=\"elementor-element elementor-element-8d92a31 elementor-widget elementor-widget-image\" data-id=\"8d92a31\" data-element_type=\"widget\" data-e-type=\"widget\" data-widget_type=\"image.default\">\n\t\t\t\t\t\t\t\t\t\t\t\t\t\t\t<img decoding=\"async\" src=\"https:\/\/www.boixados.com\/wp-content\/uploads\/elementor\/thumbs\/BOIXADOS_CAVIAR_88x20_100-rd3ap8yoyiwmyztadqj2o00e78x6z6wm5jh18z6wkw.jpg\" title=\"BOIXADOS_CAVIAR_88x20_100\" alt=\"BOIXADOS_CAVIAR_88x20_100\" loading=\"lazy\" \/>\t\t\t\t\t\t\t\t\t\t\t\t\t\t\t<\/div>\n\t\t\t\t<div class=\"elementor-element elementor-element-f2340d6 elementor-widget elementor-widget-text-editor\" data-id=\"f2340d6\" data-element_type=\"widget\" data-e-type=\"widget\" data-widget_type=\"text-editor.default\">\n\t\t\t\t\t\t\t\t\t<p style=\"text-align: center;\"><span style=\"color: #000000; font-size: 16px; font-weight: 400;\">Env\u00e0s de 88\u00a0\u00d7\u00a024 de 125 ml.<\/span><\/p>\n\t\t\t\t\t\t\t\t<\/div>\n\t\t\t\t\t<\/div>\n\t\t<\/div>\n\t\t\t\t<div class=\"elementor-column elementor-col-25 elementor-top-column elementor-element elementor-element-12c4032\" data-id=\"12c4032\" data-element_type=\"column\" data-e-type=\"column\">\n\t\t\t<div class=\"elementor-widget-wrap\">\n\t\t\t\t\t\t\t<\/div>\n\t\t<\/div>\n\t\t\t\t\t<\/div>\n\t\t<\/section>\n\t\t\t\t<section class=\"elementor-section elementor-top-section elementor-element elementor-element-4b69867 elementor-section-stretched elementor-section-boxed elementor-section-height-default elementor-section-height-default\" data-id=\"4b69867\" data-element_type=\"section\" data-e-type=\"section\" data-settings=\"{&quot;stretch_section&quot;:&quot;section-stretched&quot;,&quot;jet_parallax_layout_list&quot;:[]}\">\n\t\t\t\t\t\t<div class=\"elementor-container elementor-column-gap-default\">\n\t\t\t\t\t<div class=\"elementor-column elementor-col-100 elementor-top-column elementor-element elementor-element-31ccc69\" data-id=\"31ccc69\" data-element_type=\"column\" data-e-type=\"column\">\n\t\t\t<div class=\"elementor-widget-wrap elementor-element-populated\">\n\t\t\t\t\t\t<div class=\"elementor-element elementor-element-a7a5e5b elementor-widget elementor-widget-html\" data-id=\"a7a5e5b\" data-element_type=\"widget\" data-e-type=\"widget\" data-widget_type=\"html.default\">\n\t\t\t\t\t<div id=\"tablepress-27-scroll-wrapper\" class=\"tablepress-scroll-wrapper\">\n\n<table id=\"tablepress-27\" class=\"tablepress tablepress-id-27 tablepress-responsive\">\n<thead>\n<tr class=\"row-1\">\n\t<th class=\"column-1\">CAPACITAT<\/th><th class=\"column-2\">DI\u00c0METRE<\/th><th class=\"column-3\">AL\u00c7ADA<\/th><th class=\"column-4\">ACABAT<\/th><th class=\"column-5\">TANCAMENT<\/th><th class=\"column-6\">FORMAT<\/th><th class=\"column-7\">HOMOLOGACI\u00d3<\/th>\n<\/tr>\n<\/thead>\n<tbody class=\"row-striping row-hover\">\n<tr class=\"row-2\">\n\t<td class=\"column-1\">50 mL<\/td><td class=\"column-2\">\u00d862 mm<\/td><td class=\"column-3\">22 mm<\/td><td class=\"column-4\">Or \/or<\/td><td class=\"column-5\">Tapa exterior<\/td><td class=\"column-6\">Cil\u00edndric<\/td><td class=\"column-7\">Aliment\u00e0ria<\/td>\n<\/tr>\n<tr class=\"row-3\">\n\t<td class=\"column-1\">125 mL<\/td><td class=\"column-2\">\u00d888 mm<\/td><td class=\"column-3\">24 mm<\/td><td class=\"column-4\">Or \/or<\/td><td class=\"column-5\">Tapa exterior<\/td><td class=\"column-6\">Cil\u00edndric<\/td><td class=\"column-7\">Aliment\u00e0ria<\/td>\n<\/tr>\n<tr class=\"row-4\">\n\t<td class=\"column-1\">250 mL<\/td><td class=\"column-2\">\u00d8100 mm<\/td><td class=\"column-3\">34 mm<\/td><td class=\"column-4\">Or \/or<\/td><td class=\"column-5\">Tapa exterior<\/td><td class=\"column-6\">Cil\u00edndric<\/td><td class=\"column-7\">Aliment\u00e0ria<\/td>\n<\/tr>\n<\/tbody>\n<\/table>\n\n<\/div><!-- #tablepress-27 from cache -->\t\t\t\t<\/div>\n\t\t\t\t\t<\/div>\n\t\t<\/div>\n\t\t\t\t\t<\/div>\n\t\t<\/section>\n\t\t\t\t<aside class=\"elementor-section elementor-top-section elementor-element elementor-element-2b96cfc elementor-section-stretched elementor-section-boxed elementor-section-height-default elementor-section-height-default\" data-id=\"2b96cfc\" data-element_type=\"section\" data-e-type=\"section\" data-settings=\"{&quot;stretch_section&quot;:&quot;section-stretched&quot;,&quot;jet_parallax_layout_list&quot;:[]}\">\n\t\t\t\t\t\t<div class=\"elementor-container elementor-column-gap-default\">\n\t\t\t\t\t<div class=\"elementor-column elementor-col-100 elementor-top-column elementor-element elementor-element-48e43a9\" data-id=\"48e43a9\" data-element_type=\"column\" data-e-type=\"column\">\n\t\t\t<div class=\"elementor-widget-wrap elementor-element-populated\">\n\t\t\t\t\t\t<div class=\"elementor-element elementor-element-1cbe38f titol-final-productes elementor-widget elementor-widget-heading\" data-id=\"1cbe38f\" data-element_type=\"widget\" data-e-type=\"widget\" data-widget_type=\"heading.default\">\n\t\t\t\t\t<p class=\"elementor-heading-title elementor-size-default\">Disseny i fabricaci\u00f3 d'envasos met\u00e0l\u00b7lics<\/p>\t\t\t\t<\/div>\n\t\t\t\t<div class=\"elementor-element elementor-element-4e03cc5 elementor-align-center elementor-widget elementor-widget-button\" data-id=\"4e03cc5\" data-element_type=\"widget\" data-e-type=\"widget\" data-widget_type=\"button.default\">\n\t\t\t\t\t\t\t\t\t\t<a class=\"elementor-button elementor-button-link elementor-size-sm\" href=\"https:\/\/www.boixados.com\/ca\/contacto\/\">\n\t\t\t\t\t\t<span class=\"elementor-button-content-wrapper\">\n\t\t\t\t\t\t\t\t\t<span class=\"elementor-button-text\">Sol\u00b7licita pressupost<\/span>\n\t\t\t\t\t<\/span>\n\t\t\t\t\t<\/a>\n\t\t\t\t\t\t\t\t<\/div>\n\t\t\t\t\t<\/div>\n\t\t<\/div>\n\t\t\t\t\t<\/div>\n\t\t<\/aside>\n\t\t\t\t<\/div>\n\t\t","protected":false},"excerpt":{"rendered":"<p>LLAUNES DE CAVIAR ENVASOS MET\u00c0L\u00b7LICS PER A CAVIAR I OUS DE PEIX Home Vern\u00eds alimentari interior i exterior Possibilitat de fer un tancament estanc Possibilitat d&#8217;acabat daurat o platejat La nostra experi\u00e8ncia en la fabricaci\u00f3 d&#8217;envasos met\u00e0l\u00b7lics ens ha perm\u00e8s innovar en la creaci\u00f3 de diferents productes, com \u00e9s l&#8217;env\u00e0s exclusiu per a caviar. Les [&hellip;]<\/p>\n","protected":false},"author":2,"featured_media":0,"parent":10481,"menu_order":0,"comment_status":"closed","ping_status":"closed","template":"","meta":{"_acf_changed":false,"footnotes":""},"class_list":["post-10356","page","type-page","status-publish","hentry"],"acf":[],"yoast_head":"<!-- This site is optimized with the Yoast SEO plugin v27.4 - https:\/\/yoast.com\/product\/yoast-seo-wordpress\/ -->\n<title>Llaunes i envasos per a caviar i ous de peix - Boixad\u00f3s<\/title>\n<meta name=\"description\" content=\"Envasos dissenyats per a l&#039;emmagatzematge de caviar i ous de peix, tot permetent-ne el consum i conservant-ne les qualitats.\" \/>\n<meta name=\"robots\" content=\"index, follow, max-snippet:-1, max-image-preview:large, max-video-preview:-1\" \/>\n<link rel=\"canonical\" href=\"https:\/\/www.boixados.com\/ca\/productes\/alimentari\/caviar\/\" \/>\n<meta property=\"og:locale\" content=\"ca_ES\" \/>\n<meta property=\"og:type\" content=\"article\" \/>\n<meta property=\"og:title\" content=\"Llaunes i envasos per a caviar i ous de peix - Boixad\u00f3s\" \/>\n<meta property=\"og:description\" content=\"Envasos dissenyats per a l&#039;emmagatzematge de caviar i ous de peix, tot permetent-ne el consum i conservant-ne les qualitats.\" \/>\n<meta property=\"og:url\" content=\"https:\/\/www.boixados.com\/ca\/productes\/alimentari\/caviar\/\" \/>\n<meta property=\"og:site_name\" content=\"Boixad\u00f3s\" \/>\n<meta property=\"article:publisher\" content=\"https:\/\/www.facebook.com\/SmartBoixados\/\" \/>\n<meta property=\"article:modified_time\" content=\"2023-11-20T16:59:17+00:00\" \/>\n<meta property=\"og:image\" content=\"https:\/\/www.boixados.com\/wp-content\/uploads\/2023\/07\/caviar.png\" \/>\n<meta name=\"twitter:card\" content=\"summary_large_image\" \/>\n<meta name=\"twitter:label1\" content=\"Est. reading time\" \/>\n\t<meta name=\"twitter:data1\" content=\"2 minutes\" \/>\n<script type=\"application\/ld+json\" class=\"yoast-schema-graph\">{\"@context\":\"https:\\\/\\\/schema.org\",\"@graph\":[{\"@type\":\"WebPage\",\"@id\":\"https:\\\/\\\/www.boixados.com\\\/ca\\\/productes\\\/alimentari\\\/caviar\\\/\",\"url\":\"https:\\\/\\\/www.boixados.com\\\/ca\\\/productes\\\/alimentari\\\/caviar\\\/\",\"name\":\"Llaunes i envasos per a caviar i ous de peix - Boixad\u00f3s\",\"isPartOf\":{\"@id\":\"https:\\\/\\\/www.boixados.com\\\/#website\"},\"primaryImageOfPage\":{\"@id\":\"https:\\\/\\\/www.boixados.com\\\/ca\\\/productes\\\/alimentari\\\/caviar\\\/#primaryimage\"},\"image\":{\"@id\":\"https:\\\/\\\/www.boixados.com\\\/ca\\\/productes\\\/alimentari\\\/caviar\\\/#primaryimage\"},\"thumbnailUrl\":\"https:\\\/\\\/www.boixados.com\\\/wp-content\\\/uploads\\\/2023\\\/07\\\/caviar.png\",\"datePublished\":\"2022-06-25T07:15:17+00:00\",\"dateModified\":\"2023-11-20T16:59:17+00:00\",\"description\":\"Envasos dissenyats per a l'emmagatzematge de caviar i ous de peix, tot permetent-ne el consum i conservant-ne les qualitats.\",\"breadcrumb\":{\"@id\":\"https:\\\/\\\/www.boixados.com\\\/ca\\\/productes\\\/alimentari\\\/caviar\\\/#breadcrumb\"},\"inLanguage\":\"ca-ES\",\"potentialAction\":[{\"@type\":\"ReadAction\",\"target\":[\"https:\\\/\\\/www.boixados.com\\\/ca\\\/productes\\\/alimentari\\\/caviar\\\/\"]}]},{\"@type\":\"ImageObject\",\"inLanguage\":\"ca-ES\",\"@id\":\"https:\\\/\\\/www.boixados.com\\\/ca\\\/productes\\\/alimentari\\\/caviar\\\/#primaryimage\",\"url\":\"https:\\\/\\\/www.boixados.com\\\/wp-content\\\/uploads\\\/2023\\\/07\\\/caviar.png\",\"contentUrl\":\"https:\\\/\\\/www.boixados.com\\\/wp-content\\\/uploads\\\/2023\\\/07\\\/caviar.png\"},{\"@type\":\"BreadcrumbList\",\"@id\":\"https:\\\/\\\/www.boixados.com\\\/ca\\\/productes\\\/alimentari\\\/caviar\\\/#breadcrumb\",\"itemListElement\":[{\"@type\":\"ListItem\",\"position\":1,\"name\":\"Portada\",\"item\":\"https:\\\/\\\/www.boixados.com\\\/\"},{\"@type\":\"ListItem\",\"position\":2,\"name\":\"Productes\",\"item\":\"https:\\\/\\\/www.boixados.com\\\/ca\\\/productes\\\/\"},{\"@type\":\"ListItem\",\"position\":3,\"name\":\"Alimentari\",\"item\":\"https:\\\/\\\/www.boixados.com\\\/ca\\\/productes\\\/alimentari\\\/\"},{\"@type\":\"ListItem\",\"position\":4,\"name\":\"Caviar\"}]},{\"@type\":\"WebSite\",\"@id\":\"https:\\\/\\\/www.boixados.com\\\/#website\",\"url\":\"https:\\\/\\\/www.boixados.com\\\/\",\"name\":\"Boixad\u00f3s\",\"description\":\"Dise\u00f1o y fabricaci\u00f3n de envases met\u00e1licos.\",\"publisher\":{\"@id\":\"https:\\\/\\\/www.boixados.com\\\/#organization\"},\"alternateName\":\"Boixad\u00f3s Smart Metal Packaging\",\"potentialAction\":[{\"@type\":\"SearchAction\",\"target\":{\"@type\":\"EntryPoint\",\"urlTemplate\":\"https:\\\/\\\/www.boixados.com\\\/?s={search_term_string}\"},\"query-input\":{\"@type\":\"PropertyValueSpecification\",\"valueRequired\":true,\"valueName\":\"search_term_string\"}}],\"inLanguage\":\"ca-ES\"},{\"@type\":\"Organization\",\"@id\":\"https:\\\/\\\/www.boixados.com\\\/#organization\",\"name\":\"Boixad\u00f3s\",\"alternateName\":\"Boixad\u00f3s Smart Metal Packaging\",\"url\":\"https:\\\/\\\/www.boixados.com\\\/\",\"logo\":{\"@type\":\"ImageObject\",\"inLanguage\":\"ca-ES\",\"@id\":\"https:\\\/\\\/www.boixados.com\\\/#\\\/schema\\\/logo\\\/image\\\/\",\"url\":\"https:\\\/\\\/www.boixados.com\\\/wp-content\\\/uploads\\\/2022\\\/06\\\/logo-home.png\",\"contentUrl\":\"https:\\\/\\\/www.boixados.com\\\/wp-content\\\/uploads\\\/2022\\\/06\\\/logo-home.png\",\"width\":280,\"height\":81,\"caption\":\"Boixad\u00f3s\"},\"image\":{\"@id\":\"https:\\\/\\\/www.boixados.com\\\/#\\\/schema\\\/logo\\\/image\\\/\"},\"sameAs\":[\"https:\\\/\\\/www.facebook.com\\\/SmartBoixados\\\/\",\"https:\\\/\\\/es.linkedin.com\\\/company\\\/smartboixados\",\"https:\\\/\\\/www.youtube.com\\\/c\\\/boixadosenvasosmetallicssl\"]}]}<\/script>\n<!-- \/ Yoast SEO plugin. -->","yoast_head_json":{"title":"Llaunes i envasos per a caviar i ous de peix - Boixad\u00f3s","description":"Envasos dissenyats per a l'emmagatzematge de caviar i ous de peix, tot permetent-ne el consum i conservant-ne les qualitats.","robots":{"index":"index","follow":"follow","max-snippet":"max-snippet:-1","max-image-preview":"max-image-preview:large","max-video-preview":"max-video-preview:-1"},"canonical":"https:\/\/www.boixados.com\/ca\/productes\/alimentari\/caviar\/","og_locale":"ca_ES","og_type":"article","og_title":"Llaunes i envasos per a caviar i ous de peix - Boixad\u00f3s","og_description":"Envasos dissenyats per a l'emmagatzematge de caviar i ous de peix, tot permetent-ne el consum i conservant-ne les qualitats.","og_url":"https:\/\/www.boixados.com\/ca\/productes\/alimentari\/caviar\/","og_site_name":"Boixad\u00f3s","article_publisher":"https:\/\/www.facebook.com\/SmartBoixados\/","article_modified_time":"2023-11-20T16:59:17+00:00","og_image":[{"url":"https:\/\/www.boixados.com\/wp-content\/uploads\/2023\/07\/caviar.png","type":"","width":"","height":""}],"twitter_card":"summary_large_image","twitter_misc":{"Est. reading time":"2 minutes"},"schema":{"@context":"https:\/\/schema.org","@graph":[{"@type":"WebPage","@id":"https:\/\/www.boixados.com\/ca\/productes\/alimentari\/caviar\/","url":"https:\/\/www.boixados.com\/ca\/productes\/alimentari\/caviar\/","name":"Llaunes i envasos per a caviar i ous de peix - Boixad\u00f3s","isPartOf":{"@id":"https:\/\/www.boixados.com\/#website"},"primaryImageOfPage":{"@id":"https:\/\/www.boixados.com\/ca\/productes\/alimentari\/caviar\/#primaryimage"},"image":{"@id":"https:\/\/www.boixados.com\/ca\/productes\/alimentari\/caviar\/#primaryimage"},"thumbnailUrl":"https:\/\/www.boixados.com\/wp-content\/uploads\/2023\/07\/caviar.png","datePublished":"2022-06-25T07:15:17+00:00","dateModified":"2023-11-20T16:59:17+00:00","description":"Envasos dissenyats per a l'emmagatzematge de caviar i ous de peix, tot permetent-ne el consum i conservant-ne les qualitats.","breadcrumb":{"@id":"https:\/\/www.boixados.com\/ca\/productes\/alimentari\/caviar\/#breadcrumb"},"inLanguage":"ca-ES","potentialAction":[{"@type":"ReadAction","target":["https:\/\/www.boixados.com\/ca\/productes\/alimentari\/caviar\/"]}]},{"@type":"ImageObject","inLanguage":"ca-ES","@id":"https:\/\/www.boixados.com\/ca\/productes\/alimentari\/caviar\/#primaryimage","url":"https:\/\/www.boixados.com\/wp-content\/uploads\/2023\/07\/caviar.png","contentUrl":"https:\/\/www.boixados.com\/wp-content\/uploads\/2023\/07\/caviar.png"},{"@type":"BreadcrumbList","@id":"https:\/\/www.boixados.com\/ca\/productes\/alimentari\/caviar\/#breadcrumb","itemListElement":[{"@type":"ListItem","position":1,"name":"Portada","item":"https:\/\/www.boixados.com\/"},{"@type":"ListItem","position":2,"name":"Productes","item":"https:\/\/www.boixados.com\/ca\/productes\/"},{"@type":"ListItem","position":3,"name":"Alimentari","item":"https:\/\/www.boixados.com\/ca\/productes\/alimentari\/"},{"@type":"ListItem","position":4,"name":"Caviar"}]},{"@type":"WebSite","@id":"https:\/\/www.boixados.com\/#website","url":"https:\/\/www.boixados.com\/","name":"Boixad\u00f3s","description":"Dise\u00f1o y fabricaci\u00f3n de envases met\u00e1licos.","publisher":{"@id":"https:\/\/www.boixados.com\/#organization"},"alternateName":"Boixad\u00f3s Smart Metal Packaging","potentialAction":[{"@type":"SearchAction","target":{"@type":"EntryPoint","urlTemplate":"https:\/\/www.boixados.com\/?s={search_term_string}"},"query-input":{"@type":"PropertyValueSpecification","valueRequired":true,"valueName":"search_term_string"}}],"inLanguage":"ca-ES"},{"@type":"Organization","@id":"https:\/\/www.boixados.com\/#organization","name":"Boixad\u00f3s","alternateName":"Boixad\u00f3s Smart Metal Packaging","url":"https:\/\/www.boixados.com\/","logo":{"@type":"ImageObject","inLanguage":"ca-ES","@id":"https:\/\/www.boixados.com\/#\/schema\/logo\/image\/","url":"https:\/\/www.boixados.com\/wp-content\/uploads\/2022\/06\/logo-home.png","contentUrl":"https:\/\/www.boixados.com\/wp-content\/uploads\/2022\/06\/logo-home.png","width":280,"height":81,"caption":"Boixad\u00f3s"},"image":{"@id":"https:\/\/www.boixados.com\/#\/schema\/logo\/image\/"},"sameAs":["https:\/\/www.facebook.com\/SmartBoixados\/","https:\/\/es.linkedin.com\/company\/smartboixados","https:\/\/www.youtube.com\/c\/boixadosenvasosmetallicssl"]}]}},"_links":{"self":[{"href":"https:\/\/www.boixados.com\/ca\/wp-json\/wp\/v2\/pages\/10356","targetHints":{"allow":["GET"]}}],"collection":[{"href":"https:\/\/www.boixados.com\/ca\/wp-json\/wp\/v2\/pages"}],"about":[{"href":"https:\/\/www.boixados.com\/ca\/wp-json\/wp\/v2\/types\/page"}],"author":[{"embeddable":true,"href":"https:\/\/www.boixados.com\/ca\/wp-json\/wp\/v2\/users\/2"}],"replies":[{"embeddable":true,"href":"https:\/\/www.boixados.com\/ca\/wp-json\/wp\/v2\/comments?post=10356"}],"version-history":[{"count":0,"href":"https:\/\/www.boixados.com\/ca\/wp-json\/wp\/v2\/pages\/10356\/revisions"}],"up":[{"embeddable":true,"href":"https:\/\/www.boixados.com\/ca\/wp-json\/wp\/v2\/pages\/10481"}],"wp:attachment":[{"href":"https:\/\/www.boixados.com\/ca\/wp-json\/wp\/v2\/media?parent=10356"}],"curies":[{"name":"wp","href":"https:\/\/api.w.org\/{rel}","templated":true}]}}